{"id":5795,"date":"2025-10-18T15:26:59","date_gmt":"2025-10-18T07:26:59","guid":{"rendered":"https:\/\/yutaimachinery.com\/?post_type=product&#038;p=5795"},"modified":"2025-10-20T18:21:49","modified_gmt":"2025-10-20T10:21:49","slug":"custom-decals-for-ceramics","status":"publish","type":"product","link":"https:\/\/yutaimachinery.com\/es\/product\/custom-decals-for-ceramics\/","title":{"rendered":"Calcoman\u00edas Personalizadas para Cer\u00e1mica Jarr\u00f3n Platos de Cer\u00e1mica, Elegante \u00c1rbol Dorado Ciervo Natural Calcoman\u00eda"},"content":{"rendered":"<div class=\"wp-block-columns is-layout-flex wp-container-core-columns-is-layout-9d6595d7 wp-block-columns-is-layout-flex\">\n<div class=\"wp-block-column is-layout-flow wp-block-column-is-layout-flow\">\n<h2 class=\"wp-block-heading\">Caracter\u00edsticas de Calcoman\u00edas para cer\u00e1mica:<\/h2>\n\n\n\n<p><strong>Calcoman\u00edas Premium:<\/strong> Un dise\u00f1o de \u00e1rbol con delicadas l\u00edneas negras y detalles dorados en el tronco crea una concepci\u00f3n art\u00edstica \u00fanica, que resalta una sensaci\u00f3n de lujo en su sencillez.<\/p>\n\n\n\n<p><strong>Dise\u00f1o din\u00e1mico de ciervos azules:<\/strong> El cuerpo de un ciervo azul adornado con flores naranjas y su cornamenta en forma de rama crean una escena armoniosa y natural con el tronco rojo p\u00e1lido, creando una fuerte sensaci\u00f3n art\u00edstica.<\/p>\n\n\n\n<p><strong>Exquisita artesan\u00eda de l\u00ednea:<\/strong> Las l\u00edneas finas y suaves del \u00e1rbol, el cuerpo del ciervo y los motivos florales crean un dise\u00f1o realista.<\/p>\n\n\n\n<p><strong>Compatibilidad multiescena:<\/strong> Las calcoman\u00edas cer\u00e1micas de \u00e1rbol y ciervo son muy vers\u00e1tiles y aptas para cer\u00e1mica, vidrio y otros materiales, y satisfacen diversas necesidades del hogar y de regalo.<\/p>\n\n\n\n<p><strong>Colores vivos y duraderos:<\/strong> Utilizando tintas muy saturadas y respetuosas con el medio ambiente, los colores marr\u00f3n, dorado, verde y naranja permanecen brillantes y resistentes a la decoloraci\u00f3n incluso despu\u00e9s de la cocci\u00f3n a baja temperatura, lo que garantiza un atractivo visual duradero.<\/p>\n<\/div>\n\n\n\n<div class=\"wp-block-column is-layout-flow wp-block-column-is-layout-flow\">\n<figure class=\"wp-block-image size-full\"><img fetchpriority=\"high\" decoding=\"async\" width=\"800\" height=\"800\" src=\"https:\/\/yutaimachinery.com\/wp-content\/uploads\/2025\/10\/Custom-Decals-for-Ceramics-1.webp\" alt=\"Calcoman\u00edas personalizadas para cer\u00e1mica (1)\" class=\"wp-image-5797\" title=\"\" srcset=\"https:\/\/yutaimachinery.com\/wp-content\/uploads\/2025\/10\/Custom-Decals-for-Ceramics-1.webp 800w, https:\/\/yutaimachinery.com\/wp-content\/uploads\/2025\/10\/Custom-Decals-for-Ceramics-1-300x300.webp 300w, https:\/\/yutaimachinery.com\/wp-content\/uploads\/2025\/10\/Custom-Decals-for-Ceramics-1-150x150.webp 150w, https:\/\/yutaimachinery.com\/wp-content\/uploads\/2025\/10\/Custom-Decals-for-Ceramics-1-768x768.webp 768w, https:\/\/yutaimachinery.com\/wp-content\/uploads\/2025\/10\/Custom-Decals-for-Ceramics-1-12x12.webp 12w, https:\/\/yutaimachinery.com\/wp-content\/uploads\/2025\/10\/Custom-Decals-for-Ceramics-1-285x285.webp 285w, https:\/\/yutaimachinery.com\/wp-content\/uploads\/2025\/10\/Custom-Decals-for-Ceramics-1-270x270.webp 270w, https:\/\/yutaimachinery.com\/wp-content\/uploads\/2025\/10\/Custom-Decals-for-Ceramics-1-540x540.webp 540w, https:\/\/yutaimachinery.com\/wp-content\/uploads\/2025\/10\/Custom-Decals-for-Ceramics-1-660x660.webp 660w\" sizes=\"(max-width: 800px) 100vw, 800px\" \/><\/figure>\n<\/div>\n<\/div>","protected":false},"excerpt":{"rendered":"<p>Calcoman\u00edas personalizadas Yutai para cer\u00e1mica, las calcoman\u00edas premium para cer\u00e1mica y vidrio de baja temperatura que presentan elegantes dise\u00f1os de ciervos y \u00e1rboles con colores vivos y resistentes a la decoloraci\u00f3n. Ideales para vajillas, cer\u00e1mica decorativa y cristaler\u00eda. Ofrecemos personalizaci\u00f3n OEM, suministro a granel y asistencia t\u00e9cnica. P\u00f3ngase en contacto con nosotros para solicitar muestras y presupuestos.<\/p>\n<h2>Soluci\u00f3n integral de calcoman\u00edas cer\u00e1micas de baja temperatura:<\/h2>\n<ul>\n<li data-start=\"641\" data-end=\"1313\"><strong data-start=\"688\" data-end=\"707\">Opciones personalizadas:<\/strong> Admite dise\u00f1os personalizados, patrones, tama\u00f1os y aplicaciones de baja temperatura para productos cer\u00e1micos y de vidrio.<\/li>\n<li data-start=\"641\" data-end=\"1313\"><strong data-start=\"821\" data-end=\"854\">Dise\u00f1o y soporte de aplicaciones:<\/strong> Ofrezca asesoramiento experto sobre la selecci\u00f3n de calcoman\u00edas, el proceso de transferencia y las condiciones de cocci\u00f3n \u00f3ptimas para adaptarse a su l\u00ednea de producci\u00f3n.<\/li>\n<li data-start=\"641\" data-end=\"1313\"><strong data-start=\"978\" data-end=\"1012\">Garant\u00eda de calidad y t\u00e9cnica:<\/strong> Garantizan una adherencia estable, colores vivos y una excelente durabilidad en cocci\u00f3n a baja temperatura.<\/li>\n<li data-start=\"641\" data-end=\"1313\"><strong data-start=\"1108\" data-end=\"1130\">Servicio dedicado:<\/strong> Yutai, como fabricante profesional de maquinaria cer\u00e1mica y calcoman\u00edas, potencia su producci\u00f3n de decoraci\u00f3n de cer\u00e1mica y vidrio con soluciones de calcoman\u00edas fiables, personalizables y eficientes.<\/li>\n<\/ul>","protected":false},"featured_media":5796,"template":"","meta":{"_acf_changed":false},"product_brand":[],"product_cat":[59,108],"product_tag":[],"class_list":{"0":"post-5795","1":"product","2":"type-product","3":"status-publish","4":"has-post-thumbnail","6":"product_cat-ceramic-printing-machine","7":"product_cat-custom-ceramic-decals-manufacturer","9":"first","10":"instock","11":"shipping-taxable","12":"product-type-simple"},"acf":{"customization_content":"","customization_content_source":{"label":"Customization Content","type":"wysiwyg","formatted_value":""},"why_choose_us_content":"<h2 style=\"text-align: center;\">Why Choose Us as Your Ceramic Decals Supplier<\/h2>\r\n\r\n<hr \/>\r\n<p style=\"text-align: center;\">We have advanced fully automatic decals printing machines that can mass-produce high-quality decals for daily ceramics, bathroom ceramics, glass tableware, etc., suitable for different processes, and provide customized services<\/p>","why_choose_us_content_source":{"label":"Why Choose Us Content","type":"wysiwyg","formatted_value":"<h2 style=\"text-align: center;\">Why Choose Us as Your Ceramic Decals Supplier<\/h2>\n<hr \/>\n<p style=\"text-align: center;\">We have advanced fully automatic decals printing machines that can mass-produce high-quality decals for daily ceramics, bathroom ceramics, glass tableware, etc., suitable for different processes, and provide customized services<\/p>\n"}},"_links":{"self":[{"href":"https:\/\/yutaimachinery.com\/es\/wp-json\/wp\/v2\/product\/5795","targetHints":{"allow":["GET"]}}],"collection":[{"href":"https:\/\/yutaimachinery.com\/es\/wp-json\/wp\/v2\/product"}],"about":[{"href":"https:\/\/yutaimachinery.com\/es\/wp-json\/wp\/v2\/types\/product"}],"version-history":[{"count":0,"href":"https:\/\/yutaimachinery.com\/es\/wp-json\/wp\/v2\/product\/5795\/revisions"}],"wp:featuredmedia":[{"embeddable":true,"href":"https:\/\/yutaimachinery.com\/es\/wp-json\/wp\/v2\/media\/5796"}],"wp:attachment":[{"href":"https:\/\/yutaimachinery.com\/es\/wp-json\/wp\/v2\/media?parent=5795"}],"wp:term":[{"taxonomy":"product_brand","embeddable":true,"href":"https:\/\/yutaimachinery.com\/es\/wp-json\/wp\/v2\/product_brand?post=5795"},{"taxonomy":"product_cat","embeddable":true,"href":"https:\/\/yutaimachinery.com\/es\/wp-json\/wp\/v2\/product_cat?post=5795"},{"taxonomy":"product_tag","embeddable":true,"href":"https:\/\/yutaimachinery.com\/es\/wp-json\/wp\/v2\/product_tag?post=5795"}],"curies":[{"name":"wp","href":"https:\/\/api.w.org\/{rel}","templated":true}]}}