{"id":5786,"date":"2025-10-18T14:40:19","date_gmt":"2025-10-18T06:40:19","guid":{"rendered":"https:\/\/yutaimachinery.com\/?post_type=product&#038;p=5786"},"modified":"2025-10-20T18:21:49","modified_gmt":"2025-10-20T10:21:49","slug":"custom-ceramic-decal-paper","status":"publish","type":"product","link":"https:\/\/yutaimachinery.com\/es\/product\/custom-ceramic-decal-paper\/","title":{"rendered":"Custom Ceramic Decal Paper Proveedor Coloridas Calcoman\u00edas Florales Para Cer\u00e1mica Diaria"},"content":{"rendered":"<div class=\"wp-block-columns is-layout-flex wp-container-core-columns-is-layout-9d6595d7 wp-block-columns-is-layout-flex\">\n<div class=\"wp-block-column is-layout-flow wp-block-column-is-layout-flow\">\n<h2 class=\"wp-block-heading\">Papel de calcoman\u00eda de cer\u00e1mica Caracter\u00edsticas:<\/h2>\n\n\n\n<p><strong>Ricos motivos florales:<\/strong> Estos dise\u00f1os, protagonizados principalmente por rosas, peon\u00edas y margaritas, muestran texturas de p\u00e9talos n\u00edtidas y transiciones de color naturales. Algunos motivos incluyen hojas verdes, frutas y l\u00edneas decorativas, creando una atm\u00f3sfera vibrante, rom\u00e1ntica y natural que realza el atractivo decorativo de los productos cer\u00e1micos.<\/p>\n\n\n\n<p><strong>Colores brillantes:<\/strong> En <strong>rosas y morados suaves<\/strong> a <strong>rojos y amarillos vivos<\/strong>Esta serie ofrece <strong>rico espectro crom\u00e1tico<\/strong> adaptable a diversos estilos y entornos cer\u00e1micos.<\/p>\n\n\n\n<p><strong>Adaptabilidad flexible:<\/strong> Disponibles en varios tama\u00f1os y dise\u00f1os, desde flores sueltas a racimos florales, estas calcoman\u00edas son adecuadas para jarrones de cer\u00e1mica, platos y artesan\u00edas decorativas de diferentes formas.<\/p>\n\n\n\n<p><strong>Impresi\u00f3n de alta precisi\u00f3n:<\/strong> Cada calcoman\u00eda conserva los finos detalles de los p\u00e9talos y las delicadas l\u00edneas decorativas. Producidas mediante un proceso a baja temperatura, son compatibles con las l\u00edneas de producci\u00f3n de calcoman\u00edas cer\u00e1micas y artesanales est\u00e1ndar, lo que garantiza colores duraderos y resistentes a la decoloraci\u00f3n.<\/p>\n\n\n\n<p><strong>Control estable de la producci\u00f3n en masa:<\/strong> Esta serie admite el troquelado por lotes y la impresi\u00f3n tipogr\u00e1fica, garantizando un espaciado uniforme, bordes limpios y una alineaci\u00f3n impecable. Ideal para compras a gran escala, ayuda a reducir los costes de producci\u00f3n unitarios manteniendo una calidad uniforme.<\/p>\n<\/div>\n\n\n\n<div class=\"wp-block-column is-layout-flow wp-block-column-is-layout-flow\">\n<figure class=\"wp-block-image size-full\"><img fetchpriority=\"high\" decoding=\"async\" width=\"800\" height=\"800\" src=\"https:\/\/yutaimachinery.com\/wp-content\/uploads\/2025\/10\/Custom-Ceramic-Paper-Colorful-Floral-Decals-3.webp\" alt=\"Papel de cer\u00e1mica personalizado Calcoman\u00edas florales de colores (3)\" class=\"wp-image-5789\" title=\"\" srcset=\"https:\/\/yutaimachinery.com\/wp-content\/uploads\/2025\/10\/Custom-Ceramic-Paper-Colorful-Floral-Decals-3.webp 800w, https:\/\/yutaimachinery.com\/wp-content\/uploads\/2025\/10\/Custom-Ceramic-Paper-Colorful-Floral-Decals-3-300x300.webp 300w, https:\/\/yutaimachinery.com\/wp-content\/uploads\/2025\/10\/Custom-Ceramic-Paper-Colorful-Floral-Decals-3-150x150.webp 150w, https:\/\/yutaimachinery.com\/wp-content\/uploads\/2025\/10\/Custom-Ceramic-Paper-Colorful-Floral-Decals-3-768x768.webp 768w, https:\/\/yutaimachinery.com\/wp-content\/uploads\/2025\/10\/Custom-Ceramic-Paper-Colorful-Floral-Decals-3-12x12.webp 12w, https:\/\/yutaimachinery.com\/wp-content\/uploads\/2025\/10\/Custom-Ceramic-Paper-Colorful-Floral-Decals-3-285x285.webp 285w, https:\/\/yutaimachinery.com\/wp-content\/uploads\/2025\/10\/Custom-Ceramic-Paper-Colorful-Floral-Decals-3-270x270.webp 270w, https:\/\/yutaimachinery.com\/wp-content\/uploads\/2025\/10\/Custom-Ceramic-Paper-Colorful-Floral-Decals-3-540x540.webp 540w, https:\/\/yutaimachinery.com\/wp-content\/uploads\/2025\/10\/Custom-Ceramic-Paper-Colorful-Floral-Decals-3-660x660.webp 660w\" sizes=\"(max-width: 800px) 100vw, 800px\" \/><\/figure>\n<\/div>\n<\/div>","protected":false},"excerpt":{"rendered":"<p data-start=\"46\" data-end=\"401\">El papel de calcoman\u00eda de cer\u00e1mica personalizado de Yutai es perfecto para la decoraci\u00f3n de cer\u00e1mica y vidrio. Con motivos florales vivos y duraderos, colores resistentes a la decoloracion, Ideal para jarrones, platos, y la artesania, con diseno personalizado y la produccion a granel disponible. P\u00f3ngase en contacto con nosotros para obtener muestras y presupuestos.<\/p>\n<h2>Soluci\u00f3n integral de calcoman\u00edas cer\u00e1micas de baja temperatura:<\/h2>\n<ul>\n<li data-start=\"641\" data-end=\"1313\"><strong data-start=\"688\" data-end=\"707\">Opciones personalizadas:<\/strong> Admite dise\u00f1os personalizados, patrones, tama\u00f1os y aplicaciones de baja temperatura para productos cer\u00e1micos y de vidrio.<\/li>\n<li data-start=\"641\" data-end=\"1313\"><strong data-start=\"821\" data-end=\"854\">Dise\u00f1o y soporte de aplicaciones:<\/strong> Ofrezca asesoramiento experto sobre la selecci\u00f3n de calcoman\u00edas, el proceso de transferencia y las condiciones de cocci\u00f3n \u00f3ptimas para adaptarse a su l\u00ednea de producci\u00f3n.<\/li>\n<li data-start=\"641\" data-end=\"1313\"><strong data-start=\"978\" data-end=\"1012\">Garant\u00eda de calidad y t\u00e9cnica:<\/strong> Garantizan una adherencia estable, colores vivos y una excelente durabilidad en cocci\u00f3n a baja temperatura.<\/li>\n<li data-start=\"641\" data-end=\"1313\"><strong data-start=\"1108\" data-end=\"1130\">Servicio dedicado:<\/strong> Yutai, como fabricante profesional de maquinaria cer\u00e1mica y calcoman\u00edas, potencia su producci\u00f3n de decoraci\u00f3n de cer\u00e1mica y vidrio con soluciones de calcoman\u00edas fiables, personalizables y eficientes.<\/li>\n<\/ul>","protected":false},"featured_media":5788,"template":"","meta":{"_acf_changed":false},"product_brand":[],"product_cat":[59,108],"product_tag":[],"class_list":{"0":"post-5786","1":"product","2":"type-product","3":"status-publish","4":"has-post-thumbnail","6":"product_cat-ceramic-printing-machine","7":"product_cat-custom-ceramic-decals-manufacturer","9":"first","10":"instock","11":"shipping-taxable","12":"product-type-simple"},"acf":{"customization_content":"","customization_content_source":{"label":"Customization Content","type":"wysiwyg","formatted_value":""},"why_choose_us_content":"<h2 style=\"text-align: center;\">Why Choose Us as Your Ceramic Decals Supplier<\/h2>\r\n\r\n<hr \/>\r\n<p style=\"text-align: center;\">We have advanced fully automatic decals printing machines that can mass-produce high-quality decals for daily ceramics, bathroom ceramics, glass tableware, etc., suitable for different processes, and provide customized services<\/p>","why_choose_us_content_source":{"label":"Why Choose Us Content","type":"wysiwyg","formatted_value":"<h2 style=\"text-align: center;\">Why Choose Us as Your Ceramic Decals Supplier<\/h2>\n<hr \/>\n<p style=\"text-align: center;\">We have advanced fully automatic decals printing machines that can mass-produce high-quality decals for daily ceramics, bathroom ceramics, glass tableware, etc., suitable for different processes, and provide customized services<\/p>\n"}},"_links":{"self":[{"href":"https:\/\/yutaimachinery.com\/es\/wp-json\/wp\/v2\/product\/5786","targetHints":{"allow":["GET"]}}],"collection":[{"href":"https:\/\/yutaimachinery.com\/es\/wp-json\/wp\/v2\/product"}],"about":[{"href":"https:\/\/yutaimachinery.com\/es\/wp-json\/wp\/v2\/types\/product"}],"version-history":[{"count":0,"href":"https:\/\/yutaimachinery.com\/es\/wp-json\/wp\/v2\/product\/5786\/revisions"}],"wp:featuredmedia":[{"embeddable":true,"href":"https:\/\/yutaimachinery.com\/es\/wp-json\/wp\/v2\/media\/5788"}],"wp:attachment":[{"href":"https:\/\/yutaimachinery.com\/es\/wp-json\/wp\/v2\/media?parent=5786"}],"wp:term":[{"taxonomy":"product_brand","embeddable":true,"href":"https:\/\/yutaimachinery.com\/es\/wp-json\/wp\/v2\/product_brand?post=5786"},{"taxonomy":"product_cat","embeddable":true,"href":"https:\/\/yutaimachinery.com\/es\/wp-json\/wp\/v2\/product_cat?post=5786"},{"taxonomy":"product_tag","embeddable":true,"href":"https:\/\/yutaimachinery.com\/es\/wp-json\/wp\/v2\/product_tag?post=5786"}],"curies":[{"name":"wp","href":"https:\/\/api.w.org\/{rel}","templated":true}]}}