{"id":5776,"date":"2025-10-18T11:45:27","date_gmt":"2025-10-18T03:45:27","guid":{"rendered":"https:\/\/yutaimachinery.com\/?post_type=product&#038;p=5776"},"modified":"2025-10-20T18:21:49","modified_gmt":"2025-10-20T10:21:49","slug":"custom-transfer-decals-for-ceramics","status":"publish","type":"product","link":"https:\/\/yutaimachinery.com\/es\/product\/custom-transfer-decals-for-ceramics\/","title":{"rendered":"Calcoman\u00edas de transferencia personalizada para la decoraci\u00f3n de cer\u00e1mica, p\u00e1jaro natural Escena Proveedor de calcoman\u00edas de estilo chino"},"content":{"rendered":"<div class=\"wp-block-columns is-layout-flex wp-container-core-columns-is-layout-9d6595d7 wp-block-columns-is-layout-flex\">\n<div class=\"wp-block-column is-layout-flow wp-block-column-is-layout-flow\">\n<h2 class=\"wp-block-heading\">Caracter\u00edsticas de las calcoman\u00edas de transferencia para cer\u00e1mica:<\/h2>\n\n\n\n<p><strong>Exquisita pincelada de p\u00e1jaros y flores<\/strong>: El papel floral est\u00e1 pintado con finas t\u00e9cnicas de pincelado, con delicadas plumas, degradados naturales de p\u00e9talos y claras vetas en ramas y hojas. Adornado con mariposas, crea una calidad art\u00edstica pintada a mano que eleva la calidad del producto cer\u00e1mico.<\/p>\n\n\n\n<p><strong>Simbolismo auspicioso adecuado para m\u00faltiples escenas<\/strong>: Los elementos centrales son p\u00e1jaros que representan la vitalidad, flores que representan la belleza y pavos reales que representan la elegancia. Estos elementos encarnan la est\u00e9tica oriental y responden directamente a la demanda del mercado internacional de \u201cregalos de estilo chino de alta gama\u201d. Adecuados para la decoraci\u00f3n del hogar, regalos festivos y adornos para hoteles, estos art\u00edculos se adaptan a una gran variedad de entornos.<\/p>\n\n\n\n<p><strong>Compatibilidad flexible<\/strong>: Adecuado para jarrones, platos y jarras, el dise\u00f1o del patr\u00f3n admite combinaciones verticales, radiales y sim\u00e9tricas, satisfaciendo las necesidades de \u201cuna imagen para m\u00faltiples usos\u201d de los fabricantes de cer\u00e1mica y reduciendo los costes de selecci\u00f3n de productos.<\/p>\n\n\n\n<p><strong>Cocci\u00f3n a baja temperatura<\/strong>: Ir consigue colores saturados y resistentes a la decoloraci\u00f3n, adapt\u00e1ndose a las l\u00edneas de producci\u00f3n existentes, ahorrando energ\u00eda y reduciendo costes, al tiempo que garantiza un glaseado liso y patrones duraderos. Cumple las normas internacionales de seguridad para la exportaci\u00f3n.<\/p>\n<\/div>\n\n\n\n<div class=\"wp-block-column is-layout-flow wp-block-column-is-layout-flow\">\n<figure class=\"wp-block-image size-full\"><img fetchpriority=\"high\" decoding=\"async\" width=\"750\" height=\"750\" src=\"https:\/\/yutaimachinery.com\/wp-content\/uploads\/2025\/10\/custom-transfer-decals-for-ceramics-3.webp\" alt=\"calcoman\u00edas personalizadas para cer\u00e1mica (3)\" class=\"wp-image-5779\" title=\"\" srcset=\"https:\/\/yutaimachinery.com\/wp-content\/uploads\/2025\/10\/custom-transfer-decals-for-ceramics-3.webp 750w, https:\/\/yutaimachinery.com\/wp-content\/uploads\/2025\/10\/custom-transfer-decals-for-ceramics-3-300x300.webp 300w, https:\/\/yutaimachinery.com\/wp-content\/uploads\/2025\/10\/custom-transfer-decals-for-ceramics-3-150x150.webp 150w, https:\/\/yutaimachinery.com\/wp-content\/uploads\/2025\/10\/custom-transfer-decals-for-ceramics-3-12x12.webp 12w, https:\/\/yutaimachinery.com\/wp-content\/uploads\/2025\/10\/custom-transfer-decals-for-ceramics-3-285x285.webp 285w, https:\/\/yutaimachinery.com\/wp-content\/uploads\/2025\/10\/custom-transfer-decals-for-ceramics-3-270x270.webp 270w, https:\/\/yutaimachinery.com\/wp-content\/uploads\/2025\/10\/custom-transfer-decals-for-ceramics-3-540x540.webp 540w, https:\/\/yutaimachinery.com\/wp-content\/uploads\/2025\/10\/custom-transfer-decals-for-ceramics-3-660x660.webp 660w\" sizes=\"(max-width: 750px) 100vw, 750px\" \/><\/figure>\n<\/div>\n<\/div>","protected":false},"excerpt":{"rendered":"<p>Calcoman\u00edas de transferencia personalizadas Yutai para cer\u00e1mica, patrones de flores y p\u00e1jaros con pinceladas finas, adecuadas para jarrones, platos y otras formas, cocci\u00f3n a baja temperatura para ahorrar costes, potenciaci\u00f3n cultural para aumentar las primas, soporte para pruebas r\u00e1pidas, \u00a1haga clic para preguntar y crear un \u00e9xito!<\/p>\n<h2>Soluci\u00f3n integral de calcoman\u00edas cer\u00e1micas de baja temperatura:<\/h2>\n<ul>\n<li data-start=\"641\" data-end=\"1313\"><strong data-start=\"688\" data-end=\"707\">Opciones personalizadas:<\/strong> Admite dise\u00f1os personalizados, patrones, tama\u00f1os y aplicaciones de baja temperatura para productos cer\u00e1micos y de vidrio.<\/li>\n<li data-start=\"641\" data-end=\"1313\"><strong data-start=\"821\" data-end=\"854\">Dise\u00f1o y soporte de aplicaciones:<\/strong> Ofrezca asesoramiento experto sobre la selecci\u00f3n de calcoman\u00edas, el proceso de transferencia y las condiciones de cocci\u00f3n \u00f3ptimas para adaptarse a su l\u00ednea de producci\u00f3n.<\/li>\n<li data-start=\"641\" data-end=\"1313\"><strong data-start=\"978\" data-end=\"1012\">Garant\u00eda de calidad y t\u00e9cnica:<\/strong> Garantizan una adherencia estable, colores vivos y una excelente durabilidad en cocci\u00f3n a baja temperatura.<\/li>\n<li data-start=\"641\" data-end=\"1313\"><strong data-start=\"1108\" data-end=\"1130\">Servicio dedicado:<\/strong> Yutai, como fabricante profesional de maquinaria cer\u00e1mica y calcoman\u00edas, potencia su producci\u00f3n de decoraci\u00f3n de cer\u00e1mica y vidrio con soluciones de calcoman\u00edas fiables, personalizables y eficientes.<\/li>\n<\/ul>","protected":false},"featured_media":5777,"template":"","meta":{"_acf_changed":false},"product_brand":[],"product_cat":[59,108],"product_tag":[],"class_list":{"0":"post-5776","1":"product","2":"type-product","3":"status-publish","4":"has-post-thumbnail","6":"product_cat-ceramic-printing-machine","7":"product_cat-custom-ceramic-decals-manufacturer","9":"first","10":"instock","11":"shipping-taxable","12":"product-type-simple"},"acf":{"customization_content":"","customization_content_source":{"label":"Customization Content","type":"wysiwyg","formatted_value":""},"why_choose_us_content":"<h2 style=\"text-align: center;\">Why Choose Us as Your Ceramic Decals Supplier<\/h2>\r\n\r\n<hr \/>\r\n<p style=\"text-align: center;\">We have advanced fully automatic decals printing machines that can mass-produce high-quality decals for daily ceramics, bathroom ceramics, glass tableware, etc., suitable for different processes, and provide customized services<\/p>","why_choose_us_content_source":{"label":"Why Choose Us Content","type":"wysiwyg","formatted_value":"<h2 style=\"text-align: center;\">Why Choose Us as Your Ceramic Decals Supplier<\/h2>\n<hr \/>\n<p style=\"text-align: center;\">We have advanced fully automatic decals printing machines that can mass-produce high-quality decals for daily ceramics, bathroom ceramics, glass tableware, etc., suitable for different processes, and provide customized services<\/p>\n"}},"_links":{"self":[{"href":"https:\/\/yutaimachinery.com\/es\/wp-json\/wp\/v2\/product\/5776","targetHints":{"allow":["GET"]}}],"collection":[{"href":"https:\/\/yutaimachinery.com\/es\/wp-json\/wp\/v2\/product"}],"about":[{"href":"https:\/\/yutaimachinery.com\/es\/wp-json\/wp\/v2\/types\/product"}],"version-history":[{"count":0,"href":"https:\/\/yutaimachinery.com\/es\/wp-json\/wp\/v2\/product\/5776\/revisions"}],"wp:featuredmedia":[{"embeddable":true,"href":"https:\/\/yutaimachinery.com\/es\/wp-json\/wp\/v2\/media\/5777"}],"wp:attachment":[{"href":"https:\/\/yutaimachinery.com\/es\/wp-json\/wp\/v2\/media?parent=5776"}],"wp:term":[{"taxonomy":"product_brand","embeddable":true,"href":"https:\/\/yutaimachinery.com\/es\/wp-json\/wp\/v2\/product_brand?post=5776"},{"taxonomy":"product_cat","embeddable":true,"href":"https:\/\/yutaimachinery.com\/es\/wp-json\/wp\/v2\/product_cat?post=5776"},{"taxonomy":"product_tag","embeddable":true,"href":"https:\/\/yutaimachinery.com\/es\/wp-json\/wp\/v2\/product_tag?post=5776"}],"curies":[{"name":"wp","href":"https:\/\/api.w.org\/{rel}","templated":true}]}}