{"id":5767,"date":"2025-10-18T10:35:13","date_gmt":"2025-10-18T02:35:13","guid":{"rendered":"https:\/\/yutaimachinery.com\/?post_type=product&#038;p=5767"},"modified":"2025-10-20T18:21:49","modified_gmt":"2025-10-20T10:21:49","slug":"wholesale-ceramic-decal-transfers-pink-lotus","status":"publish","type":"product","link":"https:\/\/yutaimachinery.com\/es\/product\/wholesale-ceramic-decal-transfers-pink-lotus\/","title":{"rendered":"Mayorista Calcomanias Ceramicas Transfers Loto Rosa Linea Dorada Trazo para Jarrones de Ceramica Platos"},"content":{"rendered":"<div class=\"wp-block-columns is-layout-flex wp-container-core-columns-is-layout-9d6595d7 wp-block-columns-is-layout-flex\">\n<div class=\"wp-block-column is-layout-flow wp-block-column-is-layout-flow\">\n<h2 class=\"wp-block-heading\">Calcoman\u00eda de cer\u00e1mica Transfers Pink Lotus Caracter\u00edsticas:<\/h2>\n\n\n\n<p><strong>Dise\u00f1o est\u00e9tico chino cl\u00e1sico<\/strong>: Utilizando meticulosas pinceladas, el dise\u00f1o representa flores de loto en flor, vainas de loto, lib\u00e9lulas y hojas de loto. Los p\u00e9talos se difuminan en un delicado rosa, mientras que las hojas son de un vibrante verde esmeralda. Los contornos dorados acent\u00faan el dise\u00f1o, mientras que el dibujo en forma de coraz\u00f3n enmarca el exterior con un marco dorado. Este dise\u00f1o evoca el elegante encanto de las pinturas tradicionales de flores y p\u00e1jaros. Adecuado para cer\u00e1mica de alta gama, como juegos de t\u00e9, jarrones y vajillas, realzando su valor cultural.<\/p>\n\n\n\n<p><strong>Adaptabilidad precisa del tama\u00f1o<\/strong>: Disponible en tama\u00f1os est\u00e1ndar como 17,5 cm (para bases\/vasos peque\u00f1os) y 19,2 cm (para jarrones grandes\/bases largas), incluye tanto arreglos individuales de flores de loto grandes como m\u00faltiples filas de flores de loto m\u00e1s peque\u00f1as. Admite calcoman\u00edas parciales o de superficie completa para diversas formas de recipiente, lo que ofrece una compatibilidad flexible.<\/p>\n\n\n\n<p><strong>Proceso de ahorro de energ\u00eda<\/strong>: La cocci\u00f3n a baja temperatura reduce el consumo de energ\u00eda en comparaci\u00f3n con las calcoman\u00edas convencionales a alta temperatura, lo que reduce los costes de producci\u00f3n al tiempo que garantiza la solidez del color y un acabado de esmalte liso, asegurando la resistencia a largo plazo a la decoloraci\u00f3n y el pelado.<\/p>\n\n\n\n<p><strong>Impresi\u00f3n de alta precisi\u00f3n<\/strong>: La textura de los p\u00e9talos y las hojas de loto es claramente visible, y el contorno dorado y el borde en forma de coraz\u00f3n son delicados y exquisitos. La resoluci\u00f3n de impresi\u00f3n cumple las normas m\u00e1s estrictas del sector, por lo que los productos cer\u00e1micos tendr\u00e1n una textura \"pintada a mano\" una vez aplicadas las calcoman\u00edas.<\/p>\n\n\n\n<p><strong>Garant\u00eda de cumplimiento de la normativa medioambiental<\/strong>: Sin lixiviaci\u00f3n de plomo ni cadmio, de conformidad con las normas internacionales de seguridad de la cer\u00e1mica, lo que ayuda a mayoristas y compradores a evitar riesgos de cumplimiento de las normas de exportaci\u00f3n y a ampliar los mercados.<\/p>\n<\/div>\n\n\n\n<div class=\"wp-block-column is-layout-flow wp-block-column-is-layout-flow\">\n<figure class=\"wp-block-image size-full\"><img fetchpriority=\"high\" decoding=\"async\" width=\"1006\" height=\"1006\" src=\"https:\/\/yutaimachinery.com\/wp-content\/uploads\/2025\/10\/Ceramic-Decal-Transfers-Lotus-Wholesale-1.webp\" alt=\"Calcomanias Ceramicas Lotus al por mayor (1)\" class=\"wp-image-5768\" title=\"\" srcset=\"https:\/\/yutaimachinery.com\/wp-content\/uploads\/2025\/10\/Ceramic-Decal-Transfers-Lotus-Wholesale-1.webp 1006w, https:\/\/yutaimachinery.com\/wp-content\/uploads\/2025\/10\/Ceramic-Decal-Transfers-Lotus-Wholesale-1-300x300.webp 300w, https:\/\/yutaimachinery.com\/wp-content\/uploads\/2025\/10\/Ceramic-Decal-Transfers-Lotus-Wholesale-1-150x150.webp 150w, https:\/\/yutaimachinery.com\/wp-content\/uploads\/2025\/10\/Ceramic-Decal-Transfers-Lotus-Wholesale-1-768x768.webp 768w, https:\/\/yutaimachinery.com\/wp-content\/uploads\/2025\/10\/Ceramic-Decal-Transfers-Lotus-Wholesale-1-12x12.webp 12w, https:\/\/yutaimachinery.com\/wp-content\/uploads\/2025\/10\/Ceramic-Decal-Transfers-Lotus-Wholesale-1-285x285.webp 285w, https:\/\/yutaimachinery.com\/wp-content\/uploads\/2025\/10\/Ceramic-Decal-Transfers-Lotus-Wholesale-1-270x270.webp 270w, https:\/\/yutaimachinery.com\/wp-content\/uploads\/2025\/10\/Ceramic-Decal-Transfers-Lotus-Wholesale-1-540x540.webp 540w, https:\/\/yutaimachinery.com\/wp-content\/uploads\/2025\/10\/Ceramic-Decal-Transfers-Lotus-Wholesale-1-660x660.webp 660w\" sizes=\"(max-width: 1006px) 100vw, 1006px\" \/><\/figure>\n<\/div>\n<\/div>","protected":false},"excerpt":{"rendered":"<p>Bienvenido a las transferencias de calcoman\u00edas de cer\u00e1mica al por mayor, la vaina de loto meticulosamente elaborado y el patr\u00f3n de lib\u00e9lula, con su est\u00e9tica china, mejora la prima del producto, perfecto para juegos de t\u00e9, vajilla, jarrones decorativos, y mucho m\u00e1s. Disponible en varios tama\u00f1os, con pruebas r\u00e1pidas, \u00a1cont\u00e1ctenos para una soluci\u00f3n personalizada!<\/p>\n<h2>Soluci\u00f3n integral de calcoman\u00edas cer\u00e1micas de baja temperatura:<\/h2>\n<ul>\n<li data-start=\"641\" data-end=\"1313\"><strong data-start=\"688\" data-end=\"707\">Opciones personalizadas:<\/strong> Admite dise\u00f1os personalizados, patrones, tama\u00f1os y aplicaciones de baja temperatura para productos cer\u00e1micos y de vidrio.<\/li>\n<li data-start=\"641\" data-end=\"1313\"><strong data-start=\"821\" data-end=\"854\">Dise\u00f1o y soporte de aplicaciones:<\/strong> Ofrezca asesoramiento experto sobre la selecci\u00f3n de calcoman\u00edas, el proceso de transferencia y las condiciones de cocci\u00f3n \u00f3ptimas para adaptarse a su l\u00ednea de producci\u00f3n.<\/li>\n<li data-start=\"641\" data-end=\"1313\"><strong data-start=\"978\" data-end=\"1012\">Garant\u00eda de calidad y t\u00e9cnica:<\/strong> Garantizan una adherencia estable, colores vivos y una excelente durabilidad en cocci\u00f3n a baja temperatura.<\/li>\n<li data-start=\"641\" data-end=\"1313\"><strong data-start=\"1108\" data-end=\"1130\">Servicio dedicado:<\/strong> Yutai, como fabricante profesional de maquinaria cer\u00e1mica y calcoman\u00edas, potencia su producci\u00f3n de decoraci\u00f3n de cer\u00e1mica y vidrio con soluciones de calcoman\u00edas fiables, personalizables y eficientes.<\/li>\n<\/ul>","protected":false},"featured_media":5768,"template":"","meta":{"_acf_changed":false},"product_brand":[],"product_cat":[59,108],"product_tag":[],"class_list":{"0":"post-5767","1":"product","2":"type-product","3":"status-publish","4":"has-post-thumbnail","6":"product_cat-ceramic-printing-machine","7":"product_cat-custom-ceramic-decals-manufacturer","9":"first","10":"instock","11":"shipping-taxable","12":"product-type-simple"},"acf":{"customization_content":"","customization_content_source":{"label":"Customization Content","type":"wysiwyg","formatted_value":""},"why_choose_us_content":"<h2 style=\"text-align: center;\">Why Choose Us as Your Ceramic Decals Supplier<\/h2>\r\n\r\n<hr \/>\r\n<p style=\"text-align: center;\">We have advanced fully automatic decals printing machines that can mass-produce high-quality decals for daily ceramics, bathroom ceramics, glass tableware, etc., suitable for different processes, and provide customized services<\/p>","why_choose_us_content_source":{"label":"Why Choose Us Content","type":"wysiwyg","formatted_value":"<h2 style=\"text-align: center;\">Why Choose Us as Your Ceramic Decals Supplier<\/h2>\n<hr \/>\n<p style=\"text-align: center;\">We have advanced fully automatic decals printing machines that can mass-produce high-quality decals for daily ceramics, bathroom ceramics, glass tableware, etc., suitable for different processes, and provide customized services<\/p>\n"}},"_links":{"self":[{"href":"https:\/\/yutaimachinery.com\/es\/wp-json\/wp\/v2\/product\/5767","targetHints":{"allow":["GET"]}}],"collection":[{"href":"https:\/\/yutaimachinery.com\/es\/wp-json\/wp\/v2\/product"}],"about":[{"href":"https:\/\/yutaimachinery.com\/es\/wp-json\/wp\/v2\/types\/product"}],"version-history":[{"count":0,"href":"https:\/\/yutaimachinery.com\/es\/wp-json\/wp\/v2\/product\/5767\/revisions"}],"wp:featuredmedia":[{"embeddable":true,"href":"https:\/\/yutaimachinery.com\/es\/wp-json\/wp\/v2\/media\/5768"}],"wp:attachment":[{"href":"https:\/\/yutaimachinery.com\/es\/wp-json\/wp\/v2\/media?parent=5767"}],"wp:term":[{"taxonomy":"product_brand","embeddable":true,"href":"https:\/\/yutaimachinery.com\/es\/wp-json\/wp\/v2\/product_brand?post=5767"},{"taxonomy":"product_cat","embeddable":true,"href":"https:\/\/yutaimachinery.com\/es\/wp-json\/wp\/v2\/product_cat?post=5767"},{"taxonomy":"product_tag","embeddable":true,"href":"https:\/\/yutaimachinery.com\/es\/wp-json\/wp\/v2\/product_tag?post=5767"}],"curies":[{"name":"wp","href":"https:\/\/api.w.org\/{rel}","templated":true}]}}