{"id":5757,"date":"2025-10-18T09:57:08","date_gmt":"2025-10-18T01:57:08","guid":{"rendered":"https:\/\/yutaimachinery.com\/?post_type=product&#038;p=5757"},"modified":"2025-10-20T18:21:18","modified_gmt":"2025-10-20T10:21:18","slug":"custom-ceramic-transfer-decals-peacock","status":"publish","type":"product","link":"https:\/\/yutaimachinery.com\/es\/product\/custom-ceramic-transfer-decals-peacock\/","title":{"rendered":"Calcoman\u00edas personalizadas de transferencia de cer\u00e1mica Pavo real patr\u00f3n floral Calcoman\u00eda de baja temperatura para productos de cer\u00e1mica de vidrio"},"content":{"rendered":"<div class=\"wp-block-columns is-layout-flex wp-container-core-columns-is-layout-9d6595d7 wp-block-columns-is-layout-flex\">\n<div class=\"wp-block-column is-layout-flow wp-block-column-is-layout-flow\">\n<h2 class=\"wp-block-heading\">Caracter\u00edsticas de las calcoman\u00edas de transferencia de cer\u00e1mica con patr\u00f3n de pavo real:<\/h2>\n\n\n\n<p><strong>Belleza oriental cl\u00e1sica<\/strong>: Inspirados en meticulosas pinturas de flores y p\u00e1jaros, los dise\u00f1os de pavos reales y flores encarnan la prosperidad, evocan la belleza oriental y son adecuados para productos cer\u00e1micos de lujo.<\/p>\n\n\n\n<p><strong>Reproducci\u00f3n de patrones de alta precisi\u00f3n<\/strong>: Gracias a la tecnolog\u00eda de impresi\u00f3n de alta definici\u00f3n, los delicados trazos y la gradaci\u00f3n de color de las flores y los pavos reales se reproducen con precisi\u00f3n, garantizando que cada calcoman\u00eda sea transparente y rica en color.<\/p>\n\n\n\n<p><strong>Tecnolog\u00eda de curado a baja temperatura<\/strong>: Es energ\u00e9ticamente eficiente y muy eficaz, ya que ahorra energ\u00eda a la vez que mantiene el esmalte liso y resistente a la decoloraci\u00f3n.<\/p>\n\n\n\n<p><strong>Material de fuerte adherencia<\/strong>: Con una f\u00f3rmula de esmalte patentada, existe una firme adherencia entre la calcoman\u00eda y el material base de la cer\u00e1mica, lo que garantiza la resistencia al desgaste y a los ara\u00f1azos, cumpliendo los requisitos de durabilidad de las exportaciones.<\/p>\n\n\n\n<p><strong>Multiusos<\/strong>: Adecuado para su uso en jarrones, vajillas, porcelana decorativa, etc., aportando valor a\u00f1adido a los productos y satisfaciendo las necesidades del mercado de regalos de calidad y decoraci\u00f3n del hogar.<\/p>\n\n\n\n<p><strong>Versatilidad de personalizaci\u00f3n<\/strong>: Permite ajustar el tama\u00f1o y el color del patr\u00f3n para adaptarlo a los requisitos de forma de la cer\u00e1mica del cliente, y ofrece servicios r\u00e1pidos de pruebas de lotes peque\u00f1os.<\/p>\n<\/div>\n\n\n\n<div class=\"wp-block-column is-layout-flow wp-block-column-is-layout-flow\">\n<figure class=\"wp-block-image size-full\"><img fetchpriority=\"high\" decoding=\"async\" width=\"1080\" height=\"1440\" src=\"https:\/\/yutaimachinery.com\/wp-content\/uploads\/2025\/10\/Custom-Ceramic-Transfer-Decals-Peacock2.webp\" alt=\"Calcomanias Ceramicas Peacock(2)\" class=\"wp-image-5759\" title=\"\" srcset=\"https:\/\/yutaimachinery.com\/wp-content\/uploads\/2025\/10\/Custom-Ceramic-Transfer-Decals-Peacock2.webp 1080w, https:\/\/yutaimachinery.com\/wp-content\/uploads\/2025\/10\/Custom-Ceramic-Transfer-Decals-Peacock2-225x300.webp 225w, https:\/\/yutaimachinery.com\/wp-content\/uploads\/2025\/10\/Custom-Ceramic-Transfer-Decals-Peacock2-768x1024.webp 768w, https:\/\/yutaimachinery.com\/wp-content\/uploads\/2025\/10\/Custom-Ceramic-Transfer-Decals-Peacock2-9x12.webp 9w, https:\/\/yutaimachinery.com\/wp-content\/uploads\/2025\/10\/Custom-Ceramic-Transfer-Decals-Peacock2-285x380.webp 285w, https:\/\/yutaimachinery.com\/wp-content\/uploads\/2025\/10\/Custom-Ceramic-Transfer-Decals-Peacock2-495x660.webp 495w, https:\/\/yutaimachinery.com\/wp-content\/uploads\/2025\/10\/Custom-Ceramic-Transfer-Decals-Peacock2-113x150.webp 113w\" sizes=\"(max-width: 1080px) 100vw, 1080px\" \/><\/figure>\n<\/div>\n<\/div>\n\n\n\n<p><\/p>","protected":false},"excerpt":{"rendered":"<p>Yutai ofrece calcoman\u00edas de transferencia de cer\u00e1mica personalizadas con cocci\u00f3n a baja temperatura, vibrantes patrones de pavo real, acabados suaves y fuerte adhesi\u00f3n. Perfecto para jarrones, platos y vajilla decorativa. Personalizaci\u00f3n completa y soporte t\u00e9cnico disponible, \u00a1contacte con nosotros para muestras y presupuestos!<\/p>\n<h2>Soluci\u00f3n integral de calcoman\u00edas cer\u00e1micas de baja temperatura:<\/h2>\n<ul>\n<li data-start=\"641\" data-end=\"1313\"><strong data-start=\"688\" data-end=\"707\">Opciones personalizadas:<\/strong> Admite dise\u00f1os personalizados, patrones, tama\u00f1os y aplicaciones de baja temperatura para productos cer\u00e1micos y de vidrio.<\/li>\n<li data-start=\"641\" data-end=\"1313\"><strong data-start=\"821\" data-end=\"854\">Dise\u00f1o y soporte de aplicaciones:<\/strong> Ofrezca asesoramiento experto sobre la selecci\u00f3n de calcoman\u00edas, el proceso de transferencia y las condiciones de cocci\u00f3n \u00f3ptimas para adaptarse a su l\u00ednea de producci\u00f3n.<\/li>\n<li data-start=\"641\" data-end=\"1313\"><strong data-start=\"978\" data-end=\"1012\">Garant\u00eda de calidad y t\u00e9cnica:<\/strong> Garantizan una adherencia estable, colores vivos y una excelente durabilidad en cocci\u00f3n a baja temperatura.<\/li>\n<li data-start=\"641\" data-end=\"1313\"><strong data-start=\"1108\" data-end=\"1130\">Servicio dedicado:<\/strong> Yutai, como fabricante profesional de maquinaria cer\u00e1mica y calcoman\u00edas, potencia su producci\u00f3n de decoraci\u00f3n de cer\u00e1mica y vidrio con soluciones de calcoman\u00edas fiables, personalizables y eficientes.<\/li>\n<\/ul>","protected":false},"featured_media":5760,"template":"","meta":{"_acf_changed":false},"product_brand":[],"product_cat":[59],"product_tag":[],"class_list":{"0":"post-5757","1":"product","2":"type-product","3":"status-publish","4":"has-post-thumbnail","6":"product_cat-ceramic-printing-machine","8":"first","9":"instock","10":"shipping-taxable","11":"product-type-simple"},"acf":{"customization_content":"","customization_content_source":{"label":"Customization Content","type":"wysiwyg","formatted_value":""},"why_choose_us_content":"<h2 style=\"text-align: center;\">Why Choose Us as Your Ceramic Decals Supplier<\/h2>\r\n\r\n<hr \/>\r\n<p style=\"text-align: center;\">We have advanced fully automatic decals printing machines that can mass-produce high-quality decals for daily ceramics, bathroom ceramics, glass tableware, etc., suitable for different processes, and provide customized services<\/p>","why_choose_us_content_source":{"label":"Why Choose Us Content","type":"wysiwyg","formatted_value":"<h2 style=\"text-align: center;\">Why Choose Us as Your Ceramic Decals Supplier<\/h2>\n<hr \/>\n<p style=\"text-align: center;\">We have advanced fully automatic decals printing machines that can mass-produce high-quality decals for daily ceramics, bathroom ceramics, glass tableware, etc., suitable for different processes, and provide customized services<\/p>\n"}},"_links":{"self":[{"href":"https:\/\/yutaimachinery.com\/es\/wp-json\/wp\/v2\/product\/5757","targetHints":{"allow":["GET"]}}],"collection":[{"href":"https:\/\/yutaimachinery.com\/es\/wp-json\/wp\/v2\/product"}],"about":[{"href":"https:\/\/yutaimachinery.com\/es\/wp-json\/wp\/v2\/types\/product"}],"version-history":[{"count":0,"href":"https:\/\/yutaimachinery.com\/es\/wp-json\/wp\/v2\/product\/5757\/revisions"}],"wp:featuredmedia":[{"embeddable":true,"href":"https:\/\/yutaimachinery.com\/es\/wp-json\/wp\/v2\/media\/5760"}],"wp:attachment":[{"href":"https:\/\/yutaimachinery.com\/es\/wp-json\/wp\/v2\/media?parent=5757"}],"wp:term":[{"taxonomy":"product_brand","embeddable":true,"href":"https:\/\/yutaimachinery.com\/es\/wp-json\/wp\/v2\/product_brand?post=5757"},{"taxonomy":"product_cat","embeddable":true,"href":"https:\/\/yutaimachinery.com\/es\/wp-json\/wp\/v2\/product_cat?post=5757"},{"taxonomy":"product_tag","embeddable":true,"href":"https:\/\/yutaimachinery.com\/es\/wp-json\/wp\/v2\/product_tag?post=5757"}],"curies":[{"name":"wp","href":"https:\/\/api.w.org\/{rel}","templated":true}]}}