{"id":5724,"date":"2025-09-30T17:29:09","date_gmt":"2025-09-30T09:29:09","guid":{"rendered":"https:\/\/yutaimachinery.com\/?post_type=product&#038;p=5724"},"modified":"2025-10-20T18:21:49","modified_gmt":"2025-10-20T10:21:49","slug":"ceramic-decals-wholesale","status":"publish","type":"product","link":"https:\/\/yutaimachinery.com\/es\/product\/ceramic-decals-wholesale\/","title":{"rendered":"Calcomanias de Ceramica al por mayor Rectangulo Oro Natural Paisaje Patron Calcomania para Inodoro Sanitario Personalizado"},"content":{"rendered":"<div class=\"wp-block-columns is-layout-flex wp-container-core-columns-is-layout-9d6595d7 wp-block-columns-is-layout-flex\">\n<div class=\"wp-block-column is-layout-flow wp-block-column-is-layout-flow\">\n<h2 class=\"wp-block-heading\">Caracter\u00edsticas de Ceramic Decals Wholesale:<\/h2>\n\n\n\n<p><strong>Varios patrones<\/strong>: Con una gran variedad de paisajes naturales, animales, flores, plantas y motivos geom\u00e9tricos, estas pegatinas encajar\u00e1n con el estilo de ba\u00f1o que tengas.<\/p>\n\n\n\n<p><strong>Servicio ODM\/OEM<\/strong>: Los clientes pueden suministrar sus propios dise\u00f1os, fotos y logotipos de marca, por nombrar algunos, y Yutai maquetar\u00e1 profesionalmente y luego dise\u00f1ar\u00e1 todos los dise\u00f1os bas\u00e1ndose en estos materiales, a\u00f1adiendo su creatividad \u00fanica a sus calcoman\u00edas cer\u00e1micas.<\/p>\n\n\n\n<p><strong>Aplicable a diversos art\u00edculos de cer\u00e1mica<\/strong>: Puede utilizarse para lavabos, inodoros y sanitarios. Disponemos de calcoman\u00edas para las variadas formas de estos productos, incluidas las redondas, cuadradas y algunas formas especiales, a medida.<\/p>\n\n\n\n<p><strong>Resistencia al desgaste y durabilidad<\/strong>: Especialmente tratadas para resistir el desgaste, estas pegatinas son fuertes contra el desgaste del roce diario y resistentes a los impactos, lo que garantiza que duren en perfecto estado.<\/p>\n\n\n\n<p><strong>Tecnolog\u00eda de impresi\u00f3n avanzada:<\/strong> El avanzado m\u00e9todo de impresi\u00f3n permite reproducir con precisi\u00f3n patrones y colores en las calcoman\u00edas.<\/p>\n\n\n\n<p><strong>Cocci\u00f3n a alta temperatura<\/strong>: Las calcoman\u00edas se adhieren al lecho cer\u00e1mico y no se deforman, agrietan ni despegan, lo que garantiza un efecto decorativo estable.<\/p>\n<\/div>\n\n\n\n<div class=\"wp-block-column is-layout-flow wp-block-column-is-layout-flow\">\n<figure class=\"wp-block-image size-full\"><img fetchpriority=\"high\" decoding=\"async\" width=\"510\" height=\"511\" src=\"https:\/\/yutaimachinery.com\/wp-content\/uploads\/2025\/09\/ceramic-decals-wholesale-3.webp\" alt=\"calcas cer\u00e1micas al por mayor (3)\" class=\"wp-image-5727\" title=\"\" srcset=\"https:\/\/yutaimachinery.com\/wp-content\/uploads\/2025\/09\/ceramic-decals-wholesale-3.webp 510w, https:\/\/yutaimachinery.com\/wp-content\/uploads\/2025\/09\/ceramic-decals-wholesale-3-300x300.webp 300w, https:\/\/yutaimachinery.com\/wp-content\/uploads\/2025\/09\/ceramic-decals-wholesale-3-150x150.webp 150w, https:\/\/yutaimachinery.com\/wp-content\/uploads\/2025\/09\/ceramic-decals-wholesale-3-12x12.webp 12w, https:\/\/yutaimachinery.com\/wp-content\/uploads\/2025\/09\/ceramic-decals-wholesale-3-285x286.webp 285w, https:\/\/yutaimachinery.com\/wp-content\/uploads\/2025\/09\/ceramic-decals-wholesale-3-270x270.webp 270w\" sizes=\"(max-width: 510px) 100vw, 510px\" \/><\/figure>\n<\/div>\n<\/div>\n\n\n\n<p><\/p>","protected":false},"excerpt":{"rendered":"<p>Calcoman\u00edas de cer\u00e1mica al por mayor, disponibles en dise\u00f1os naturales como \u00e1rboles y ciervos, adecuadas para lavabos y cer\u00e1mica de ba\u00f1o. \u00a1Con tecnolog\u00eda de impresi\u00f3n avanzada, es impermeable y resistente al desgaste, y f\u00e1cil de usar! Suministro directo de f\u00e1brica Yutai, admite dibujos personalizados, \u00a1contacte con nosotros para obtener un presupuesto!<\/p>\n<h2>Soluci\u00f3n integral de calcoman\u00edas cer\u00e1micas para sanitarios:<\/h2>\n<ul>\n<li style=\"list-style-type: none;\">\n<ul>\n<li><strong>Opciones personalizadas<\/strong>: Admite patrones de calcoman\u00edas personalizados, tama\u00f1os, colores y aplicaciones de alta temperatura.<\/li>\n<li><strong>Dise\u00f1o y soporte de aplicaciones<\/strong>: Ofrecemos asesoramiento experto sobre la selecci\u00f3n y aplicaci\u00f3n de calcoman\u00edas adaptadas a su tipo de producto y proceso de producci\u00f3n.<\/li>\n<li><strong>Calidad y asistencia t\u00e9cnica<\/strong>: Garantizan la durabilidad a altas temperaturas, patrones v\u00edvidos y un rendimiento fiable; gu\u00edan la cocci\u00f3n y el uso.<\/li>\n<li><strong>Servicio dedicado:<\/strong> Yutai, como fabricante l\u00edder de maquinaria cer\u00e1mica y calcoman\u00edas, potencia su producci\u00f3n de art\u00edculos sanitarios con calcoman\u00edas de alta calidad y soluciones a medida.<\/li>\n<\/ul>\n<\/li>\n<\/ul>","protected":false},"featured_media":5725,"template":"","meta":{"_acf_changed":false},"product_brand":[],"product_cat":[59,108],"product_tag":[],"class_list":{"0":"post-5724","1":"product","2":"type-product","3":"status-publish","4":"has-post-thumbnail","6":"product_cat-ceramic-printing-machine","7":"product_cat-custom-ceramic-decals-manufacturer","9":"first","10":"instock","11":"shipping-taxable","12":"product-type-simple"},"acf":{"customization_content":"","customization_content_source":{"label":"Customization Content","type":"wysiwyg","formatted_value":""},"why_choose_us_content":"<h2 style=\"text-align: center;\">Why Choose Us as Your Ceramic Decals Supplier<\/h2>\r\n\r\n<hr \/>\r\n<p style=\"text-align: center;\">We have advanced fully automatic decals printing machines that can mass-produce high-quality decals for daily ceramics, bathroom ceramics, glass tableware, etc., suitable for different processes, and provide customized services<\/p>","why_choose_us_content_source":{"label":"Why Choose Us Content","type":"wysiwyg","formatted_value":"<h2 style=\"text-align: center;\">Why Choose Us as Your Ceramic Decals Supplier<\/h2>\n<hr \/>\n<p style=\"text-align: center;\">We have advanced fully automatic decals printing machines that can mass-produce high-quality decals for daily ceramics, bathroom ceramics, glass tableware, etc., suitable for different processes, and provide customized services<\/p>\n"}},"_links":{"self":[{"href":"https:\/\/yutaimachinery.com\/es\/wp-json\/wp\/v2\/product\/5724","targetHints":{"allow":["GET"]}}],"collection":[{"href":"https:\/\/yutaimachinery.com\/es\/wp-json\/wp\/v2\/product"}],"about":[{"href":"https:\/\/yutaimachinery.com\/es\/wp-json\/wp\/v2\/types\/product"}],"version-history":[{"count":0,"href":"https:\/\/yutaimachinery.com\/es\/wp-json\/wp\/v2\/product\/5724\/revisions"}],"wp:featuredmedia":[{"embeddable":true,"href":"https:\/\/yutaimachinery.com\/es\/wp-json\/wp\/v2\/media\/5725"}],"wp:attachment":[{"href":"https:\/\/yutaimachinery.com\/es\/wp-json\/wp\/v2\/media?parent=5724"}],"wp:term":[{"taxonomy":"product_brand","embeddable":true,"href":"https:\/\/yutaimachinery.com\/es\/wp-json\/wp\/v2\/product_brand?post=5724"},{"taxonomy":"product_cat","embeddable":true,"href":"https:\/\/yutaimachinery.com\/es\/wp-json\/wp\/v2\/product_cat?post=5724"},{"taxonomy":"product_tag","embeddable":true,"href":"https:\/\/yutaimachinery.com\/es\/wp-json\/wp\/v2\/product_tag?post=5724"}],"curies":[{"name":"wp","href":"https:\/\/api.w.org\/{rel}","templated":true}]}}