{"id":5713,"date":"2025-09-29T18:09:56","date_gmt":"2025-09-29T10:09:56","guid":{"rendered":"https:\/\/yutaimachinery.com\/?post_type=product&#038;p=5713"},"modified":"2025-10-20T18:21:50","modified_gmt":"2025-10-20T10:21:50","slug":"ceramic-decals-custom","status":"publish","type":"product","link":"https:\/\/yutaimachinery.com\/es\/product\/ceramic-decals-custom\/","title":{"rendered":"Calcoman\u00edas de cer\u00e1mica de encargo patr\u00f3n de m\u00e1rmol para la encimera del lavabo del ba\u00f1o"},"content":{"rendered":"<div class=\"wp-block-columns is-layout-flex wp-container-core-columns-is-layout-9d6595d7 wp-block-columns-is-layout-flex\">\n<div class=\"wp-block-column is-layout-flow wp-block-column-is-layout-flow\">\n<h2 class=\"wp-block-heading\">Calcoman\u00edas Cer\u00e1micas de M\u00e1rmol para Encimera Lavabo Ba\u00f1o Caracter\u00edsticas:<\/h2>\n\n\n\n<p><strong>Compatibilidad con una gran variedad de cer\u00e1micas<\/strong>: La calcoman\u00eda de cer\u00e1mica est\u00e1 especialmente dise\u00f1ada para lavabos, y es compatible con varias formas de cer\u00e1mica, como redonda y cuadrada, para que coincida con la superficie de su producto maravillosamente.<\/p>\n\n\n\n<p><strong>Variedad de texturas art\u00edsticas<\/strong>: Presenta una gama de estilos que incluye m\u00e1rmol, azul craquelado, motas doradas y arte en blanco y negro. Esta colecci\u00f3n complementar\u00e1 un estilo minimalista moderno, un estilo de lujo ligero o un estilo de hotel de alta gama.<\/p>\n\n\n\n<p><strong>Impresi\u00f3n de calcoman\u00edas de alta precisi\u00f3n<\/strong>: Combinamos papel para calcoman\u00edas de alta calidad, colores vivos y durabilidad frente al desgaste y las altas temperaturas. Como ecosistema, producimos una impresi\u00f3n clara y duradera, realzando el valor del producto de sus art\u00edculos cer\u00e1micos.<\/p>\n\n\n\n<p><strong>Personalizaci\u00f3n disponible<\/strong>: Los dise\u00f1os o logotipos personalizados y los logotipos de empresa pueden personalizarse para lograr las necesidades visuales de su marca y su competitividad en el mercado.<\/p>\n\n\n\n<p><strong>Ecol\u00f3gico y seguro<\/strong>: Cumplimos las normas medioambientales internacionales, por lo que nuestros productos no son t\u00f3xicos y su uso es seguro. Nuestros productos pueden utilizarse en cer\u00e1mica dom\u00e9stica, hoteles, ba\u00f1os de alta gama, etc.<\/p>\n<\/div>\n\n\n\n<div class=\"wp-block-column is-layout-flow wp-block-column-is-layout-flow\"><div class=\"wp-block-image\">\n<figure class=\"aligncenter size-full\"><img fetchpriority=\"high\" decoding=\"async\" width=\"320\" height=\"320\" src=\"https:\/\/yutaimachinery.com\/wp-content\/uploads\/2025\/09\/ceramic-decals-custom-4.webp\" alt=\"calcoman\u00edas cer\u00e1micas personalizadas (4)\" class=\"wp-image-5717\" title=\"\" srcset=\"https:\/\/yutaimachinery.com\/wp-content\/uploads\/2025\/09\/ceramic-decals-custom-4.webp 320w, https:\/\/yutaimachinery.com\/wp-content\/uploads\/2025\/09\/ceramic-decals-custom-4-300x300.webp 300w, https:\/\/yutaimachinery.com\/wp-content\/uploads\/2025\/09\/ceramic-decals-custom-4-150x150.webp 150w, https:\/\/yutaimachinery.com\/wp-content\/uploads\/2025\/09\/ceramic-decals-custom-4-12x12.webp 12w, https:\/\/yutaimachinery.com\/wp-content\/uploads\/2025\/09\/ceramic-decals-custom-4-285x285.webp 285w, https:\/\/yutaimachinery.com\/wp-content\/uploads\/2025\/09\/ceramic-decals-custom-4-270x270.webp 270w\" sizes=\"(max-width: 320px) 100vw, 320px\" \/><\/figure>\n<\/div><\/div>\n<\/div>","protected":false},"excerpt":{"rendered":"<p>Yutai calcoman\u00edas de cer\u00e1mica de alta calidad personalizados, adecuados para lavabos y accesorios de ba\u00f1o. \u00a1Disponible en una variedad de estilos, incluyendo m\u00e1rmol, texturas art\u00edsticas, y los acentos de oro, ofrecemos servicios de dise\u00f1o personalizado para elevar su producto! Suministro directo de f\u00e1brica, respetuoso con el medio ambiente y duradero, \u00a1p\u00f3ngase en contacto con nosotros para obtener un presupuesto!<\/p>\n<h2>Soluci\u00f3n integral de calcoman\u00edas cer\u00e1micas para sanitarios:<\/h2>\n<ul>\n<li style=\"list-style-type: none;\">\n<ul>\n<li><strong>Opciones personalizadas<\/strong>: Admite patrones de calcoman\u00edas personalizados, tama\u00f1os, colores y aplicaciones de alta temperatura.<\/li>\n<li><strong>Dise\u00f1o y soporte de aplicaciones<\/strong>: Ofrecemos asesoramiento experto sobre la selecci\u00f3n y aplicaci\u00f3n de calcoman\u00edas adaptadas a su tipo de producto y proceso de producci\u00f3n.<\/li>\n<li><strong>Calidad y asistencia t\u00e9cnica<\/strong>: Garantizan la durabilidad a altas temperaturas, patrones v\u00edvidos y un rendimiento fiable; gu\u00edan la cocci\u00f3n y el uso.<\/li>\n<li><strong>Servicio dedicado:<\/strong> Yutai, proveedor l\u00edder de maquinaria cer\u00e1mica y calcoman\u00edas, potencia su producci\u00f3n de art\u00edculos sanitarios con calcoman\u00edas de alta calidad y soluciones a medida.<\/li>\n<\/ul>\n<\/li>\n<\/ul>","protected":false},"featured_media":5714,"template":"","meta":{"_acf_changed":false},"product_brand":[],"product_cat":[59,108],"product_tag":[],"class_list":{"0":"post-5713","1":"product","2":"type-product","3":"status-publish","4":"has-post-thumbnail","6":"product_cat-ceramic-printing-machine","7":"product_cat-custom-ceramic-decals-manufacturer","9":"first","10":"instock","11":"shipping-taxable","12":"product-type-simple"},"acf":{"customization_content":"","customization_content_source":{"label":"Customization Content","type":"wysiwyg","formatted_value":""},"why_choose_us_content":"<h2 style=\"text-align: center;\">Why Choose Us as Your Ceramic Decals Supplier<\/h2>\r\n\r\n<hr \/>\r\n<p style=\"text-align: center;\">We have advanced fully automatic decals printing machines that can mass-produce high-quality decals for daily ceramics, bathroom ceramics, glass tableware, etc., suitable for different processes, and provide customized services.<\/p>","why_choose_us_content_source":{"label":"Why Choose Us Content","type":"wysiwyg","formatted_value":"<h2 style=\"text-align: center;\">Why Choose Us as Your Ceramic Decals Supplier<\/h2>\n<hr \/>\n<p style=\"text-align: center;\">We have advanced fully automatic decals printing machines that can mass-produce high-quality decals for daily ceramics, bathroom ceramics, glass tableware, etc., suitable for different processes, and provide customized services.<\/p>\n"}},"_links":{"self":[{"href":"https:\/\/yutaimachinery.com\/es\/wp-json\/wp\/v2\/product\/5713","targetHints":{"allow":["GET"]}}],"collection":[{"href":"https:\/\/yutaimachinery.com\/es\/wp-json\/wp\/v2\/product"}],"about":[{"href":"https:\/\/yutaimachinery.com\/es\/wp-json\/wp\/v2\/types\/product"}],"version-history":[{"count":0,"href":"https:\/\/yutaimachinery.com\/es\/wp-json\/wp\/v2\/product\/5713\/revisions"}],"wp:featuredmedia":[{"embeddable":true,"href":"https:\/\/yutaimachinery.com\/es\/wp-json\/wp\/v2\/media\/5714"}],"wp:attachment":[{"href":"https:\/\/yutaimachinery.com\/es\/wp-json\/wp\/v2\/media?parent=5713"}],"wp:term":[{"taxonomy":"product_brand","embeddable":true,"href":"https:\/\/yutaimachinery.com\/es\/wp-json\/wp\/v2\/product_brand?post=5713"},{"taxonomy":"product_cat","embeddable":true,"href":"https:\/\/yutaimachinery.com\/es\/wp-json\/wp\/v2\/product_cat?post=5713"},{"taxonomy":"product_tag","embeddable":true,"href":"https:\/\/yutaimachinery.com\/es\/wp-json\/wp\/v2\/product_tag?post=5713"}],"curies":[{"name":"wp","href":"https:\/\/api.w.org\/{rel}","templated":true}]}}