{"id":5697,"date":"2025-09-29T15:13:53","date_gmt":"2025-09-29T07:13:53","guid":{"rendered":"https:\/\/yutaimachinery.com\/?post_type=product&#038;p=5697"},"modified":"2025-10-20T18:21:50","modified_gmt":"2025-10-20T10:21:50","slug":"custom-ceramic-decals","status":"publish","type":"product","link":"https:\/\/yutaimachinery.com\/es\/product\/custom-ceramic-decals\/","title":{"rendered":"Calcoman\u00edas de cer\u00e1mica personalizadas con dise\u00f1o geom\u00e9trico blanco, verde, azul y rojo para sanitarios"},"content":{"rendered":"<div class=\"wp-block-columns is-layout-flex wp-container-core-columns-is-layout-9d6595d7 wp-block-columns-is-layout-flex\">\n<div class=\"wp-block-column is-layout-flow wp-block-column-is-layout-flow\">\n<h2 class=\"wp-block-heading\">Caracter\u00edsticas de las Calcoman\u00edas Cer\u00e1micas con Patr\u00f3n Geom\u00e9trico Blanco:<\/h2>\n\n\n\n<p><strong>Patrones elegantes y variados<\/strong>: Los motivos geom\u00e9tricos, radiales, de p\u00e9talos y sim\u00e9tricos ofrecen un gran atractivo visual.<\/p>\n\n\n\n<p><strong>Colores elegantes y armoniosos<\/strong>: El blanco con rojos, negros, azules y verdes dan un fuerte impacto visual y una gran decoraci\u00f3n.<\/p>\n\n\n\n<p><strong>Detalles elegantes<\/strong>: El dise\u00f1o de varios niveles, el centro que fluye hacia fuera y los bordes esculpidos indican una cuidadosa atenci\u00f3n a cada detalle.<\/p>\n\n\n\n<p>H<strong>cocci\u00f3n a alta temperatura<\/strong>: Combina perfectamente con el producto cer\u00e1mico, proporcionando durabilidad a prueba de desgaste, corrosi\u00f3n y decoloraci\u00f3n, adecuado para entornos de ba\u00f1o con humedad.<\/p>\n\n\n\n<p><strong>Ajuste seguro<\/strong>: Se deforma y se desprende, con una durabilidad sostenida y un uso a largo plazo.<\/p>\n\n\n\n<p><strong>Personalizable<\/strong>: Los motivos, colores y temas pueden ajustarse para satisfacer diversas necesidades.<\/p>\n<\/div>\n\n\n\n<div class=\"wp-block-column is-layout-flow wp-block-column-is-layout-flow\">\n<figure class=\"wp-block-image size-full\"><img fetchpriority=\"high\" decoding=\"async\" width=\"1279\" height=\"1166\" src=\"https:\/\/yutaimachinery.com\/wp-content\/uploads\/2025\/09\/custom-ceramic-decals-1.webp\" alt=\"calcoman\u00edas cer\u00e1micas personalizadas (1)\" class=\"wp-image-5698\" title=\"\" srcset=\"https:\/\/yutaimachinery.com\/wp-content\/uploads\/2025\/09\/custom-ceramic-decals-1.webp 1279w, https:\/\/yutaimachinery.com\/wp-content\/uploads\/2025\/09\/custom-ceramic-decals-1-300x273.webp 300w, https:\/\/yutaimachinery.com\/wp-content\/uploads\/2025\/09\/custom-ceramic-decals-1-768x700.webp 768w, https:\/\/yutaimachinery.com\/wp-content\/uploads\/2025\/09\/custom-ceramic-decals-1-13x12.webp 13w, https:\/\/yutaimachinery.com\/wp-content\/uploads\/2025\/09\/custom-ceramic-decals-1-396x360.webp 396w, https:\/\/yutaimachinery.com\/wp-content\/uploads\/2025\/09\/custom-ceramic-decals-1-285x260.webp 285w, https:\/\/yutaimachinery.com\/wp-content\/uploads\/2025\/09\/custom-ceramic-decals-1-660x602.webp 660w, https:\/\/yutaimachinery.com\/wp-content\/uploads\/2025\/09\/custom-ceramic-decals-1-150x137.webp 150w\" sizes=\"(max-width: 1279px) 100vw, 1279px\" \/><\/figure>\n<\/div>\n<\/div>\n\n\n\n<p><\/p>","protected":false},"excerpt":{"rendered":"<p>Las calcoman\u00edas cer\u00e1micas personalizadas con motivos geom\u00e9tricos art\u00edsticos, colores vibrantes y cocci\u00f3n a alta temperatura garantizan durabilidad y resistencia al desgaste, perfectas para lavabos de ba\u00f1o, aportando un toque art\u00edstico al espacio del ba\u00f1o. Yutai ofrece servicios personalizados. \u00a1P\u00f3ngase en contacto con nosotros para muestras r\u00e1pidas y cotizaciones!<\/p>\n<h2>Soluci\u00f3n integral de calcoman\u00edas cer\u00e1micas para sanitarios:<\/h2>\n<ul>\n<li style=\"list-style-type: none;\">\n<ul>\n<li><strong>Opciones personalizadas<\/strong>: Admite patrones de calcoman\u00edas personalizados, tama\u00f1os, colores y aplicaciones de alta temperatura.<\/li>\n<li><strong>Dise\u00f1o y soporte de aplicaciones<\/strong>: Ofrecemos asesoramiento experto sobre la selecci\u00f3n y aplicaci\u00f3n de calcoman\u00edas adaptadas a su tipo de producto y proceso de producci\u00f3n.<\/li>\n<li><strong>Calidad y asistencia t\u00e9cnica<\/strong>: Garantizan la durabilidad a altas temperaturas, patrones v\u00edvidos y un rendimiento fiable; gu\u00edan la cocci\u00f3n y el uso.<\/li>\n<li><strong>Servicio dedicado:<\/strong> Yutai, como fabricante l\u00edder de maquinaria cer\u00e1mica y calcoman\u00edas, potencia su producci\u00f3n de art\u00edculos sanitarios con calcoman\u00edas de alta calidad y soluciones a medida.<\/li>\n<\/ul>\n<\/li>\n<\/ul>","protected":false},"featured_media":5708,"template":"","meta":{"_acf_changed":false},"product_brand":[],"product_cat":[59,108],"product_tag":[],"class_list":{"0":"post-5697","1":"product","2":"type-product","3":"status-publish","4":"has-post-thumbnail","6":"product_cat-ceramic-printing-machine","7":"product_cat-custom-ceramic-decals-manufacturer","9":"first","10":"instock","11":"shipping-taxable","12":"product-type-simple"},"acf":{"customization_content":"","customization_content_source":{"label":"Customization Content","type":"wysiwyg","formatted_value":""},"why_choose_us_content":"<h2 style=\"text-align: center;\">Why Choose Us as Your Ceramic Decals Supplier<\/h2>\r\n\r\n<hr \/>\r\n<p style=\"text-align: center;\">We have advanced fully automatic decals printing machines that can mass-produce high-quality decals for daily ceramics, bathroom ceramics, glass tableware, etc., suitable for different processes, and provide customized services<\/p>","why_choose_us_content_source":{"label":"Why Choose Us Content","type":"wysiwyg","formatted_value":"<h2 style=\"text-align: center;\">Why Choose Us as Your Ceramic Decals Supplier<\/h2>\n<hr \/>\n<p style=\"text-align: center;\">We have advanced fully automatic decals printing machines that can mass-produce high-quality decals for daily ceramics, bathroom ceramics, glass tableware, etc., suitable for different processes, and provide customized services<\/p>\n"}},"_links":{"self":[{"href":"https:\/\/yutaimachinery.com\/es\/wp-json\/wp\/v2\/product\/5697","targetHints":{"allow":["GET"]}}],"collection":[{"href":"https:\/\/yutaimachinery.com\/es\/wp-json\/wp\/v2\/product"}],"about":[{"href":"https:\/\/yutaimachinery.com\/es\/wp-json\/wp\/v2\/types\/product"}],"version-history":[{"count":0,"href":"https:\/\/yutaimachinery.com\/es\/wp-json\/wp\/v2\/product\/5697\/revisions"}],"wp:featuredmedia":[{"embeddable":true,"href":"https:\/\/yutaimachinery.com\/es\/wp-json\/wp\/v2\/media\/5708"}],"wp:attachment":[{"href":"https:\/\/yutaimachinery.com\/es\/wp-json\/wp\/v2\/media?parent=5697"}],"wp:term":[{"taxonomy":"product_brand","embeddable":true,"href":"https:\/\/yutaimachinery.com\/es\/wp-json\/wp\/v2\/product_brand?post=5697"},{"taxonomy":"product_cat","embeddable":true,"href":"https:\/\/yutaimachinery.com\/es\/wp-json\/wp\/v2\/product_cat?post=5697"},{"taxonomy":"product_tag","embeddable":true,"href":"https:\/\/yutaimachinery.com\/es\/wp-json\/wp\/v2\/product_tag?post=5697"}],"curies":[{"name":"wp","href":"https:\/\/api.w.org\/{rel}","templated":true}]}}