{"id":5391,"date":"2025-09-09T18:32:55","date_gmt":"2025-09-09T10:32:55","guid":{"rendered":"https:\/\/yutaimachinery.com\/?post_type=product&#038;p=5391"},"modified":"2026-01-15T09:29:30","modified_gmt":"2026-01-15T01:29:30","slug":"ceramic-insulator-machine","status":"publish","type":"product","link":"https:\/\/yutaimachinery.com\/es\/product\/ceramic-insulator-machine\/","title":{"rendered":"M\u00e1quina formadora de aislantes cer\u00e1micos, Equipos de fabricaci\u00f3n de aislantes el\u00e9ctricos de porcelana"},"content":{"rendered":"<div class=\"wp-block-columns is-layout-flex wp-container-core-columns-is-layout-9d6595d7 wp-block-columns-is-layout-flex\">\n<div class=\"wp-block-column is-layout-flow wp-block-column-is-layout-flow\">\n<h2 class=\"wp-block-heading\">M\u00e1quina aisladora de cer\u00e1mica Caracter\u00edsticas:<\/h2>\n\n\n\n<p><strong>Moldeado de alta precisi\u00f3n:<\/strong> Garantiza la forma y el tama\u00f1o uniformes de los aislantes cer\u00e1micos y un rendimiento el\u00e9ctrico fiable.<\/p>\n\n\n\n<p><strong>Sistema de control automatizado: <\/strong>Reduce el trabajo manual, mejora la eficacia y garantiza una producci\u00f3n estable.<\/p>\n\n\n\n<p><strong>Construcci\u00f3n duradera:<\/strong> Construida con materiales de alta resistencia, resiste el funcionamiento continuo y los entornos de producci\u00f3n m\u00e1s exigentes.<\/p>\n\n\n\n<p><strong>Dise\u00f1o flexible: <\/strong>Adecuado para producir varios tipos y tama\u00f1os de aisladores cer\u00e1micos utilizados en transformadores y sistemas de distribuci\u00f3n de energ\u00eda.<\/p>\n\n\n\n<p><strong>F\u00e1cil mantenimiento: <\/strong>El dise\u00f1o de f\u00e1cil manejo permite un ajuste, limpieza y reparaci\u00f3n r\u00e1pidos.<\/p>\n<\/div>\n\n\n\n<div class=\"wp-block-column is-vertically-aligned-top is-layout-flow wp-block-column-is-layout-flow\">\n<figure class=\"wp-block-embed is-type-video is-provider-youtube wp-block-embed-youtube wp-embed-aspect-16-9 wp-has-aspect-ratio\"><div class=\"wp-block-embed__wrapper\">\n<iframe title=\"M\u00e1quina para fabricar aislantes cer\u00e1micos #machine\" width=\"940\" height=\"529\" src=\"https:\/\/www.youtube.com\/embed\/d3dZH9CaWgQ?feature=oembed\" frameborder=\"0\" allow=\"accelerometer; autoplay; clipboard-write; encrypted-media; gyroscope; picture-in-picture; web-share\" referrerpolicy=\"strict-origin-when-cross-origin\" allowfullscreen><\/iframe>\n<\/div><\/figure>\n<\/div>\n<\/div>\n\n\n\n<div class=\"wp-block-columns is-layout-flex wp-container-core-columns-is-layout-9d6595d7 wp-block-columns-is-layout-flex\">\n<div class=\"wp-block-column is-layout-flow wp-block-column-is-layout-flow\">\n<figure class=\"wp-block-image size-full\"><img fetchpriority=\"high\" decoding=\"async\" width=\"800\" height=\"800\" src=\"https:\/\/yutaimachinery.com\/wp-content\/uploads\/2025\/09\/ceramic-insulator-machine-2.webp\" alt=\"m\u00e1quina de aislantes cer\u00e1micos\" class=\"wp-image-5394\" title=\"\" srcset=\"https:\/\/yutaimachinery.com\/wp-content\/uploads\/2025\/09\/ceramic-insulator-machine-2.webp 800w, https:\/\/yutaimachinery.com\/wp-content\/uploads\/2025\/09\/ceramic-insulator-machine-2-300x300.webp 300w, https:\/\/yutaimachinery.com\/wp-content\/uploads\/2025\/09\/ceramic-insulator-machine-2-150x150.webp 150w, https:\/\/yutaimachinery.com\/wp-content\/uploads\/2025\/09\/ceramic-insulator-machine-2-768x768.webp 768w, https:\/\/yutaimachinery.com\/wp-content\/uploads\/2025\/09\/ceramic-insulator-machine-2-12x12.webp 12w, https:\/\/yutaimachinery.com\/wp-content\/uploads\/2025\/09\/ceramic-insulator-machine-2-285x285.webp 285w, https:\/\/yutaimachinery.com\/wp-content\/uploads\/2025\/09\/ceramic-insulator-machine-2-270x270.webp 270w, https:\/\/yutaimachinery.com\/wp-content\/uploads\/2025\/09\/ceramic-insulator-machine-2-540x540.webp 540w, https:\/\/yutaimachinery.com\/wp-content\/uploads\/2025\/09\/ceramic-insulator-machine-2-660x660.webp 660w\" sizes=\"(max-width: 800px) 100vw, 800px\" \/><\/figure>\n<\/div>\n\n\n\n<div class=\"wp-block-column is-layout-flow wp-block-column-is-layout-flow\">\n<figure class=\"wp-block-image size-full\"><img decoding=\"async\" width=\"800\" height=\"800\" src=\"https:\/\/yutaimachinery.com\/wp-content\/uploads\/2025\/09\/electrical-insulator-machine-2.webp\" alt=\"m\u00e1quina aisladora el\u00e9ctrica\" class=\"wp-image-5398\" style=\"aspect-ratio:1;object-fit:cover\" title=\"\" srcset=\"https:\/\/yutaimachinery.com\/wp-content\/uploads\/2025\/09\/electrical-insulator-machine-2.webp 800w, https:\/\/yutaimachinery.com\/wp-content\/uploads\/2025\/09\/electrical-insulator-machine-2-300x300.webp 300w, https:\/\/yutaimachinery.com\/wp-content\/uploads\/2025\/09\/electrical-insulator-machine-2-150x150.webp 150w, https:\/\/yutaimachinery.com\/wp-content\/uploads\/2025\/09\/electrical-insulator-machine-2-768x768.webp 768w, https:\/\/yutaimachinery.com\/wp-content\/uploads\/2025\/09\/electrical-insulator-machine-2-12x12.webp 12w, https:\/\/yutaimachinery.com\/wp-content\/uploads\/2025\/09\/electrical-insulator-machine-2-285x285.webp 285w, https:\/\/yutaimachinery.com\/wp-content\/uploads\/2025\/09\/electrical-insulator-machine-2-270x270.webp 270w, https:\/\/yutaimachinery.com\/wp-content\/uploads\/2025\/09\/electrical-insulator-machine-2-540x540.webp 540w, https:\/\/yutaimachinery.com\/wp-content\/uploads\/2025\/09\/electrical-insulator-machine-2-660x660.webp 660w\" sizes=\"(max-width: 800px) 100vw, 800px\" \/><\/figure>\n<\/div>\n<\/div>\n\n\n\n<div class=\"wp-block-columns is-layout-flex wp-container-core-columns-is-layout-9d6595d7 wp-block-columns-is-layout-flex\">\n<div class=\"wp-block-column is-layout-flow wp-block-column-is-layout-flow\">\n<figure class=\"wp-block-image size-full\"><img decoding=\"async\" width=\"511\" height=\"511\" src=\"https:\/\/yutaimachinery.com\/wp-content\/uploads\/2025\/09\/porcelain-insulator-production-machine-1.webp\" alt=\"m\u00e1quina de producci\u00f3n de aislantes de porcelana\" class=\"wp-image-5401\" style=\"aspect-ratio:1;object-fit:cover\" title=\"\" srcset=\"https:\/\/yutaimachinery.com\/wp-content\/uploads\/2025\/09\/porcelain-insulator-production-machine-1.webp 511w, https:\/\/yutaimachinery.com\/wp-content\/uploads\/2025\/09\/porcelain-insulator-production-machine-1-300x300.webp 300w, https:\/\/yutaimachinery.com\/wp-content\/uploads\/2025\/09\/porcelain-insulator-production-machine-1-150x150.webp 150w, https:\/\/yutaimachinery.com\/wp-content\/uploads\/2025\/09\/porcelain-insulator-production-machine-1-12x12.webp 12w, https:\/\/yutaimachinery.com\/wp-content\/uploads\/2025\/09\/porcelain-insulator-production-machine-1-285x285.webp 285w, https:\/\/yutaimachinery.com\/wp-content\/uploads\/2025\/09\/porcelain-insulator-production-machine-1-270x270.webp 270w\" sizes=\"(max-width: 511px) 100vw, 511px\" \/><\/figure>\n<\/div>\n\n\n\n<div class=\"wp-block-column is-layout-flow wp-block-column-is-layout-flow\">\n<figure class=\"wp-block-image size-full\"><img loading=\"lazy\" decoding=\"async\" width=\"668\" height=\"668\" src=\"https:\/\/yutaimachinery.com\/wp-content\/uploads\/2025\/09\/ceramic-insulator-forming-machine-3.webp\" alt=\"m\u00e1quina formadora de aislantes cer\u00e1micos\" class=\"wp-image-5406\" title=\"\" srcset=\"https:\/\/yutaimachinery.com\/wp-content\/uploads\/2025\/09\/ceramic-insulator-forming-machine-3.webp 668w, https:\/\/yutaimachinery.com\/wp-content\/uploads\/2025\/09\/ceramic-insulator-forming-machine-3-300x300.webp 300w, https:\/\/yutaimachinery.com\/wp-content\/uploads\/2025\/09\/ceramic-insulator-forming-machine-3-150x150.webp 150w, https:\/\/yutaimachinery.com\/wp-content\/uploads\/2025\/09\/ceramic-insulator-forming-machine-3-12x12.webp 12w, https:\/\/yutaimachinery.com\/wp-content\/uploads\/2025\/09\/ceramic-insulator-forming-machine-3-285x285.webp 285w, https:\/\/yutaimachinery.com\/wp-content\/uploads\/2025\/09\/ceramic-insulator-forming-machine-3-270x270.webp 270w, https:\/\/yutaimachinery.com\/wp-content\/uploads\/2025\/09\/ceramic-insulator-forming-machine-3-540x540.webp 540w, https:\/\/yutaimachinery.com\/wp-content\/uploads\/2025\/09\/ceramic-insulator-forming-machine-3-660x660.webp 660w\" sizes=\"(max-width: 668px) 100vw, 668px\" \/><\/figure>\n<\/div>\n<\/div>\n\n\n\n<p><\/p>","protected":false},"excerpt":{"rendered":"<p>La m\u00e1quina formadora de aislantes cer\u00e1micos est\u00e1 dise\u00f1ada para producir aislantes cer\u00e1micos de alta calidad utilizados en sistemas de energ\u00eda, especialmente para transformadores y aplicaciones de alta tensi\u00f3n. Con una avanzada tecnolog\u00eda de conformado, un funcionamiento estable y un control preciso, esta m\u00e1quina garantiza unas dimensiones uniformes del producto, una alta resistencia mec\u00e1nica y un excelente rendimiento del aislamiento el\u00e9ctrico. P\u00f3ngase en contacto con nosotros para obtener un presupuesto y asistencia t\u00e9cnica.<\/p>\n<h2>Soluci\u00f3n integral para m\u00e1quinas de aisladores cer\u00e1micos:<\/h2>\n<ol>\n<li><strong>Personalizaci\u00f3n del equipo:<\/strong> Dise\u00f1o de m\u00e1quinas a medida basado en el tipo de aislante, las dimensiones, la clase de tensi\u00f3n y la capacidad de producci\u00f3n.<\/li>\n<li><strong>Dise\u00f1o de moldes y asistencia en herramientas:<\/strong> Desarrollo de moldes de precisi\u00f3n para aisladores de poste tipo pin, bujes y dise\u00f1os especiales de aisladores.<\/li>\n<li><strong>Instalaci\u00f3n y puesta en marcha:<\/strong> Soporte t\u00e9cnico in situ o remoto para garantizar un funcionamiento estable y preciso de la m\u00e1quina.<\/li>\n<li><strong>Formaci\u00f3n de operadores y orientaci\u00f3n t\u00e9cnica:<\/strong> Programas de formaci\u00f3n que abarcan normas de funcionamiento, mantenimiento y control de calidad.<\/li>\n<li><strong>Servicio posventa y suministro de repuestos:<\/strong> Asistencia t\u00e9cnica de respuesta r\u00e1pida, mantenimiento preventivo y disponibilidad fiable de piezas de repuesto.<\/li>\n<li><strong>Soluciones para la mejora de la consistencia de la calidad y el rendimiento:<\/strong> Apoyo para reducir defectos, mejorar la precisi\u00f3n dimensional y aumentar la fiabilidad del producto a largo plazo.<\/li>\n<\/ol>","protected":false},"featured_media":6266,"template":"","meta":{"_acf_changed":false},"product_brand":[],"product_cat":[55],"product_tag":[],"class_list":{"0":"post-5391","1":"product","2":"type-product","3":"status-publish","4":"has-post-thumbnail","6":"product_cat-ceramic-forming-machine","8":"first","9":"instock","10":"shipping-taxable","11":"product-type-simple"},"acf":{"customization_content":"","customization_content_source":{"label":"Customization Content","type":"wysiwyg","formatted_value":""},"why_choose_us_content":"<h2 style=\"text-align: center;\">Why Choose Us as Your Ceramic Insulator Machine Supplier<\/h2>\r\n\r\n<hr \/>\r\n<p style=\"text-align: center;\">Yutai is a ceramic machine manufacturer that maintains strict quality standards and excellent service. Revolutionize your manufacturing processes with cutting-edge automation technology that streamlines forming and enhances efficiency.<\/p>","why_choose_us_content_source":{"label":"Why Choose Us Content","type":"wysiwyg","formatted_value":"<h2 style=\"text-align: center;\">Why Choose Us as Your Ceramic Insulator Machine Supplier<\/h2>\n<hr \/>\n<p style=\"text-align: center;\">Yutai is a ceramic machine manufacturer that maintains strict quality standards and excellent service. Revolutionize your manufacturing processes with cutting-edge automation technology that streamlines forming and enhances efficiency.<\/p>\n"}},"_links":{"self":[{"href":"https:\/\/yutaimachinery.com\/es\/wp-json\/wp\/v2\/product\/5391","targetHints":{"allow":["GET"]}}],"collection":[{"href":"https:\/\/yutaimachinery.com\/es\/wp-json\/wp\/v2\/product"}],"about":[{"href":"https:\/\/yutaimachinery.com\/es\/wp-json\/wp\/v2\/types\/product"}],"version-history":[{"count":0,"href":"https:\/\/yutaimachinery.com\/es\/wp-json\/wp\/v2\/product\/5391\/revisions"}],"wp:featuredmedia":[{"embeddable":true,"href":"https:\/\/yutaimachinery.com\/es\/wp-json\/wp\/v2\/media\/6266"}],"wp:attachment":[{"href":"https:\/\/yutaimachinery.com\/es\/wp-json\/wp\/v2\/media?parent=5391"}],"wp:term":[{"taxonomy":"product_brand","embeddable":true,"href":"https:\/\/yutaimachinery.com\/es\/wp-json\/wp\/v2\/product_brand?post=5391"},{"taxonomy":"product_cat","embeddable":true,"href":"https:\/\/yutaimachinery.com\/es\/wp-json\/wp\/v2\/product_cat?post=5391"},{"taxonomy":"product_tag","embeddable":true,"href":"https:\/\/yutaimachinery.com\/es\/wp-json\/wp\/v2\/product_tag?post=5391"}],"curies":[{"name":"wp","href":"https:\/\/api.w.org\/{rel}","templated":true}]}}