{"id":5374,"date":"2025-09-03T18:48:21","date_gmt":"2025-09-03T10:48:21","guid":{"rendered":"https:\/\/yutaimachinery.com\/?post_type=product&#038;p=5374"},"modified":"2025-12-14T14:55:10","modified_gmt":"2025-12-14T06:55:10","slug":"slip-casting-machine-for-sanitary-ware","status":"publish","type":"product","link":"https:\/\/yutaimachinery.com\/es\/product\/slip-casting-machine-for-sanitary-ware\/","title":{"rendered":"M\u00e1quina de moldeo por colada para la fabricaci\u00f3n de art\u00edculos sanitarios, inodoros de cer\u00e1mica y lavabos."},"content":{"rendered":"<div class=\"wp-block-columns is-layout-flex wp-container-core-columns-is-layout-9d6595d7 wp-block-columns-is-layout-flex\">\n<div class=\"wp-block-column is-layout-flow wp-block-column-is-layout-flow\">\n<h2 class=\"wp-block-heading\">Caracter\u00edsticas de la m\u00e1quina de fundici\u00f3n de barbotina para loza sanitaria<\/h2>\n\n\n\n<p><strong>Proceso de fundici\u00f3n totalmente automatizado: <\/strong>Integra la inyecci\u00f3n de lechada, la descarga, la consolidaci\u00f3n por micropresi\u00f3n y la elevaci\u00f3n del molde. El control el\u00e9ctrico mediante PLC y un sistema hidr\u00e1ulico de elevaci\u00f3n por eslinga permiten ajustar con precisi\u00f3n los par\u00e1metros, lo que garantiza la apertura y el cierre suaves del molde y minimiza la intervenci\u00f3n manual.<\/p>\n\n\n\n<p><strong>Tecnolog\u00eda de moldes sin costuras<\/strong>: El colado a 360\u00b0 y la distribuci\u00f3n uniforme de la presi\u00f3n garantizan piezas sin burbujas ni deformaciones. Esto elimina los defectos causados por las costuras del molde, mejorando el acabado superficial y la integridad estructural.<\/p>\n\n\n\n<p><strong>Longitud ajustable del banco de trabajo (18-30 metros):<\/strong> Se adapta a distintos dise\u00f1os de f\u00e1brica y escalas de producci\u00f3n.<\/p>\n\n\n\n<p><strong>Aplicaciones ideales:<\/strong> Inodoros de una pieza (borde y taza vaciados por separado), Lavabos y lavamanos de cer\u00e1mica, Cubetas y platos de ducha, Aparatos sanitarios de cer\u00e1mica art\u00edstica<\/p>\n\n\n\n<p><strong>Bajos costes de mantenimiento y mano de obra:<\/strong> Los materiales duraderos y el sistema hidr\u00e1ulico y neum\u00e1tico reducen el desgaste, prolongan la vida \u00fatil del equipo y minimizan el uso de mano de obra.<\/p>\n\n\n\n<p><strong>Personalizaci\u00f3n y escalabilidad: <\/strong>Cada banco de trabajo admite entre 25 y 30 moldes de trabajo, adapt\u00e1ndose a diversos dise\u00f1os de productos.<\/p>\n<\/div>\n\n\n\n<div class=\"wp-block-column is-vertically-aligned-top is-layout-flow wp-block-column-is-layout-flow\">\n<figure class=\"wp-block-embed is-type-video is-provider-youtube wp-block-embed-youtube wp-embed-aspect-16-9 wp-has-aspect-ratio\"><div class=\"wp-block-embed__wrapper\">\n<iframe title=\"C\u00f3mo hacer tolilet\" width=\"940\" height=\"529\" src=\"https:\/\/www.youtube.com\/embed\/VXMTyHb0gmA?feature=oembed\" frameborder=\"0\" allow=\"accelerometer; autoplay; clipboard-write; encrypted-media; gyroscope; picture-in-picture; web-share\" referrerpolicy=\"strict-origin-when-cross-origin\" allowfullscreen><\/iframe>\n<\/div><\/figure>\n<\/div>\n<\/div>","protected":false},"excerpt":{"rendered":"<p>La m\u00e1quina de colada por deslizamiento (colada a baja presi\u00f3n sin costuras) es una soluci\u00f3n de vanguardia dise\u00f1ada para fabricar inodoros de una pieza, lavabos de cer\u00e1mica y otros art\u00edculos sanitarios. Gracias a la tecnolog\u00eda de moldes sin costura y a los sistemas hidr\u00e1ulicos de elevaci\u00f3n por eslinga, esta m\u00e1quina garantiza una fundici\u00f3n de alta precisi\u00f3n, una reducci\u00f3n de la mano de obra y una calidad superior del producto. P\u00f3ngase en contacto con nosotros para obtener un presupuesto y asistencia t\u00e9cnica.<\/p>\n<h2>Soluci\u00f3n integral para m\u00e1quinas de moldeo por colada de art\u00edculos sanitarios:<\/h2>\n<ol>\n<li><strong>Soluciones llave en mano para l\u00edneas de fundici\u00f3n de art\u00edculos sanitarios:<\/strong> Asistencia completa desde la selecci\u00f3n de equipos y la planificaci\u00f3n del dise\u00f1o de la l\u00ednea hasta la integraci\u00f3n completa de la l\u00ednea de producci\u00f3n.<\/li>\n<li><strong>Personalizaci\u00f3n del equipo:<\/strong> Configuraciones de m\u00e1quinas adaptadas a diferentes productos sanitarios, como inodoros, lavabos, pedestales y urinarios, en funci\u00f3n del tama\u00f1o, la forma y la capacidad de producci\u00f3n.<\/li>\n<li><strong>Dise\u00f1o de moldes y asistencia en herramientas:<\/strong> Desarrollo de moldes de precisi\u00f3n para estructuras huecas complejas y productos sanitarios de gran tama\u00f1o.<\/li>\n<li><strong>Instalaci\u00f3n y puesta en marcha:<\/strong> Asistencia t\u00e9cnica in situ o remota para garantizar un funcionamiento estable y resultados de fundici\u00f3n precisos.<\/li>\n<li><strong>Formaci\u00f3n de operadores y asistencia t\u00e9cnica:<\/strong> Formaci\u00f3n integral que abarca el funcionamiento de la m\u00e1quina, el mantenimiento y el control de calidad.<\/li>\n<li><strong>Servicio posventa y suministro de repuestos:<\/strong> Servicio t\u00e9cnico de respuesta r\u00e1pida, programas de mantenimiento preventivo y disponibilidad fiable de piezas de repuesto.<\/li>\n<li><strong>Mejora de la calidad y optimizaci\u00f3n del rendimiento:<\/strong> Soluciones para reducir defectos, mejorar la consistencia de la fundici\u00f3n y aumentar la eficiencia de la producci\u00f3n.<\/li>\n<\/ol>","protected":false},"featured_media":5375,"template":"","meta":{"_acf_changed":false},"product_brand":[],"product_cat":[55],"product_tag":[],"class_list":{"0":"post-5374","1":"product","2":"type-product","3":"status-publish","4":"has-post-thumbnail","6":"product_cat-ceramic-forming-machine","8":"first","9":"instock","10":"shipping-taxable","11":"product-type-simple"},"acf":{"customization_content":"","customization_content_source":{"label":"Customization Content","type":"wysiwyg","formatted_value":""},"why_choose_us_content":"<h2 style=\"text-align: center;\">Why Choose Us as Your Ceramic Sanitary Ware Machine Supplier<\/h2>\r\n\r\n<hr \/>\r\n<p style=\"text-align: center;\">Yutai is a ceramic machine manufacturer, maintains strict quality standards and excellent service. Revolutionize your manufacturing processes with cutting-edge automation technology that streamlines forming and enhances efficiency.<\/p>","why_choose_us_content_source":{"label":"Why Choose Us Content","type":"wysiwyg","formatted_value":"<h2 style=\"text-align: center;\">Why Choose Us as Your Ceramic Sanitary Ware Machine Supplier<\/h2>\n<hr \/>\n<p style=\"text-align: center;\">Yutai is a ceramic machine manufacturer, maintains strict quality standards and excellent service. Revolutionize your manufacturing processes with cutting-edge automation technology that streamlines forming and enhances efficiency.<\/p>\n"}},"_links":{"self":[{"href":"https:\/\/yutaimachinery.com\/es\/wp-json\/wp\/v2\/product\/5374","targetHints":{"allow":["GET"]}}],"collection":[{"href":"https:\/\/yutaimachinery.com\/es\/wp-json\/wp\/v2\/product"}],"about":[{"href":"https:\/\/yutaimachinery.com\/es\/wp-json\/wp\/v2\/types\/product"}],"version-history":[{"count":0,"href":"https:\/\/yutaimachinery.com\/es\/wp-json\/wp\/v2\/product\/5374\/revisions"}],"wp:featuredmedia":[{"embeddable":true,"href":"https:\/\/yutaimachinery.com\/es\/wp-json\/wp\/v2\/media\/5375"}],"wp:attachment":[{"href":"https:\/\/yutaimachinery.com\/es\/wp-json\/wp\/v2\/media?parent=5374"}],"wp:term":[{"taxonomy":"product_brand","embeddable":true,"href":"https:\/\/yutaimachinery.com\/es\/wp-json\/wp\/v2\/product_brand?post=5374"},{"taxonomy":"product_cat","embeddable":true,"href":"https:\/\/yutaimachinery.com\/es\/wp-json\/wp\/v2\/product_cat?post=5374"},{"taxonomy":"product_tag","embeddable":true,"href":"https:\/\/yutaimachinery.com\/es\/wp-json\/wp\/v2\/product_tag?post=5374"}],"curies":[{"name":"wp","href":"https:\/\/api.w.org\/{rel}","templated":true}]}}