{"id":5353,"date":"2025-09-03T15:21:36","date_gmt":"2025-09-03T07:21:36","guid":{"rendered":"https:\/\/yutaimachinery.com\/?post_type=product&#038;p=5353"},"modified":"2025-12-14T14:54:57","modified_gmt":"2025-12-14T06:54:57","slug":"sanitary-ware-casting-machine","status":"publish","type":"product","link":"https:\/\/yutaimachinery.com\/es\/product\/sanitary-ware-casting-machine\/","title":{"rendered":"M\u00e1quina de fundici\u00f3n de alta presi\u00f3n para art\u00edculos sanitarios, lavabo cer\u00e1mico y m\u00e1quinas formadoras de inodoros."},"content":{"rendered":"<div class=\"wp-block-columns is-layout-flex wp-container-core-columns-is-layout-9d6595d7 wp-block-columns-is-layout-flex\">\n<div class=\"wp-block-column is-layout-flow wp-block-column-is-layout-flow\">\n<h2 class=\"wp-block-heading\">Par\u00e1metros de la m\u00e1quina de fundici\u00f3n de art\u00edculos sanitarios<\/h2>\n\n\n\n<figure class=\"wp-block-table\"><table class=\"has-fixed-layout\"><tbody><tr><td><strong>Modelo<\/strong><\/td><td>YT-GYJ<\/td><\/tr><tr><td><strong>Capacidad<\/strong><\/td><td>20-30 piezas\/hora<\/td><\/tr><tr><td><strong>Potencia total<\/strong><\/td><td>15 kW<\/td><\/tr><tr><td><strong>Dimensiones (An\u00d7L\u00d7Al)<\/strong><\/td><td>200 cm \u00d7 2000 cm \u00d7 280 cm<\/td><\/tr><tr><td><strong>Peso<\/strong><\/td><td>5.200 kg<\/td><\/tr><tr><td><strong>Capacidad del molde<\/strong><\/td><td>12 series<\/td><\/tr><tr><td><strong>Tecnolog\u00eda<\/strong><\/td><td>Sistemas hidr\u00e1ulicos y de vac\u00edo<\/td><\/tr><tr><td><strong>Aplicaci\u00f3n<\/strong><\/td><td>Inodoros, lavabos, platos de ducha, orinales<\/td><\/tr><\/tbody><\/table><\/figure>\n<\/div>\n\n\n\n<div class=\"wp-block-column is-vertically-aligned-top is-layout-flow wp-block-column-is-layout-flow\">\n<figure class=\"wp-block-embed is-type-video is-provider-youtube wp-block-embed-youtube wp-embed-aspect-16-9 wp-has-aspect-ratio\"><div class=\"wp-block-embed__wrapper\">\n<iframe title=\"C\u00f3mo fabricar un lavabo y un inodoro de cer\u00e1mica.\" width=\"940\" height=\"529\" src=\"https:\/\/www.youtube.com\/embed\/X1ke45U0zTk?feature=oembed\" frameborder=\"0\" allow=\"accelerometer; autoplay; clipboard-write; encrypted-media; gyroscope; picture-in-picture; web-share\" referrerpolicy=\"strict-origin-when-cross-origin\" allowfullscreen><\/iframe>\n<\/div><\/figure>\n<\/div>\n<\/div>\n\n\n\n<div class=\"wp-block-columns is-layout-flex wp-container-core-columns-is-layout-9d6595d7 wp-block-columns-is-layout-flex\">\n<div class=\"wp-block-column is-layout-flow wp-block-column-is-layout-flow\"><div class=\"wp-block-image\">\n<figure class=\"aligncenter size-full\"><img fetchpriority=\"high\" decoding=\"async\" width=\"720\" height=\"720\" src=\"https:\/\/yutaimachinery.com\/wp-content\/uploads\/2025\/09\/High-pressure-Sanitary-Ware-Casting-Machine-5.webp\" alt=\"M\u00e1quina de fundici\u00f3n de alta presi\u00f3n para loza sanitaria\" class=\"wp-image-5363\" title=\"\" srcset=\"https:\/\/yutaimachinery.com\/wp-content\/uploads\/2025\/09\/High-pressure-Sanitary-Ware-Casting-Machine-5.webp 720w, https:\/\/yutaimachinery.com\/wp-content\/uploads\/2025\/09\/High-pressure-Sanitary-Ware-Casting-Machine-5-300x300.webp 300w, https:\/\/yutaimachinery.com\/wp-content\/uploads\/2025\/09\/High-pressure-Sanitary-Ware-Casting-Machine-5-150x150.webp 150w, https:\/\/yutaimachinery.com\/wp-content\/uploads\/2025\/09\/High-pressure-Sanitary-Ware-Casting-Machine-5-12x12.webp 12w, https:\/\/yutaimachinery.com\/wp-content\/uploads\/2025\/09\/High-pressure-Sanitary-Ware-Casting-Machine-5-285x285.webp 285w, https:\/\/yutaimachinery.com\/wp-content\/uploads\/2025\/09\/High-pressure-Sanitary-Ware-Casting-Machine-5-270x270.webp 270w, https:\/\/yutaimachinery.com\/wp-content\/uploads\/2025\/09\/High-pressure-Sanitary-Ware-Casting-Machine-5-540x540.webp 540w, https:\/\/yutaimachinery.com\/wp-content\/uploads\/2025\/09\/High-pressure-Sanitary-Ware-Casting-Machine-5-660x660.webp 660w\" sizes=\"(max-width: 720px) 100vw, 720px\" \/><\/figure>\n<\/div><\/div>\n\n\n\n<div class=\"wp-block-column is-layout-flow wp-block-column-is-layout-flow\">\n<h2 class=\"wp-block-heading\">Caracter\u00edsticas de la m\u00e1quina de fundici\u00f3n de alta presi\u00f3n para loza sanitaria<\/h2>\n\n\n\n<p><strong>Proceso de fundici\u00f3n totalmente autom\u00e1tico:<\/strong> Nuestra m\u00e1quina de fundici\u00f3n de alta presi\u00f3n para art\u00edculos sanitarios integra sistemas de agua, electricidad y aire comprimido para automatizar todo el proceso de fundici\u00f3n, desde la alimentaci\u00f3n del material hasta el llenado del molde, garantizando una calidad constante y reduciendo la intervenci\u00f3n manual.<\/p>\n\n\n\n<p><strong>Calidad superior del producto:<\/strong> La avanzada tecnolog\u00eda de alta presi\u00f3n elimina eficazmente las burbujas superficiales, lo que se traduce en un acabado m\u00e1s liso y est\u00e9ticamente m\u00e1s agradable. La presi\u00f3n y el flujo de fundici\u00f3n controlados con precisi\u00f3n aseguran una distribuci\u00f3n uniforme del material, evitan la deformaci\u00f3n del producto y garantizan la precisi\u00f3n dimensional.<\/p>\n\n\n\n<p><strong>Amplia aplicaci\u00f3n: <\/strong>Adecuado para el colado de una amplia gama de productos cer\u00e1micos sanitarios, incluidos inodoros (murales y de pie), lavabos de encimera y bajo encimera, lavabos, tapas de cubeta y platos de ducha.<\/p>\n\n\n\n<p><strong>Alta capacidad de producci\u00f3n:<\/strong> 20-30 piezas por hora satisfacen las necesidades de las instalaciones de producci\u00f3n medianas y grandes. El funcionamiento automatizado continuo garantiza un tiempo de inactividad m\u00ednimo y el m\u00e1ximo rendimiento.<\/p>\n\n\n\n<p><strong>Eficiencia energ\u00e9tica:<\/strong> Esta m\u00e1quina ofrece un rendimiento superior y un menor consumo de energ\u00eda. Su consumo total de 15 kW es relativamente bajo en comparaci\u00f3n con m\u00e1quinas similares del mercado, lo que supone un importante ahorro de energ\u00eda a largo plazo.<\/p>\n\n\n\n<p><strong>Construcci\u00f3n compacta y duradera:<\/strong> Adecuada para diversas distribuciones de f\u00e1brica. Admite hasta 12 juegos de moldes, lo que permite una programaci\u00f3n flexible de la producci\u00f3n y cambios r\u00e1pidos entre distintos modelos de productos.<\/p>\n\n\n\n<p><strong>Interfaz f\u00e1cil de usar: <\/strong>La m\u00e1quina cuenta con un panel de control intuitivo y funciones f\u00e1ciles de usar, lo que permite a los operarios supervisar y ajustar el proceso de inyecci\u00f3n con una formaci\u00f3n m\u00ednima.<\/p>\n\n\n\n<p><strong>Asistencia t\u00e9cnica fiable:<\/strong> Ofrecemos un completo servicio posventa, que incluye la instalaci\u00f3n, la formaci\u00f3n, el mantenimiento y el suministro de piezas de repuesto. Nuestro equipo t\u00e9cnico profesional est\u00e1 siempre dispuesto a ayudarle a garantizar el buen funcionamiento de la m\u00e1quina y a maximizar su vida \u00fatil.<\/p>\n<\/div>\n<\/div>","protected":false},"excerpt":{"rendered":"<p>La m\u00e1quina de colado de cer\u00e1mica sanitaria de alta presi\u00f3n es una soluci\u00f3n avanzada y totalmente automatizada para la producci\u00f3n de cer\u00e1mica sanitaria (inodoros, lavabos, platos de ducha). Con tecnolog\u00eda hidr\u00e1ulica y de vac\u00edo, garantiza superficies sin burbujas, evita la deformaci\u00f3n y aumenta la eficiencia con una producci\u00f3n de 20-30 piezas\/hora y admite 12 moldes. Es ideal para fabricantes de mediana y gran escala que buscan precisi\u00f3n y ahorro de costes.<\/p>\n<h2>Soluci\u00f3n integral de m\u00e1quinas de fundici\u00f3n de loza sanitaria:<\/h2>\n<ol>\n<li><strong>Soluciones llave en mano para l\u00edneas de fundici\u00f3n de art\u00edculos sanitarios:<\/strong> Asistencia completa desde la selecci\u00f3n de equipos y la planificaci\u00f3n del dise\u00f1o de la l\u00ednea hasta la integraci\u00f3n completa de la l\u00ednea de producci\u00f3n.<\/li>\n<li><strong>Personalizaci\u00f3n del equipo:<\/strong> Configuraciones de m\u00e1quinas adaptadas a diferentes productos sanitarios, como inodoros, lavabos, pedestales y urinarios, en funci\u00f3n del tama\u00f1o, la forma y la capacidad de producci\u00f3n.<\/li>\n<li><strong>Dise\u00f1o de moldes y asistencia en herramientas:<\/strong> Desarrollo de moldes de precisi\u00f3n para estructuras huecas complejas y productos sanitarios de gran tama\u00f1o.<\/li>\n<li><strong>Instalaci\u00f3n y puesta en marcha:<\/strong> Asistencia t\u00e9cnica in situ o remota para garantizar un funcionamiento estable y resultados de fundici\u00f3n precisos.<\/li>\n<li><strong>Formaci\u00f3n de operadores y asistencia t\u00e9cnica:<\/strong> Formaci\u00f3n integral que abarca el funcionamiento de la m\u00e1quina, el mantenimiento y el control de calidad.<\/li>\n<li><strong>Servicio posventa y suministro de repuestos:<\/strong> Servicio t\u00e9cnico de respuesta r\u00e1pida, programas de mantenimiento preventivo y disponibilidad fiable de piezas de repuesto.<\/li>\n<li><strong>Mejora de la calidad y optimizaci\u00f3n del rendimiento:<\/strong> Soluciones para reducir defectos, mejorar la consistencia de la fundici\u00f3n y aumentar la eficiencia de la producci\u00f3n.<\/li>\n<\/ol>","protected":false},"featured_media":5358,"template":"","meta":{"_acf_changed":false},"product_brand":[],"product_cat":[55],"product_tag":[],"class_list":{"0":"post-5353","1":"product","2":"type-product","3":"status-publish","4":"has-post-thumbnail","6":"product_cat-ceramic-forming-machine","8":"first","9":"instock","10":"shipping-taxable","11":"product-type-simple"},"acf":{"customization_content":"","customization_content_source":{"label":"Customization Content","type":"wysiwyg","formatted_value":""},"why_choose_us_content":"<h2 style=\"text-align: center;\">Why Choose Us as Your Ceramic Sanitary Ware Machine Supplier<\/h2>\r\n\r\n<hr \/>\r\n<p style=\"text-align: center;\">Yutai is a ceramic machine manufacturer, maintains strict quality standards and excellent service. Revolutionize your manufacturing processes with cutting-edge automation technology that streamlines forming and enhances efficiency.<\/p>","why_choose_us_content_source":{"label":"Why Choose Us Content","type":"wysiwyg","formatted_value":"<h2 style=\"text-align: center;\">Why Choose Us as Your Ceramic Sanitary Ware Machine Supplier<\/h2>\n<hr \/>\n<p style=\"text-align: center;\">Yutai is a ceramic machine manufacturer, maintains strict quality standards and excellent service. Revolutionize your manufacturing processes with cutting-edge automation technology that streamlines forming and enhances efficiency.<\/p>\n"}},"_links":{"self":[{"href":"https:\/\/yutaimachinery.com\/es\/wp-json\/wp\/v2\/product\/5353","targetHints":{"allow":["GET"]}}],"collection":[{"href":"https:\/\/yutaimachinery.com\/es\/wp-json\/wp\/v2\/product"}],"about":[{"href":"https:\/\/yutaimachinery.com\/es\/wp-json\/wp\/v2\/types\/product"}],"version-history":[{"count":0,"href":"https:\/\/yutaimachinery.com\/es\/wp-json\/wp\/v2\/product\/5353\/revisions"}],"wp:featuredmedia":[{"embeddable":true,"href":"https:\/\/yutaimachinery.com\/es\/wp-json\/wp\/v2\/media\/5358"}],"wp:attachment":[{"href":"https:\/\/yutaimachinery.com\/es\/wp-json\/wp\/v2\/media?parent=5353"}],"wp:term":[{"taxonomy":"product_brand","embeddable":true,"href":"https:\/\/yutaimachinery.com\/es\/wp-json\/wp\/v2\/product_brand?post=5353"},{"taxonomy":"product_cat","embeddable":true,"href":"https:\/\/yutaimachinery.com\/es\/wp-json\/wp\/v2\/product_cat?post=5353"},{"taxonomy":"product_tag","embeddable":true,"href":"https:\/\/yutaimachinery.com\/es\/wp-json\/wp\/v2\/product_tag?post=5353"}],"curies":[{"name":"wp","href":"https:\/\/api.w.org\/{rel}","templated":true}]}}