{"id":5139,"date":"2025-06-13T16:52:41","date_gmt":"2025-06-13T08:52:41","guid":{"rendered":"https:\/\/yutaimachinery.com\/?post_type=product&#038;p=5139"},"modified":"2026-01-15T11:21:29","modified_gmt":"2026-01-15T03:21:29","slug":"automatic-hollow-casting-machine","status":"publish","type":"product","link":"https:\/\/yutaimachinery.com\/es\/product\/automatic-hollow-casting-machine\/","title":{"rendered":"M\u00e1quina autom\u00e1tica de fundici\u00f3n hueca para botellas de cer\u00e1mica, l\u00ednea de formaci\u00f3n de ollas"},"content":{"rendered":"<div class=\"wp-block-columns is-layout-flex wp-container-core-columns-is-layout-9d6595d7 wp-block-columns-is-layout-flex\">\n<div class=\"wp-block-column is-layout-flow wp-block-column-is-layout-flow\">\n<h2 class=\"wp-block-heading\">Caracter\u00edsticas de la m\u00e1quina autom\u00e1tica de fundici\u00f3n hueca:<\/h2>\n\n\n\n<p><strong>Proceso autom\u00e1tico de colada hueca<\/strong><br>Integra el vertido de barbotina, la rotaci\u00f3n del molde y el desmoldeo para una producci\u00f3n continua con una intervenci\u00f3n manual m\u00ednima.<\/p>\n\n\n\n<p><strong>Optimizado para botellas de cer\u00e1mica<\/strong><br>Especialmente adaptada para la producci\u00f3n de botellas de cer\u00e1mica, con portamoldes dise\u00f1ados para sujetar de forma segura y estable botellas de formas complejas.<\/p>\n\n\n\n<p><strong>Transportador de cadena<\/strong><br>Equipada con un robusto sistema de transmisi\u00f3n por cadena de acero que garantiza un movimiento preciso del molde y un ritmo de producci\u00f3n constante.<\/p>\n\n\n\n<p><strong>Alta eficiencia de producci\u00f3n<\/strong><br>Capaz de admitir varios moldes simult\u00e1neamente, lo que aumenta significativamente la producci\u00f3n para la fabricaci\u00f3n de grandes vol\u00famenes.<\/p>\n\n\n\n<p><strong>Estructura industrial duradera<\/strong><br>Construidas con bastidores de acero de alta resistencia y componentes resistentes al desgaste para un funcionamiento estable y duradero en f\u00e1bricas de cer\u00e1mica.<\/p>\n\n\n\n<p><strong>Estanter\u00edas para moldes personalizables<\/strong><br>Un sistema flexible de montaje del molde permite cambios r\u00e1pidos y la adaptaci\u00f3n a distintos tama\u00f1os y formas de botella.<\/p>\n\n\n\n<p><strong>F\u00e1cil mantenimiento<\/strong><br>Dise\u00f1o modular con componentes accesibles para limpieza, lubricaci\u00f3n y sustituci\u00f3n de piezas.<\/p>\n<\/div>\n\n\n\n<div class=\"wp-block-column is-layout-flow wp-block-column-is-layout-flow\">\n<figure class=\"wp-block-embed is-type-video is-provider-youtube wp-block-embed-youtube wp-embed-aspect-16-9 wp-has-aspect-ratio\"><div class=\"wp-block-embed__wrapper\">\n<iframe title=\"Botella de aceite de cer\u00e1mica M\u00e1quina de colada autom\u00e1tica (hueca)\" width=\"940\" height=\"529\" src=\"https:\/\/www.youtube.com\/embed\/SvCGDQYC9lU?feature=oembed\" frameborder=\"0\" allow=\"accelerometer; autoplay; clipboard-write; encrypted-media; gyroscope; picture-in-picture; web-share\" referrerpolicy=\"strict-origin-when-cross-origin\" allowfullscreen><\/iframe>\n<\/div><\/figure>\n<\/div>\n<\/div>\n\n\n\n<div class=\"wp-block-columns is-layout-flex wp-container-core-columns-is-layout-9d6595d7 wp-block-columns-is-layout-flex\">\n<div class=\"wp-block-column is-layout-flow wp-block-column-is-layout-flow\">\n<figure class=\"wp-block-image size-full\"><img fetchpriority=\"high\" decoding=\"async\" width=\"800\" height=\"800\" src=\"https:\/\/yutaimachinery.com\/wp-content\/uploads\/2025\/06\/Oil-Bottle-slip-casting-machine.png\" alt=\"M\u00e1quina de colada para botellas de aceite\" class=\"wp-image-6297\" title=\"\" srcset=\"https:\/\/yutaimachinery.com\/wp-content\/uploads\/2025\/06\/Oil-Bottle-slip-casting-machine.png 800w, https:\/\/yutaimachinery.com\/wp-content\/uploads\/2025\/06\/Oil-Bottle-slip-casting-machine-300x300.png 300w, https:\/\/yutaimachinery.com\/wp-content\/uploads\/2025\/06\/Oil-Bottle-slip-casting-machine-150x150.png 150w, https:\/\/yutaimachinery.com\/wp-content\/uploads\/2025\/06\/Oil-Bottle-slip-casting-machine-768x768.png 768w, https:\/\/yutaimachinery.com\/wp-content\/uploads\/2025\/06\/Oil-Bottle-slip-casting-machine-12x12.png 12w, https:\/\/yutaimachinery.com\/wp-content\/uploads\/2025\/06\/Oil-Bottle-slip-casting-machine-285x285.png 285w, https:\/\/yutaimachinery.com\/wp-content\/uploads\/2025\/06\/Oil-Bottle-slip-casting-machine-270x270.png 270w, https:\/\/yutaimachinery.com\/wp-content\/uploads\/2025\/06\/Oil-Bottle-slip-casting-machine-540x540.png 540w, https:\/\/yutaimachinery.com\/wp-content\/uploads\/2025\/06\/Oil-Bottle-slip-casting-machine-660x660.png 660w\" sizes=\"(max-width: 800px) 100vw, 800px\" \/><\/figure>\n<\/div>\n\n\n\n<div class=\"wp-block-column is-layout-flow wp-block-column-is-layout-flow\">\n<figure class=\"wp-block-image size-full\"><img decoding=\"async\" width=\"757\" height=\"757\" src=\"https:\/\/yutaimachinery.com\/wp-content\/uploads\/2026\/01\/teapot-slip-casting-machine-2-edited.png\" alt=\"m\u00e1quina de colada para teteras\" class=\"wp-image-6294\" title=\"\" srcset=\"https:\/\/yutaimachinery.com\/wp-content\/uploads\/2026\/01\/teapot-slip-casting-machine-2-edited.png 757w, https:\/\/yutaimachinery.com\/wp-content\/uploads\/2026\/01\/teapot-slip-casting-machine-2-edited-300x300.png 300w, https:\/\/yutaimachinery.com\/wp-content\/uploads\/2026\/01\/teapot-slip-casting-machine-2-edited-150x150.png 150w, https:\/\/yutaimachinery.com\/wp-content\/uploads\/2026\/01\/teapot-slip-casting-machine-2-edited-12x12.png 12w, https:\/\/yutaimachinery.com\/wp-content\/uploads\/2026\/01\/teapot-slip-casting-machine-2-edited-285x285.png 285w, https:\/\/yutaimachinery.com\/wp-content\/uploads\/2026\/01\/teapot-slip-casting-machine-2-edited-270x270.png 270w, https:\/\/yutaimachinery.com\/wp-content\/uploads\/2026\/01\/teapot-slip-casting-machine-2-edited-540x540.png 540w, https:\/\/yutaimachinery.com\/wp-content\/uploads\/2026\/01\/teapot-slip-casting-machine-2-edited-660x660.png 660w\" sizes=\"(max-width: 757px) 100vw, 757px\" \/><\/figure>\n<\/div>\n\n\n\n<div class=\"wp-block-column is-layout-flow wp-block-column-is-layout-flow\">\n<figure class=\"wp-block-image size-full\"><img decoding=\"async\" width=\"1500\" height=\"1500\" src=\"https:\/\/yutaimachinery.com\/wp-content\/uploads\/2024\/04\/Slip-Casting-Machine-for-Ceramic-Bottle-Pot-Vase-Homerware-Production-5.webp\" alt=\"M\u00e1quina de moldeo por colada para la producci\u00f3n de botellas, jarrones y art\u00edculos para el hogar de cer\u00e1mica.\" class=\"wp-image-6148\" title=\"\" srcset=\"https:\/\/yutaimachinery.com\/wp-content\/uploads\/2024\/04\/Slip-Casting-Machine-for-Ceramic-Bottle-Pot-Vase-Homerware-Production-5.webp 1500w, https:\/\/yutaimachinery.com\/wp-content\/uploads\/2024\/04\/Slip-Casting-Machine-for-Ceramic-Bottle-Pot-Vase-Homerware-Production-5-300x300.webp 300w, https:\/\/yutaimachinery.com\/wp-content\/uploads\/2024\/04\/Slip-Casting-Machine-for-Ceramic-Bottle-Pot-Vase-Homerware-Production-5-150x150.webp 150w, https:\/\/yutaimachinery.com\/wp-content\/uploads\/2024\/04\/Slip-Casting-Machine-for-Ceramic-Bottle-Pot-Vase-Homerware-Production-5-768x768.webp 768w, https:\/\/yutaimachinery.com\/wp-content\/uploads\/2024\/04\/Slip-Casting-Machine-for-Ceramic-Bottle-Pot-Vase-Homerware-Production-5-12x12.webp 12w, https:\/\/yutaimachinery.com\/wp-content\/uploads\/2024\/04\/Slip-Casting-Machine-for-Ceramic-Bottle-Pot-Vase-Homerware-Production-5-285x285.webp 285w, https:\/\/yutaimachinery.com\/wp-content\/uploads\/2024\/04\/Slip-Casting-Machine-for-Ceramic-Bottle-Pot-Vase-Homerware-Production-5-270x270.webp 270w, https:\/\/yutaimachinery.com\/wp-content\/uploads\/2024\/04\/Slip-Casting-Machine-for-Ceramic-Bottle-Pot-Vase-Homerware-Production-5-540x540.webp 540w, https:\/\/yutaimachinery.com\/wp-content\/uploads\/2024\/04\/Slip-Casting-Machine-for-Ceramic-Bottle-Pot-Vase-Homerware-Production-5-660x660.webp 660w\" sizes=\"(max-width: 1500px) 100vw, 1500px\" \/><\/figure>\n<\/div>\n<\/div>\n\n\n\n<p><\/p>","protected":false},"excerpt":{"rendered":"<p>Nuestra m\u00e1quina autom\u00e1tica de colada hueca puede producir botellas de cer\u00e1mica, jarrones, macetas y decoraciones de cer\u00e1mica para el hogar, etc. La m\u00e1quina tiene un sistema de transmisi\u00f3n de cadena continua para la rotaci\u00f3n del molde y el transporte, adecuado para la producci\u00f3n eficiente de productos cer\u00e1micos estructurales huecos. La f\u00e1brica Yutai ofrece un servicio integral de personalizaci\u00f3n de maquinaria de cer\u00e1mica y soporte t\u00e9cnico. No dude en ponerse en contacto con nosotros.<\/p>\n<h2>Soluci\u00f3n integral para m\u00e1quinas de colada hueca:<\/h2>\n<ol>\n<li><strong>Soluciones integrales para l\u00edneas de cer\u00e1mica<\/strong>: Asistencia completa desde la selecci\u00f3n de equipos y la planificaci\u00f3n del dise\u00f1o de la l\u00ednea hasta la integraci\u00f3n completa de la l\u00ednea de producci\u00f3n.<\/li>\n<li><strong>Personalizaci\u00f3n del equipo:<\/strong> Configuraciones de m\u00e1quinas adaptadas a diferentes productos cer\u00e1micos, como platos, cuencos, tazas y vasos, en funci\u00f3n del tama\u00f1o, la forma y la capacidad de producci\u00f3n.<\/li>\n<li><strong>Instalaci\u00f3n y puesta en marcha:<\/strong> Asistencia t\u00e9cnica in situ o remota para garantizar un funcionamiento estable y resultados de fundici\u00f3n precisos.<\/li>\n<li><strong>Formaci\u00f3n de operadores y asistencia t\u00e9cnica:<\/strong> Formaci\u00f3n integral que abarca el funcionamiento de la m\u00e1quina, el mantenimiento y el control de calidad.<\/li>\n<li><strong>Servicio posventa y suministro de repuestos:<\/strong> Servicio t\u00e9cnico de respuesta r\u00e1pida, programas de mantenimiento preventivo y disponibilidad fiable de piezas de repuesto.<\/li>\n<li><strong>Mejora de la calidad y optimizaci\u00f3n del rendimiento: S<\/strong>Soluciones para reducir defectos, mejorar la consistencia de la fundici\u00f3n y aumentar la eficiencia de la producci\u00f3n.<\/li>\n<\/ol>","protected":false},"featured_media":5145,"template":"","meta":{"_acf_changed":false},"product_brand":[],"product_cat":[55],"product_tag":[],"class_list":{"0":"post-5139","1":"product","2":"type-product","3":"status-publish","4":"has-post-thumbnail","6":"product_cat-ceramic-forming-machine","8":"first","9":"instock","10":"shipping-taxable","11":"product-type-simple"},"acf":{"customization_content":"","customization_content_source":{"label":"Customization Content","type":"wysiwyg","formatted_value":""},"why_choose_us_content":"<h2 style=\"text-align: center;\">Why Choose Us as Your Ceramic Forming Line Supplier<\/h2>\r\n\r\n<hr \/>\r\n<p style=\"text-align: center;\">Yutai is a ceramic machine manufacturer, maintains strict quality standards and excellent service. Revolutionize your manufacturing processes with cutting-edge automation technology that streamlines forming and enhances efficiency.<\/p>","why_choose_us_content_source":{"label":"Why Choose Us Content","type":"wysiwyg","formatted_value":"<h2 style=\"text-align: center;\">Why Choose Us as Your Ceramic Forming Line Supplier<\/h2>\n<hr \/>\n<p style=\"text-align: center;\">Yutai is a ceramic machine manufacturer, maintains strict quality standards and excellent service. Revolutionize your manufacturing processes with cutting-edge automation technology that streamlines forming and enhances efficiency.<\/p>\n"}},"_links":{"self":[{"href":"https:\/\/yutaimachinery.com\/es\/wp-json\/wp\/v2\/product\/5139","targetHints":{"allow":["GET"]}}],"collection":[{"href":"https:\/\/yutaimachinery.com\/es\/wp-json\/wp\/v2\/product"}],"about":[{"href":"https:\/\/yutaimachinery.com\/es\/wp-json\/wp\/v2\/types\/product"}],"version-history":[{"count":0,"href":"https:\/\/yutaimachinery.com\/es\/wp-json\/wp\/v2\/product\/5139\/revisions"}],"wp:featuredmedia":[{"embeddable":true,"href":"https:\/\/yutaimachinery.com\/es\/wp-json\/wp\/v2\/media\/5145"}],"wp:attachment":[{"href":"https:\/\/yutaimachinery.com\/es\/wp-json\/wp\/v2\/media?parent=5139"}],"wp:term":[{"taxonomy":"product_brand","embeddable":true,"href":"https:\/\/yutaimachinery.com\/es\/wp-json\/wp\/v2\/product_brand?post=5139"},{"taxonomy":"product_cat","embeddable":true,"href":"https:\/\/yutaimachinery.com\/es\/wp-json\/wp\/v2\/product_cat?post=5139"},{"taxonomy":"product_tag","embeddable":true,"href":"https:\/\/yutaimachinery.com\/es\/wp-json\/wp\/v2\/product_tag?post=5139"}],"curies":[{"name":"wp","href":"https:\/\/api.w.org\/{rel}","templated":true}]}}