{"id":5127,"date":"2025-06-13T16:26:03","date_gmt":"2025-06-13T08:26:03","guid":{"rendered":"https:\/\/yutaimachinery.com\/?post_type=product&#038;p=5127"},"modified":"2026-01-15T11:24:32","modified_gmt":"2026-01-15T03:24:32","slug":"ceramic-jiggering-machine","status":"publish","type":"product","link":"https:\/\/yutaimachinery.com\/es\/product\/ceramic-jiggering-machine\/","title":{"rendered":"M\u00e1quina autom\u00e1tica para fabricar tazas de cer\u00e1mica con asa"},"content":{"rendered":"<div class=\"wp-block-columns is-layout-flex wp-container-core-columns-is-layout-9d6595d7 wp-block-columns-is-layout-flex\">\n<div class=\"wp-block-column is-layout-flow wp-block-column-is-layout-flow\">\n<h2 class=\"wp-block-heading\">Caracter\u00edsticas de la caladora de cer\u00e1mica<\/h2>\n\n\n\n<p><strong>Sistema integrado de conformado, secado y desmoldeo<\/strong>: La l\u00ednea automatizada combina transportadores de moldes, una unidad de calibrado, un secador y control CNC, y puede conectarse con equipos de esmaltado y cocci\u00f3n. Agiliza el flujo de trabajo y mejora significativamente la eficiencia de la producci\u00f3n.<\/p>\n\n\n\n<p><strong>Formado en un solo paso para tazas con asa<\/strong>: El dise\u00f1o especial del molde y los brazos rob\u00f3ticos permiten moldear el cuerpo de la taza y el asa en un solo proceso.<\/p>\n\n\n\n<p><strong>Salida estable con espesor uniforme<\/strong>: Garantiza superficies lisas, un peso constante y una calidad de producci\u00f3n en serie fiable.<\/p>\n\n\n\n<p><strong>Amplia gama de aplicaciones<\/strong>: Adecuada para cuencos, platos, tazas, platillos y diversas formas y tama\u00f1os de cer\u00e1mica. Ideal para art\u00edculos grandes como macetas, cuencos grandes y vajillas de gran tama\u00f1o que requieren una mayor fuerza de conformado.<\/p>\n\n\n\n<p><strong>Construcci\u00f3n duradera<\/strong>: Construido con acero de alta resistencia y componentes resistentes a la corrosi\u00f3n para una larga vida \u00fatil.<\/p>\n\n\n\n<p><strong>Estructura y especificaciones personalizables<\/strong>: Los tama\u00f1os de los moldes, las dimensiones de la m\u00e1quina, los ajustes de velocidad y las opciones de automatizaci\u00f3n pueden adaptarse a las necesidades del cliente.<\/p>\n\n\n\n<p><strong>Ahorro de tiempo y alta eficiencia<\/strong>: Minimiza la manipulaci\u00f3n manual manteniendo una precisi\u00f3n de conformado constante.<\/p>\n<\/div>\n\n\n\n<div class=\"wp-block-column is-layout-flow wp-block-column-is-layout-flow\">\n<figure class=\"wp-block-embed aligncenter is-type-video is-provider-youtube wp-block-embed-youtube wp-embed-aspect-16-9 wp-has-aspect-ratio\"><div class=\"wp-block-embed__wrapper\">\n<iframe title=\"M\u00e1quina para fabricar tazas de cer\u00e1mica con asa\" width=\"940\" height=\"529\" src=\"https:\/\/www.youtube.com\/embed\/BHIx1WBU9Tc?feature=oembed\" frameborder=\"0\" allow=\"accelerometer; autoplay; clipboard-write; encrypted-media; gyroscope; picture-in-picture; web-share\" referrerpolicy=\"strict-origin-when-cross-origin\" allowfullscreen><\/iframe>\n<\/div><\/figure>\n<\/div>\n<\/div>\n\n\n\n<div class=\"wp-block-columns is-layout-flex wp-container-core-columns-is-layout-9d6595d7 wp-block-columns-is-layout-flex\">\n<div class=\"wp-block-column is-layout-flow wp-block-column-is-layout-flow\">\n<figure class=\"wp-block-image size-full\"><img fetchpriority=\"high\" decoding=\"async\" width=\"800\" height=\"600\" src=\"https:\/\/yutaimachinery.com\/wp-content\/uploads\/2025\/06\/Automated-Jigger-Machine-vs.-Manual-Handle-Attaching.jpg\" alt=\"M\u00e1quina Jigger automatizada frente a fijaci\u00f3n manual de asas\" class=\"wp-image-6282\" title=\"\" srcset=\"https:\/\/yutaimachinery.com\/wp-content\/uploads\/2025\/06\/Automated-Jigger-Machine-vs.-Manual-Handle-Attaching.jpg 800w, https:\/\/yutaimachinery.com\/wp-content\/uploads\/2025\/06\/Automated-Jigger-Machine-vs.-Manual-Handle-Attaching-300x225.jpg 300w, https:\/\/yutaimachinery.com\/wp-content\/uploads\/2025\/06\/Automated-Jigger-Machine-vs.-Manual-Handle-Attaching-768x576.jpg 768w, https:\/\/yutaimachinery.com\/wp-content\/uploads\/2025\/06\/Automated-Jigger-Machine-vs.-Manual-Handle-Attaching-16x12.jpg 16w, https:\/\/yutaimachinery.com\/wp-content\/uploads\/2025\/06\/Automated-Jigger-Machine-vs.-Manual-Handle-Attaching-285x214.jpg 285w, https:\/\/yutaimachinery.com\/wp-content\/uploads\/2025\/06\/Automated-Jigger-Machine-vs.-Manual-Handle-Attaching-660x495.jpg 660w, https:\/\/yutaimachinery.com\/wp-content\/uploads\/2025\/06\/Automated-Jigger-Machine-vs.-Manual-Handle-Attaching-150x113.jpg 150w\" sizes=\"(max-width: 800px) 100vw, 800px\" \/><\/figure>\n<\/div>\n\n\n\n<div class=\"wp-block-column is-layout-flow wp-block-column-is-layout-flow\">\n<h2 class=\"wp-block-heading\">Ventajas de la m\u00e1quina Jigger en la fabricaci\u00f3n de vasos con asa<\/h2>\n\n\n\n<p>En comparaci\u00f3n con la fijaci\u00f3n manual tradicional de las asas, un <strong>jigger autom\u00e1tica para tazas y vasos con asas<\/strong> permite un proceso de producci\u00f3n m\u00e1s eficaz, estable y coherente.<\/p>\n\n\n\n<p>La fijaci\u00f3n manual de las asas depende en gran medida de la mano de obra cualificada, lo que a menudo da lugar a un posicionamiento inconsistente de las asas, una fuerza de adhesi\u00f3n variable y mayores tasas de defectos.<\/p>\n\n\n\n<p>Utilizando una caladora con un sistema de asa automatizado, los fabricantes pueden conseguir:<\/p>\n\n\n\n<ul class=\"wp-block-list\">\n<li>Posicionamiento preciso y repetible de la empu\u00f1adura<\/li>\n\n\n\n<li>Forma uniforme del mango y gran calidad de uni\u00f3n<\/li>\n\n\n\n<li>Menor dependencia de la mano de obra y menores costes de producci\u00f3n<\/li>\n\n\n\n<li>Rendimiento estable adecuado para la producci\u00f3n de tazas a gran escala<\/li>\n<\/ul>\n\n\n\n<p>Esto hace que la m\u00e1quina de jigger sea una soluci\u00f3n ideal para las f\u00e1bricas que producen tazas de cer\u00e1mica, vasos y otras vajillas manipuladas.<\/p>\n<\/div>\n<\/div>\n\n\n\n<div class=\"wp-block-columns is-layout-flex wp-container-core-columns-is-layout-9d6595d7 wp-block-columns-is-layout-flex\">\n<div class=\"wp-block-column is-layout-flow wp-block-column-is-layout-flow\">\n<figure class=\"wp-block-image size-full is-resized\"><img decoding=\"async\" width=\"1000\" height=\"750\" src=\"https:\/\/yutaimachinery.com\/wp-content\/uploads\/2025\/06\/ceramic-jigger-machine-for-mugs-bowls-plates-cups-making-11.webp\" alt=\"M\u00e1quina cer\u00e1mica para fabricar tazas, cuencos, platos y vasos.\" class=\"wp-image-6113\" style=\"width:731px;height:auto\" title=\"\" srcset=\"https:\/\/yutaimachinery.com\/wp-content\/uploads\/2025\/06\/ceramic-jigger-machine-for-mugs-bowls-plates-cups-making-11.webp 1000w, https:\/\/yutaimachinery.com\/wp-content\/uploads\/2025\/06\/ceramic-jigger-machine-for-mugs-bowls-plates-cups-making-11-300x225.webp 300w, https:\/\/yutaimachinery.com\/wp-content\/uploads\/2025\/06\/ceramic-jigger-machine-for-mugs-bowls-plates-cups-making-11-768x576.webp 768w, https:\/\/yutaimachinery.com\/wp-content\/uploads\/2025\/06\/ceramic-jigger-machine-for-mugs-bowls-plates-cups-making-11-16x12.webp 16w, https:\/\/yutaimachinery.com\/wp-content\/uploads\/2025\/06\/ceramic-jigger-machine-for-mugs-bowls-plates-cups-making-11-285x214.webp 285w, https:\/\/yutaimachinery.com\/wp-content\/uploads\/2025\/06\/ceramic-jigger-machine-for-mugs-bowls-plates-cups-making-11-800x600.webp 800w, https:\/\/yutaimachinery.com\/wp-content\/uploads\/2025\/06\/ceramic-jigger-machine-for-mugs-bowls-plates-cups-making-11-660x495.webp 660w, https:\/\/yutaimachinery.com\/wp-content\/uploads\/2025\/06\/ceramic-jigger-machine-for-mugs-bowls-plates-cups-making-11-150x113.webp 150w\" sizes=\"(max-width: 1000px) 100vw, 1000px\" \/><\/figure>\n<\/div>\n\n\n\n<div class=\"wp-block-column is-layout-flow wp-block-column-is-layout-flow\">\n<figure class=\"wp-block-image size-full\"><img decoding=\"async\" width=\"1000\" height=\"750\" src=\"https:\/\/yutaimachinery.com\/wp-content\/uploads\/2025\/12\/ceramic-jigger-machine-for-mugs-bowls-plates-cups-making-18-edited.webp\" alt=\"M\u00e1quina cer\u00e1mica para fabricar tazas, cuencos, platos y vasos.\" class=\"wp-image-6131\" title=\"\" srcset=\"https:\/\/yutaimachinery.com\/wp-content\/uploads\/2025\/12\/ceramic-jigger-machine-for-mugs-bowls-plates-cups-making-18-edited.webp 1000w, https:\/\/yutaimachinery.com\/wp-content\/uploads\/2025\/12\/ceramic-jigger-machine-for-mugs-bowls-plates-cups-making-18-edited-300x225.webp 300w, https:\/\/yutaimachinery.com\/wp-content\/uploads\/2025\/12\/ceramic-jigger-machine-for-mugs-bowls-plates-cups-making-18-edited-768x576.webp 768w, https:\/\/yutaimachinery.com\/wp-content\/uploads\/2025\/12\/ceramic-jigger-machine-for-mugs-bowls-plates-cups-making-18-edited-16x12.webp 16w, https:\/\/yutaimachinery.com\/wp-content\/uploads\/2025\/12\/ceramic-jigger-machine-for-mugs-bowls-plates-cups-making-18-edited-285x214.webp 285w, https:\/\/yutaimachinery.com\/wp-content\/uploads\/2025\/12\/ceramic-jigger-machine-for-mugs-bowls-plates-cups-making-18-edited-800x600.webp 800w, https:\/\/yutaimachinery.com\/wp-content\/uploads\/2025\/12\/ceramic-jigger-machine-for-mugs-bowls-plates-cups-making-18-edited-660x495.webp 660w, https:\/\/yutaimachinery.com\/wp-content\/uploads\/2025\/12\/ceramic-jigger-machine-for-mugs-bowls-plates-cups-making-18-edited-150x113.webp 150w\" sizes=\"(max-width: 1000px) 100vw, 1000px\" \/><\/figure>\n<\/div>\n<\/div>","protected":false},"excerpt":{"rendered":"<p data-start=\"90\" data-end=\"556\"><strong data-start=\"90\" data-end=\"122\">M\u00e1quina dosificadora cer\u00e1mica YUTAI<\/strong> es una l\u00ednea de conformado totalmente autom\u00e1tica que integra el transporte de moldes, el jiggering y el secado, controlada por un sistema CNC para un funcionamiento estable y preciso.<br data-start=\"268\" data-end=\"271\" \/>Es especialmente adecuado para <strong data-start=\"301\" data-end=\"331\">tazas y jarras con asas<\/strong>, El sistema de producci\u00f3n de cer\u00e1mica de la empresa, que garantiza un moldeado uniforme y una producci\u00f3n eficiente a gran escala, as\u00ed como cuencos, platos, platillos, macetas y otros art\u00edculos cer\u00e1micos de diversos tama\u00f1os.<br data-start=\"487\" data-end=\"490\" \/>Las especificaciones de la m\u00e1quina pueden adaptarse a los requisitos del cliente.<\/p>\n<h2>Aplicaci\u00f3n de la m\u00e1quina cer\u00e1mica Jigger:<\/h2>\n<ul>\n<li>Fabricaci\u00f3n de vajillas de uso diario<\/li>\n<li>Productos cer\u00e1micos para hosteler\u00eda y restauraci\u00f3n<\/li>\n<li>Producci\u00f3n de cer\u00e1mica de gran tama\u00f1o<\/li>\n<li>L\u00edneas de productos cer\u00e1micos OEM\/ODM<\/li>\n<\/ul>\n<h2>Soluci\u00f3n integral para m\u00e1quinas de jigging de cer\u00e1mica:<\/h2>\n<ol>\n<li><strong>Asistencia para proyectos llave en mano:<\/strong> desde la selecci\u00f3n del equipo hasta la planificaci\u00f3n del dise\u00f1o.<\/li>\n<li><strong>Dise\u00f1o y personalizaci\u00f3n de moldes:<\/strong> adaptado a las formas y tama\u00f1os de sus productos.<\/li>\n<li><strong>Integraci\u00f3n de la l\u00ednea de producci\u00f3n:<\/strong> Coordinaci\u00f3n del moldeado, secado, esmaltado y cocci\u00f3n.<\/li>\n<li><strong>Instalaci\u00f3n y puesta en marcha:<\/strong> Asistencia t\u00e9cnica in situ o remota.<\/li>\n<li><strong>Formaci\u00f3n para operadores:<\/strong> garantizando un funcionamiento diario fluido y eficiente.<\/li>\n<li><strong>Asistencia t\u00e9cnica posventa:<\/strong> Respuesta r\u00e1pida para mantenimiento y repuestos.<\/li>\n<li><strong>Asistencia en la optimizaci\u00f3n de procesos:<\/strong> Mejorar la tasa de rendimiento y la consistencia del producto.<\/li>\n<\/ol>","protected":false},"featured_media":6267,"template":"","meta":{"_acf_changed":false},"product_brand":[],"product_cat":[55],"product_tag":[],"class_list":{"0":"post-5127","1":"product","2":"type-product","3":"status-publish","4":"has-post-thumbnail","6":"product_cat-ceramic-forming-machine","8":"first","9":"instock","10":"shipping-taxable","11":"product-type-simple"},"acf":{"customization_content":"","customization_content_source":{"label":"Customization Content","type":"wysiwyg","formatted_value":""},"why_choose_us_content":"<h2 style=\"text-align: center;\">Why Choose Us as Your Ceramic Automatic Forming Line Supplier<\/h2>\r\n\r\n<hr \/>\r\n<p style=\"text-align: center;\">Yutai as a ceramic tableware manufacturer, maintains strict quality standards and excellent service. Revolutionize your manufacturing processes with cutting-edge automation technology that streamlines forming and enhances efficiency.<\/p>","why_choose_us_content_source":{"label":"Why Choose Us Content","type":"wysiwyg","formatted_value":"<h2 style=\"text-align: center;\">Why Choose Us as Your Ceramic Automatic Forming Line Supplier<\/h2>\n<hr \/>\n<p style=\"text-align: center;\">Yutai as a ceramic tableware manufacturer, maintains strict quality standards and excellent service. Revolutionize your manufacturing processes with cutting-edge automation technology that streamlines forming and enhances efficiency.<\/p>\n"}},"_links":{"self":[{"href":"https:\/\/yutaimachinery.com\/es\/wp-json\/wp\/v2\/product\/5127","targetHints":{"allow":["GET"]}}],"collection":[{"href":"https:\/\/yutaimachinery.com\/es\/wp-json\/wp\/v2\/product"}],"about":[{"href":"https:\/\/yutaimachinery.com\/es\/wp-json\/wp\/v2\/types\/product"}],"version-history":[{"count":0,"href":"https:\/\/yutaimachinery.com\/es\/wp-json\/wp\/v2\/product\/5127\/revisions"}],"wp:featuredmedia":[{"embeddable":true,"href":"https:\/\/yutaimachinery.com\/es\/wp-json\/wp\/v2\/media\/6267"}],"wp:attachment":[{"href":"https:\/\/yutaimachinery.com\/es\/wp-json\/wp\/v2\/media?parent=5127"}],"wp:term":[{"taxonomy":"product_brand","embeddable":true,"href":"https:\/\/yutaimachinery.com\/es\/wp-json\/wp\/v2\/product_brand?post=5127"},{"taxonomy":"product_cat","embeddable":true,"href":"https:\/\/yutaimachinery.com\/es\/wp-json\/wp\/v2\/product_cat?post=5127"},{"taxonomy":"product_tag","embeddable":true,"href":"https:\/\/yutaimachinery.com\/es\/wp-json\/wp\/v2\/product_tag?post=5127"}],"curies":[{"name":"wp","href":"https:\/\/api.w.org\/{rel}","templated":true}]}}