{"id":5115,"date":"2025-06-13T15:50:32","date_gmt":"2025-06-13T07:50:32","guid":{"rendered":"https:\/\/yutaimachinery.com\/?post_type=product&#038;p=5115"},"modified":"2025-06-17T11:28:05","modified_gmt":"2025-06-17T03:28:05","slug":"automatic-conveyor-belt","status":"publish","type":"product","link":"https:\/\/yutaimachinery.com\/es\/product\/automatic-conveyor-belt\/","title":{"rendered":"Cinta transportadora autom\u00e1tica para l\u00ednea de producci\u00f3n de cer\u00e1mica"},"content":{"rendered":"<div class=\"wp-block-columns is-layout-flex wp-container-core-columns-is-layout-9d6595d7 wp-block-columns-is-layout-flex\">\n<div class=\"wp-block-column is-layout-flow wp-block-column-is-layout-flow\" style=\"flex-basis:50%\"><div class=\"wp-block-image\">\n<figure class=\"aligncenter size-full\"><img fetchpriority=\"high\" decoding=\"async\" width=\"800\" height=\"800\" src=\"https:\/\/yutaimachinery.com\/wp-content\/uploads\/2025\/06\/Automatic-Conveyor-Belt-for-Ceramic-Production-Line-4.webp\" alt=\"Cinta transportadora autom\u00e1tica para l\u00ednea de producci\u00f3n de cer\u00e1mica (4)\" class=\"wp-image-5120\" title=\"\" srcset=\"https:\/\/yutaimachinery.com\/wp-content\/uploads\/2025\/06\/Automatic-Conveyor-Belt-for-Ceramic-Production-Line-4.webp 800w, https:\/\/yutaimachinery.com\/wp-content\/uploads\/2025\/06\/Automatic-Conveyor-Belt-for-Ceramic-Production-Line-4-300x300.webp 300w, https:\/\/yutaimachinery.com\/wp-content\/uploads\/2025\/06\/Automatic-Conveyor-Belt-for-Ceramic-Production-Line-4-150x150.webp 150w, https:\/\/yutaimachinery.com\/wp-content\/uploads\/2025\/06\/Automatic-Conveyor-Belt-for-Ceramic-Production-Line-4-768x768.webp 768w, https:\/\/yutaimachinery.com\/wp-content\/uploads\/2025\/06\/Automatic-Conveyor-Belt-for-Ceramic-Production-Line-4-12x12.webp 12w, https:\/\/yutaimachinery.com\/wp-content\/uploads\/2025\/06\/Automatic-Conveyor-Belt-for-Ceramic-Production-Line-4-285x285.webp 285w, https:\/\/yutaimachinery.com\/wp-content\/uploads\/2025\/06\/Automatic-Conveyor-Belt-for-Ceramic-Production-Line-4-270x270.webp 270w, https:\/\/yutaimachinery.com\/wp-content\/uploads\/2025\/06\/Automatic-Conveyor-Belt-for-Ceramic-Production-Line-4-540x540.webp 540w, https:\/\/yutaimachinery.com\/wp-content\/uploads\/2025\/06\/Automatic-Conveyor-Belt-for-Ceramic-Production-Line-4-660x660.webp 660w\" sizes=\"(max-width: 800px) 100vw, 800px\" \/><\/figure>\n<\/div><\/div>\n\n\n\n<div class=\"wp-block-column is-layout-flow wp-block-column-is-layout-flow\">\n<h2 class=\"wp-block-heading\">Caracter\u00edsticas de la cinta transportadora:<\/h2>\n\n\n\n<p><strong>Dise\u00f1o de cintur\u00f3n con patr\u00f3n Chevron<\/strong><br>La superficie en forma de V aumenta la fricci\u00f3n y evita el deslizamiento del producto durante el transporte inclinado.<\/p>\n\n\n\n<p><strong>Construcci\u00f3n duradera<\/strong><br>Fabricada con un bastidor de acero de alta resistencia y una correa de caucho resistente al desgaste, que garantiza una larga vida \u00fatil en entornos con mucho polvo y cargas elevadas.<\/p>\n\n\n\n<p><strong>Dimensiones personalizables<\/strong><br>Disponible en varias anchuras, longitudes y \u00e1ngulos de inclinaci\u00f3n para adaptarse a diferentes dise\u00f1os de l\u00edneas de producci\u00f3n.<\/p>\n\n\n\n<p><strong>Accionamiento del motor energ\u00e9ticamente eficiente<\/strong><br>Equipada con un fiable sistema de accionamiento el\u00e9ctrico para un control estable de la velocidad y un consumo reducido de energ\u00eda.<\/p>\n\n\n\n<p><strong>F\u00e1cil de mantener<\/strong><br>El dise\u00f1o modular de los rodillos permite una r\u00e1pida inspecci\u00f3n, limpieza y sustituci\u00f3n de piezas, minimizando el tiempo de inactividad.<\/p>\n<\/div>\n<\/div>\n\n\n\n<div class=\"wp-block-columns is-layout-flex wp-container-core-columns-is-layout-9d6595d7 wp-block-columns-is-layout-flex\">\n<div class=\"wp-block-column is-layout-flow wp-block-column-is-layout-flow\"><\/div>\n\n\n\n<div class=\"wp-block-column is-layout-flow wp-block-column-is-layout-flow\"><\/div>\n<\/div>\n\n\n\n<p><\/p>","protected":false},"excerpt":{"rendered":"<p data-start=\"123\" data-end=\"429\">Esta cinta transportadora autom\u00e1tica est\u00e1 dise\u00f1ada espec\u00edficamente para f\u00e1bricas de cer\u00e1mica, es adecuada para el transporte autom\u00e1tico de materias primas de producci\u00f3n de cer\u00e1mica, mejorando eficazmente la eficiencia de la producci\u00f3n y reduciendo los costes de mano de obra. El tama\u00f1o puede ser personalizado de acuerdo a las necesidades del cliente. Es una parte importante de la moderna l\u00ednea de producci\u00f3n automatizada de cer\u00e1mica.<\/p>\n<h2>Soluci\u00f3n integral para maquinaria cer\u00e1mica:<\/h2>\n<ol>\n<li>Personalizaci\u00f3n a medida: Admite piezas de equipo personalizadas, accesorios personalizados y aplicaciones personalizadas.<\/li>\n<li>Apoyo al dise\u00f1o:  De acuerdo con el \u00e1rea de la f\u00e1brica, el plan de producci\u00f3n y la inversi\u00f3n de capital, proporcionamos servicios profesionales de dise\u00f1o y disposici\u00f3n.<\/li>\n<li>Asistencia t\u00e9cnica y servicio: T\u00e9cnicos altamente cualificados montar\u00e1n su maquinaria y le proporcionar\u00e1n formaci\u00f3n en v\u00eddeo y asistencia t\u00e9cnica.<\/li>\n<\/ol>","protected":false},"featured_media":5120,"template":"","meta":{"_acf_changed":false},"product_brand":[],"product_cat":[54],"product_tag":[],"class_list":{"0":"post-5115","1":"product","2":"type-product","3":"status-publish","4":"has-post-thumbnail","6":"product_cat-clay-making-machine","8":"first","9":"instock","10":"shipping-taxable","11":"product-type-simple"},"acf":{"customization_content":"","customization_content_source":{"label":"Customization Content","type":"wysiwyg","formatted_value":""},"why_choose_us_content":"<h2 style=\"text-align: center;\">Why Choose Us as Your Ceramic Machine Supplier<\/h2>\r\n\r\n<hr \/>\r\n<p style=\"text-align: center;\">Yutai is a ceramic machine manufacturer, maintains strict quality standards and excellent service. Revolutionize your manufacturing processes with cutting-edge automation technology that streamlines forming and enhances efficiency.<\/p>","why_choose_us_content_source":{"label":"Why Choose Us Content","type":"wysiwyg","formatted_value":"<h2 style=\"text-align: center;\">Why Choose Us as Your Ceramic Machine Supplier<\/h2>\n<hr \/>\n<p style=\"text-align: center;\">Yutai is a ceramic machine manufacturer, maintains strict quality standards and excellent service. Revolutionize your manufacturing processes with cutting-edge automation technology that streamlines forming and enhances efficiency.<\/p>\n"}},"_links":{"self":[{"href":"https:\/\/yutaimachinery.com\/es\/wp-json\/wp\/v2\/product\/5115","targetHints":{"allow":["GET"]}}],"collection":[{"href":"https:\/\/yutaimachinery.com\/es\/wp-json\/wp\/v2\/product"}],"about":[{"href":"https:\/\/yutaimachinery.com\/es\/wp-json\/wp\/v2\/types\/product"}],"version-history":[{"count":0,"href":"https:\/\/yutaimachinery.com\/es\/wp-json\/wp\/v2\/product\/5115\/revisions"}],"wp:featuredmedia":[{"embeddable":true,"href":"https:\/\/yutaimachinery.com\/es\/wp-json\/wp\/v2\/media\/5120"}],"wp:attachment":[{"href":"https:\/\/yutaimachinery.com\/es\/wp-json\/wp\/v2\/media?parent=5115"}],"wp:term":[{"taxonomy":"product_brand","embeddable":true,"href":"https:\/\/yutaimachinery.com\/es\/wp-json\/wp\/v2\/product_brand?post=5115"},{"taxonomy":"product_cat","embeddable":true,"href":"https:\/\/yutaimachinery.com\/es\/wp-json\/wp\/v2\/product_cat?post=5115"},{"taxonomy":"product_tag","embeddable":true,"href":"https:\/\/yutaimachinery.com\/es\/wp-json\/wp\/v2\/product_tag?post=5115"}],"curies":[{"name":"wp","href":"https:\/\/api.w.org\/{rel}","templated":true}]}}