{"id":4471,"date":"2024-08-23T14:59:40","date_gmt":"2024-08-23T06:59:40","guid":{"rendered":"https:\/\/yutaimachinery.com\/?post_type=product&#038;p=4471"},"modified":"2024-08-23T15:23:08","modified_gmt":"2024-08-23T07:23:08","slug":"cabina-de-esmaltado-11","status":"publish","type":"product","link":"https:\/\/yutaimachinery.com\/es\/product\/pneumatic-screen-stretching-machine\/","title":{"rendered":"M\u00e1quina neum\u00e1tica de estirado de malla M\u00e1quina neum\u00e1tica de estirado de malla"},"content":{"rendered":"<div class=\"wp-block-columns is-layout-flex wp-container-core-columns-is-layout-9d6595d7 wp-block-columns-is-layout-flex\">\n<div class=\"wp-block-column is-layout-flow wp-block-column-is-layout-flow\">\n<h2 class=\"wp-block-heading\"><strong><strong>M\u00e1quina de estiramiento neum\u00e1tico de pantallas<\/strong><\/strong> <strong>Caracter\u00edsticas:<\/strong><\/h2>\n\n\n\n<p>La tensadora neum\u00e1tica de pantallas es una herramienta utilizada en serigraf\u00eda para tensar las pantallas. Funciona con un compresor de aire y utiliza varias ruedas tensoras conectadas para tensar la pantalla uniformemente.<\/p>\n\n\n\n<p>El recorrido de tracci\u00f3n de la red puede alcanzar los 7,5 cm, y se puede tirar libremente de tablas grandes y peque\u00f1as. Cada pinza de red tiene 300 mm de longitud.<\/p>\n<\/div>\n<\/div>","protected":false},"excerpt":{"rendered":"<p>La maquina de estiramiento neumatico de malla hace la malla mas apretada y estable. Es fabricado y vendido al por mayor por Yutai Factory, ofreciendo precios asequibles y servicios de entrega r\u00e1pida. Para m\u00e1s soluciones en maquinas de serigraf\u00eda, por favor cont\u00e1ctese con Yutai Fabricante de Maquinas de Cer\u00e1mica.<\/p>\n<h2>Soluci\u00f3n integral para m\u00e1quinas neum\u00e1ticas de tensado de cribas:<\/h2>\n<ol>\n<li>\n<p>Precio de f\u00e1brica: Como fabricante de m\u00e1quinas de impresi\u00f3n de cer\u00e1mica, ofrecemos m\u00e1quinas de estiramiento de pantalla neum\u00e1tica rentables, bienvenido a contactarnos para obtener el precio de f\u00e1brica.<\/p>\n<\/li>\n<li>\n<p>Asistencia t\u00e9cnica: Proporcionar orientaci\u00f3n t\u00e9cnica profesional e instalaci\u00f3n mec\u00e1nica, con gu\u00edas de v\u00eddeo para garantizar un uso r\u00e1pido del producto.<\/p>\n<\/li>\n<li>\n<p>Piezas de recambio: Suministro de una gama de piezas de repuesto originales.<\/p>\n<\/li>\n<li>\n<p>Asistencia posventa: 24 horas de ayuda en l\u00ednea para asegurarse de que est\u00e1 satisfecho con las m\u00e1quinas de estiramiento de pantalla neum\u00e1tica y que se utiliza sin problemas en su l\u00ednea de producci\u00f3n.<\/p>\n<\/li>\n<\/ol>","protected":false},"featured_media":4472,"template":"","meta":{"_acf_changed":false},"product_brand":[],"product_cat":[59],"product_tag":[],"class_list":{"0":"post-4471","1":"product","2":"type-product","3":"status-publish","4":"has-post-thumbnail","6":"product_cat-ceramic-printing-machine","8":"first","9":"instock","10":"shipping-taxable","11":"product-type-simple"},"acf":{"customization_content":"<h2><\/h2>\r\n<div><\/div>","customization_content_source":{"label":"Customization Content","type":"wysiwyg","formatted_value":"<h2><\/h2>\n<div><\/div>\n"},"why_choose_us_content":"<h2 style=\"text-align: center;\">Why Choose Us as Your Ceramic Printing Machine Supplier<\/h2>\r\n\r\n<hr \/>\r\n<p style=\"text-align: center;\">\u00a0Yutai as a ceramic printing machine manufacturer, maintains strict quality standards and excellent service. Revolutionize your manufacturing processes with cutting-edge automation technology that streamlines forming and enhances efficiency.<\/p>","why_choose_us_content_source":{"label":"Why Choose Us Content","type":"wysiwyg","formatted_value":"<h2 style=\"text-align: center;\">Why Choose Us as Your Ceramic Printing Machine Supplier<\/h2>\n<hr \/>\n<p style=\"text-align: center;\">\u00a0Yutai as a ceramic printing machine manufacturer, maintains strict quality standards and excellent service. Revolutionize your manufacturing processes with cutting-edge automation technology that streamlines forming and enhances efficiency.<\/p>\n"}},"_links":{"self":[{"href":"https:\/\/yutaimachinery.com\/es\/wp-json\/wp\/v2\/product\/4471","targetHints":{"allow":["GET"]}}],"collection":[{"href":"https:\/\/yutaimachinery.com\/es\/wp-json\/wp\/v2\/product"}],"about":[{"href":"https:\/\/yutaimachinery.com\/es\/wp-json\/wp\/v2\/types\/product"}],"version-history":[{"count":0,"href":"https:\/\/yutaimachinery.com\/es\/wp-json\/wp\/v2\/product\/4471\/revisions"}],"wp:featuredmedia":[{"embeddable":true,"href":"https:\/\/yutaimachinery.com\/es\/wp-json\/wp\/v2\/media\/4472"}],"wp:attachment":[{"href":"https:\/\/yutaimachinery.com\/es\/wp-json\/wp\/v2\/media?parent=4471"}],"wp:term":[{"taxonomy":"product_brand","embeddable":true,"href":"https:\/\/yutaimachinery.com\/es\/wp-json\/wp\/v2\/product_brand?post=4471"},{"taxonomy":"product_cat","embeddable":true,"href":"https:\/\/yutaimachinery.com\/es\/wp-json\/wp\/v2\/product_cat?post=4471"},{"taxonomy":"product_tag","embeddable":true,"href":"https:\/\/yutaimachinery.com\/es\/wp-json\/wp\/v2\/product_tag?post=4471"}],"curies":[{"name":"wp","href":"https:\/\/api.w.org\/{rel}","templated":true}]}}