{"id":4462,"date":"2024-08-20T11:28:36","date_gmt":"2024-08-20T03:28:36","guid":{"rendered":"https:\/\/yutaimachinery.com\/?post_type=product&#038;p=4462"},"modified":"2024-08-20T11:49:11","modified_gmt":"2024-08-20T03:49:11","slug":"cabina-de-esmaltado-9","status":"publish","type":"product","link":"https:\/\/yutaimachinery.com\/es\/product\/screen-exposing-machine\/","title":{"rendered":"M\u00e1quina de exposici\u00f3n de pantalla de vac\u00edo autom\u00e1tica de control por ordenador"},"content":{"rendered":"<div class=\"wp-block-columns is-layout-flex wp-container-core-columns-is-layout-9d6595d7 wp-block-columns-is-layout-flex\">\n<div class=\"wp-block-column is-layout-flow wp-block-column-is-layout-flow\">\n<h2 class=\"wp-block-heading\"><strong><strong>M\u00e1quina de exposici\u00f3n de pantallas<\/strong><\/strong> <strong>Caracter\u00edsticas:<\/strong><\/h2>\n\n\n\n<p>Bomba de vac\u00edo seca de alta potencia, tela de goma de alta tensi\u00f3n.<\/p>\n\n\n\n<p>La aspiraci\u00f3n autom\u00e1tica y la exposici\u00f3n autom\u00e1tica pueden exponer la plancha de forma continua, lo que resulta adecuado para fabricantes con un gran volumen de exposici\u00f3n.<\/p>\n\n\n\n<p>Control por microordenador, con balasto de alta calidad, disparador, l\u00e1mpara de exposici\u00f3n<\/p>\n<\/div>\n\n\n\n<div class=\"wp-block-column is-layout-flow wp-block-column-is-layout-flow\">\n<h2 class=\"wp-block-heading\">M\u00e1quina de exposici\u00f3n de pantallas <strong>Par\u00e1metro:<\/strong><\/h2>\n\n\n\n<figure class=\"wp-block-table\"><table class=\"has-fixed-layout\"><tbody><tr><td>Espec.<\/td><td>1113<\/td><td>1215<\/td><\/tr><tr><td>Superficie m\u00e1xima de impresi\u00f3n<\/td><td>1000x1200mm<\/td><td>1100x1400mm<\/td><\/tr><tr><td>Potencia de iluminaci\u00f3n<\/td><td>2Kw\/220V<\/td><td>3Kw1380V<\/td><\/tr><tr><td>Fuente de alimentaci\u00f3n aplicable<\/td><td>220V<\/td><td>220V\/380V<\/td><\/tr><\/tbody><\/table><\/figure>\n<\/div>\n<\/div>","protected":false},"excerpt":{"rendered":"<p>Yutai Screen Printing Machine Factory es un fabricante y mayorista de m\u00e1quinas de impresi\u00f3n serigr\u00e1fica, m\u00e1quinas de exposici\u00f3n serigr\u00e1fica, m\u00e1quinas de secado serigr\u00e1fico, m\u00e1quinas de cer\u00e1mica, etc. Nuestra f\u00e1brica cuenta con un avanzado equipo t\u00e9cnico y servicio post-venta, proporcionando soluciones personalizadas. Bienvenido a contactarnos para mayor informaci\u00f3n\uff01.<\/p>\n<h2>Soluci\u00f3n integral para m\u00e1quinas de exposici\u00f3n de pantallas:<\/h2>\n<ol>\n<li>\n<p>Precio de f\u00e1brica: Como fabricante de m\u00e1quinas de impresi\u00f3n de cer\u00e1mica, proporcionamos m\u00e1quinas de exposici\u00f3n de pantalla rentables, bienvenido a contactarnos para obtener el precio de f\u00e1brica.<\/p>\n<\/li>\n<li>\n<p>Asistencia t\u00e9cnica: Proporcionar orientaci\u00f3n t\u00e9cnica profesional e instalaci\u00f3n mec\u00e1nica, con gu\u00edas de v\u00eddeo para garantizar un uso r\u00e1pido del producto.<\/p>\n<\/li>\n<li>\n<p>Piezas de recambio: Suministro de una gama de piezas de repuesto originales.<\/p>\n<\/li>\n<li>\n<p>Asistencia posventa: 24 horas de ayuda en l\u00ednea para asegurarse de que est\u00e1 satisfecho con las m\u00e1quinas de exposici\u00f3n de pantalla y que se utiliza sin problemas en su l\u00ednea de producci\u00f3n.<\/p>\n<\/li>\n<\/ol>","protected":false},"featured_media":4463,"template":"","meta":{"_acf_changed":false},"product_brand":[],"product_cat":[59],"product_tag":[],"class_list":{"0":"post-4462","1":"product","2":"type-product","3":"status-publish","4":"has-post-thumbnail","6":"product_cat-ceramic-printing-machine","8":"first","9":"instock","10":"shipping-taxable","11":"product-type-simple"},"acf":{"customization_content":"<h2><\/h2>\r\n<div><\/div>","customization_content_source":{"label":"Customization Content","type":"wysiwyg","formatted_value":"<h2><\/h2>\n<div><\/div>\n"},"why_choose_us_content":"<h2 style=\"text-align: center;\">Why Choose Us as Your Ceramic Printing Machine Supplier<\/h2>\r\n\r\n<hr \/>\r\n<p style=\"text-align: center;\">\u00a0Yutai as a ceramic printing machine manufacturer, maintains strict quality standards and excellent service. Revolutionize your manufacturing processes with cutting-edge automation technology that streamlines forming and enhances efficiency.<\/p>","why_choose_us_content_source":{"label":"Why Choose Us Content","type":"wysiwyg","formatted_value":"<h2 style=\"text-align: center;\">Why Choose Us as Your Ceramic Printing Machine Supplier<\/h2>\n<hr \/>\n<p style=\"text-align: center;\">\u00a0Yutai as a ceramic printing machine manufacturer, maintains strict quality standards and excellent service. Revolutionize your manufacturing processes with cutting-edge automation technology that streamlines forming and enhances efficiency.<\/p>\n"}},"_links":{"self":[{"href":"https:\/\/yutaimachinery.com\/es\/wp-json\/wp\/v2\/product\/4462","targetHints":{"allow":["GET"]}}],"collection":[{"href":"https:\/\/yutaimachinery.com\/es\/wp-json\/wp\/v2\/product"}],"about":[{"href":"https:\/\/yutaimachinery.com\/es\/wp-json\/wp\/v2\/types\/product"}],"version-history":[{"count":0,"href":"https:\/\/yutaimachinery.com\/es\/wp-json\/wp\/v2\/product\/4462\/revisions"}],"wp:featuredmedia":[{"embeddable":true,"href":"https:\/\/yutaimachinery.com\/es\/wp-json\/wp\/v2\/media\/4463"}],"wp:attachment":[{"href":"https:\/\/yutaimachinery.com\/es\/wp-json\/wp\/v2\/media?parent=4462"}],"wp:term":[{"taxonomy":"product_brand","embeddable":true,"href":"https:\/\/yutaimachinery.com\/es\/wp-json\/wp\/v2\/product_brand?post=4462"},{"taxonomy":"product_cat","embeddable":true,"href":"https:\/\/yutaimachinery.com\/es\/wp-json\/wp\/v2\/product_cat?post=4462"},{"taxonomy":"product_tag","embeddable":true,"href":"https:\/\/yutaimachinery.com\/es\/wp-json\/wp\/v2\/product_tag?post=4462"}],"curies":[{"name":"wp","href":"https:\/\/api.w.org\/{rel}","templated":true}]}}