{"id":4453,"date":"2024-08-20T10:45:22","date_gmt":"2024-08-20T02:45:22","guid":{"rendered":"https:\/\/yutaimachinery.com\/?post_type=product&#038;p=4453"},"modified":"2024-08-20T11:15:56","modified_gmt":"2024-08-20T03:15:56","slug":"cabina-de-esmaltado-8","status":"publish","type":"product","link":"https:\/\/yutaimachinery.com\/es\/product\/screen-drying-cabinet\/","title":{"rendered":"Cabina de secado de pantallas Vertical y Horizontal"},"content":{"rendered":"<div class=\"wp-block-columns is-layout-flex wp-container-core-columns-is-layout-9d6595d7 wp-block-columns-is-layout-flex\">\n<div class=\"wp-block-column is-layout-flow wp-block-column-is-layout-flow\">\n<h2 class=\"wp-block-heading\"><strong><strong>Cabina de secado de pantallas<\/strong><\/strong> <strong>Caracter\u00edsticas:<\/strong><\/h2>\n\n\n\n<p>El armario de secado de pantallas se utiliza para secar pantallas despu\u00e9s de lavarlas y pegarlas. Tiene dos dise\u00f1os, horizontal y vertical. El equipo de temperatura constante se instala en el interior para hacer la temperatura uniforme y el efecto de secado bueno. La m\u00e1quina adopta una estructura tipo caj\u00f3n, la cual es f\u00e1cil de empujar y jalar. La caja el\u00e9ctrica resistente a altas temperaturas garantiza la durabilidad del equipo.<\/p>\n<\/div>\n\n\n\n<div class=\"wp-block-column is-layout-flow wp-block-column-is-layout-flow\">\n<h2 class=\"wp-block-heading\">Cabina de secado de pantallas <strong>Par\u00e1metro:<\/strong><\/h2>\n\n\n\n<figure class=\"wp-block-table\"><table class=\"has-fixed-layout\"><tbody><tr><td>Especificaciones<\/td><td>1113<\/td><td>1215<\/td><\/tr><tr><td>Tama\u00f1o m\u00e1ximo de pantalla<\/td><td>1000x1200mm<\/td><td>1100x1400mm<\/td><\/tr><tr><td>Potencia<\/td><td>4KW<\/td><td>6KW<\/td><\/tr><tr><td>Fuente de alimentaci\u00f3n aplicable<\/td><td>220V<\/td><td>220v<\/td><\/tr><\/tbody><\/table><\/figure>\n<\/div>\n<\/div>","protected":false},"excerpt":{"rendered":"<p>El armario de secado de serigraf\u00eda de venta directa de f\u00e1brica se utiliza para secar la pantalla a una temperatura constante, el calor es uniforme, de alta calidad y duradero. Precio de f\u00e1brica, gama completa de soluciones de maquinaria de serigraf\u00eda se proporcionan a usted.<\/p>\n<h2>Soluci\u00f3n integral para armario de secado de pantallas:<\/h2>\n<ol>\n<li>\n<p>Precio de f\u00e1brica: Como fabricante de m\u00e1quinas de impresi\u00f3n de cer\u00e1mica, ofrecemos gabinetes de secado de pantalla rentables, bienvenido a contactarnos para obtener el precio de f\u00e1brica.<\/p>\n<\/li>\n<li>\n<p>Asistencia t\u00e9cnica: Proporcionar orientaci\u00f3n t\u00e9cnica profesional e instalaci\u00f3n mec\u00e1nica, con gu\u00edas de v\u00eddeo para garantizar un uso r\u00e1pido del producto.<\/p>\n<\/li>\n<li>\n<p>Piezas de recambio: Suministro de una gama de piezas de repuesto originales.<\/p>\n<\/li>\n<li>\n<p>Soporte post-venta: 24 horas de ayuda en l\u00ednea para asegurar que usted est\u00e1 satisfecho con los gabinetes de secado de pantalla y que se utiliza sin problemas en su l\u00ednea de producci\u00f3n.<\/p>\n<\/li>\n<\/ol>","protected":false},"featured_media":4457,"template":"","meta":{"_acf_changed":false},"product_brand":[],"product_cat":[59],"product_tag":[],"class_list":{"0":"post-4453","1":"product","2":"type-product","3":"status-publish","4":"has-post-thumbnail","6":"product_cat-ceramic-printing-machine","8":"first","9":"instock","10":"shipping-taxable","11":"product-type-simple"},"acf":{"customization_content":"<h2><\/h2>\r\n<div><\/div>","customization_content_source":{"label":"Customization Content","type":"wysiwyg","formatted_value":"<h2><\/h2>\n<div><\/div>\n"},"why_choose_us_content":"<h2 style=\"text-align: center;\">Why Choose Us as Your Ceramic Printing Machine Supplier<\/h2>\r\n\r\n<hr \/>\r\n<p style=\"text-align: center;\">\u00a0Yutai as a ceramic printing machine manufacturer, maintains strict quality standards and excellent service. Revolutionize your manufacturing processes with cutting-edge automation technology that streamlines forming and enhances efficiency.<\/p>","why_choose_us_content_source":{"label":"Why Choose Us Content","type":"wysiwyg","formatted_value":"<h2 style=\"text-align: center;\">Why Choose Us as Your Ceramic Printing Machine Supplier<\/h2>\n<hr \/>\n<p style=\"text-align: center;\">\u00a0Yutai as a ceramic printing machine manufacturer, maintains strict quality standards and excellent service. Revolutionize your manufacturing processes with cutting-edge automation technology that streamlines forming and enhances efficiency.<\/p>\n"}},"_links":{"self":[{"href":"https:\/\/yutaimachinery.com\/es\/wp-json\/wp\/v2\/product\/4453","targetHints":{"allow":["GET"]}}],"collection":[{"href":"https:\/\/yutaimachinery.com\/es\/wp-json\/wp\/v2\/product"}],"about":[{"href":"https:\/\/yutaimachinery.com\/es\/wp-json\/wp\/v2\/types\/product"}],"version-history":[{"count":0,"href":"https:\/\/yutaimachinery.com\/es\/wp-json\/wp\/v2\/product\/4453\/revisions"}],"wp:featuredmedia":[{"embeddable":true,"href":"https:\/\/yutaimachinery.com\/es\/wp-json\/wp\/v2\/media\/4457"}],"wp:attachment":[{"href":"https:\/\/yutaimachinery.com\/es\/wp-json\/wp\/v2\/media?parent=4453"}],"wp:term":[{"taxonomy":"product_brand","embeddable":true,"href":"https:\/\/yutaimachinery.com\/es\/wp-json\/wp\/v2\/product_brand?post=4453"},{"taxonomy":"product_cat","embeddable":true,"href":"https:\/\/yutaimachinery.com\/es\/wp-json\/wp\/v2\/product_cat?post=4453"},{"taxonomy":"product_tag","embeddable":true,"href":"https:\/\/yutaimachinery.com\/es\/wp-json\/wp\/v2\/product_tag?post=4453"}],"curies":[{"name":"wp","href":"https:\/\/api.w.org\/{rel}","templated":true}]}}