{"id":4435,"date":"2024-08-17T14:16:41","date_gmt":"2024-08-17T06:16:41","guid":{"rendered":"https:\/\/yutaimachinery.com\/?post_type=product&#038;p=4435"},"modified":"2024-08-17T16:00:23","modified_gmt":"2024-08-17T08:00:23","slug":"cabina-de-esmaltado-7","status":"publish","type":"product","link":"https:\/\/yutaimachinery.com\/es\/product\/triple-roll-mill-machine\/","title":{"rendered":"M\u00e1quina de molino de triple rodillo para pigmentos de pintura Precio de f\u00e1brica"},"content":{"rendered":"<div class=\"wp-block-columns is-layout-flex wp-container-core-columns-is-layout-9d6595d7 wp-block-columns-is-layout-flex\">\n<div class=\"wp-block-column is-layout-flow wp-block-column-is-layout-flow\">\n<h2 class=\"wp-block-heading\"><strong><strong>M\u00e1quina de triple laminaci\u00f3n<\/strong><\/strong> <strong>Caracter\u00edsticas:<\/strong><\/h2>\n\n\n\n<p>La m\u00e1quina de molino de triple rodillo se utiliza principalmente para moler diversas pinturas, aceites, jabones, cosm\u00e9ticos, revestimientos, pigmentos qu\u00edmicos, medicamentos, alimentos y otras part\u00edculas. Tiene muchas funciones como triturar, dispersar, ablandar, homogeneizar y tonificar. Es un equipo ideal para la industria de la impresi\u00f3n, la industria qu\u00edmica, la producci\u00f3n.<\/p>\n<\/div>\n\n\n\n<div class=\"wp-block-column is-layout-flow wp-block-column-is-layout-flow\">\n<h2 class=\"wp-block-heading\"><strong><strong>M\u00e1quina de triple laminaci\u00f3n<\/strong><\/strong> <strong>Par\u00e1metro:<\/strong><\/h2>\n\n\n\n<figure class=\"wp-block-table\"><table class=\"has-fixed-layout\"><tbody><tr><td>Especificaciones:<\/td><td>70<\/td><td>120<\/td><td>160<\/td><td>260<\/td><\/tr><tr><td>Relaci\u00f3n de velocidad de los rodillos:<\/td><td>1: 2: 5<\/td><td>1: 3: 9<\/td><td>1: 2: 4.98<\/td><td>1: 2: 5: 25<\/td><\/tr><tr><td>Finura de molienda:<\/td><td>15 Micr\u00f3metro<\/td><td>15 Micr\u00f3metro<\/td><td>15 Micr\u00f3metro<\/td><td>15 Micr\u00f3metro<\/td><\/tr><tr><td>Motor:<\/td><td>0,75 kw<\/td><td>1. 5 kw<\/td><td>2,2 kw<\/td><td>7. 5 kw<\/td><\/tr><tr><td>Dureza del rodillo:<\/td><td>Carbono medio 55<\/td><td>Carbono medio 55<\/td><td>Carbono medio 55<\/td><td>Carbono medio 55<\/td><\/tr><\/tbody><\/table><\/figure>\n<\/div>\n<\/div>","protected":false},"excerpt":{"rendered":"<p>La m\u00e1quina de molino de triple rodillo tiene m\u00faltiples funciones, como triturar y ablandar. Es adecuada para las industrias de impresi\u00f3n y qu\u00edmica para moler productos con requisitos de alta viscosidad y finura. La trituradora fabricada por nosotros es de alta calidad y tiene precio de f\u00e1brica. Si desea m\u00e1s informaci\u00f3n, p\u00f3ngase en contacto con nosotros.<\/p>\n<h2>Soluci\u00f3n integral para m\u00e1quinas de triple laminaci\u00f3n:<\/h2>\n<ol>\n<li>\n<p>Precio de f\u00e1brica: Como fabricante de m\u00e1quinas de impresi\u00f3n de cer\u00e1mica, ofrecemos m\u00e1quinas de molino de triple rodillo rentables, bienvenido a contactarnos para obtener el precio de f\u00e1brica.<\/p>\n<\/li>\n<li>\n<p>Asistencia t\u00e9cnica: Proporcionar orientaci\u00f3n t\u00e9cnica profesional e instalaci\u00f3n mec\u00e1nica, con gu\u00edas de v\u00eddeo para garantizar un uso r\u00e1pido del producto.<\/p>\n<\/li>\n<li>\n<p>Piezas de recambio: Suministro de una gama de piezas de repuesto originales.<\/p>\n<\/li>\n<li>\n<p>Asistencia posventa: 24 horas de ayuda en l\u00ednea para asegurarse de que est\u00e1 satisfecho con las m\u00e1quinas de molino de triple rodillo y que se utiliza sin problemas en su l\u00ednea de producci\u00f3n.<\/p>\n<\/li>\n<\/ol>","protected":false},"featured_media":4441,"template":"","meta":{"_acf_changed":false},"product_brand":[],"product_cat":[59],"product_tag":[],"class_list":{"0":"post-4435","1":"product","2":"type-product","3":"status-publish","4":"has-post-thumbnail","6":"product_cat-ceramic-printing-machine","8":"first","9":"instock","10":"shipping-taxable","11":"product-type-simple"},"acf":{"customization_content":"<h2><\/h2>\r\n<div><\/div>","customization_content_source":{"label":"Customization Content","type":"wysiwyg","formatted_value":"<h2><\/h2>\n<div><\/div>\n"},"why_choose_us_content":"<h2 style=\"text-align: center;\">Why Choose Us as Your Ceramic Print Machine Supplier<\/h2>\r\n\r\n<hr \/>\r\n<p style=\"text-align: center;\">\u00a0Yutai as a ceramic printing machine manufacturer, maintains strict quality standards and excellent service. Revolutionize your manufacturing processes with cutting-edge automation technology that streamlines forming and enhances efficiency.<\/p>","why_choose_us_content_source":{"label":"Why Choose Us Content","type":"wysiwyg","formatted_value":"<h2 style=\"text-align: center;\">Why Choose Us as Your Ceramic Print Machine Supplier<\/h2>\n<hr \/>\n<p style=\"text-align: center;\">\u00a0Yutai as a ceramic printing machine manufacturer, maintains strict quality standards and excellent service. Revolutionize your manufacturing processes with cutting-edge automation technology that streamlines forming and enhances efficiency.<\/p>\n"}},"_links":{"self":[{"href":"https:\/\/yutaimachinery.com\/es\/wp-json\/wp\/v2\/product\/4435","targetHints":{"allow":["GET"]}}],"collection":[{"href":"https:\/\/yutaimachinery.com\/es\/wp-json\/wp\/v2\/product"}],"about":[{"href":"https:\/\/yutaimachinery.com\/es\/wp-json\/wp\/v2\/types\/product"}],"version-history":[{"count":0,"href":"https:\/\/yutaimachinery.com\/es\/wp-json\/wp\/v2\/product\/4435\/revisions"}],"wp:featuredmedia":[{"embeddable":true,"href":"https:\/\/yutaimachinery.com\/es\/wp-json\/wp\/v2\/media\/4441"}],"wp:attachment":[{"href":"https:\/\/yutaimachinery.com\/es\/wp-json\/wp\/v2\/media?parent=4435"}],"wp:term":[{"taxonomy":"product_brand","embeddable":true,"href":"https:\/\/yutaimachinery.com\/es\/wp-json\/wp\/v2\/product_brand?post=4435"},{"taxonomy":"product_cat","embeddable":true,"href":"https:\/\/yutaimachinery.com\/es\/wp-json\/wp\/v2\/product_cat?post=4435"},{"taxonomy":"product_tag","embeddable":true,"href":"https:\/\/yutaimachinery.com\/es\/wp-json\/wp\/v2\/product_tag?post=4435"}],"curies":[{"name":"wp","href":"https:\/\/api.w.org\/{rel}","templated":true}]}}