{"id":4431,"date":"2024-08-13T17:20:19","date_gmt":"2024-08-13T09:20:19","guid":{"rendered":"https:\/\/yutaimachinery.com\/?post_type=product&#038;p=4431"},"modified":"2024-08-13T18:24:10","modified_gmt":"2024-08-13T10:24:10","slug":"cabina-de-esmaltado-6","status":"publish","type":"product","link":"https:\/\/yutaimachinery.com\/es\/product\/glass-manual-screen-printing-table-factory-direct-sales\/","title":{"rendered":"Mesa de serigraf\u00eda manual de vidrio Venta directa de f\u00e1brica"},"content":{"rendered":"<div class=\"wp-block-columns is-layout-flex wp-container-core-columns-is-layout-9d6595d7 wp-block-columns-is-layout-flex\">\n<div class=\"wp-block-column is-layout-flow wp-block-column-is-layout-flow\">\n<h2 class=\"wp-block-heading\"><strong><strong>Mesa de serigraf\u00eda manual<\/strong><\/strong> <strong>Caracter\u00edsticas:<\/strong><\/h2>\n\n\n\n<p>Mesa de cristal, instalar tubo de luz en la mesa, buena transmitancia de luz, f\u00e1cil de registrar.<\/p>\n\n\n\n<p>Los clips de serigraf\u00eda que se utilizan para fijar marcos de serigraf\u00eda pueden estirarse y retraerse libremente, lo que permite imprimir serigraf\u00edas de cualquier tama\u00f1o.<\/p>\n\n\n\n<p>Cabezal de pinza de criba elevable hacia arriba y hacia abajo: disponible para soportar art\u00edculos de distintos grosores.<\/p>\n\n\n\n<p>Fie cremalleras que pueden regular la velocidad de registro de forma r\u00e1pida y precisa.<\/p>\n\n\n\n<p>Dispositivo autom\u00e1tico de protecci\u00f3n de seguridad.<\/p>\n\n\n\n<p>Especificaci\u00f3n: 6070 (Podemos fabricar productos con otras especificaciones por encargo).<\/p>\n\n\n\n<p>Tama\u00f1o m\u00e1ximo de impresi\u00f3n: 550\u00d7650 mm<br>Potencia del tubo de luz: 20 W<br>Potencia del ventilador: 800W\/1220V<br>Fuente de alimentaci\u00f3n aplicable: 220 V<\/p>\n<\/div>\n\n\n\n<div class=\"wp-block-column is-layout-flow wp-block-column-is-layout-flow\">\n<figure class=\"wp-block-image size-full\"><img fetchpriority=\"high\" decoding=\"async\" width=\"800\" height=\"800\" src=\"https:\/\/yutaimachinery.com\/wp-content\/uploads\/2024\/08\/manual-screen-printing-table-2.jpg\" alt=\"mesa de serigraf\u00eda manual\" class=\"wp-image-4424\" title=\"\" srcset=\"https:\/\/yutaimachinery.com\/wp-content\/uploads\/2024\/08\/manual-screen-printing-table-2.jpg 800w, https:\/\/yutaimachinery.com\/wp-content\/uploads\/2024\/08\/manual-screen-printing-table-2-300x300.jpg 300w, https:\/\/yutaimachinery.com\/wp-content\/uploads\/2024\/08\/manual-screen-printing-table-2-150x150.jpg 150w, https:\/\/yutaimachinery.com\/wp-content\/uploads\/2024\/08\/manual-screen-printing-table-2-768x768.jpg 768w, https:\/\/yutaimachinery.com\/wp-content\/uploads\/2024\/08\/manual-screen-printing-table-2-12x12.jpg 12w, https:\/\/yutaimachinery.com\/wp-content\/uploads\/2024\/08\/manual-screen-printing-table-2-285x285.jpg 285w, https:\/\/yutaimachinery.com\/wp-content\/uploads\/2024\/08\/manual-screen-printing-table-2-270x270.jpg 270w, https:\/\/yutaimachinery.com\/wp-content\/uploads\/2024\/08\/manual-screen-printing-table-2-540x540.jpg 540w, https:\/\/yutaimachinery.com\/wp-content\/uploads\/2024\/08\/manual-screen-printing-table-2-660x660.jpg 660w\" sizes=\"(max-width: 800px) 100vw, 800px\" \/><\/figure>\n<\/div>\n<\/div>","protected":false},"excerpt":{"rendered":"<p>Mesa de serigraf\u00eda manual de vidrio, puede imprimir pantallas de cualquier tama\u00f1o, llevar objetos de diferentes espesores, venta directa de f\u00e1brica, una variedad de m\u00e1quinas de serigraf\u00eda para elegir, \u00a1bienvenido a contactar con el fabricante Yutai para una cotizaci\u00f3n gratuita y una soluci\u00f3n personalizada!<\/p>\n<h2>Soluci\u00f3n integral para manuales <strong>mesa de serigraf\u00eda<\/strong>:<\/h2>\n<ol>\n<li>\n<p>Precio de F\u00e1brica: Como fabricante de m\u00e1quinas de serigraf\u00eda, ofrecemos mesas de serigraf\u00eda manual rentables, bienvenido a contactarnos para obtener el precio de f\u00e1brica.<\/p>\n<\/li>\n<li>\n<p>Asistencia t\u00e9cnica: Proporcionar orientaci\u00f3n t\u00e9cnica profesional e instalaci\u00f3n mec\u00e1nica, con gu\u00edas de v\u00eddeo para garantizar un uso r\u00e1pido del producto.<\/p>\n<\/li>\n<li>\n<p>Piezas de recambio: Suministro de una gama de piezas de repuesto originales.<\/p>\n<\/li>\n<li>\n<p>Asistencia posventa: Ayuda en l\u00ednea las 24 horas del d\u00eda para garantizar que est\u00e9 satisfecho con las m\u00e1quinas de serigraf\u00eda y que se utilice sin problemas en su l\u00ednea de producci\u00f3n.<\/p>\n<\/li>\n<\/ol>","protected":false},"featured_media":4424,"template":"","meta":{"_acf_changed":false},"product_brand":[],"product_cat":[59],"product_tag":[],"class_list":{"0":"post-4431","1":"product","2":"type-product","3":"status-publish","4":"has-post-thumbnail","6":"product_cat-ceramic-printing-machine","8":"first","9":"instock","10":"shipping-taxable","11":"product-type-simple"},"acf":{"customization_content":"<h2><\/h2>\r\n<div><\/div>","customization_content_source":{"label":"Customization Content","type":"wysiwyg","formatted_value":"<h2><\/h2>\n<div><\/div>\n"},"why_choose_us_content":"<h2 style=\"text-align: center;\">Why Choose Us as Your Screen Print Machine Supplier<\/h2>\r\n\r\n<hr \/>\r\n<p style=\"text-align: center;\">\u00a0Yutai as a screen printing machine manufacturer, maintains strict quality standards and excellent service. Revolutionize your manufacturing processes with cutting-edge automation technology that streamlines forming and enhances efficiency.<\/p>","why_choose_us_content_source":{"label":"Why Choose Us Content","type":"wysiwyg","formatted_value":"<h2 style=\"text-align: center;\">Why Choose Us as Your Screen Print Machine Supplier<\/h2>\n<hr \/>\n<p style=\"text-align: center;\">\u00a0Yutai as a screen printing machine manufacturer, maintains strict quality standards and excellent service. Revolutionize your manufacturing processes with cutting-edge automation technology that streamlines forming and enhances efficiency.<\/p>\n"}},"_links":{"self":[{"href":"https:\/\/yutaimachinery.com\/es\/wp-json\/wp\/v2\/product\/4431","targetHints":{"allow":["GET"]}}],"collection":[{"href":"https:\/\/yutaimachinery.com\/es\/wp-json\/wp\/v2\/product"}],"about":[{"href":"https:\/\/yutaimachinery.com\/es\/wp-json\/wp\/v2\/types\/product"}],"version-history":[{"count":0,"href":"https:\/\/yutaimachinery.com\/es\/wp-json\/wp\/v2\/product\/4431\/revisions"}],"wp:featuredmedia":[{"embeddable":true,"href":"https:\/\/yutaimachinery.com\/es\/wp-json\/wp\/v2\/media\/4424"}],"wp:attachment":[{"href":"https:\/\/yutaimachinery.com\/es\/wp-json\/wp\/v2\/media?parent=4431"}],"wp:term":[{"taxonomy":"product_brand","embeddable":true,"href":"https:\/\/yutaimachinery.com\/es\/wp-json\/wp\/v2\/product_brand?post=4431"},{"taxonomy":"product_cat","embeddable":true,"href":"https:\/\/yutaimachinery.com\/es\/wp-json\/wp\/v2\/product_cat?post=4431"},{"taxonomy":"product_tag","embeddable":true,"href":"https:\/\/yutaimachinery.com\/es\/wp-json\/wp\/v2\/product_tag?post=4431"}],"curies":[{"name":"wp","href":"https:\/\/api.w.org\/{rel}","templated":true}]}}