{"id":4412,"date":"2024-08-10T19:33:03","date_gmt":"2024-08-10T11:33:03","guid":{"rendered":"https:\/\/yutaimachinery.com\/?post_type=product&#038;p=4412"},"modified":"2024-08-10T19:52:08","modified_gmt":"2024-08-10T11:52:08","slug":"cabina-de-esmaltado-5","status":"publish","type":"product","link":"https:\/\/yutaimachinery.com\/es\/product\/screen-printing-squeegee-sharpener\/","title":{"rendered":"Afilador manual de rasquetas de cinta Serigraf\u00eda"},"content":{"rendered":"<div class=\"wp-block-columns is-layout-flex wp-container-core-columns-is-layout-9d6595d7 wp-block-columns-is-layout-flex\">\n<div class=\"wp-block-column is-layout-flow wp-block-column-is-layout-flow\">\n<h2 class=\"wp-block-heading\"><strong><strong>Rasqueta Afiladora Serigraf\u00eda<\/strong><\/strong> <strong>Caracter\u00edsticas:<\/strong><\/h2>\n\n\n\n<p>El rascador manual de lijado por correa utiliza una correa de lijado y una polea para formar una l\u00ednea recta, lo que puede garantizar la planitud de la hoja del rascador.<\/p>\n\n\n\n<p>La oruga utiliza cojinetes importados para el deslizamiento, lo que permite a los operarios empujar con facilidad.<\/p>\n\n\n\n<p>Este modelo es f\u00e1cil de manejar y mantener.<\/p>\n\n\n\n<p>El \u00e1ngulo del rascador en la ranura de bloqueo se mantiene horizontal, y la presi\u00f3n de molienda es uniforme, lo que garantiza una calidad de impresi\u00f3n estable y buena.<\/p>\n<\/div>\n<\/div>\n\n\n\n<h2 class=\"wp-block-heading\"><strong><strong>Rasqueta Afiladora Serigraf\u00eda<\/strong><\/strong> Par\u00e1metro<\/h2>\n\n\n\n<figure class=\"wp-block-table\"><table class=\"has-fixed-layout\"><tbody><tr><td>Dimensiones<\/td><td>1500\u00d7350\u00d7600 mm<\/td><\/tr><tr><td>Peso<\/td><td>100 kg<\/td><\/tr><tr><td>Carrera de rectificado&nbsp;<\/td><td>400-1200 mm<\/td><\/tr><tr><td>Potencia<\/td><td>220V\/370W<\/td><\/tr><\/tbody><\/table><\/figure>","protected":false},"excerpt":{"rendered":"<p>Yutai Machinery se especializa en la producci\u00f3n de rasquetas de goma, con m\u00e1s de 20 a\u00f1os de experiencia t\u00e9cnica, actuando como agente de fabricantes de m\u00e1quinas de serigraf\u00eda en m\u00e1s de 50 pa\u00edses, con precios preferenciales y garant\u00eda de calidad. Bienvenido a consultar y servirle sinceramente.<\/p>\n<h2>Soluci\u00f3n integral para afiladores de rasquetas:<\/h2>\n<ol>\n<li>\n<p>Precio de f\u00e1brica: Como fabricante de m\u00e1quinas de serigraf\u00eda, proporcionamos m\u00e1quinas de serigraf\u00eda rentables, bienvenido a contactarnos para obtener el precio de f\u00e1brica.<\/p>\n<\/li>\n<li>\n<p>Asistencia t\u00e9cnica: Proporcionar orientaci\u00f3n t\u00e9cnica profesional e instalaci\u00f3n mec\u00e1nica, con gu\u00edas de v\u00eddeo para garantizar un uso r\u00e1pido del producto.<\/p>\n<\/li>\n<li>\n<p>Piezas de recambio: Suministro de una gama de piezas de repuesto originales.<\/p>\n<\/li>\n<li>\n<p>Asistencia posventa: Ayuda en l\u00ednea las 24 horas del d\u00eda para garantizar que est\u00e9 satisfecho con las m\u00e1quinas de serigraf\u00eda y que se utilice sin problemas en su l\u00ednea de producci\u00f3n.<\/p>\n<\/li>\n<\/ol>","protected":false},"featured_media":4413,"template":"","meta":{"_acf_changed":false},"product_brand":[],"product_cat":[59],"product_tag":[],"class_list":{"0":"post-4412","1":"product","2":"type-product","3":"status-publish","4":"has-post-thumbnail","6":"product_cat-ceramic-printing-machine","8":"first","9":"instock","10":"shipping-taxable","11":"product-type-simple"},"acf":{"customization_content":"<h2><\/h2>\r\n<div><\/div>","customization_content_source":{"label":"Customization Content","type":"wysiwyg","formatted_value":"<h2><\/h2>\n<div><\/div>\n"},"why_choose_us_content":"<h2 style=\"text-align: center;\">Why Choose Us as Your Screen Print Machine Supplier<\/h2>\r\n\r\n<hr \/>\r\n<p style=\"text-align: center;\">\u00a0Yutai as a screen printing machine manufacturer, maintains strict quality standards and excellent service. Revolutionize your manufacturing processes with cutting-edge automation technology that streamlines forming and enhances efficiency.<\/p>","why_choose_us_content_source":{"label":"Why Choose Us Content","type":"wysiwyg","formatted_value":"<h2 style=\"text-align: center;\">Why Choose Us as Your Screen Print Machine Supplier<\/h2>\n<hr \/>\n<p style=\"text-align: center;\">\u00a0Yutai as a screen printing machine manufacturer, maintains strict quality standards and excellent service. Revolutionize your manufacturing processes with cutting-edge automation technology that streamlines forming and enhances efficiency.<\/p>\n"}},"_links":{"self":[{"href":"https:\/\/yutaimachinery.com\/es\/wp-json\/wp\/v2\/product\/4412","targetHints":{"allow":["GET"]}}],"collection":[{"href":"https:\/\/yutaimachinery.com\/es\/wp-json\/wp\/v2\/product"}],"about":[{"href":"https:\/\/yutaimachinery.com\/es\/wp-json\/wp\/v2\/types\/product"}],"version-history":[{"count":0,"href":"https:\/\/yutaimachinery.com\/es\/wp-json\/wp\/v2\/product\/4412\/revisions"}],"wp:featuredmedia":[{"embeddable":true,"href":"https:\/\/yutaimachinery.com\/es\/wp-json\/wp\/v2\/media\/4413"}],"wp:attachment":[{"href":"https:\/\/yutaimachinery.com\/es\/wp-json\/wp\/v2\/media?parent=4412"}],"wp:term":[{"taxonomy":"product_brand","embeddable":true,"href":"https:\/\/yutaimachinery.com\/es\/wp-json\/wp\/v2\/product_brand?post=4412"},{"taxonomy":"product_cat","embeddable":true,"href":"https:\/\/yutaimachinery.com\/es\/wp-json\/wp\/v2\/product_cat?post=4412"},{"taxonomy":"product_tag","embeddable":true,"href":"https:\/\/yutaimachinery.com\/es\/wp-json\/wp\/v2\/product_tag?post=4412"}],"curies":[{"name":"wp","href":"https:\/\/api.w.org\/{rel}","templated":true}]}}