{"id":4376,"date":"2024-08-07T14:58:27","date_gmt":"2024-08-07T06:58:27","guid":{"rendered":"https:\/\/yutaimachinery.com\/?post_type=product&#038;p=4376"},"modified":"2024-08-07T17:07:18","modified_gmt":"2024-08-07T09:07:18","slug":"cabina-de-esmaltado-3","status":"publish","type":"product","link":"https:\/\/yutaimachinery.com\/es\/product\/screen-print-machine\/","title":{"rendered":"M\u00e1quina impresora de serigraf\u00eda autom\u00e1tica M\u00e1quina impresora de tazas de superficie curva"},"content":{"rendered":"<div class=\"wp-block-columns is-layout-flex wp-container-core-columns-is-layout-9d6595d7 wp-block-columns-is-layout-flex\">\n<div class=\"wp-block-column is-layout-flow wp-block-column-is-layout-flow\">\n<h2 class=\"wp-block-heading\"><strong><strong>M\u00e1quina de serigraf\u00eda<\/strong><\/strong> <strong>Caracter\u00edsticas:<\/strong><\/h2>\n\n\n\n<p>Control por microordenador PLC con pantalla t\u00e1ctil, manejo sencillo<\/p>\n\n\n\n<p>La carrera y la velocidad de impresi\u00f3n son ajustables para satisfacer diferentes requisitos de impresi\u00f3n.<\/p>\n\n\n\n<p>El banco de trabajo puede ajustarse con precisi\u00f3n hacia arriba y hacia abajo, hacia la izquierda y hacia la derecha, y el \u00e1ngulo del plano puede ajustarse para una impresi\u00f3n precisa.<\/p>\n\n\n\n<p>Raspa autom\u00e1ticamente la tinta, devuelve la tinta, levanta el banco de trabajo, etc., lo que no s\u00f3lo simplifica el funcionamiento, sino que tambi\u00e9n garantiza la estabilidad de la calidad de impresi\u00f3n.<\/p>\n<\/div>\n\n\n\n<div class=\"wp-block-column is-layout-flow wp-block-column-is-layout-flow\">\n<figure class=\"wp-block-image size-full\"><img fetchpriority=\"high\" decoding=\"async\" width=\"480\" height=\"480\" src=\"https:\/\/yutaimachinery.com\/wp-content\/uploads\/2024\/08\/screen-print-machine-1.webp\" alt=\"m\u00e1quina de serigraf\u00eda\" class=\"wp-image-4377\" title=\"\" srcset=\"https:\/\/yutaimachinery.com\/wp-content\/uploads\/2024\/08\/screen-print-machine-1.webp 480w, https:\/\/yutaimachinery.com\/wp-content\/uploads\/2024\/08\/screen-print-machine-1-300x300.webp 300w, https:\/\/yutaimachinery.com\/wp-content\/uploads\/2024\/08\/screen-print-machine-1-150x150.webp 150w, https:\/\/yutaimachinery.com\/wp-content\/uploads\/2024\/08\/screen-print-machine-1-12x12.webp 12w, https:\/\/yutaimachinery.com\/wp-content\/uploads\/2024\/08\/screen-print-machine-1-285x285.webp 285w, https:\/\/yutaimachinery.com\/wp-content\/uploads\/2024\/08\/screen-print-machine-1-270x270.webp 270w\" sizes=\"(max-width: 480px) 100vw, 480px\" \/><\/figure>\n<\/div>\n<\/div>\n\n\n\n<div class=\"wp-block-columns is-layout-flex wp-container-core-columns-is-layout-9d6595d7 wp-block-columns-is-layout-flex\">\n<div class=\"wp-block-column is-layout-flow wp-block-column-is-layout-flow\">\n<figure class=\"wp-block-image size-full\"><img decoding=\"async\" width=\"1080\" height=\"1440\" src=\"https:\/\/yutaimachinery.com\/wp-content\/uploads\/2024\/08\/screen-print-machine-3-edited.webp\" alt=\"m\u00e1quina de serigraf\u00eda para tazas\" class=\"wp-image-4391\" title=\"\" srcset=\"https:\/\/yutaimachinery.com\/wp-content\/uploads\/2024\/08\/screen-print-machine-3-edited.webp 1080w, https:\/\/yutaimachinery.com\/wp-content\/uploads\/2024\/08\/screen-print-machine-3-edited-225x300.webp 225w, https:\/\/yutaimachinery.com\/wp-content\/uploads\/2024\/08\/screen-print-machine-3-edited-768x1024.webp 768w, https:\/\/yutaimachinery.com\/wp-content\/uploads\/2024\/08\/screen-print-machine-3-edited-9x12.webp 9w, https:\/\/yutaimachinery.com\/wp-content\/uploads\/2024\/08\/screen-print-machine-3-edited-285x380.webp 285w, https:\/\/yutaimachinery.com\/wp-content\/uploads\/2024\/08\/screen-print-machine-3-edited-495x660.webp 495w, https:\/\/yutaimachinery.com\/wp-content\/uploads\/2024\/08\/screen-print-machine-3-edited-113x150.webp 113w\" sizes=\"(max-width: 1080px) 100vw, 1080px\" \/><\/figure>\n<\/div>\n\n\n\n<div class=\"wp-block-column is-layout-flow wp-block-column-is-layout-flow\">\n<figure class=\"wp-block-image size-full\"><img decoding=\"async\" width=\"899\" height=\"1199\" src=\"https:\/\/yutaimachinery.com\/wp-content\/uploads\/2024\/08\/screen-print-machine-2-1-edited.webp\" alt=\"m\u00e1quina de serigraf\u00eda para tazas\" class=\"wp-image-4392\" title=\"\" srcset=\"https:\/\/yutaimachinery.com\/wp-content\/uploads\/2024\/08\/screen-print-machine-2-1-edited.webp 899w, https:\/\/yutaimachinery.com\/wp-content\/uploads\/2024\/08\/screen-print-machine-2-1-edited-225x300.webp 225w, https:\/\/yutaimachinery.com\/wp-content\/uploads\/2024\/08\/screen-print-machine-2-1-edited-768x1024.webp 768w, https:\/\/yutaimachinery.com\/wp-content\/uploads\/2024\/08\/screen-print-machine-2-1-edited-9x12.webp 9w, https:\/\/yutaimachinery.com\/wp-content\/uploads\/2024\/08\/screen-print-machine-2-1-edited-285x380.webp 285w, https:\/\/yutaimachinery.com\/wp-content\/uploads\/2024\/08\/screen-print-machine-2-1-edited-495x660.webp 495w, https:\/\/yutaimachinery.com\/wp-content\/uploads\/2024\/08\/screen-print-machine-2-1-edited-112x150.webp 112w\" sizes=\"(max-width: 899px) 100vw, 899px\" \/><\/figure>\n<\/div>\n\n\n\n<div class=\"wp-block-column is-layout-flow wp-block-column-is-layout-flow\">\n<figure class=\"wp-block-image size-full is-resized\"><img loading=\"lazy\" decoding=\"async\" width=\"1146\" height=\"1146\" src=\"https:\/\/yutaimachinery.com\/wp-content\/uploads\/2024\/08\/screen-print-machine-4-edited.webp\" alt=\"m\u00e1quina de serigraf\u00eda para tazas\" class=\"wp-image-4387\" style=\"width:166px;height:auto\" title=\"\" srcset=\"https:\/\/yutaimachinery.com\/wp-content\/uploads\/2024\/08\/screen-print-machine-4-edited.webp 1146w, https:\/\/yutaimachinery.com\/wp-content\/uploads\/2024\/08\/screen-print-machine-4-edited-300x300.webp 300w, https:\/\/yutaimachinery.com\/wp-content\/uploads\/2024\/08\/screen-print-machine-4-edited-150x150.webp 150w, https:\/\/yutaimachinery.com\/wp-content\/uploads\/2024\/08\/screen-print-machine-4-edited-768x768.webp 768w, https:\/\/yutaimachinery.com\/wp-content\/uploads\/2024\/08\/screen-print-machine-4-edited-12x12.webp 12w, https:\/\/yutaimachinery.com\/wp-content\/uploads\/2024\/08\/screen-print-machine-4-edited-285x285.webp 285w, https:\/\/yutaimachinery.com\/wp-content\/uploads\/2024\/08\/screen-print-machine-4-edited-270x270.webp 270w, https:\/\/yutaimachinery.com\/wp-content\/uploads\/2024\/08\/screen-print-machine-4-edited-540x540.webp 540w, https:\/\/yutaimachinery.com\/wp-content\/uploads\/2024\/08\/screen-print-machine-4-edited-660x660.webp 660w\" sizes=\"(max-width: 1146px) 100vw, 1146px\" \/><\/figure>\n\n\n\n<figure class=\"wp-block-image size-full is-resized\"><img loading=\"lazy\" decoding=\"async\" width=\"955\" height=\"955\" src=\"https:\/\/yutaimachinery.com\/wp-content\/uploads\/2024\/08\/screen-print-machine-5-edited.webp\" alt=\"m\u00e1quina de serigraf\u00eda para tazas\" class=\"wp-image-4388\" style=\"width:163px;height:auto\" title=\"\" srcset=\"https:\/\/yutaimachinery.com\/wp-content\/uploads\/2024\/08\/screen-print-machine-5-edited.webp 955w, https:\/\/yutaimachinery.com\/wp-content\/uploads\/2024\/08\/screen-print-machine-5-edited-300x300.webp 300w, https:\/\/yutaimachinery.com\/wp-content\/uploads\/2024\/08\/screen-print-machine-5-edited-150x150.webp 150w, https:\/\/yutaimachinery.com\/wp-content\/uploads\/2024\/08\/screen-print-machine-5-edited-768x768.webp 768w, https:\/\/yutaimachinery.com\/wp-content\/uploads\/2024\/08\/screen-print-machine-5-edited-12x12.webp 12w, https:\/\/yutaimachinery.com\/wp-content\/uploads\/2024\/08\/screen-print-machine-5-edited-285x285.webp 285w, https:\/\/yutaimachinery.com\/wp-content\/uploads\/2024\/08\/screen-print-machine-5-edited-270x270.webp 270w, https:\/\/yutaimachinery.com\/wp-content\/uploads\/2024\/08\/screen-print-machine-5-edited-540x540.webp 540w, https:\/\/yutaimachinery.com\/wp-content\/uploads\/2024\/08\/screen-print-machine-5-edited-660x660.webp 660w\" sizes=\"(max-width: 955px) 100vw, 955px\" \/><\/figure>\n<\/div>\n<\/div>\n\n\n\n<h2 class=\"wp-block-heading\"><strong><strong>M\u00e1quina de serigraf\u00eda<\/strong><\/strong> Par\u00e1metros<\/h2>\n\n\n\n<figure class=\"wp-block-table\"><table class=\"has-fixed-layout\"><tbody><tr><td>Modelo<\/td><td>YT-250<\/td><td>YT-400<\/td><td>YT-800<\/td><\/tr><tr><td>Tama\u00f1o m\u00e1ximo de impresi\u00f3n<\/td><td>70\u00d7200 mm<\/td><td>120\u00d7400 mm<\/td><td>254\u00d7800 mm<\/td><\/tr><tr><td>Dimensi\u00f3n<\/td><td>75x58x128 mm<\/td><td>96x99x138 mm<\/td><td><\/td><\/tr><tr><td>Tensi\u00f3n<\/td><td>220V\/50Hz 60W<\/td><td>220V\/50Hz 60W<\/td><td>220V\/50Hz 60W<\/td><\/tr><tr><td>Luz<\/td><td>100 kg<\/td><td>138 kg<\/td><td>180 kg<\/td><\/tr><tr><td>Velocidad<\/td><td>25 veces\/min<\/td><td>20 veces\/min<\/td><td>15 veces\/min<\/td><\/tr><tr><td>Presi\u00f3n del aire<\/td><td>5bar<\/td><td>5bar<\/td><td>5bar<\/td><\/tr><\/tbody><\/table><\/figure>\n\n\n\n<p><\/p>","protected":false},"excerpt":{"rendered":"<p>M\u00e1quina autom\u00e1tica de serigraf\u00eda de superficie curva, efecto de impresi\u00f3n brillante, velocidad r\u00e1pida, ahorro de mano de obra, precio favorable, adecuada para la impresi\u00f3n a gran escala de tazas, tazas, vasos de pl\u00e1stico, vasos de vidrio, etc.<\/p>\n<h2>Soluci\u00f3n integral para m\u00e1quinas de serigraf\u00eda:<\/h2>\n<ol>\n<li>\n<p>Precio de f\u00e1brica: Como fabricante de m\u00e1quinas de serigraf\u00eda, proporcionamos m\u00e1quinas de serigraf\u00eda rentables, bienvenido a contactarnos para obtener el precio de f\u00e1brica.<\/p>\n<\/li>\n<li>\n<p>Asistencia t\u00e9cnica: Proporcionar orientaci\u00f3n t\u00e9cnica profesional e instalaci\u00f3n mec\u00e1nica, con gu\u00edas de v\u00eddeo para garantizar un uso r\u00e1pido del producto.<\/p>\n<\/li>\n<li>\n<p>Piezas de recambio: Suministro de una gama de piezas de repuesto originales.<\/p>\n<\/li>\n<li>\n<p>Asistencia posventa: Ayuda en l\u00ednea las 24 horas del d\u00eda para garantizar que est\u00e9 satisfecho con las m\u00e1quinas de serigraf\u00eda y que se utilice sin problemas en su l\u00ednea de producci\u00f3n.<\/p>\n<\/li>\n<\/ol>","protected":false},"featured_media":4377,"template":"","meta":{"_acf_changed":false},"product_brand":[],"product_cat":[59],"product_tag":[],"class_list":{"0":"post-4376","1":"product","2":"type-product","3":"status-publish","4":"has-post-thumbnail","6":"product_cat-ceramic-printing-machine","8":"first","9":"instock","10":"shipping-taxable","11":"product-type-simple"},"acf":{"customization_content":"<h2><\/h2>\r\n<div><\/div>","customization_content_source":{"label":"Customization Content","type":"wysiwyg","formatted_value":"<h2><\/h2>\n<div><\/div>\n"},"why_choose_us_content":"<h2 style=\"text-align: center;\">Why Choose Us as Your Screen Print Machine Supplier<\/h2>\r\n\r\n<hr \/>\r\n<p style=\"text-align: center;\">\u00a0Yutai as a screen printing machine manufacturer, maintains strict quality standards and excellent service. Revolutionize your manufacturing processes with cutting-edge automation technology that streamlines forming and enhances efficiency.<\/p>","why_choose_us_content_source":{"label":"Why Choose Us Content","type":"wysiwyg","formatted_value":"<h2 style=\"text-align: center;\">Why Choose Us as Your Screen Print Machine Supplier<\/h2>\n<hr \/>\n<p style=\"text-align: center;\">\u00a0Yutai as a screen printing machine manufacturer, maintains strict quality standards and excellent service. Revolutionize your manufacturing processes with cutting-edge automation technology that streamlines forming and enhances efficiency.<\/p>\n"}},"_links":{"self":[{"href":"https:\/\/yutaimachinery.com\/es\/wp-json\/wp\/v2\/product\/4376","targetHints":{"allow":["GET"]}}],"collection":[{"href":"https:\/\/yutaimachinery.com\/es\/wp-json\/wp\/v2\/product"}],"about":[{"href":"https:\/\/yutaimachinery.com\/es\/wp-json\/wp\/v2\/types\/product"}],"version-history":[{"count":0,"href":"https:\/\/yutaimachinery.com\/es\/wp-json\/wp\/v2\/product\/4376\/revisions"}],"wp:featuredmedia":[{"embeddable":true,"href":"https:\/\/yutaimachinery.com\/es\/wp-json\/wp\/v2\/media\/4377"}],"wp:attachment":[{"href":"https:\/\/yutaimachinery.com\/es\/wp-json\/wp\/v2\/media?parent=4376"}],"wp:term":[{"taxonomy":"product_brand","embeddable":true,"href":"https:\/\/yutaimachinery.com\/es\/wp-json\/wp\/v2\/product_brand?post=4376"},{"taxonomy":"product_cat","embeddable":true,"href":"https:\/\/yutaimachinery.com\/es\/wp-json\/wp\/v2\/product_cat?post=4376"},{"taxonomy":"product_tag","embeddable":true,"href":"https:\/\/yutaimachinery.com\/es\/wp-json\/wp\/v2\/product_tag?post=4376"}],"curies":[{"name":"wp","href":"https:\/\/api.w.org\/{rel}","templated":true}]}}