{"id":4368,"date":"2024-08-06T10:03:26","date_gmt":"2024-08-06T02:03:26","guid":{"rendered":"https:\/\/yutaimachinery.com\/?post_type=product&#038;p=4368"},"modified":"2024-08-10T18:23:36","modified_gmt":"2024-08-10T10:23:36","slug":"cabina-de-esmaltado-12","status":"publish","type":"product","link":"https:\/\/yutaimachinery.com\/es\/product\/screen-printing-machine\/","title":{"rendered":"M\u00e1quina de serigraf\u00eda vertical plana de alta precisi\u00f3n"},"content":{"rendered":"<div class=\"wp-block-columns is-layout-flex wp-container-core-columns-is-layout-9d6595d7 wp-block-columns-is-layout-flex\">\n<div class=\"wp-block-column is-layout-flow wp-block-column-is-layout-flow\">\n<h2 class=\"wp-block-heading\"><strong><strong>M\u00e1quina de serigraf\u00eda<\/strong><\/strong> <strong>Caracter\u00edsticas:<\/strong><\/h2>\n\n\n\n<p>La plancha de serigraf\u00eda puede subir y bajar por electromotricidad, la tinta fluye sin desviaci\u00f3n, impresi\u00f3n sin desviaci\u00f3n.<\/p>\n\n\n\n<p>Control por microordenador, elevaci\u00f3n y descenso controlados por transductor Adderley e impresi\u00f3n<\/p>\n\n\n\n<p>Adopta carril gu\u00eda importado, cilindro SMC y \u00f3rgano neum\u00e1tico, garant\u00eda de calidad<\/p>\n\n\n\n<p>El contrachapado se controla mediante equipos autom\u00e1ticos y garantiza su inamovilidad.<\/p>\n\n\n\n<p>Adecuada para diversas impresiones, como placas de circuitos de interruptores de membrana, calcoman\u00edas cer\u00e1micas, vidrio met\u00e1lico y todos los materiales de l\u00e1minas gruesas.<\/p>\n<\/div>\n\n\n\n<div class=\"wp-block-column is-layout-flow wp-block-column-is-layout-flow\"><div class=\"wp-block-image\">\n<figure class=\"aligncenter size-full is-resized\"><img fetchpriority=\"high\" decoding=\"async\" width=\"568\" height=\"642\" src=\"https:\/\/yutaimachinery.com\/wp-content\/uploads\/2024\/08\/screen-printing-machine-3.jpg\" alt=\"m\u00e1quina de serigraf\u00eda\" class=\"wp-image-4370\" style=\"width:333px;height:auto\" title=\"\" srcset=\"https:\/\/yutaimachinery.com\/wp-content\/uploads\/2024\/08\/screen-printing-machine-3.jpg 568w, https:\/\/yutaimachinery.com\/wp-content\/uploads\/2024\/08\/screen-printing-machine-3-265x300.jpg 265w, https:\/\/yutaimachinery.com\/wp-content\/uploads\/2024\/08\/screen-printing-machine-3-11x12.jpg 11w, https:\/\/yutaimachinery.com\/wp-content\/uploads\/2024\/08\/screen-printing-machine-3-285x322.jpg 285w, https:\/\/yutaimachinery.com\/wp-content\/uploads\/2024\/08\/screen-printing-machine-3-133x150.jpg 133w\" sizes=\"(max-width: 568px) 100vw, 568px\" \/><\/figure>\n<\/div><\/div>\n<\/div>\n\n\n\n<div class=\"wp-block-columns is-layout-flex wp-container-core-columns-is-layout-9d6595d7 wp-block-columns-is-layout-flex\">\n<div class=\"wp-block-column is-layout-flow wp-block-column-is-layout-flow\">\n<figure class=\"wp-block-embed is-type-video is-provider-youtube wp-block-embed-youtube wp-embed-aspect-4-3 wp-has-aspect-ratio\"><div class=\"wp-block-embed__wrapper\">\n<iframe title=\"M\u00e1quina de corte vertical de pantalla plana YT\" width=\"940\" height=\"705\" src=\"https:\/\/www.youtube.com\/embed\/KB9A3u5zQF0?feature=oembed\" frameborder=\"0\" allow=\"accelerometer; autoplay; clipboard-write; encrypted-media; gyroscope; picture-in-picture; web-share\" referrerpolicy=\"strict-origin-when-cross-origin\" allowfullscreen><\/iframe>\n<\/div><\/figure>\n<\/div>\n\n\n\n<div class=\"wp-block-column is-layout-flow wp-block-column-is-layout-flow\">\n<h2 class=\"wp-block-heading\"><strong><strong>M\u00e1quina de serigraf\u00eda<\/strong><\/strong> <strong>Caracter\u00edsticas:<\/strong><\/h2>\n\n\n\n<figure class=\"wp-block-table\"><table class=\"has-fixed-layout\"><tbody><tr><td>MODELO<\/td><td>YT4060<\/td><td>YT6090<\/td><td>YT80120<\/td><td>YT1218<\/td><\/tr><tr><td>MAX. DE IMPRESI\u00d3N<\/td><td>400\u00d7600 mm<\/td><td>600\u00d7900 mm<\/td><td>800\u00d71200 mm<\/td><td>1200\u00d71800 mm<\/td><\/tr><tr><td>M\u00c1X. TAMA\u00d1O DEL MARCO DE LA PANTALLA<\/td><td>700\u00d7900 mm<\/td><td>800\u00d71100 mm<\/td><td>1000\u00d71400 mm<\/td><td>1400\u00d72000 mm<\/td><\/tr><tr><td>M\u00c1X. VELOCIDAD DE IMPRESI\u00d3N<\/td><td>1000 veces<\/td><td>1000 veces<\/td><td>800 veces<\/td><td>600 veces<\/td><\/tr><tr><td>PRESI\u00d3N DEL AIRE DE TRABAJO<\/td><td>0,5-0,7 mpa<\/td><td>0,5-0,7 mpa<\/td><td>0,6-0,9 mpa<\/td><td>0,6-0,9 mpa<\/td><\/tr><tr><td>TENSI\u00d3N DE ALIMENTACI\u00d3N<\/td><td>220v\/13KW<\/td><td>220v\/14 KW<\/td><td>380V\/4KW<\/td><td>380v\/4KW<\/td><\/tr><\/tbody><\/table><\/figure>\n<\/div>\n<\/div>","protected":false},"excerpt":{"rendered":"<p>M\u00e1quina de serigraf\u00eda de venta directa de f\u00e1brica, elevaci\u00f3n el\u00e9ctrica, alta precisi\u00f3n y alta calidad, adecuada para diversas impresiones, como calcoman\u00edas de cer\u00e1mica, vidrio met\u00e1lico, placas de circuitos de interruptores, etc. \u00a1Proporcione la direcci\u00f3n t\u00e9cnica del precio de f\u00e1brica, recepci\u00f3n para entrarnos en contacto con para la cita libre!<\/p>\n<h2>Soluci\u00f3n integral para m\u00e1quinas de serigraf\u00eda:<\/h2>\n<ol>\n<li>\n<p>Precio de f\u00e1brica: Como fabricante de m\u00e1quinas de serigraf\u00eda, proporcionamos m\u00e1quinas de serigraf\u00eda rentables, bienvenido a contactarnos para obtener el precio de f\u00e1brica.<\/p>\n<\/li>\n<li>\n<p>Asistencia t\u00e9cnica: Proporcionar orientaci\u00f3n t\u00e9cnica profesional e instalaci\u00f3n mec\u00e1nica, con gu\u00edas de v\u00eddeo para garantizar un uso r\u00e1pido del producto.<\/p>\n<\/li>\n<li>\n<p>Piezas de recambio: Suministro de una gama de piezas de repuesto originales.<\/p>\n<\/li>\n<li>\n<p>Asistencia posventa: Ayuda en l\u00ednea las 24 horas del d\u00eda para garantizar que est\u00e9 satisfecho con las m\u00e1quinas de serigraf\u00eda y que se utilice sin problemas en su l\u00ednea de producci\u00f3n.<\/p>\n<\/li>\n<\/ol>","protected":false},"featured_media":4373,"template":"","meta":{"_acf_changed":false},"product_brand":[],"product_cat":[59],"product_tag":[86],"class_list":{"0":"post-4368","1":"product","2":"type-product","3":"status-publish","4":"has-post-thumbnail","6":"product_cat-ceramic-printing-machine","7":"product_tag-glazing-spray-machine","9":"first","10":"instock","11":"shipping-taxable","12":"product-type-simple"},"acf":{"customization_content":"<h2><\/h2>\r\n<div><\/div>","customization_content_source":{"label":"Customization Content","type":"wysiwyg","formatted_value":"<h2><\/h2>\n<div><\/div>\n"},"why_choose_us_content":"<h2 style=\"text-align: center;\">Why Choose Us as Your Screen Printing Machine Supplier<\/h2>\r\n\r\n<hr \/>\r\n<p style=\"text-align: center;\">\u00a0Yutai as a screen printing machine manufacturer, maintains strict quality standards and excellent service. Revolutionize your manufacturing processes with cutting-edge automation technology that streamlines forming and enhances efficiency.<\/p>","why_choose_us_content_source":{"label":"Why Choose Us Content","type":"wysiwyg","formatted_value":"<h2 style=\"text-align: center;\">Why Choose Us as Your Screen Printing Machine Supplier<\/h2>\n<hr \/>\n<p style=\"text-align: center;\">\u00a0Yutai as a screen printing machine manufacturer, maintains strict quality standards and excellent service. Revolutionize your manufacturing processes with cutting-edge automation technology that streamlines forming and enhances efficiency.<\/p>\n"}},"_links":{"self":[{"href":"https:\/\/yutaimachinery.com\/es\/wp-json\/wp\/v2\/product\/4368","targetHints":{"allow":["GET"]}}],"collection":[{"href":"https:\/\/yutaimachinery.com\/es\/wp-json\/wp\/v2\/product"}],"about":[{"href":"https:\/\/yutaimachinery.com\/es\/wp-json\/wp\/v2\/types\/product"}],"version-history":[{"count":0,"href":"https:\/\/yutaimachinery.com\/es\/wp-json\/wp\/v2\/product\/4368\/revisions"}],"wp:featuredmedia":[{"embeddable":true,"href":"https:\/\/yutaimachinery.com\/es\/wp-json\/wp\/v2\/media\/4373"}],"wp:attachment":[{"href":"https:\/\/yutaimachinery.com\/es\/wp-json\/wp\/v2\/media?parent=4368"}],"wp:term":[{"taxonomy":"product_brand","embeddable":true,"href":"https:\/\/yutaimachinery.com\/es\/wp-json\/wp\/v2\/product_brand?post=4368"},{"taxonomy":"product_cat","embeddable":true,"href":"https:\/\/yutaimachinery.com\/es\/wp-json\/wp\/v2\/product_cat?post=4368"},{"taxonomy":"product_tag","embeddable":true,"href":"https:\/\/yutaimachinery.com\/es\/wp-json\/wp\/v2\/product_tag?post=4368"}],"curies":[{"name":"wp","href":"https:\/\/api.w.org\/{rel}","templated":true}]}}