{"id":4195,"date":"2024-06-14T22:21:55","date_gmt":"2024-06-14T14:21:55","guid":{"rendered":"https:\/\/yutaimachinery.com\/?post_type=product&#038;p=4195"},"modified":"2024-06-14T23:18:35","modified_gmt":"2024-06-14T15:18:35","slug":"horno-tunel-de-ceramica","status":"publish","type":"product","link":"https:\/\/yutaimachinery.com\/es\/product\/ceramic-tunnel-kiln\/","title":{"rendered":"Horno t\u00fanel de cer\u00e1mica autom\u00e1tico \u00d3rbita circular para calcoman\u00edas de cer\u00e1mica"},"content":{"rendered":"<div class=\"wp-block-columns is-layout-flex wp-container-core-columns-is-layout-9d6595d7 wp-block-columns-is-layout-flex\">\n<div class=\"wp-block-column is-layout-flow wp-block-column-is-layout-flow\">\n<figure class=\"wp-block-image size-full\"><img fetchpriority=\"high\" decoding=\"async\" width=\"2129\" height=\"2129\" src=\"https:\/\/yutaimachinery.com\/wp-content\/uploads\/2024\/06\/ceramic-tunnel-kiln6.webp\" alt=\"horno t\u00fanel de cer\u00e1mica\" class=\"wp-image-4186\" title=\"\" srcset=\"https:\/\/yutaimachinery.com\/wp-content\/uploads\/2024\/06\/ceramic-tunnel-kiln6.webp 2129w, https:\/\/yutaimachinery.com\/wp-content\/uploads\/2024\/06\/ceramic-tunnel-kiln6-300x300.webp 300w, https:\/\/yutaimachinery.com\/wp-content\/uploads\/2024\/06\/ceramic-tunnel-kiln6-150x150.webp 150w, https:\/\/yutaimachinery.com\/wp-content\/uploads\/2024\/06\/ceramic-tunnel-kiln6-768x768.webp 768w, https:\/\/yutaimachinery.com\/wp-content\/uploads\/2024\/06\/ceramic-tunnel-kiln6-285x285.webp 285w, https:\/\/yutaimachinery.com\/wp-content\/uploads\/2024\/06\/ceramic-tunnel-kiln6-1600x1600.webp 1600w, https:\/\/yutaimachinery.com\/wp-content\/uploads\/2024\/06\/ceramic-tunnel-kiln6-270x270.webp 270w, https:\/\/yutaimachinery.com\/wp-content\/uploads\/2024\/06\/ceramic-tunnel-kiln6-540x540.webp 540w, https:\/\/yutaimachinery.com\/wp-content\/uploads\/2024\/06\/ceramic-tunnel-kiln6-660x660.webp 660w\" sizes=\"(max-width: 2129px) 100vw, 2129px\" \/><\/figure>\n<\/div>\n\n\n\n<div class=\"wp-block-column is-layout-flow wp-block-column-is-layout-flow\">\n<h2 class=\"wp-block-heading\"><strong>Caracter\u00edsticas de<\/strong> Horno t\u00fanel de cer\u00e1mica<\/h2>\n\n\n\n<p>Alto aprovechamiento del espacio: El dise\u00f1o anular hace que el horno sea m\u00e1s compacto y ocupe menos espacio, aprovechando eficazmente el espacio de la f\u00e1brica, especialmente para las empresas con espacio de f\u00e1brica limitado.<\/p>\n\n\n\n<p>Producci\u00f3n continua: El dise\u00f1o de la pista anular admite una verdadera producci\u00f3n continua, en la que el material puede moverse por la pista anular sin detenerse, lo que aumenta a\u00fan m\u00e1s la productividad y reduce los tiempos de inactividad.<\/p>\n\n\n\n<p>Uniformidad de temperatura: El dise\u00f1o de pista anular facilita la distribuci\u00f3n uniforme de la temperatura dentro del horno, evitando las temperaturas desiguales que pueden producirse en los hornos lineales tradicionales, mejorando as\u00ed la estabilidad y consistencia de la calidad del producto.<\/p>\n\n\n\n<p>Facilidad de manejo: Los hornos anulares suelen estar equipados con sistemas automatizados de transporte y control, que simplifican el proceso de operaci\u00f3n, reducen los costes de mano de obra y mejoran el nivel de automatizaci\u00f3n de la producci\u00f3n.<\/p>\n<\/div>\n<\/div>\n\n\n\n<div class=\"wp-block-columns is-layout-flex wp-container-core-columns-is-layout-9d6595d7 wp-block-columns-is-layout-flex\">\n<div class=\"wp-block-column is-layout-flow wp-block-column-is-layout-flow\"><\/div>\n\n\n\n<div class=\"wp-block-column is-layout-flow wp-block-column-is-layout-flow\"><\/div>\n<\/div>","protected":false},"excerpt":{"rendered":"<p>El dise\u00f1o de pista circular del horno t\u00fanel para cer\u00e1mica consigue un mayor aprovechamiento del espacio y una mayor productividad, as\u00ed como un funcionamiento y un mantenimiento m\u00e1s sencillos, lo que lo convierte en el equipo preferido para la producci\u00f3n moderna de cer\u00e1mica.<\/p>\n<h2>Soluci\u00f3n integral para horno t\u00fanel de cer\u00e1mica:<\/h2>\n<ol>\n<li>\n<p>Soluci\u00f3n de disposici\u00f3n de la f\u00e1brica: De acuerdo con el espacio de la f\u00e1brica y el plan de producci\u00f3n, proporcionamos sugerencias profesionales de disposici\u00f3n de maquinaria cer\u00e1mica.<\/p>\n<\/li>\n<li>\n<p>Asistencia t\u00e9cnica: Proporcionar orientaci\u00f3n y asistencia t\u00e9cnica profesional, con gu\u00edas en v\u00eddeo para garantizar un uso r\u00e1pido del producto.<\/p>\n<\/li>\n<li>\n<p>Piezas de recambio: Suministro de una gama de piezas de repuesto originales.<\/p>\n<\/li>\n<li>\n<p>Asistencia postventa: 24 horas de ayuda en l\u00ednea para asegurarse de que est\u00e1 satisfecho con el horno t\u00fanel de cer\u00e1mica y que se utiliza sin problemas en su l\u00ednea de producci\u00f3n.<\/p>\n<\/li>\n<\/ol>","protected":false},"featured_media":4191,"template":"","meta":{"_acf_changed":false},"product_brand":[],"product_cat":[58],"product_tag":[65],"class_list":{"0":"post-4195","1":"product","2":"type-product","3":"status-publish","4":"has-post-thumbnail","6":"product_cat-ceramic-kiln","7":"product_tag-tunnel-kiln","9":"first","10":"instock","11":"shipping-taxable","12":"product-type-simple"},"acf":{"customization_content":"<h2><\/h2>\r\n<div><\/div>","customization_content_source":{"label":"Customization Content","type":"wysiwyg","formatted_value":"<h2><\/h2>\n<div><\/div>\n"},"why_choose_us_content":"<h2 style=\"text-align: center;\">Why Choose Us as Your Ceramic Kiln\u00a0Supplier<\/h2>\r\n\r\n<hr \/>\r\n<p style=\"text-align: center;\">Yutai as a ceramic tableware manufacturer, maintains strict quality standards and excellent service. Revolutionize your manufacturing processes with cutting-edge automation technology that streamlines forming and enhances efficiency.<\/p>","why_choose_us_content_source":{"label":"Why Choose Us Content","type":"wysiwyg","formatted_value":"<h2 style=\"text-align: center;\">Why Choose Us as Your Ceramic Kiln\u00a0Supplier<\/h2>\n<hr \/>\n<p style=\"text-align: center;\">Yutai as a ceramic tableware manufacturer, maintains strict quality standards and excellent service. Revolutionize your manufacturing processes with cutting-edge automation technology that streamlines forming and enhances efficiency.<\/p>\n"}},"_links":{"self":[{"href":"https:\/\/yutaimachinery.com\/es\/wp-json\/wp\/v2\/product\/4195","targetHints":{"allow":["GET"]}}],"collection":[{"href":"https:\/\/yutaimachinery.com\/es\/wp-json\/wp\/v2\/product"}],"about":[{"href":"https:\/\/yutaimachinery.com\/es\/wp-json\/wp\/v2\/types\/product"}],"version-history":[{"count":0,"href":"https:\/\/yutaimachinery.com\/es\/wp-json\/wp\/v2\/product\/4195\/revisions"}],"wp:featuredmedia":[{"embeddable":true,"href":"https:\/\/yutaimachinery.com\/es\/wp-json\/wp\/v2\/media\/4191"}],"wp:attachment":[{"href":"https:\/\/yutaimachinery.com\/es\/wp-json\/wp\/v2\/media?parent=4195"}],"wp:term":[{"taxonomy":"product_brand","embeddable":true,"href":"https:\/\/yutaimachinery.com\/es\/wp-json\/wp\/v2\/product_brand?post=4195"},{"taxonomy":"product_cat","embeddable":true,"href":"https:\/\/yutaimachinery.com\/es\/wp-json\/wp\/v2\/product_cat?post=4195"},{"taxonomy":"product_tag","embeddable":true,"href":"https:\/\/yutaimachinery.com\/es\/wp-json\/wp\/v2\/product_tag?post=4195"}],"curies":[{"name":"wp","href":"https:\/\/api.w.org\/{rel}","templated":true}]}}