{"id":4182,"date":"2024-06-14T22:21:43","date_gmt":"2024-06-14T14:21:43","guid":{"rendered":"https:\/\/yutaimachinery.com\/?post_type=product&#038;p=4182"},"modified":"2024-06-14T22:21:44","modified_gmt":"2024-06-14T14:21:44","slug":"hornos-de-lanzadera","status":"publish","type":"product","link":"https:\/\/yutaimachinery.com\/es\/product\/shuttle-kilns\/","title":{"rendered":"Horno Lanzadera Peque\u00f1o para Tazas de Cer\u00e1mica Placa Calcoman\u00eda Horno"},"content":{"rendered":"<div class=\"wp-block-columns is-layout-flex wp-container-core-columns-is-layout-9d6595d7 wp-block-columns-is-layout-flex\">\n<div class=\"wp-block-column is-layout-flow wp-block-column-is-layout-flow\">\n<h2 class=\"wp-block-heading\">Hornos de lanzadera Caracter\u00edsticas<\/h2>\n\n\n\n<p>Peque\u00f1o horno de lanzadera con alta flexibilidad, peque\u00f1a huella, f\u00e1cil de operar, f\u00e1cil mantenimiento, y muchas otras ventajas, adecuado para lotes peque\u00f1os, modo de producci\u00f3n de cer\u00e1mica multi-especies. Su moderno sistema de control garantiza la calidad del producto y reduce eficazmente el consumo de energ\u00eda y el impacto ambiental, especialmente adecuado para entornos de trabajo con espacio limitado.<\/p>\n<\/div>\n\n\n\n<div class=\"wp-block-column is-layout-flow wp-block-column-is-layout-flow\">\n<figure class=\"wp-block-image size-full is-resized\"><img fetchpriority=\"high\" decoding=\"async\" width=\"3024\" height=\"3024\" src=\"https:\/\/yutaimachinery.com\/wp-content\/uploads\/2024\/06\/shuttle-kiln2.webp\" alt=\"horno de lanzadera\" class=\"wp-image-4183\" style=\"width:365px;height:auto\" title=\"\" srcset=\"https:\/\/yutaimachinery.com\/wp-content\/uploads\/2024\/06\/shuttle-kiln2.webp 3024w, https:\/\/yutaimachinery.com\/wp-content\/uploads\/2024\/06\/shuttle-kiln2-300x300.webp 300w, https:\/\/yutaimachinery.com\/wp-content\/uploads\/2024\/06\/shuttle-kiln2-150x150.webp 150w, https:\/\/yutaimachinery.com\/wp-content\/uploads\/2024\/06\/shuttle-kiln2-768x768.webp 768w, https:\/\/yutaimachinery.com\/wp-content\/uploads\/2024\/06\/shuttle-kiln2-285x285.webp 285w, https:\/\/yutaimachinery.com\/wp-content\/uploads\/2024\/06\/shuttle-kiln2-1600x1600.webp 1600w, https:\/\/yutaimachinery.com\/wp-content\/uploads\/2024\/06\/shuttle-kiln2-270x270.webp 270w, https:\/\/yutaimachinery.com\/wp-content\/uploads\/2024\/06\/shuttle-kiln2-540x540.webp 540w, https:\/\/yutaimachinery.com\/wp-content\/uploads\/2024\/06\/shuttle-kiln2-660x660.webp 660w\" sizes=\"(max-width: 3024px) 100vw, 3024px\" \/><\/figure>\n<\/div>\n<\/div>","protected":false},"excerpt":{"rendered":"<p>Peque\u00f1o horno de lanzadera tipo gabinete con su alta eficiencia y ahorro de energ\u00eda, caracter\u00edsticas flexibles, adecuado para peque\u00f1as cantidades de cuencos de cer\u00e1mica, platos y tazas de calcoman\u00eda hornos de cocci\u00f3n.<\/p>\n<h2>Soluci\u00f3n integral para hornos de lanzadera:<\/h2>\n<ol>\n<li>Precio de f\u00e1brica: Somos fabricantes de maquinaria de cer\u00e1mica, proporcionando hornos de cer\u00e1mica rentables, bienvenidos a contactarnos para obtener el precio de f\u00e1brica.<\/li>\n<li>Asistencia t\u00e9cnica: Proporcionar orientaci\u00f3n y asistencia t\u00e9cnica profesional, con gu\u00edas en v\u00eddeo para garantizar un uso r\u00e1pido del producto.<\/li>\n<li>Piezas de recambio: Suministro de una gama de piezas de repuesto originales.<\/li>\n<li>Asistencia posventa: Ayuda en l\u00ednea las 24 horas del d\u00eda para garantizar que est\u00e9 satisfecho con los hornos y que se utilice sin problemas en su l\u00ednea de producci\u00f3n.<\/li>\n<\/ol>","protected":false},"featured_media":4184,"template":"","meta":{"_acf_changed":false},"product_brand":[],"product_cat":[58],"product_tag":[79],"class_list":{"0":"post-4182","1":"product","2":"type-product","3":"status-publish","4":"has-post-thumbnail","6":"product_cat-ceramic-kiln","7":"product_tag-shuttle-kiln","9":"first","10":"instock","11":"shipping-taxable","12":"product-type-simple"},"acf":{"customization_content":"","customization_content_source":{"label":"Customization Content","type":"wysiwyg","formatted_value":""},"why_choose_us_content":"<h2 style=\"text-align: center;\">Why Choose Us as Your <strong>Shuttle Kil<\/strong>ns Supplier<\/h2>\r\n\r\n<hr \/>\r\n<p style=\"text-align: center;\">Yutai as a ceramic tableware manufacturer, maintains strict quality standards and excellent service. Revolutionize your manufacturing processes with cutting-edge automation technology streamlining forming and enhancing efficiency.<\/p>","why_choose_us_content_source":{"label":"Why Choose Us Content","type":"wysiwyg","formatted_value":"<h2 style=\"text-align: center;\">Why Choose Us as Your <strong>Shuttle Kil<\/strong>ns Supplier<\/h2>\n<hr \/>\n<p style=\"text-align: center;\">Yutai as a ceramic tableware manufacturer, maintains strict quality standards and excellent service. Revolutionize your manufacturing processes with cutting-edge automation technology streamlining forming and enhancing efficiency.<\/p>\n"}},"_links":{"self":[{"href":"https:\/\/yutaimachinery.com\/es\/wp-json\/wp\/v2\/product\/4182","targetHints":{"allow":["GET"]}}],"collection":[{"href":"https:\/\/yutaimachinery.com\/es\/wp-json\/wp\/v2\/product"}],"about":[{"href":"https:\/\/yutaimachinery.com\/es\/wp-json\/wp\/v2\/types\/product"}],"version-history":[{"count":0,"href":"https:\/\/yutaimachinery.com\/es\/wp-json\/wp\/v2\/product\/4182\/revisions"}],"wp:featuredmedia":[{"embeddable":true,"href":"https:\/\/yutaimachinery.com\/es\/wp-json\/wp\/v2\/media\/4184"}],"wp:attachment":[{"href":"https:\/\/yutaimachinery.com\/es\/wp-json\/wp\/v2\/media?parent=4182"}],"wp:term":[{"taxonomy":"product_brand","embeddable":true,"href":"https:\/\/yutaimachinery.com\/es\/wp-json\/wp\/v2\/product_brand?post=4182"},{"taxonomy":"product_cat","embeddable":true,"href":"https:\/\/yutaimachinery.com\/es\/wp-json\/wp\/v2\/product_cat?post=4182"},{"taxonomy":"product_tag","embeddable":true,"href":"https:\/\/yutaimachinery.com\/es\/wp-json\/wp\/v2\/product_tag?post=4182"}],"curies":[{"name":"wp","href":"https:\/\/api.w.org\/{rel}","templated":true}]}}