{"id":4128,"date":"2024-05-23T18:41:45","date_gmt":"2024-05-23T10:41:45","guid":{"rendered":"https:\/\/yutaimachinery.com\/?post_type=product&#038;p=4128"},"modified":"2024-05-23T19:09:50","modified_gmt":"2024-05-23T11:09:50","slug":"linea-de-esmaltado-2","status":"publish","type":"product","link":"https:\/\/yutaimachinery.com\/es\/product\/glaze-line\/","title":{"rendered":"L\u00ednea autom\u00e1tica de esmaltado de cer\u00e1mica por pulverizaci\u00f3n"},"content":{"rendered":"<div class=\"wp-block-columns is-layout-flex wp-container-core-columns-is-layout-9d6595d7 wp-block-columns-is-layout-flex\">\n<div class=\"wp-block-column is-layout-flow wp-block-column-is-layout-flow\">\n<h2 class=\"wp-block-heading\"><strong><strong>L\u00ednea de glaseado<\/strong><\/strong> <strong>Caracter\u00edsticas:<\/strong><\/h2>\n\n\n\n<p>Mediante el precalentamiento del producto y la rotaci\u00f3n en el proceso de trabajo, la l\u00ednea de esmaltado autom\u00e1tico se utiliza para rociar el esmalte en todos los \u00e1ngulos del producto, que es adecuado para toda la porcelana y hueso de China y el da\u00f1o secundario de cer\u00e1mica cocida, as\u00ed como el primer da\u00f1o de barro cocido. Rociar esmalte es uniforme, de alta eficiencia, y reduce los costos de mano de obra.<\/p>\n\n\n\n<h2 class=\"wp-block-heading\"><strong>Par\u00e1metro de la l\u00ednea de glaseado<\/strong> <\/h2>\n\n\n\n<figure class=\"wp-block-table\"><table><tbody><tr><td>Modelo<\/td><td>12<\/td><\/tr><tr><td>Tama\u00f1o m\u00e1ximo de formaci\u00f3n (cm)<\/td><td>Dia 35 x 20cm (h)<\/td><\/tr><tr><td>Capacidad<\/td><td>900-1800pcs\/h<\/td><\/tr><tr><td>Potencia (kw)<\/td><td>15kw<\/td><\/tr><tr><td>Dimensiones (lxwxh)<\/td><td>11,5\u00d74,5\u00d73 m(h)<\/td><\/tr><tr><td>Peso (kg)<\/td><td>5000<\/td><\/tr><\/tbody><\/table><\/figure>\n<\/div>\n\n\n\n<div class=\"wp-block-column is-layout-flow wp-block-column-is-layout-flow\">\n<figure class=\"wp-block-image size-full is-resized\"><img fetchpriority=\"high\" decoding=\"async\" width=\"1014\" height=\"1014\" src=\"https:\/\/yutaimachinery.com\/wp-content\/uploads\/2024\/05\/auto-glaze-line3.webp\" alt=\"l\u00ednea de esmaltado autom\u00e1tico\" class=\"wp-image-4132\" style=\"width:343px;height:auto\" title=\"\" srcset=\"https:\/\/yutaimachinery.com\/wp-content\/uploads\/2024\/05\/auto-glaze-line3.webp 1014w, https:\/\/yutaimachinery.com\/wp-content\/uploads\/2024\/05\/auto-glaze-line3-300x300.webp 300w, https:\/\/yutaimachinery.com\/wp-content\/uploads\/2024\/05\/auto-glaze-line3-150x150.webp 150w, https:\/\/yutaimachinery.com\/wp-content\/uploads\/2024\/05\/auto-glaze-line3-768x768.webp 768w, https:\/\/yutaimachinery.com\/wp-content\/uploads\/2024\/05\/auto-glaze-line3-285x285.webp 285w, https:\/\/yutaimachinery.com\/wp-content\/uploads\/2024\/05\/auto-glaze-line3-270x270.webp 270w, https:\/\/yutaimachinery.com\/wp-content\/uploads\/2024\/05\/auto-glaze-line3-540x540.webp 540w, https:\/\/yutaimachinery.com\/wp-content\/uploads\/2024\/05\/auto-glaze-line3-660x660.webp 660w\" sizes=\"(max-width: 1014px) 100vw, 1014px\" \/><\/figure>\n\n\n\n<figure class=\"wp-block-image size-full is-resized\"><img decoding=\"async\" width=\"730\" height=\"732\" src=\"https:\/\/yutaimachinery.com\/wp-content\/uploads\/2024\/05\/auto-glaze-line.webp\" alt=\"l\u00ednea de esmaltado autom\u00e1tico\" class=\"wp-image-4131\" style=\"width:361px;height:auto\" title=\"\" srcset=\"https:\/\/yutaimachinery.com\/wp-content\/uploads\/2024\/05\/auto-glaze-line.webp 730w, https:\/\/yutaimachinery.com\/wp-content\/uploads\/2024\/05\/auto-glaze-line-300x300.webp 300w, https:\/\/yutaimachinery.com\/wp-content\/uploads\/2024\/05\/auto-glaze-line-150x150.webp 150w, https:\/\/yutaimachinery.com\/wp-content\/uploads\/2024\/05\/auto-glaze-line-285x286.webp 285w, https:\/\/yutaimachinery.com\/wp-content\/uploads\/2024\/05\/auto-glaze-line-270x270.webp 270w, https:\/\/yutaimachinery.com\/wp-content\/uploads\/2024\/05\/auto-glaze-line-540x540.webp 540w, https:\/\/yutaimachinery.com\/wp-content\/uploads\/2024\/05\/auto-glaze-line-658x660.webp 658w\" sizes=\"(max-width: 730px) 100vw, 730px\" \/><\/figure>\n<\/div>\n<\/div>","protected":false},"excerpt":{"rendered":"<p>L\u00ednea de esmaltado autom\u00e1tico, para realizar el precalentamiento, pulverizaci\u00f3n de esmalte y proceso de secado de productos cer\u00e1micos. Yutai Ceramic Machine Factory ofrece servicios de personalizaci\u00f3n e instalaci\u00f3n a precios preferenciales para cada cliente.<\/p>\n<h2>Soluci\u00f3n integral para la l\u00ednea de esmaltado:<\/h2>\n<ol>\n<li>\n<p>Precio de f\u00e1brica: Como fabricante de m\u00e1quinas de cer\u00e1mica, ofrecemos l\u00ednea de esmaltado rentable, bienvenido a contactarnos para obtener el precio de f\u00e1brica.<\/p>\n<\/li>\n<li>\n<p>Asistencia t\u00e9cnica: Proporcionar orientaci\u00f3n t\u00e9cnica profesional e instalaci\u00f3n mec\u00e1nica, con gu\u00edas de v\u00eddeo para garantizar un uso r\u00e1pido del producto.<\/p>\n<\/li>\n<li>\n<p>Piezas de recambio: Suministro de una gama de piezas de repuesto originales.<\/p>\n<\/li>\n<li>\n<p>Asistencia posventa: Ayuda en l\u00ednea las 24 horas para garantizar que est\u00e9 satisfecho con la l\u00ednea de esmaltado y que se utilice sin problemas en su l\u00ednea de producci\u00f3n.<\/p>\n<\/li>\n<\/ol>","protected":false},"featured_media":4132,"template":"","meta":{"_acf_changed":false},"product_brand":[],"product_cat":[57],"product_tag":[86],"class_list":{"0":"post-4128","1":"product","2":"type-product","3":"status-publish","4":"has-post-thumbnail","6":"product_cat-ceramic-glazing-machine","7":"product_tag-glazing-spray-machine","9":"first","10":"instock","11":"shipping-taxable","12":"product-type-simple"},"acf":{"customization_content":"<h2><\/h2>\r\n<div><\/div>","customization_content_source":{"label":"Customization Content","type":"wysiwyg","formatted_value":"<h2><\/h2>\n<div><\/div>\n"},"why_choose_us_content":"<h2 style=\"text-align: center;\">Why Choose Us as Your Glaze line Supplier<\/h2>\r\n\r\n<hr \/>\r\n<p style=\"text-align: center;\">\u00a0Yutai as a ceramic machine manufacturer, maintains strict quality standards and excellent service. Revolutionize your manufacturing processes with cutting-edge automation technology that streamlines forming and enhances efficiency.<\/p>","why_choose_us_content_source":{"label":"Why Choose Us Content","type":"wysiwyg","formatted_value":"<h2 style=\"text-align: center;\">Why Choose Us as Your Glaze line Supplier<\/h2>\n<hr \/>\n<p style=\"text-align: center;\">\u00a0Yutai as a ceramic machine manufacturer, maintains strict quality standards and excellent service. Revolutionize your manufacturing processes with cutting-edge automation technology that streamlines forming and enhances efficiency.<\/p>\n"}},"_links":{"self":[{"href":"https:\/\/yutaimachinery.com\/es\/wp-json\/wp\/v2\/product\/4128","targetHints":{"allow":["GET"]}}],"collection":[{"href":"https:\/\/yutaimachinery.com\/es\/wp-json\/wp\/v2\/product"}],"about":[{"href":"https:\/\/yutaimachinery.com\/es\/wp-json\/wp\/v2\/types\/product"}],"version-history":[{"count":0,"href":"https:\/\/yutaimachinery.com\/es\/wp-json\/wp\/v2\/product\/4128\/revisions"}],"wp:featuredmedia":[{"embeddable":true,"href":"https:\/\/yutaimachinery.com\/es\/wp-json\/wp\/v2\/media\/4132"}],"wp:attachment":[{"href":"https:\/\/yutaimachinery.com\/es\/wp-json\/wp\/v2\/media?parent=4128"}],"wp:term":[{"taxonomy":"product_brand","embeddable":true,"href":"https:\/\/yutaimachinery.com\/es\/wp-json\/wp\/v2\/product_brand?post=4128"},{"taxonomy":"product_cat","embeddable":true,"href":"https:\/\/yutaimachinery.com\/es\/wp-json\/wp\/v2\/product_cat?post=4128"},{"taxonomy":"product_tag","embeddable":true,"href":"https:\/\/yutaimachinery.com\/es\/wp-json\/wp\/v2\/product_tag?post=4128"}],"curies":[{"name":"wp","href":"https:\/\/api.w.org\/{rel}","templated":true}]}}