{"id":4118,"date":"2024-05-23T16:44:59","date_gmt":"2024-05-23T08:44:59","guid":{"rendered":"https:\/\/yutaimachinery.com\/?post_type=product&#038;p=4118"},"modified":"2024-05-23T18:41:01","modified_gmt":"2024-05-23T10:41:01","slug":"cabina-de-esmaltado-2","status":"publish","type":"product","link":"https:\/\/yutaimachinery.com\/es\/product\/glaze-spray-booth\/","title":{"rendered":"Alta Capacidad Auto Glaze Spray Booth 12 Estaciones Mug Bowl Plate Glazing"},"content":{"rendered":"<div class=\"wp-block-columns is-layout-flex wp-container-core-columns-is-layout-9d6595d7 wp-block-columns-is-layout-flex\">\n<div class=\"wp-block-column is-layout-flow wp-block-column-is-layout-flow\">\n<h2 class=\"wp-block-heading\"><strong><strong>Cabina de glaseado<\/strong><\/strong> <strong>Caracter\u00edsticas:<\/strong><\/h2>\n\n\n\n<p>12 Multiestaci\u00f3n, equipada con una pistola pulverizadora: se pueden pulverizar varios proyectos al mismo tiempo para mejorar la eficacia de la producci\u00f3n.<\/p>\n\n\n\n<p>Rotaci\u00f3n del producto: El soporte incluye un mecanismo de rotaci\u00f3n del producto para garantizar una cobertura uniforme del esmalte en todas las superficies, incluidas las zonas de dif\u00edcil acceso.<\/p>\n\n\n\n<p>Interfaz f\u00e1cil de usar: El panel de control intuitivo permite un manejo sencillo y un ajuste r\u00e1pido de la configuraci\u00f3n, lo que reduce la curva de aprendizaje del operador.<\/p>\n\n\n\n<p>Versatilidad: Adecuado para una variedad de art\u00edculos de cer\u00e1mica, incluyendo platos, cuencos, tazas, etc, adaptable a una variedad de formas y tama\u00f1os.<\/p>\n\n\n\n<p>Opciones de personalizaci\u00f3n: La cabina puede adaptarse a necesidades de producci\u00f3n espec\u00edficas, incluyendo estaciones de trabajo adicionales o mecanismos de pulverizaci\u00f3n especializados para satisfacer requisitos de fabricaci\u00f3n \u00fanicos.<\/p>\n<\/div>\n\n\n\n<div class=\"wp-block-column is-layout-flow wp-block-column-is-layout-flow\">\n<figure class=\"wp-block-embed is-type-video is-provider-youtube wp-block-embed-youtube wp-embed-aspect-16-9 wp-has-aspect-ratio\"><div class=\"wp-block-embed__wrapper\">\n<iframe title=\"Cabina de pulverizaci\u00f3n de esmalte para tazas, cuencos y platos de cer\u00e1mica -Multiestaciones\" width=\"940\" height=\"529\" src=\"https:\/\/www.youtube.com\/embed\/kso0A4FTmzI?feature=oembed\" frameborder=\"0\" allow=\"accelerometer; autoplay; clipboard-write; encrypted-media; gyroscope; picture-in-picture; web-share\" referrerpolicy=\"strict-origin-when-cross-origin\" allowfullscreen><\/iframe>\n<\/div><\/figure>\n\n\n<div class=\"wp-block-image\">\n<figure class=\"aligncenter size-full is-resized\"><img fetchpriority=\"high\" decoding=\"async\" width=\"568\" height=\"568\" src=\"https:\/\/yutaimachinery.com\/wp-content\/uploads\/2024\/05\/multistations-glaze-spray-booth2.webp\" alt=\"cabina de esmaltado multiestaciones\" class=\"wp-image-4120\" style=\"width:333px;height:auto\" title=\"\" srcset=\"https:\/\/yutaimachinery.com\/wp-content\/uploads\/2024\/05\/multistations-glaze-spray-booth2.webp 568w, https:\/\/yutaimachinery.com\/wp-content\/uploads\/2024\/05\/multistations-glaze-spray-booth2-300x300.webp 300w, https:\/\/yutaimachinery.com\/wp-content\/uploads\/2024\/05\/multistations-glaze-spray-booth2-150x150.webp 150w, https:\/\/yutaimachinery.com\/wp-content\/uploads\/2024\/05\/multistations-glaze-spray-booth2-285x285.webp 285w, https:\/\/yutaimachinery.com\/wp-content\/uploads\/2024\/05\/multistations-glaze-spray-booth2-270x270.webp 270w, https:\/\/yutaimachinery.com\/wp-content\/uploads\/2024\/05\/multistations-glaze-spray-booth2-540x540.webp 540w\" sizes=\"(max-width: 568px) 100vw, 568px\" \/><\/figure>\n<\/div><\/div>\n<\/div>","protected":false},"excerpt":{"rendered":"<p>12-Estaci\u00f3n esmalte cabina de pulverizaci\u00f3n de mayor eficiencia para lograr la pulverizaci\u00f3n uniforme esmalte tazas y platos, precio de f\u00e1brica de soluciones personalizadas, proporcionar servicios de instalaci\u00f3n, la bienvenida a ponerse en contacto con Yutai fabricante de maquinaria cer\u00e1mica.<\/p>\n<h2>Soluci\u00f3n integral para la cabina de pulverizaci\u00f3n de esmalte:<\/h2>\n<ol>\n<li>\n<p>Precio de f\u00e1brica: Como fabricante de m\u00e1quinas de cer\u00e1mica, ofrecemos cabinas de pulverizaci\u00f3n de esmalte rentables, bienvenido a contactarnos para obtener el precio de f\u00e1brica.<\/p>\n<\/li>\n<li>\n<p>Asistencia t\u00e9cnica: Proporcionar orientaci\u00f3n t\u00e9cnica profesional e instalaci\u00f3n mec\u00e1nica, con gu\u00edas de v\u00eddeo para garantizar un uso r\u00e1pido del producto.<\/p>\n<\/li>\n<li>\n<p>Piezas de recambio: Suministro de una gama de piezas de repuesto originales.<\/p>\n<\/li>\n<li>\n<p>Asistencia posventa: Ayuda en l\u00ednea las 24 horas del d\u00eda para garantizar que est\u00e9 satisfecho con las cabinas de pulverizaci\u00f3n de esmalte y que se utilice sin problemas en su l\u00ednea de producci\u00f3n.<\/p>\n<\/li>\n<\/ol>","protected":false},"featured_media":4124,"template":"","meta":{"_acf_changed":false},"product_brand":[],"product_cat":[57],"product_tag":[86],"class_list":{"0":"post-4118","1":"product","2":"type-product","3":"status-publish","4":"has-post-thumbnail","6":"product_cat-ceramic-glazing-machine","7":"product_tag-glazing-spray-machine","9":"first","10":"instock","11":"shipping-taxable","12":"product-type-simple"},"acf":{"customization_content":"<h2><\/h2>\r\n<div><\/div>","customization_content_source":{"label":"Customization Content","type":"wysiwyg","formatted_value":"<h2><\/h2>\n<div><\/div>\n"},"why_choose_us_content":"<h2 style=\"text-align: center;\">Why Choose Us as Your Glaze Spray Booth Supplier<\/h2>\r\n\r\n<hr \/>\r\n<p style=\"text-align: center;\">\u00a0Yutai as a ceramic machine manufacturer, maintains strict quality standards and excellent service. Revolutionize your manufacturing processes with cutting-edge automation technology that streamlines forming and enhances efficiency.<\/p>","why_choose_us_content_source":{"label":"Why Choose Us Content","type":"wysiwyg","formatted_value":"<h2 style=\"text-align: center;\">Why Choose Us as Your Glaze Spray Booth Supplier<\/h2>\n<hr \/>\n<p style=\"text-align: center;\">\u00a0Yutai as a ceramic machine manufacturer, maintains strict quality standards and excellent service. Revolutionize your manufacturing processes with cutting-edge automation technology that streamlines forming and enhances efficiency.<\/p>\n"}},"_links":{"self":[{"href":"https:\/\/yutaimachinery.com\/es\/wp-json\/wp\/v2\/product\/4118","targetHints":{"allow":["GET"]}}],"collection":[{"href":"https:\/\/yutaimachinery.com\/es\/wp-json\/wp\/v2\/product"}],"about":[{"href":"https:\/\/yutaimachinery.com\/es\/wp-json\/wp\/v2\/types\/product"}],"version-history":[{"count":0,"href":"https:\/\/yutaimachinery.com\/es\/wp-json\/wp\/v2\/product\/4118\/revisions"}],"wp:featuredmedia":[{"embeddable":true,"href":"https:\/\/yutaimachinery.com\/es\/wp-json\/wp\/v2\/media\/4124"}],"wp:attachment":[{"href":"https:\/\/yutaimachinery.com\/es\/wp-json\/wp\/v2\/media?parent=4118"}],"wp:term":[{"taxonomy":"product_brand","embeddable":true,"href":"https:\/\/yutaimachinery.com\/es\/wp-json\/wp\/v2\/product_brand?post=4118"},{"taxonomy":"product_cat","embeddable":true,"href":"https:\/\/yutaimachinery.com\/es\/wp-json\/wp\/v2\/product_cat?post=4118"},{"taxonomy":"product_tag","embeddable":true,"href":"https:\/\/yutaimachinery.com\/es\/wp-json\/wp\/v2\/product_tag?post=4118"}],"curies":[{"name":"wp","href":"https:\/\/api.w.org\/{rel}","templated":true}]}}