{"id":4110,"date":"2024-05-23T09:39:48","date_gmt":"2024-05-23T01:39:48","guid":{"rendered":"https:\/\/yutaimachinery.com\/?post_type=product&#038;p=4110"},"modified":"2024-05-23T10:21:04","modified_gmt":"2024-05-23T02:21:04","slug":"cabina-de-esmaltado-ceramico","status":"publish","type":"product","link":"https:\/\/yutaimachinery.com\/es\/product\/ceramic-glaze-spray-booth\/","title":{"rendered":"Cabina de pulverizaci\u00f3n de esmalte de cer\u00e1mica de una sola estaci\u00f3n para Pottert plato cuenco"},"content":{"rendered":"<div class=\"wp-block-columns is-layout-flex wp-container-core-columns-is-layout-9d6595d7 wp-block-columns-is-layout-flex\">\n<div class=\"wp-block-column is-layout-flow wp-block-column-is-layout-flow\">\n<h2 class=\"wp-block-heading\"><strong><strong>Cabina de pulverizaci\u00f3n de esmalte cer\u00e1mico<\/strong><\/strong> <strong>Caracter\u00edsticas:<\/strong><\/h2>\n\n\n\n<p>El producto se puede girar y la velocidad es ajustable, utilizando una pistola de pulverizaci\u00f3n manual industrial con una funci\u00f3n de agitaci\u00f3n para evitar la precipitaci\u00f3n de esmalte, gabinete de cortina de agua para la eliminaci\u00f3n de polvo, adecuado para el esmaltado de platos de cer\u00e1mica \/ tazones \/ tazas \/ tazas \/ platillos \/ ollas.<\/p>\n<\/div>\n\n\n\n<div class=\"wp-block-column is-layout-flow wp-block-column-is-layout-flow\">\n<figure class=\"wp-block-image size-full\"><img fetchpriority=\"high\" decoding=\"async\" width=\"3024\" height=\"3024\" src=\"https:\/\/yutaimachinery.com\/wp-content\/uploads\/2024\/05\/ceramic-glaze-spray-booth4.webp\" alt=\"cabina de esmaltado cer\u00e1mico\" class=\"wp-image-4113\" title=\"\" srcset=\"https:\/\/yutaimachinery.com\/wp-content\/uploads\/2024\/05\/ceramic-glaze-spray-booth4.webp 3024w, https:\/\/yutaimachinery.com\/wp-content\/uploads\/2024\/05\/ceramic-glaze-spray-booth4-300x300.webp 300w, https:\/\/yutaimachinery.com\/wp-content\/uploads\/2024\/05\/ceramic-glaze-spray-booth4-150x150.webp 150w, https:\/\/yutaimachinery.com\/wp-content\/uploads\/2024\/05\/ceramic-glaze-spray-booth4-768x768.webp 768w, https:\/\/yutaimachinery.com\/wp-content\/uploads\/2024\/05\/ceramic-glaze-spray-booth4-285x285.webp 285w, https:\/\/yutaimachinery.com\/wp-content\/uploads\/2024\/05\/ceramic-glaze-spray-booth4-1600x1600.webp 1600w, https:\/\/yutaimachinery.com\/wp-content\/uploads\/2024\/05\/ceramic-glaze-spray-booth4-270x270.webp 270w, https:\/\/yutaimachinery.com\/wp-content\/uploads\/2024\/05\/ceramic-glaze-spray-booth4-540x540.webp 540w, https:\/\/yutaimachinery.com\/wp-content\/uploads\/2024\/05\/ceramic-glaze-spray-booth4-660x660.webp 660w\" sizes=\"(max-width: 3024px) 100vw, 3024px\" \/><\/figure>\n<\/div>\n<\/div>\n\n\n\n<h2 class=\"wp-block-heading\"><strong><strong>Cabina de pulverizaci\u00f3n de esmalte cer\u00e1mico<\/strong><\/strong> Par\u00e1metro<\/h2>\n\n\n\n<figure class=\"wp-block-table\"><table><tbody><tr><td>Modelo<\/td><td>Tama\u00f1o m\u00e1ximo de formaci\u00f3n (cm)<\/td><td>Capacidad<\/td><td>Potencia (kw)<\/td><td>Dimensiones (lxwxh)<\/td><td>Peso (kg)<\/td><\/tr><tr><td>Estaci\u00f3n \u00fanica<\/td><td>Dia 20* 50cm(h)<\/td><td>480 piezas\/h<\/td><td>180kw<\/td><td>100X100X200cm<\/td><td>150<\/td><\/tr><\/tbody><\/table><\/figure>","protected":false},"excerpt":{"rendered":"<p>F\u00e1brica de cer\u00e1mica al por mayor cabina de esmalte de pulverizaci\u00f3n puede ajustar la velocidad de rotaci\u00f3n del producto, y con la funci\u00f3n de agitaci\u00f3n para evitar la precipitaci\u00f3n de esmalte, de alta configuraci\u00f3n de bajo precio, recepci\u00f3n para entrar en contacto con Yutai f\u00e1brica de cer\u00e1mica para la cita libre.<\/p>\n<h2>Soluci\u00f3n integral para la cabina de pulverizaci\u00f3n de esmalte cer\u00e1mico:<\/h2>\n<ol>\n<li>\n<p>Precio de f\u00e1brica: Como fabricante de m\u00e1quinas de cer\u00e1mica, ofrecemos cabinas de pulverizaci\u00f3n de esmalte de cer\u00e1mica rentables, bienvenido a contactarnos para obtener el precio de f\u00e1brica.<\/p>\n<\/li>\n<li>\n<p>Asistencia t\u00e9cnica: Proporcionar orientaci\u00f3n t\u00e9cnica profesional e instalaci\u00f3n mec\u00e1nica, con gu\u00edas de v\u00eddeo para garantizar un uso r\u00e1pido del producto.<\/p>\n<\/li>\n<li>\n<p>Piezas de recambio: Suministro de una gama de piezas de repuesto originales.<\/p>\n<\/li>\n<li>\n<p>Asistencia posventa: Ayuda en l\u00ednea las 24 horas del d\u00eda para garantizar que est\u00e9 satisfecho con las cabinas de pulverizaci\u00f3n de esmalte y que se utilice sin problemas en su l\u00ednea de producci\u00f3n.<\/p>\n<\/li>\n<\/ol>","protected":false},"featured_media":4112,"template":"","meta":{"_acf_changed":false},"product_brand":[],"product_cat":[57],"product_tag":[86],"class_list":{"0":"post-4110","1":"product","2":"type-product","3":"status-publish","4":"has-post-thumbnail","6":"product_cat-ceramic-glazing-machine","7":"product_tag-glazing-spray-machine","9":"first","10":"instock","11":"shipping-taxable","12":"product-type-simple"},"acf":{"customization_content":"<h2><\/h2>\r\n<div><\/div>","customization_content_source":{"label":"Customization Content","type":"wysiwyg","formatted_value":"<h2><\/h2>\n<div><\/div>\n"},"why_choose_us_content":"<h2 style=\"text-align: center;\">Why Choose Us as Your Ceramic Glaze Spray Booth Supplier<\/h2>\r\n\r\n<hr \/>\r\n<p style=\"text-align: center;\">\u00a0Yutai as a ceramic machine manufacturer, maintains strict quality standards and excellent service. Revolutionize your manufacturing processes with cutting-edge automation technology that streamlines forming and enhances efficiency.<\/p>","why_choose_us_content_source":{"label":"Why Choose Us Content","type":"wysiwyg","formatted_value":"<h2 style=\"text-align: center;\">Why Choose Us as Your Ceramic Glaze Spray Booth Supplier<\/h2>\n<hr \/>\n<p style=\"text-align: center;\">\u00a0Yutai as a ceramic machine manufacturer, maintains strict quality standards and excellent service. Revolutionize your manufacturing processes with cutting-edge automation technology that streamlines forming and enhances efficiency.<\/p>\n"}},"_links":{"self":[{"href":"https:\/\/yutaimachinery.com\/es\/wp-json\/wp\/v2\/product\/4110","targetHints":{"allow":["GET"]}}],"collection":[{"href":"https:\/\/yutaimachinery.com\/es\/wp-json\/wp\/v2\/product"}],"about":[{"href":"https:\/\/yutaimachinery.com\/es\/wp-json\/wp\/v2\/types\/product"}],"version-history":[{"count":0,"href":"https:\/\/yutaimachinery.com\/es\/wp-json\/wp\/v2\/product\/4110\/revisions"}],"wp:featuredmedia":[{"embeddable":true,"href":"https:\/\/yutaimachinery.com\/es\/wp-json\/wp\/v2\/media\/4112"}],"wp:attachment":[{"href":"https:\/\/yutaimachinery.com\/es\/wp-json\/wp\/v2\/media?parent=4110"}],"wp:term":[{"taxonomy":"product_brand","embeddable":true,"href":"https:\/\/yutaimachinery.com\/es\/wp-json\/wp\/v2\/product_brand?post=4110"},{"taxonomy":"product_cat","embeddable":true,"href":"https:\/\/yutaimachinery.com\/es\/wp-json\/wp\/v2\/product_cat?post=4110"},{"taxonomy":"product_tag","embeddable":true,"href":"https:\/\/yutaimachinery.com\/es\/wp-json\/wp\/v2\/product_tag?post=4110"}],"curies":[{"name":"wp","href":"https:\/\/api.w.org\/{rel}","templated":true}]}}