{"id":4077,"date":"2024-05-16T17:35:26","date_gmt":"2024-05-16T09:35:26","guid":{"rendered":"https:\/\/yutaimachinery.com\/?post_type=product&#038;p=4077"},"modified":"2024-05-17T11:57:04","modified_gmt":"2024-05-17T03:57:04","slug":"maquina-de-inmersion","status":"publish","type":"product","link":"https:\/\/yutaimachinery.com\/es\/product\/dipping-machine\/","title":{"rendered":"M\u00e1quina autom\u00e1tica de inmersi\u00f3n de cer\u00e1mica de doble tanque para el acristalamiento Bowls&amp;Mugs"},"content":{"rendered":"<div class=\"wp-block-columns is-layout-flex wp-container-core-columns-is-layout-9d6595d7 wp-block-columns-is-layout-flex\">\n<div class=\"wp-block-column is-layout-flow wp-block-column-is-layout-flow\">\n<h2 class=\"wp-block-heading\"><strong><strong>M\u00e1quina de inmersi\u00f3n<\/strong><\/strong> <strong>Caracter\u00edsticas:<\/strong><\/h2>\n\n\n\n<p>Dise\u00f1o de doble ranura: Permite esmaltar dos colores o tipos de esmalte diferentes al mismo tiempo, lo que proporciona una mayor flexibilidad y personalizaci\u00f3n para sus productos.<\/p>\n\n\n\n<p>Mayor eficacia: Los procesos de inmersi\u00f3n automatizados reducen significativamente el trabajo manual, aceleran los tiempos de producci\u00f3n y aumentan el rendimiento general, por lo que son ideales para la producci\u00f3n en masa.<\/p>\n\n\n\n<p>Versatilidad: La m\u00e1quina es adecuada para diversos productos cer\u00e1micos como cuencos, tazas, jarrones, etc. Puede manipular productos cer\u00e1micos de diferentes formas y tama\u00f1os, por lo que puede adaptarse a una amplia gama de necesidades de producci\u00f3n.<\/p>\n<\/div>\n\n\n\n<div class=\"wp-block-column is-layout-flow wp-block-column-is-layout-flow\">\n<figure class=\"wp-block-embed is-type-video is-provider-youtube wp-block-embed-youtube wp-embed-aspect-16-9 wp-has-aspect-ratio\"><div class=\"wp-block-embed__wrapper\">\n<iframe title=\"m\u00e1quina de inmersi\u00f3n en esmalte para macetas de cer\u00e1mica\" width=\"940\" height=\"529\" src=\"https:\/\/www.youtube.com\/embed\/N0N9-HTgLno?feature=oembed\" frameborder=\"0\" allow=\"accelerometer; autoplay; clipboard-write; encrypted-media; gyroscope; picture-in-picture; web-share\" referrerpolicy=\"strict-origin-when-cross-origin\" allowfullscreen><\/iframe>\n<\/div><\/figure>\n<\/div>\n<\/div>","protected":false},"excerpt":{"rendered":"<p>M\u00e1quina de cer\u00e1mica Yutai Venta directa de f\u00e1brica de la m\u00e1quina de inmersi\u00f3n de cer\u00e1mica de alta calidad, dise\u00f1o de doble tanque, puede simult\u00e1neamente dos colores esmalte, mejorar la eficiencia de producci\u00f3n. Ofrecemos servicios personalizados y de instalaci\u00f3n t\u00e9cnica, 24 horas en l\u00ednea para resolver sus problemas.<\/p>\n<h2>Soluci\u00f3n integral para m\u00e1quinas de inmersi\u00f3n:<\/h2>\n<ol>\n<li>\n<p>Precio de f\u00e1brica: Como fabricante de m\u00e1quinas de cer\u00e1mica, ofrecemos m\u00e1quinas de inmersi\u00f3n de esmaltado rentables, bienvenido a contactarnos para obtener el precio de f\u00e1brica.<\/p>\n<\/li>\n<li>\n<p>Asistencia t\u00e9cnica: Proporcionar orientaci\u00f3n t\u00e9cnica profesional e instalaci\u00f3n mec\u00e1nica, con gu\u00edas de v\u00eddeo para garantizar un uso r\u00e1pido del producto.<\/p>\n<\/li>\n<li>\n<p>Piezas de recambio: Suministro de una gama de piezas de repuesto originales.<\/p>\n<\/li>\n<li>\n<p>Asistencia posventa: 24 horas de ayuda en l\u00ednea para asegurarse de que est\u00e1 satisfecho con esmaltado inmersi\u00f3n machiess y que se utiliza sin problemas en su l\u00ednea de producci\u00f3n.<\/p>\n<\/li>\n<\/ol>","protected":false},"featured_media":4081,"template":"","meta":{"_acf_changed":false},"product_brand":[],"product_cat":[57],"product_tag":[78],"class_list":{"0":"post-4077","1":"product","2":"type-product","3":"status-publish","4":"has-post-thumbnail","6":"product_cat-ceramic-glazing-machine","7":"product_tag-glaze-dipping-machine","9":"first","10":"instock","11":"shipping-taxable","12":"product-type-simple"},"acf":{"customization_content":"<h2><\/h2>\r\n<div><\/div>","customization_content_source":{"label":"Customization Content","type":"wysiwyg","formatted_value":"<h2><\/h2>\n<div><\/div>\n"},"why_choose_us_content":"<h2 style=\"text-align: center;\">Why Choose Us as Your Glazing Machine Supplier<\/h2>\r\n\r\n<hr \/>\r\n<p style=\"text-align: center;\">\u00a0Yutai as a ceramic machine manufacturer, maintains strict quality standards and excellent service. Revolutionize your manufacturing processes with cutting-edge automation technology that streamlines forming and enhances efficiency.<\/p>","why_choose_us_content_source":{"label":"Why Choose Us Content","type":"wysiwyg","formatted_value":"<h2 style=\"text-align: center;\">Why Choose Us as Your Glazing Machine Supplier<\/h2>\n<hr \/>\n<p style=\"text-align: center;\">\u00a0Yutai as a ceramic machine manufacturer, maintains strict quality standards and excellent service. Revolutionize your manufacturing processes with cutting-edge automation technology that streamlines forming and enhances efficiency.<\/p>\n"}},"_links":{"self":[{"href":"https:\/\/yutaimachinery.com\/es\/wp-json\/wp\/v2\/product\/4077","targetHints":{"allow":["GET"]}}],"collection":[{"href":"https:\/\/yutaimachinery.com\/es\/wp-json\/wp\/v2\/product"}],"about":[{"href":"https:\/\/yutaimachinery.com\/es\/wp-json\/wp\/v2\/types\/product"}],"version-history":[{"count":0,"href":"https:\/\/yutaimachinery.com\/es\/wp-json\/wp\/v2\/product\/4077\/revisions"}],"wp:featuredmedia":[{"embeddable":true,"href":"https:\/\/yutaimachinery.com\/es\/wp-json\/wp\/v2\/media\/4081"}],"wp:attachment":[{"href":"https:\/\/yutaimachinery.com\/es\/wp-json\/wp\/v2\/media?parent=4077"}],"wp:term":[{"taxonomy":"product_brand","embeddable":true,"href":"https:\/\/yutaimachinery.com\/es\/wp-json\/wp\/v2\/product_brand?post=4077"},{"taxonomy":"product_cat","embeddable":true,"href":"https:\/\/yutaimachinery.com\/es\/wp-json\/wp\/v2\/product_cat?post=4077"},{"taxonomy":"product_tag","embeddable":true,"href":"https:\/\/yutaimachinery.com\/es\/wp-json\/wp\/v2\/product_tag?post=4077"}],"curies":[{"name":"wp","href":"https:\/\/api.w.org\/{rel}","templated":true}]}}