{"id":4063,"date":"2024-05-14T11:51:50","date_gmt":"2024-05-14T03:51:50","guid":{"rendered":"https:\/\/yutaimachinery.com\/?post_type=product&#038;p=4063"},"modified":"2024-05-14T14:32:02","modified_gmt":"2024-05-14T06:32:02","slug":"maquina-de-esmaltar-ceramica","status":"publish","type":"product","link":"https:\/\/yutaimachinery.com\/es\/product\/pottery-glazing-machine\/","title":{"rendered":"M\u00e1quina esmaltadora autom\u00e1tica de cer\u00e1mica de 2 colores para tazas de cer\u00e1mica"},"content":{"rendered":"<div class=\"wp-block-columns is-layout-flex wp-container-core-columns-is-layout-9d6595d7 wp-block-columns-is-layout-flex\">\n<div class=\"wp-block-column is-layout-flow wp-block-column-is-layout-flow\">\n<h2 class=\"wp-block-heading\"><strong><strong>M\u00e1quina de esmaltar cer\u00e1mica<\/strong><\/strong> <strong>Caracter\u00edsticas:<\/strong><\/h2>\n\n\n\n<p>Personalizaci\u00f3n del color: Las m\u00e1quinas de inmersi\u00f3n de esmaltado de tazas y cuencos totalmente autom\u00e1ticas pueden hacer un color o dos colores. Es una buena opci\u00f3n especial para el interior y el exterior de diferentes colores.<\/p>\n\n\n\n<p>Integraci\u00f3n del flujo de trabajo: Trabajando con una l\u00ednea de conformado autom\u00e1tico se consigue una l\u00ednea de producci\u00f3n totalmente autom\u00e1tica desde el conformado de la carrocer\u00eda en verde hasta el acristalamiento.<\/p>\n<\/div>\n\n\n\n<div class=\"wp-block-column is-layout-flow wp-block-column-is-layout-flow\">\n<figure class=\"wp-block-embed is-type-video is-provider-youtube wp-block-embed-youtube wp-embed-aspect-16-9 wp-has-aspect-ratio\"><div class=\"wp-block-embed__wrapper\">\n<iframe title=\"maquina esmaltadora automatica de tazas de 2 colores\" width=\"940\" height=\"529\" src=\"https:\/\/www.youtube.com\/embed\/eHOMoB5Dcp8?feature=oembed\" frameborder=\"0\" allow=\"accelerometer; autoplay; clipboard-write; encrypted-media; gyroscope; picture-in-picture; web-share\" referrerpolicy=\"strict-origin-when-cross-origin\" allowfullscreen><\/iframe>\n<\/div><\/figure>\n<\/div>\n<\/div>","protected":false},"excerpt":{"rendered":"<p>La m\u00e1quina autom\u00e1tica de esmaltado de cer\u00e1mica puede realizar diferentes colores dentro y fuera del taz\u00f3n de la taza y se integra perfectamente con la l\u00ednea de producci\u00f3n de formado autom\u00e1tico para satisfacer las diferentes necesidades del producto. Ofrecemos soporte t\u00e9cnico completo, incluyendo la instalaci\u00f3n, capacitaci\u00f3n y servicio completo.<\/p>\n<h2>Soluci\u00f3n integral para m\u00e1quinas de esmaltado de cer\u00e1mica:<\/h2>\n<ol>\n<li>\n<p>Precio de f\u00e1brica: Como fabricante de m\u00e1quinas de cer\u00e1mica, ofrecemos m\u00e1quinas de esmaltado de cer\u00e1mica rentables, bienvenido a contactarnos para obtener el precio de f\u00e1brica.<\/p>\n<\/li>\n<li>\n<p>Asistencia t\u00e9cnica: Proporcionar orientaci\u00f3n t\u00e9cnica profesional e instalaci\u00f3n mec\u00e1nica, con gu\u00edas de v\u00eddeo para garantizar un uso r\u00e1pido del producto.<\/p>\n<\/li>\n<li>\n<p>Piezas de recambio: Suministro de una gama de piezas de repuesto originales.<\/p>\n<\/li>\n<li>\n<p>Asistencia posventa: 24 horas de ayuda en l\u00ednea para asegurarse de que est\u00e1 satisfecho con las m\u00e1quinas de esmaltado de cer\u00e1mica y que se utiliza sin problemas en su l\u00ednea de producci\u00f3n.<\/p>\n<\/li>\n<\/ol>","protected":false},"featured_media":4069,"template":"","meta":{"_acf_changed":false},"product_brand":[],"product_cat":[57],"product_tag":[78],"class_list":{"0":"post-4063","1":"product","2":"type-product","3":"status-publish","4":"has-post-thumbnail","6":"product_cat-ceramic-glazing-machine","7":"product_tag-glaze-dipping-machine","9":"first","10":"instock","11":"shipping-taxable","12":"product-type-simple"},"acf":{"customization_content":"<h2><\/h2>\r\n<div><\/div>","customization_content_source":{"label":"Customization Content","type":"wysiwyg","formatted_value":"<h2><\/h2>\n<div><\/div>\n"},"why_choose_us_content":"<h2 style=\"text-align: center;\">Why Choose Us as Your Pottery Glazing Machine Supplier<\/h2>\r\n\r\n<hr \/>\r\n<p style=\"text-align: center;\">\u00a0Yutai as a ceramic machine manufacturer, maintains strict quality standards and excellent service. Revolutionize your manufacturing processes with cutting-edge automation technology that streamlines forming and enhances efficiency.<\/p>","why_choose_us_content_source":{"label":"Why Choose Us Content","type":"wysiwyg","formatted_value":"<h2 style=\"text-align: center;\">Why Choose Us as Your Pottery Glazing Machine Supplier<\/h2>\n<hr \/>\n<p style=\"text-align: center;\">\u00a0Yutai as a ceramic machine manufacturer, maintains strict quality standards and excellent service. Revolutionize your manufacturing processes with cutting-edge automation technology that streamlines forming and enhances efficiency.<\/p>\n"}},"_links":{"self":[{"href":"https:\/\/yutaimachinery.com\/es\/wp-json\/wp\/v2\/product\/4063","targetHints":{"allow":["GET"]}}],"collection":[{"href":"https:\/\/yutaimachinery.com\/es\/wp-json\/wp\/v2\/product"}],"about":[{"href":"https:\/\/yutaimachinery.com\/es\/wp-json\/wp\/v2\/types\/product"}],"version-history":[{"count":0,"href":"https:\/\/yutaimachinery.com\/es\/wp-json\/wp\/v2\/product\/4063\/revisions"}],"wp:featuredmedia":[{"embeddable":true,"href":"https:\/\/yutaimachinery.com\/es\/wp-json\/wp\/v2\/media\/4069"}],"wp:attachment":[{"href":"https:\/\/yutaimachinery.com\/es\/wp-json\/wp\/v2\/media?parent=4063"}],"wp:term":[{"taxonomy":"product_brand","embeddable":true,"href":"https:\/\/yutaimachinery.com\/es\/wp-json\/wp\/v2\/product_brand?post=4063"},{"taxonomy":"product_cat","embeddable":true,"href":"https:\/\/yutaimachinery.com\/es\/wp-json\/wp\/v2\/product_cat?post=4063"},{"taxonomy":"product_tag","embeddable":true,"href":"https:\/\/yutaimachinery.com\/es\/wp-json\/wp\/v2\/product_tag?post=4063"}],"curies":[{"name":"wp","href":"https:\/\/api.w.org\/{rel}","templated":true}]}}