{"id":4048,"date":"2024-05-14T09:37:20","date_gmt":"2024-05-14T01:37:20","guid":{"rendered":"https:\/\/yutaimachinery.com\/?post_type=product&#038;p=4048"},"modified":"2024-05-14T11:03:53","modified_gmt":"2024-05-14T03:03:53","slug":"esmaltadora-automatica-de-ceramica-12-24-estacion","status":"publish","type":"product","link":"https:\/\/yutaimachinery.com\/es\/product\/automatic-ceramic-glazing-machine-12-24-station\/","title":{"rendered":"M\u00e1quina esmaltadora de cer\u00e1mica autom\u00e1tica de 12-24 estaciones"},"content":{"rendered":"<div class=\"wp-block-columns is-layout-flex wp-container-core-columns-is-layout-9d6595d7 wp-block-columns-is-layout-flex\">\n<div class=\"wp-block-column is-layout-flow wp-block-column-is-layout-flow\">\n<h2 class=\"wp-block-heading\"><strong><strong>M\u00e1quina de esmaltado de cer\u00e1mica<\/strong><\/strong> <strong>Caracter\u00edsticas:<\/strong><\/h2>\n\n\n\n<p>Alta eficiencia 12-24 estaciones: Con 12-24 estaciones, nuestras m\u00e1quinas autom\u00e1ticas de esmaltado de cer\u00e1mica garantizan una alta productividad y pueden esmaltar simult\u00e1neamente una amplia gama de productos cer\u00e1micos.<\/p>\n\n\n\n<p>F\u00e1cil de usar: Dise\u00f1ado para un uso sencillo, controles intuitivos y una interfaz f\u00e1cil de usar, lo que garantiza un funcionamiento sin problemas y unos requisitos de formaci\u00f3n m\u00ednimos.<\/p>\n\n\n\n<p>Versatilidad: Adecuada para una amplia gama de productos cer\u00e1micos, incluidos platos, cuencos, tazas, etc., lo que la convierte en una soluci\u00f3n vers\u00e1til para los fabricantes de cer\u00e1mica.<\/p>\n<\/div>\n\n\n\n<div class=\"wp-block-column is-layout-flow wp-block-column-is-layout-flow\">\n<figure class=\"wp-block-embed is-type-video is-provider-youtube wp-block-embed-youtube wp-embed-aspect-16-9 wp-has-aspect-ratio\"><div class=\"wp-block-embed__wrapper\">\n<iframe title=\"M\u00e1quina esmaltadora autom\u00e1tica de platos, tazones y tazas de cer\u00e1mica\" width=\"940\" height=\"529\" src=\"https:\/\/www.youtube.com\/embed\/9WJXD2lhWPc?feature=oembed\" frameborder=\"0\" allow=\"accelerometer; autoplay; clipboard-write; encrypted-media; gyroscope; picture-in-picture; web-share\" referrerpolicy=\"strict-origin-when-cross-origin\" allowfullscreen><\/iframe>\n<\/div><\/figure>\n<\/div>\n<\/div>","protected":false},"excerpt":{"rendered":"<p>Como una f\u00e1brica de maquinaria de cer\u00e1mica, m\u00e1quinas de esmaltado de cer\u00e1mica al por mayor con 12-24 estaciones, mejorar la eficiencia, y puede simult\u00e1neamente en varios productos cer\u00e1micos de esmaltado autom\u00e1tico. Apoyar la personalizaci\u00f3n y servicios de instalaci\u00f3n t\u00e9cnica.<\/p>\n<h2>Soluci\u00f3n integral para m\u00e1quinas de esmaltado cer\u00e1mico:<\/h2>\n<ol>\n<li>\n<p>Precio de f\u00e1brica: Como fabricante de m\u00e1quinas de cer\u00e1mica, ofrecemos m\u00e1quinas de esmaltado de cer\u00e1mica rentables, bienvenido a contactarnos para obtener el precio de f\u00e1brica.<\/p>\n<\/li>\n<li>\n<p>Asistencia t\u00e9cnica: Proporcionar orientaci\u00f3n t\u00e9cnica profesional e instalaci\u00f3n mec\u00e1nica, con gu\u00edas de v\u00eddeo para garantizar un uso r\u00e1pido del producto.<\/p>\n<\/li>\n<li>\n<p>Piezas de recambio: Suministro de una gama de piezas de repuesto originales.<\/p>\n<\/li>\n<li>\n<p>Asistencia posventa: Ayuda en l\u00ednea las 24 horas del d\u00eda para garantizar que est\u00e1 satisfecho con las m\u00e1quinas de esmaltado cer\u00e1mico y que se utiliza sin problemas en su l\u00ednea de producci\u00f3n.<\/p>\n<\/li>\n<\/ol>","protected":false},"featured_media":4052,"template":"","meta":{"_acf_changed":false},"product_brand":[],"product_cat":[57],"product_tag":[78],"class_list":{"0":"post-4048","1":"product","2":"type-product","3":"status-publish","4":"has-post-thumbnail","6":"product_cat-ceramic-glazing-machine","7":"product_tag-glaze-dipping-machine","9":"first","10":"instock","11":"shipping-taxable","12":"product-type-simple"},"acf":{"customization_content":"<h2><\/h2>\r\n<div><\/div>","customization_content_source":{"label":"Customization Content","type":"wysiwyg","formatted_value":"<h2><\/h2>\n<div><\/div>\n"},"why_choose_us_content":"<h2 style=\"text-align: center;\">Why Choose Us as Your Ceramic Glazing Machine Supplier<\/h2>\r\n\r\n<hr \/>\r\n<p style=\"text-align: center;\">\u00a0Yutai as a ceramic machine manufacturer, maintains strict quality standards and excellent service. Revolutionize your manufacturing processes with cutting-edge automation technology that streamlines forming and enhances efficiency.<\/p>","why_choose_us_content_source":{"label":"Why Choose Us Content","type":"wysiwyg","formatted_value":"<h2 style=\"text-align: center;\">Why Choose Us as Your Ceramic Glazing Machine Supplier<\/h2>\n<hr \/>\n<p style=\"text-align: center;\">\u00a0Yutai as a ceramic machine manufacturer, maintains strict quality standards and excellent service. Revolutionize your manufacturing processes with cutting-edge automation technology that streamlines forming and enhances efficiency.<\/p>\n"}},"_links":{"self":[{"href":"https:\/\/yutaimachinery.com\/es\/wp-json\/wp\/v2\/product\/4048","targetHints":{"allow":["GET"]}}],"collection":[{"href":"https:\/\/yutaimachinery.com\/es\/wp-json\/wp\/v2\/product"}],"about":[{"href":"https:\/\/yutaimachinery.com\/es\/wp-json\/wp\/v2\/types\/product"}],"version-history":[{"count":0,"href":"https:\/\/yutaimachinery.com\/es\/wp-json\/wp\/v2\/product\/4048\/revisions"}],"wp:featuredmedia":[{"embeddable":true,"href":"https:\/\/yutaimachinery.com\/es\/wp-json\/wp\/v2\/media\/4052"}],"wp:attachment":[{"href":"https:\/\/yutaimachinery.com\/es\/wp-json\/wp\/v2\/media?parent=4048"}],"wp:term":[{"taxonomy":"product_brand","embeddable":true,"href":"https:\/\/yutaimachinery.com\/es\/wp-json\/wp\/v2\/product_brand?post=4048"},{"taxonomy":"product_cat","embeddable":true,"href":"https:\/\/yutaimachinery.com\/es\/wp-json\/wp\/v2\/product_cat?post=4048"},{"taxonomy":"product_tag","embeddable":true,"href":"https:\/\/yutaimachinery.com\/es\/wp-json\/wp\/v2\/product_tag?post=4048"}],"curies":[{"name":"wp","href":"https:\/\/api.w.org\/{rel}","templated":true}]}}