{"id":3958,"date":"2024-04-25T15:32:27","date_gmt":"2024-04-25T07:32:27","guid":{"rendered":"https:\/\/yutaimachinery.com\/?post_type=product&#038;p=3958"},"modified":"2024-05-14T10:52:29","modified_gmt":"2024-05-14T02:52:29","slug":"mezcladora-de-yeso-al-vacio-2","status":"publish","type":"product","link":"https:\/\/yutaimachinery.com\/es\/product\/vacuum-plaster-mixer\/","title":{"rendered":"Mezcladora de yeso al vac\u00edo para moldes de laminaci\u00f3n y colada"},"content":{"rendered":"<div class=\"wp-block-columns is-layout-flex wp-container-core-columns-is-layout-9d6595d7 wp-block-columns-is-layout-flex\">\n<div class=\"wp-block-column is-layout-flow wp-block-column-is-layout-flow\">\n<h2 class=\"wp-block-heading\"><strong>Par\u00e1metros de la mezcladora de yeso al vac\u00edo:<\/strong><\/h2>\n\n\n\n<figure class=\"wp-block-table\"><table><tbody><tr><td>Modelo<\/td><td>Dimensiones (lxwxh)<\/td><td>Potencia (kw)<\/td><\/tr><tr><td>30<\/td><td>70x60x150cm(h)<\/td><td>0,75 kW<\/td><\/tr><tr><td>60<\/td><td>80x65x170 cm(h)<\/td><td>1,5 kW<\/td><\/tr><\/tbody><\/table><\/figure>\n<\/div>\n\n\n\n<div class=\"wp-block-column is-layout-flow wp-block-column-is-layout-flow\"><div class=\"wp-block-image\">\n<figure class=\"aligncenter size-full is-resized\"><img fetchpriority=\"high\" decoding=\"async\" width=\"1080\" height=\"1080\" src=\"https:\/\/yutaimachinery.com\/wp-content\/uploads\/2024\/04\/Vacuum-plaster-mixer1.webp\" alt=\"Mezcladora de yeso al vac\u00edo\" class=\"wp-image-3966\" style=\"width:293px;height:auto\" title=\"\" srcset=\"https:\/\/yutaimachinery.com\/wp-content\/uploads\/2024\/04\/Vacuum-plaster-mixer1.webp 1080w, https:\/\/yutaimachinery.com\/wp-content\/uploads\/2024\/04\/Vacuum-plaster-mixer1-300x300.webp 300w, https:\/\/yutaimachinery.com\/wp-content\/uploads\/2024\/04\/Vacuum-plaster-mixer1-150x150.webp 150w, https:\/\/yutaimachinery.com\/wp-content\/uploads\/2024\/04\/Vacuum-plaster-mixer1-768x768.webp 768w, https:\/\/yutaimachinery.com\/wp-content\/uploads\/2024\/04\/Vacuum-plaster-mixer1-285x285.webp 285w, https:\/\/yutaimachinery.com\/wp-content\/uploads\/2024\/04\/Vacuum-plaster-mixer1-270x270.webp 270w, https:\/\/yutaimachinery.com\/wp-content\/uploads\/2024\/04\/Vacuum-plaster-mixer1-540x540.webp 540w, https:\/\/yutaimachinery.com\/wp-content\/uploads\/2024\/04\/Vacuum-plaster-mixer1-660x660.webp 660w\" sizes=\"(max-width: 1080px) 100vw, 1080px\" \/><\/figure>\n<\/div><\/div>\n<\/div>\n\n\n\n<h2 class=\"wp-block-heading\"><strong><strong>Mezcladora de yeso al vac\u00edo <\/strong>Caracter\u00edsticas:<\/strong><\/h2>\n\n\n\n<p><strong>Mejora de la calidad del yeso: <\/strong>El proceso de mezclado al vac\u00edo aumenta la suavidad y dureza de los moldes de yeso, lo que se traduce en una mayor finura y durabilidad del producto final.<\/p>\n\n\n\n<p><strong>Velocidad y tiempo de mezcla ajustables: <\/strong>Ofrece flexibilidad para ajustar la velocidad y la duraci\u00f3n de la mezcla, lo que permite un control preciso de la consistencia del yeso seg\u00fan requisitos espec\u00edficos.<\/p>\n\n\n\n<p><strong>Construcci\u00f3n de acero inoxidable<\/strong>: La carcasa de la mezcladora es de acero inoxidable, lo que garantiza su durabilidad y resistencia a la corrosi\u00f3n, algo esencial para un uso prolongado en un entorno de fabricaci\u00f3n.<\/p>\n\n\n\n<p><strong>C\u00e1mara de aluminio sellada: <\/strong>Dispone de una c\u00e1mara de aluminio fundido con excelentes propiedades de sellado, que protege la mezcla de contaminantes y garantiza un entorno de mezcla limpio.<\/p>\n\n\n\n<p><strong>Facilidad de manejo: <\/strong>La posibilidad de ajustar f\u00e1cilmente la velocidad de las palas mezcladoras y el tiempo de mezcla hace que esta m\u00e1quina sea f\u00e1cil de usar y se adapte a diversas necesidades de producci\u00f3n.<\/p>\n\n\n\n<div class=\"wp-block-columns is-layout-flex wp-container-core-columns-is-layout-9d6595d7 wp-block-columns-is-layout-flex\">\n<div class=\"wp-block-column is-layout-flow wp-block-column-is-layout-flow\">\n<figure class=\"wp-block-image size-full is-resized\"><img decoding=\"async\" width=\"1276\" height=\"1276\" src=\"https:\/\/yutaimachinery.com\/wp-content\/uploads\/2024\/04\/Vacuum-plaster-mixer5.webp\" alt=\"Mezcladora de yeso al vac\u00edo\" class=\"wp-image-3967\" style=\"width:346px;height:auto\" title=\"\" srcset=\"https:\/\/yutaimachinery.com\/wp-content\/uploads\/2024\/04\/Vacuum-plaster-mixer5.webp 1276w, https:\/\/yutaimachinery.com\/wp-content\/uploads\/2024\/04\/Vacuum-plaster-mixer5-300x300.webp 300w, https:\/\/yutaimachinery.com\/wp-content\/uploads\/2024\/04\/Vacuum-plaster-mixer5-150x150.webp 150w, https:\/\/yutaimachinery.com\/wp-content\/uploads\/2024\/04\/Vacuum-plaster-mixer5-768x768.webp 768w, https:\/\/yutaimachinery.com\/wp-content\/uploads\/2024\/04\/Vacuum-plaster-mixer5-285x285.webp 285w, https:\/\/yutaimachinery.com\/wp-content\/uploads\/2024\/04\/Vacuum-plaster-mixer5-270x270.webp 270w, https:\/\/yutaimachinery.com\/wp-content\/uploads\/2024\/04\/Vacuum-plaster-mixer5-540x540.webp 540w, https:\/\/yutaimachinery.com\/wp-content\/uploads\/2024\/04\/Vacuum-plaster-mixer5-660x660.webp 660w\" sizes=\"(max-width: 1276px) 100vw, 1276px\" \/><\/figure>\n<\/div>\n\n\n\n<div class=\"wp-block-column is-layout-flow wp-block-column-is-layout-flow\">\n<figure class=\"wp-block-image size-full is-resized\"><img decoding=\"async\" width=\"1080\" height=\"1080\" src=\"https:\/\/yutaimachinery.com\/wp-content\/uploads\/2024\/04\/Vacuum-plaster-mixer2.webp\" alt=\"Mezcladora de yeso al vac\u00edo\" class=\"wp-image-3964\" style=\"width:344px;height:auto\" title=\"\" srcset=\"https:\/\/yutaimachinery.com\/wp-content\/uploads\/2024\/04\/Vacuum-plaster-mixer2.webp 1080w, https:\/\/yutaimachinery.com\/wp-content\/uploads\/2024\/04\/Vacuum-plaster-mixer2-300x300.webp 300w, https:\/\/yutaimachinery.com\/wp-content\/uploads\/2024\/04\/Vacuum-plaster-mixer2-150x150.webp 150w, https:\/\/yutaimachinery.com\/wp-content\/uploads\/2024\/04\/Vacuum-plaster-mixer2-768x768.webp 768w, https:\/\/yutaimachinery.com\/wp-content\/uploads\/2024\/04\/Vacuum-plaster-mixer2-285x285.webp 285w, https:\/\/yutaimachinery.com\/wp-content\/uploads\/2024\/04\/Vacuum-plaster-mixer2-270x270.webp 270w, https:\/\/yutaimachinery.com\/wp-content\/uploads\/2024\/04\/Vacuum-plaster-mixer2-540x540.webp 540w, https:\/\/yutaimachinery.com\/wp-content\/uploads\/2024\/04\/Vacuum-plaster-mixer2-660x660.webp 660w\" sizes=\"(max-width: 1080px) 100vw, 1080px\" \/><\/figure>\n<\/div>\n<\/div>","protected":false},"excerpt":{"rendered":"<p>Mezclador de yeso al vac\u00edo de venta directa de f\u00e1brica, que est\u00e1 dise\u00f1ado para optimizar la preparaci\u00f3n de yeso para cabezales de rodillos y moldes de fundici\u00f3n, por lo que es una herramienta inestimable para mejorar la eficiencia de la producci\u00f3n y la calidad en la fabricaci\u00f3n de moldes de cer\u00e1mica y yeso.<\/p>\n<h2>Soluci\u00f3n integral para la mezcladora de yeso al vac\u00edo:<\/h2>\n<ol>\n<li>\n<p>Precio de f\u00e1brica: Como fabricante de maquinaria de cer\u00e1mica, ofrecemos m\u00e1quinas de corte de arcilla rentables, bienvenido a contactarnos para obtener el precio de f\u00e1brica.<\/p>\n<\/li>\n<li>\n<p>Asistencia t\u00e9cnica: Proporcionar orientaci\u00f3n t\u00e9cnica profesional e instalaci\u00f3n mec\u00e1nica, con gu\u00edas de v\u00eddeo para garantizar un uso r\u00e1pido del producto.<\/p>\n<\/li>\n<li>\n<p>Piezas de recambio: Suministro de una gama de piezas de repuesto originales.<\/p>\n<\/li>\n<li>\n<p>Asistencia posventa: Ayuda en l\u00ednea las 24 horas para garantizar que est\u00e9 satisfecho con la mezcladora de yeso al vac\u00edo y que se utilice sin problemas en su l\u00ednea de producci\u00f3n.<\/p>\n<\/li>\n<\/ol>","protected":false},"featured_media":3963,"template":"","meta":{"_acf_changed":false},"product_brand":[],"product_cat":[55],"product_tag":[84],"class_list":{"0":"post-3958","1":"product","2":"type-product","3":"status-publish","4":"has-post-thumbnail","6":"product_cat-ceramic-forming-machine","7":"product_tag-vacuum-plaster-mixer","9":"first","10":"instock","11":"shipping-taxable","12":"product-type-simple"},"acf":{"customization_content":"<h2><\/h2>\r\n<div><\/div>","customization_content_source":{"label":"Customization Content","type":"wysiwyg","formatted_value":"<h2><\/h2>\n<div><\/div>\n"},"why_choose_us_content":"<h2 style=\"text-align: center;\">Why Choose Us as Your Vacuum Plaster Mixer Supplier<\/h2>\r\n\r\n<hr \/>\r\n<p style=\"text-align: center;\">\u00a0Yutai as a ceramic machine manufacturer, maintains strict quality standards and excellent service. Revolutionize your manufacturing processes with cutting-edge automation technology that streamlines forming and enhances efficiency.<\/p>","why_choose_us_content_source":{"label":"Why Choose Us Content","type":"wysiwyg","formatted_value":"<h2 style=\"text-align: center;\">Why Choose Us as Your Vacuum Plaster Mixer Supplier<\/h2>\n<hr \/>\n<p style=\"text-align: center;\">\u00a0Yutai as a ceramic machine manufacturer, maintains strict quality standards and excellent service. Revolutionize your manufacturing processes with cutting-edge automation technology that streamlines forming and enhances efficiency.<\/p>\n"}},"_links":{"self":[{"href":"https:\/\/yutaimachinery.com\/es\/wp-json\/wp\/v2\/product\/3958","targetHints":{"allow":["GET"]}}],"collection":[{"href":"https:\/\/yutaimachinery.com\/es\/wp-json\/wp\/v2\/product"}],"about":[{"href":"https:\/\/yutaimachinery.com\/es\/wp-json\/wp\/v2\/types\/product"}],"version-history":[{"count":0,"href":"https:\/\/yutaimachinery.com\/es\/wp-json\/wp\/v2\/product\/3958\/revisions"}],"wp:featuredmedia":[{"embeddable":true,"href":"https:\/\/yutaimachinery.com\/es\/wp-json\/wp\/v2\/media\/3963"}],"wp:attachment":[{"href":"https:\/\/yutaimachinery.com\/es\/wp-json\/wp\/v2\/media?parent=3958"}],"wp:term":[{"taxonomy":"product_brand","embeddable":true,"href":"https:\/\/yutaimachinery.com\/es\/wp-json\/wp\/v2\/product_brand?post=3958"},{"taxonomy":"product_cat","embeddable":true,"href":"https:\/\/yutaimachinery.com\/es\/wp-json\/wp\/v2\/product_cat?post=3958"},{"taxonomy":"product_tag","embeddable":true,"href":"https:\/\/yutaimachinery.com\/es\/wp-json\/wp\/v2\/product_tag?post=3958"}],"curies":[{"name":"wp","href":"https:\/\/api.w.org\/{rel}","templated":true}]}}