{"id":3944,"date":"2024-04-25T14:15:57","date_gmt":"2024-04-25T06:15:57","guid":{"rendered":"https:\/\/yutaimachinery.com\/?post_type=product&#038;p=3944"},"modified":"2024-04-25T14:35:12","modified_gmt":"2024-04-25T06:35:12","slug":"bomba-neumatica-de-membrana-2","status":"publish","type":"product","link":"https:\/\/yutaimachinery.com\/es\/product\/air-diaphragm-pump\/","title":{"rendered":"Bomba neum\u00e1tica de diafragma para el transporte neum\u00e1tico de lodos arcillosos"},"content":{"rendered":"<div class=\"wp-block-columns is-layout-flex wp-container-core-columns-is-layout-9d6595d7 wp-block-columns-is-layout-flex\">\n<div class=\"wp-block-column is-layout-flow wp-block-column-is-layout-flow\">\n<h2 class=\"wp-block-heading\"><strong>Bomba de diafragma de aire Caracter\u00edsticas:<\/strong><\/h2>\n\n\n\n<ol class=\"wp-block-list\">\n<li><strong>Instalaci\u00f3n vers\u00e1til<\/strong>: A diferencia de algunas bombas, la bomba neum\u00e1tica de diafragma no requiere instalaci\u00f3n horizontal, lo que ofrece flexibilidad en la colocaci\u00f3n dentro de las configuraciones de producci\u00f3n.<\/li>\n\n\n\n<li><strong>Resistencia a los da\u00f1os<\/strong>: Dise\u00f1ado para soportar largos periodos de ralent\u00ed continuo sin sufrir da\u00f1os, lo que garantiza un rendimiento fiable incluso durante un funcionamiento prolongado.<\/li>\n\n\n\n<li><strong>Succi\u00f3n eficaz<\/strong>: Con una capacidad de aspiraci\u00f3n de 100%, esta bomba aspira eficazmente los materiales de esmaltado y los lodos de arcilla, facilitando el transporte suave e ininterrumpido del material.<\/li>\n\n\n\n<li><strong>M\u00faltiples aplicaciones<\/strong>: Adecuada para una gran variedad de tareas, incluido el transporte de materiales de esmaltado y lechada de arcilla, as\u00ed como la colada a presi\u00f3n, lo que la convierte en una soluci\u00f3n vers\u00e1til para diversas necesidades de producci\u00f3n.<\/li>\n<\/ol>\n<\/div>\n\n\n\n<div class=\"wp-block-column is-layout-flow wp-block-column-is-layout-flow\">\n<figure class=\"wp-block-image size-full\"><img fetchpriority=\"high\" decoding=\"async\" width=\"696\" height=\"696\" src=\"https:\/\/yutaimachinery.com\/wp-content\/uploads\/2024\/04\/Air-Diaphragm-Pump-5.webp\" alt=\"Bomba neum\u00e1tica de diafragma\" class=\"wp-image-3925\" title=\"\" srcset=\"https:\/\/yutaimachinery.com\/wp-content\/uploads\/2024\/04\/Air-Diaphragm-Pump-5.webp 696w, https:\/\/yutaimachinery.com\/wp-content\/uploads\/2024\/04\/Air-Diaphragm-Pump-5-300x300.webp 300w, https:\/\/yutaimachinery.com\/wp-content\/uploads\/2024\/04\/Air-Diaphragm-Pump-5-150x150.webp 150w, https:\/\/yutaimachinery.com\/wp-content\/uploads\/2024\/04\/Air-Diaphragm-Pump-5-285x285.webp 285w, https:\/\/yutaimachinery.com\/wp-content\/uploads\/2024\/04\/Air-Diaphragm-Pump-5-270x270.webp 270w, https:\/\/yutaimachinery.com\/wp-content\/uploads\/2024\/04\/Air-Diaphragm-Pump-5-540x540.webp 540w, https:\/\/yutaimachinery.com\/wp-content\/uploads\/2024\/04\/Air-Diaphragm-Pump-5-660x660.webp 660w\" sizes=\"(max-width: 696px) 100vw, 696px\" \/><\/figure>\n<\/div>\n<\/div>","protected":false},"excerpt":{"rendered":"<p>Yutai fabricaci\u00f3n de maquinaria al por mayor bombas de diafragma de aire con capacidad de aspiraci\u00f3n 100%. Esta bomba se utiliza para los materiales del esmalte y los transportadores de la mezcla de la arcilla, o el moldeado del resbal\u00f3n de la presi\u00f3n.<\/p>\n<h2>Soluci\u00f3n integral para bombas neum\u00e1ticas de diafragma:<\/h2>\n<ol>\n<li>\n<p>Precio de f\u00e1brica: Como fabricante de maquinaria de cer\u00e1mica, ofrecemos m\u00e1quinas de corte de arcilla rentables, bienvenido a contactarnos para obtener el precio de f\u00e1brica.<\/p>\n<\/li>\n<li>\n<p>Asistencia t\u00e9cnica: Proporcionar orientaci\u00f3n t\u00e9cnica profesional e instalaci\u00f3n mec\u00e1nica, con gu\u00edas de v\u00eddeo para garantizar un uso r\u00e1pido del producto.<\/p>\n<\/li>\n<li>\n<p>Piezas de recambio: Suministro de una gama de piezas de repuesto originales.<\/p>\n<\/li>\n<li>\n<p>Asistencia posventa: Ayuda en l\u00ednea las 24 horas para garantizar que est\u00e9 satisfecho con la bomba neum\u00e1tica de diafragma y que se utilice sin problemas en su l\u00ednea de producci\u00f3n.<\/p>\n<\/li>\n<\/ol>","protected":false},"featured_media":3923,"template":"","meta":{"_acf_changed":false},"product_brand":[],"product_cat":[55],"product_tag":[82],"class_list":{"0":"post-3944","1":"product","2":"type-product","3":"status-publish","4":"has-post-thumbnail","6":"product_cat-ceramic-forming-machine","7":"product_tag-air-diaphragm-pump","9":"first","10":"instock","11":"shipping-taxable","12":"product-type-simple"},"acf":{"customization_content":"<h2><\/h2>\r\n<div><\/div>","customization_content_source":{"label":"Customization Content","type":"wysiwyg","formatted_value":"<h2><\/h2>\n<div><\/div>\n"},"why_choose_us_content":"<h2 style=\"text-align: center;\">Why Choose Us as Your Air Diaphragm Pump Supplier<\/h2>\r\n\r\n<hr \/>\r\n<p style=\"text-align: center;\">\u00a0Yutai as a ceramic machine manufacturer, maintains strict quality standards and excellent service. Revolutionize your manufacturing processes with cutting-edge automation technology that streamlines forming and enhances efficiency.<\/p>","why_choose_us_content_source":{"label":"Why Choose Us Content","type":"wysiwyg","formatted_value":"<h2 style=\"text-align: center;\">Why Choose Us as Your Air Diaphragm Pump Supplier<\/h2>\n<hr \/>\n<p style=\"text-align: center;\">\u00a0Yutai as a ceramic machine manufacturer, maintains strict quality standards and excellent service. Revolutionize your manufacturing processes with cutting-edge automation technology that streamlines forming and enhances efficiency.<\/p>\n"}},"_links":{"self":[{"href":"https:\/\/yutaimachinery.com\/es\/wp-json\/wp\/v2\/product\/3944","targetHints":{"allow":["GET"]}}],"collection":[{"href":"https:\/\/yutaimachinery.com\/es\/wp-json\/wp\/v2\/product"}],"about":[{"href":"https:\/\/yutaimachinery.com\/es\/wp-json\/wp\/v2\/types\/product"}],"version-history":[{"count":0,"href":"https:\/\/yutaimachinery.com\/es\/wp-json\/wp\/v2\/product\/3944\/revisions"}],"wp:featuredmedia":[{"embeddable":true,"href":"https:\/\/yutaimachinery.com\/es\/wp-json\/wp\/v2\/media\/3923"}],"wp:attachment":[{"href":"https:\/\/yutaimachinery.com\/es\/wp-json\/wp\/v2\/media?parent=3944"}],"wp:term":[{"taxonomy":"product_brand","embeddable":true,"href":"https:\/\/yutaimachinery.com\/es\/wp-json\/wp\/v2\/product_brand?post=3944"},{"taxonomy":"product_cat","embeddable":true,"href":"https:\/\/yutaimachinery.com\/es\/wp-json\/wp\/v2\/product_cat?post=3944"},{"taxonomy":"product_tag","embeddable":true,"href":"https:\/\/yutaimachinery.com\/es\/wp-json\/wp\/v2\/product_tag?post=3944"}],"curies":[{"name":"wp","href":"https:\/\/api.w.org\/{rel}","templated":true}]}}