{"id":3920,"date":"2025-12-09T10:21:28","date_gmt":"2025-12-09T02:21:28","guid":{"rendered":"https:\/\/yutaimachinery.com\/?post_type=product&#038;p=3920"},"modified":"2026-01-15T11:35:16","modified_gmt":"2026-01-15T03:35:16","slug":"maquina-de-colada","status":"publish","type":"product","link":"https:\/\/yutaimachinery.com\/es\/product\/slip-casting-machine\/","title":{"rendered":"M\u00e1quina de colado por deslizamiento a alta presi\u00f3n para l\u00ednea de producci\u00f3n automatizada de vajillas de cer\u00e1mica"},"content":{"rendered":"<div class=\"wp-block-columns is-layout-flex wp-container-core-columns-is-layout-9d6595d7 wp-block-columns-is-layout-flex\">\n<div class=\"wp-block-column is-layout-flow wp-block-column-is-layout-flow\">\n<h2 class=\"wp-block-heading\">M\u00e1quina de fundici\u00f3n por deslizamiento Caracter\u00edsticas:<\/h2>\n\n\n\n<p><strong>Proceso de colado por deslizamiento totalmente automatizado<\/strong><br>Permite la colada automatizada, incluido el llenado y vaciado autom\u00e1ticos de moldes y el secado automatizado de moldes. Esto agiliza todo el proceso de producci\u00f3n.<\/p>\n\n\n\n<p><strong>Capacidad de producci\u00f3n multiformato<\/strong><br>Capaz de producir m\u00faltiples tipos de productos simult\u00e1neamente en una l\u00ednea automatizada de colado por deslizamiento, lo que mejora la productividad y la eficiencia operativa.<\/p>\n\n\n\n<p><strong>Resultados de alta calidad<\/strong><br>Reduce las burbujas superficiales y evita la deformaci\u00f3n del producto, lo que garantiza una mayor calidad y consistencia en los art\u00edculos cer\u00e1micos finales.<\/p>\n\n\n\n<p><strong>Secado integrado del molde con aire caliente<\/strong><br>Cuenta con secado por aire caliente para los moldes, lo que acelera el ciclo de producci\u00f3n al prepararlos r\u00e1pidamente para su reutilizaci\u00f3n y reducir los tiempos de espera.<\/p>\n\n\n\n<p><strong>Dise\u00f1ado para vajillas cer\u00e1micas huecas.<\/strong><br>Adecuado para botellas de aceite, cafeteras\/tetera y productos complejos o con formas especiales.<\/p>\n<\/div>\n\n\n\n<div class=\"wp-block-column is-layout-flow wp-block-column-is-layout-flow\">\n<figure class=\"wp-block-embed is-type-video is-provider-youtube wp-block-embed-youtube wp-embed-aspect-16-9 wp-has-aspect-ratio\"><div class=\"wp-block-embed__wrapper\">\n<iframe title=\"L\u00ednea de producci\u00f3n de fundici\u00f3n de cer\u00e1mica totalmente autom\u00e1tica\" width=\"940\" height=\"529\" src=\"https:\/\/www.youtube.com\/embed\/n2QHyzDZy20?feature=oembed\" frameborder=\"0\" allow=\"accelerometer; autoplay; clipboard-write; encrypted-media; gyroscope; picture-in-picture; web-share\" referrerpolicy=\"strict-origin-when-cross-origin\" allowfullscreen><\/iframe>\n<\/div><\/figure>\n<\/div>\n<\/div>\n\n\n\n<div class=\"wp-block-columns is-layout-flex wp-container-core-columns-is-layout-9d6595d7 wp-block-columns-is-layout-flex\">\n<div class=\"wp-block-column is-layout-flow wp-block-column-is-layout-flow\">\n<figure class=\"wp-block-image size-full\"><img fetchpriority=\"high\" decoding=\"async\" width=\"960\" height=\"960\" src=\"https:\/\/yutaimachinery.com\/wp-content\/uploads\/2025\/12\/ceramic-Violent-Bear-making-machine.webp\" alt=\"m\u00e1quina para fabricar osos violentos de cer\u00e1mica\" class=\"wp-image-6301\" title=\"\" srcset=\"https:\/\/yutaimachinery.com\/wp-content\/uploads\/2025\/12\/ceramic-Violent-Bear-making-machine.webp 960w, https:\/\/yutaimachinery.com\/wp-content\/uploads\/2025\/12\/ceramic-Violent-Bear-making-machine-300x300.webp 300w, https:\/\/yutaimachinery.com\/wp-content\/uploads\/2025\/12\/ceramic-Violent-Bear-making-machine-150x150.webp 150w, https:\/\/yutaimachinery.com\/wp-content\/uploads\/2025\/12\/ceramic-Violent-Bear-making-machine-768x768.webp 768w, https:\/\/yutaimachinery.com\/wp-content\/uploads\/2025\/12\/ceramic-Violent-Bear-making-machine-12x12.webp 12w, https:\/\/yutaimachinery.com\/wp-content\/uploads\/2025\/12\/ceramic-Violent-Bear-making-machine-285x285.webp 285w, https:\/\/yutaimachinery.com\/wp-content\/uploads\/2025\/12\/ceramic-Violent-Bear-making-machine-270x270.webp 270w, https:\/\/yutaimachinery.com\/wp-content\/uploads\/2025\/12\/ceramic-Violent-Bear-making-machine-540x540.webp 540w, https:\/\/yutaimachinery.com\/wp-content\/uploads\/2025\/12\/ceramic-Violent-Bear-making-machine-660x660.webp 660w\" sizes=\"(max-width: 960px) 100vw, 960px\" \/><\/figure>\n<\/div>\n\n\n\n<div class=\"wp-block-column is-layout-flow wp-block-column-is-layout-flow\">\n<figure class=\"wp-block-image size-large\"><img decoding=\"async\" width=\"800\" height=\"800\" src=\"https:\/\/yutaimachinery.com\/wp-content\/uploads\/2025\/12\/teapot-slip-casting-machine.webp\" alt=\"m\u00e1quina de colada para teteras\" class=\"wp-image-6287\" title=\"\" srcset=\"https:\/\/yutaimachinery.com\/wp-content\/uploads\/2025\/12\/teapot-slip-casting-machine.webp 800w, https:\/\/yutaimachinery.com\/wp-content\/uploads\/2025\/12\/teapot-slip-casting-machine-300x300.webp 300w, https:\/\/yutaimachinery.com\/wp-content\/uploads\/2025\/12\/teapot-slip-casting-machine-150x150.webp 150w, https:\/\/yutaimachinery.com\/wp-content\/uploads\/2025\/12\/teapot-slip-casting-machine-768x768.webp 768w, https:\/\/yutaimachinery.com\/wp-content\/uploads\/2025\/12\/teapot-slip-casting-machine-12x12.webp 12w, https:\/\/yutaimachinery.com\/wp-content\/uploads\/2025\/12\/teapot-slip-casting-machine-285x285.webp 285w, https:\/\/yutaimachinery.com\/wp-content\/uploads\/2025\/12\/teapot-slip-casting-machine-270x270.webp 270w, https:\/\/yutaimachinery.com\/wp-content\/uploads\/2025\/12\/teapot-slip-casting-machine-540x540.webp 540w, https:\/\/yutaimachinery.com\/wp-content\/uploads\/2025\/12\/teapot-slip-casting-machine-660x660.webp 660w\" sizes=\"(max-width: 800px) 100vw, 800px\" \/><\/figure>\n<\/div>\n\n\n\n<div class=\"wp-block-column is-layout-flow wp-block-column-is-layout-flow\">\n<figure class=\"wp-block-image size-full is-resized\"><img decoding=\"async\" width=\"266\" height=\"266\" src=\"https:\/\/yutaimachinery.com\/wp-content\/uploads\/2024\/04\/Slip-Casting-Machine-for-Ceramic-Bottle-Pot-Vase-Homerware-Production-3.webp\" alt=\"M\u00e1quina de moldeo por colada para la producci\u00f3n de botellas, jarrones y art\u00edculos para el hogar de cer\u00e1mica.\" class=\"wp-image-6147\" style=\"width:500px\" title=\"\" srcset=\"https:\/\/yutaimachinery.com\/wp-content\/uploads\/2024\/04\/Slip-Casting-Machine-for-Ceramic-Bottle-Pot-Vase-Homerware-Production-3.webp 266w, https:\/\/yutaimachinery.com\/wp-content\/uploads\/2024\/04\/Slip-Casting-Machine-for-Ceramic-Bottle-Pot-Vase-Homerware-Production-3-150x150.webp 150w, https:\/\/yutaimachinery.com\/wp-content\/uploads\/2024\/04\/Slip-Casting-Machine-for-Ceramic-Bottle-Pot-Vase-Homerware-Production-3-12x12.webp 12w\" sizes=\"(max-width: 266px) 100vw, 266px\" \/><\/figure>\n<\/div>\n<\/div>\n\n\n\n<div class=\"wp-block-columns is-layout-flex wp-container-core-columns-is-layout-9d6595d7 wp-block-columns-is-layout-flex\">\n<div class=\"wp-block-column is-layout-flow wp-block-column-is-layout-flow\">\n<figure class=\"wp-block-image size-full\"><img loading=\"lazy\" decoding=\"async\" width=\"4032\" height=\"3024\" src=\"https:\/\/yutaimachinery.com\/wp-content\/uploads\/2024\/04\/Hollow-Casting-Machine-slip-casting-machine-3.webp\" alt=\"M\u00e1quina de moldeo por colada para la producci\u00f3n de botellas, jarrones y art\u00edculos para el hogar de cer\u00e1mica.\" class=\"wp-image-6150\" title=\"\" srcset=\"https:\/\/yutaimachinery.com\/wp-content\/uploads\/2024\/04\/Hollow-Casting-Machine-slip-casting-machine-3.webp 4032w, https:\/\/yutaimachinery.com\/wp-content\/uploads\/2024\/04\/Hollow-Casting-Machine-slip-casting-machine-3-300x225.webp 300w, https:\/\/yutaimachinery.com\/wp-content\/uploads\/2024\/04\/Hollow-Casting-Machine-slip-casting-machine-3-768x576.webp 768w, https:\/\/yutaimachinery.com\/wp-content\/uploads\/2024\/04\/Hollow-Casting-Machine-slip-casting-machine-3-16x12.webp 16w, https:\/\/yutaimachinery.com\/wp-content\/uploads\/2024\/04\/Hollow-Casting-Machine-slip-casting-machine-3-285x214.webp 285w, https:\/\/yutaimachinery.com\/wp-content\/uploads\/2024\/04\/Hollow-Casting-Machine-slip-casting-machine-3-1600x1200.webp 1600w, https:\/\/yutaimachinery.com\/wp-content\/uploads\/2024\/04\/Hollow-Casting-Machine-slip-casting-machine-3-800x600.webp 800w, https:\/\/yutaimachinery.com\/wp-content\/uploads\/2024\/04\/Hollow-Casting-Machine-slip-casting-machine-3-660x495.webp 660w, https:\/\/yutaimachinery.com\/wp-content\/uploads\/2024\/04\/Hollow-Casting-Machine-slip-casting-machine-3-150x113.webp 150w\" sizes=\"(max-width: 4032px) 100vw, 4032px\" \/><\/figure>\n<\/div>\n\n\n\n<div class=\"wp-block-column is-layout-flow wp-block-column-is-layout-flow\">\n<figure class=\"wp-block-image size-full\"><img loading=\"lazy\" decoding=\"async\" width=\"4032\" height=\"3024\" src=\"https:\/\/yutaimachinery.com\/wp-content\/uploads\/2024\/04\/Hollow-Casting-Machine-slip-casting-machine-4.webp\" alt=\"M\u00e1quina de moldeo por colada para la producci\u00f3n de botellas, jarrones y art\u00edculos para el hogar de cer\u00e1mica.\" class=\"wp-image-6151\" title=\"\" srcset=\"https:\/\/yutaimachinery.com\/wp-content\/uploads\/2024\/04\/Hollow-Casting-Machine-slip-casting-machine-4.webp 4032w, https:\/\/yutaimachinery.com\/wp-content\/uploads\/2024\/04\/Hollow-Casting-Machine-slip-casting-machine-4-300x225.webp 300w, https:\/\/yutaimachinery.com\/wp-content\/uploads\/2024\/04\/Hollow-Casting-Machine-slip-casting-machine-4-768x576.webp 768w, https:\/\/yutaimachinery.com\/wp-content\/uploads\/2024\/04\/Hollow-Casting-Machine-slip-casting-machine-4-16x12.webp 16w, https:\/\/yutaimachinery.com\/wp-content\/uploads\/2024\/04\/Hollow-Casting-Machine-slip-casting-machine-4-285x214.webp 285w, https:\/\/yutaimachinery.com\/wp-content\/uploads\/2024\/04\/Hollow-Casting-Machine-slip-casting-machine-4-1600x1200.webp 1600w, https:\/\/yutaimachinery.com\/wp-content\/uploads\/2024\/04\/Hollow-Casting-Machine-slip-casting-machine-4-800x600.webp 800w, https:\/\/yutaimachinery.com\/wp-content\/uploads\/2024\/04\/Hollow-Casting-Machine-slip-casting-machine-4-660x495.webp 660w, https:\/\/yutaimachinery.com\/wp-content\/uploads\/2024\/04\/Hollow-Casting-Machine-slip-casting-machine-4-150x113.webp 150w\" sizes=\"(max-width: 4032px) 100vw, 4032px\" \/><\/figure>\n<\/div>\n<\/div>\n\n\n\n<p><\/p>","protected":false},"excerpt":{"rendered":"<p><strong data-start=\"30\" data-end=\"64\">La m\u00e1quina de fundici\u00f3n por colada continua Yutai<\/strong> Es una l\u00ednea de moldeado cer\u00e1mico totalmente autom\u00e1tica con secado de moldes integrado. Produce m\u00faltiples formas simult\u00e1neamente con alta eficiencia, lo que la hace ideal para la producci\u00f3n en masa de cer\u00e1micas huecas irregulares, como botellas de aceite, cafeteras, teteras y jarrones. Cont\u00e1ctenos para obtener soluciones personalizadas y un presupuesto gratuito.<\/p>\n<h2>Par\u00e1metros de la m\u00e1quina de colada por deslizamiento<\/h2>\n<table>\n<tbody>\n<tr>\n<td>\n<div class=\"block-editor-rich-text__editable rich-text\" role=\"textbox\" contenteditable=\"true\" aria-multiline=\"true\" aria-readonly=\"false\" aria-label=\"Texto del cuerpo del mensaje\"><strong>Dimensi\u00f3n<\/strong><\/div>\n<\/td>\n<td>\n<div class=\"block-editor-rich-text__editable rich-text\" role=\"textbox\" contenteditable=\"true\" aria-multiline=\"true\" aria-readonly=\"false\" aria-label=\"Texto del cuerpo del mensaje\">1,3 x 30 m (ancho x largo)<\/div>\n<\/td>\n<\/tr>\n<tr>\n<td>\n<div class=\"block-editor-rich-text__editable rich-text\" role=\"textbox\" contenteditable=\"true\" aria-multiline=\"true\" aria-readonly=\"false\" aria-label=\"Texto del cuerpo del mensaje\"><strong>Estaci\u00f3n de moldes<\/strong><\/div>\n<\/td>\n<td>\n<div class=\"block-editor-rich-text__editable rich-text\" role=\"textbox\" contenteditable=\"true\" aria-multiline=\"true\" aria-readonly=\"false\" aria-label=\"Texto del cuerpo del mensaje\">380 unidades<\/div>\n<\/td>\n<\/tr>\n<tr>\n<td>\n<div class=\"block-editor-rich-text__editable rich-text\" role=\"textbox\" contenteditable=\"true\" aria-multiline=\"true\" aria-readonly=\"false\" aria-label=\"Texto del cuerpo del mensaje\"><strong>Potencia (kw)<\/strong><\/div>\n<\/td>\n<td>\n<div class=\"block-editor-rich-text__editable rich-text\" role=\"textbox\" contenteditable=\"true\" aria-multiline=\"true\" aria-readonly=\"false\" aria-label=\"Texto del cuerpo del mensaje\">8 kw<\/div>\n<\/td>\n<\/tr>\n<tr>\n<td>\n<div class=\"block-editor-rich-text__editable rich-text\" role=\"textbox\" contenteditable=\"true\" aria-multiline=\"true\" aria-readonly=\"false\" aria-label=\"Texto del cuerpo del mensaje\"><strong>Capacidad de producci\u00f3n<\/strong><\/div>\n<\/td>\n<td>\n<div class=\"block-editor-rich-text__editable rich-text\" role=\"textbox\" contenteditable=\"true\" aria-multiline=\"true\" aria-readonly=\"false\" aria-label=\"Texto del cuerpo del mensaje\">4000-6000 unidades\/24 horas<\/div>\n<\/td>\n<\/tr>\n<tr>\n<td>\n<div class=\"block-editor-rich-text__editable rich-text\" role=\"textbox\" contenteditable=\"true\" aria-multiline=\"true\" aria-readonly=\"false\" aria-label=\"Texto del cuerpo del mensaje\"><strong>Configuraci\u00f3n<\/strong><\/div>\n<\/td>\n<td>\n<div class=\"block-editor-rich-text__editable rich-text\" role=\"textbox\" contenteditable=\"true\" aria-multiline=\"true\" aria-readonly=\"false\" aria-label=\"Texto del cuerpo del mensaje\">Sistema de aire caliente Molde seco<\/div>\n<\/td>\n<\/tr>\n<tr>\n<td>\n<div class=\"block-editor-rich-text__editable rich-text\" role=\"textbox\" contenteditable=\"true\" aria-multiline=\"true\" aria-readonly=\"false\" aria-label=\"Texto del cuerpo del mensaje\"><strong>M\u00e9todo del molde<\/strong><\/div>\n<\/td>\n<td>\n<div class=\"block-editor-rich-text__editable rich-text\" role=\"textbox\" contenteditable=\"true\" aria-multiline=\"true\" aria-readonly=\"false\" aria-label=\"Texto del cuerpo del mensaje\">Ciclo de apertura ininterrumpida del molde, apertura manual del molde izquierda y derecha por una sola persona<\/div>\n<\/td>\n<\/tr>\n<tr>\n<td>\n<div class=\"block-editor-rich-text__editable rich-text\" role=\"textbox\" contenteditable=\"true\" aria-multiline=\"true\" aria-readonly=\"false\" aria-label=\"Texto del cuerpo del mensaje\"><strong>Aplicaciones<\/strong><\/div>\n<\/td>\n<td>\n<p>Botellas de aceite y botellas de vinagre<br data-rich-text-line-break=\"true\" \/>Cafeteras y teteras<br data-rich-text-line-break=\"true\" \/>Hervidores y jarras de cer\u00e1mica<br data-rich-text-line-break=\"true\" \/>Art\u00edculos decorativos de cer\u00e1mica<br \/>Vajilla con estructuras huecas<br data-rich-text-line-break=\"true\" \/>Productos cer\u00e1micos con formas especiales<br data-rich-text-line-break=\"true\" \/>Cer\u00e1mica dom\u00e9stica y de uso diario<br data-rich-text-line-break=\"true\" \/>L\u00edneas de producci\u00f3n de cer\u00e1mica OEM\/ODM<\/p>\n<\/td>\n<\/tr>\n<\/tbody>\n<\/table>\n<h2>Soluci\u00f3n integral para la m\u00e1quina de colada por centrifugaci\u00f3n:<\/h2>\n<ol>\n<li><strong>Soluciones llave en mano para l\u00edneas de colada por deslizamiento:<\/strong> desde la selecci\u00f3n de equipos hasta la planificaci\u00f3n completa de la l\u00ednea.<\/li>\n<li><strong>Dise\u00f1o y personalizaci\u00f3n de moldes:<\/strong> adaptado a diferentes formas, tama\u00f1os y estructuras huecas.<\/li>\n<li><strong>Integraci\u00f3n de la l\u00ednea de producci\u00f3n:<\/strong> fundici\u00f3n, secado de moldes, esmaltado y coordinaci\u00f3n de la cocci\u00f3n.<\/li>\n<li><strong>Instalaci\u00f3n y puesta en marcha:<\/strong> Asistencia t\u00e9cnica in situ o remota.<\/li>\n<li><strong>Formaci\u00f3n de operadores:<\/strong> garantizando un funcionamiento estable y eficiente.<\/li>\n<li><strong>Asistencia t\u00e9cnica posventa:<\/strong> Respuesta r\u00e1pida para el mantenimiento y el suministro de piezas de repuesto.<\/li>\n<li><strong>Servicios de optimizaci\u00f3n de procesos:<\/strong> Mejorar la tasa de rendimiento, la calidad de la superficie y la consistencia.<\/li>\n<\/ol>","protected":false},"featured_media":6268,"template":"","meta":{"_acf_changed":false},"product_brand":[],"product_cat":[55],"product_tag":[],"class_list":{"0":"post-3920","1":"product","2":"type-product","3":"status-publish","4":"has-post-thumbnail","6":"product_cat-ceramic-forming-machine","8":"first","9":"instock","10":"shipping-taxable","11":"product-type-simple"},"acf":{"customization_content":"<h2><\/h2>\r\n<div><\/div>","customization_content_source":{"label":"Customization Content","type":"wysiwyg","formatted_value":"<h2><\/h2>\n<div><\/div>\n"},"why_choose_us_content":"<h2 style=\"text-align: center;\">Why Choose Us as Your Slip Casting Machine Supplier<\/h2>\r\n\r\n<hr \/>\r\n<p style=\"text-align: center;\">Yutai as a ceramic machine manufacturer, maintains strict quality standards and excellent service. Revolutionize your manufacturing processes with cutting-edge automation technology that streamlines forming and enhances efficiency.<\/p>","why_choose_us_content_source":{"label":"Why Choose Us Content","type":"wysiwyg","formatted_value":"<h2 style=\"text-align: center;\">Why Choose Us as Your Slip Casting Machine Supplier<\/h2>\n<hr \/>\n<p style=\"text-align: center;\">Yutai as a ceramic machine manufacturer, maintains strict quality standards and excellent service. Revolutionize your manufacturing processes with cutting-edge automation technology that streamlines forming and enhances efficiency.<\/p>\n"}},"_links":{"self":[{"href":"https:\/\/yutaimachinery.com\/es\/wp-json\/wp\/v2\/product\/3920","targetHints":{"allow":["GET"]}}],"collection":[{"href":"https:\/\/yutaimachinery.com\/es\/wp-json\/wp\/v2\/product"}],"about":[{"href":"https:\/\/yutaimachinery.com\/es\/wp-json\/wp\/v2\/types\/product"}],"version-history":[{"count":0,"href":"https:\/\/yutaimachinery.com\/es\/wp-json\/wp\/v2\/product\/3920\/revisions"}],"wp:featuredmedia":[{"embeddable":true,"href":"https:\/\/yutaimachinery.com\/es\/wp-json\/wp\/v2\/media\/6268"}],"wp:attachment":[{"href":"https:\/\/yutaimachinery.com\/es\/wp-json\/wp\/v2\/media?parent=3920"}],"wp:term":[{"taxonomy":"product_brand","embeddable":true,"href":"https:\/\/yutaimachinery.com\/es\/wp-json\/wp\/v2\/product_brand?post=3920"},{"taxonomy":"product_cat","embeddable":true,"href":"https:\/\/yutaimachinery.com\/es\/wp-json\/wp\/v2\/product_cat?post=3920"},{"taxonomy":"product_tag","embeddable":true,"href":"https:\/\/yutaimachinery.com\/es\/wp-json\/wp\/v2\/product_tag?post=3920"}],"curies":[{"name":"wp","href":"https:\/\/api.w.org\/{rel}","templated":true}]}}