{"id":3907,"date":"2024-04-24T16:04:47","date_gmt":"2024-04-24T08:04:47","guid":{"rendered":"https:\/\/yutaimachinery.com\/?post_type=product&#038;p=3907"},"modified":"2025-12-14T14:33:50","modified_gmt":"2025-12-14T06:33:50","slug":"jigger-de-ceramica-2-2","status":"publish","type":"product","link":"https:\/\/yutaimachinery.com\/es\/product\/ceramic-jigger-machine-2\/","title":{"rendered":"M\u00e1quina hidr\u00e1ulica vertical autoformadora de jigger para cer\u00e1mica"},"content":{"rendered":"<div class=\"wp-block-columns is-layout-flex wp-container-core-columns-is-layout-9d6595d7 wp-block-columns-is-layout-flex\">\n<div class=\"wp-block-column is-layout-flow wp-block-column-is-layout-flow\">\n<figure class=\"wp-block-embed is-type-video is-provider-youtube wp-block-embed-youtube wp-embed-aspect-16-9 wp-has-aspect-ratio\"><div class=\"wp-block-embed__wrapper\">\n<iframe title=\"caladora vertical\" width=\"940\" height=\"529\" src=\"https:\/\/www.youtube.com\/embed\/R7N6SQHSKXI?feature=oembed\" frameborder=\"0\" allow=\"accelerometer; autoplay; clipboard-write; encrypted-media; gyroscope; picture-in-picture; web-share\" referrerpolicy=\"strict-origin-when-cross-origin\" allowfullscreen><\/iframe>\n<\/div><\/figure>\n<\/div>\n\n\n\n<div class=\"wp-block-column is-layout-flow wp-block-column-is-layout-flow\">\n<h2 class=\"wp-block-heading\"><strong>M\u00e1quina Jigger de cer\u00e1mica Caracter\u00edsticas:<\/strong><\/h2>\n\n\n\n<p><strong>Control de precisi\u00f3n: <\/strong>Equipado con un microordenador PLC para un control preciso de las operaciones, lo que mejora la consistencia y la calidad de los productos cer\u00e1micos.<\/p>\n\n\n\n<p><strong>Velocidad ajustable: <\/strong>Las velocidades de subida y bajada del troquel se controlan mediante la regulaci\u00f3n de la frecuencia, lo que permite ajustes flexibles que se adaptan a las diferentes necesidades de producci\u00f3n.<\/p>\n\n\n\n<p><strong>Personalizaci\u00f3n: <\/strong>Los moldes y los cabezales de vibraci\u00f3n pueden ser personalizados por los clientes, lo que proporciona versatilidad para producir una amplia gama de art\u00edculos cer\u00e1micos de acuerdo con requisitos de dise\u00f1o espec\u00edficos.<\/p>\n<\/div>\n<\/div>\n\n\n\n<p><\/p>","protected":false},"excerpt":{"rendered":"<p>Yutai f\u00e1brica se especializa en la producci\u00f3n de jiggers cer\u00e1mica. Esta m\u00e1quina de jigger de cer\u00e1mica es buena para hacer grandes ollas de arcilla, tazas profundas y macetas. Es controlada por microcomputadora PLC y la velocidad de la matriz superior e inferior es controlada por conversi\u00f3n de frecuencia. El molde y las cabezas de la plantilla pueden ser personalizados de acuerdo a los requerimientos del cliente.<\/p>\n<h2>Soluci\u00f3n \u00fanica para la m\u00e1quina de jigger de cer\u00e1mica:<\/h2>\n<ol>\n<li>\n<p>Precio de f\u00e1brica: Como fabricante de maquinaria de cer\u00e1mica, ofrecemos m\u00e1quinas de corte de arcilla rentables, bienvenido a contactarnos para obtener el precio de f\u00e1brica.<\/p>\n<\/li>\n<li>\n<p>Asistencia t\u00e9cnica: Proporcionar orientaci\u00f3n t\u00e9cnica profesional e instalaci\u00f3n mec\u00e1nica, con gu\u00edas de v\u00eddeo para garantizar un uso r\u00e1pido del producto.<\/p>\n<\/li>\n<li>\n<p>Piezas de recambio: Suministro de una gama de piezas de repuesto originales.<\/p>\n<\/li>\n<li>\n<p>Asistencia posventa: 24 horas de ayuda en l\u00ednea para asegurarse de que est\u00e1 satisfecho con las m\u00e1quinas de cer\u00e1mica jigger y que se utiliza sin problemas en su l\u00ednea de producci\u00f3n.<\/p>\n<\/li>\n<\/ol>","protected":false},"featured_media":3914,"template":"","meta":{"_acf_changed":false},"product_brand":[],"product_cat":[55],"product_tag":[77],"class_list":{"0":"post-3907","1":"product","2":"type-product","3":"status-publish","4":"has-post-thumbnail","6":"product_cat-ceramic-forming-machine","7":"product_tag-jigger-machine","9":"first","10":"instock","11":"shipping-taxable","12":"product-type-simple"},"acf":{"customization_content":"<h2><\/h2>\r\n<div><\/div>","customization_content_source":{"label":"Customization Content","type":"wysiwyg","formatted_value":"<h2><\/h2>\n<div><\/div>\n"},"why_choose_us_content":"<h2 style=\"text-align: center;\">Why Choose Us as Your Ceramic Jigger Machine Supplier<\/h2>\r\n\r\n<hr \/>\r\n<p style=\"text-align: center;\">Yutai as a ceramic machine manufacturer, maintains strict quality standards and excellent service. Revolutionize your manufacturing processes with cutting-edge automation technology that streamlines forming and enhances efficiency.<\/p>","why_choose_us_content_source":{"label":"Why Choose Us Content","type":"wysiwyg","formatted_value":"<h2 style=\"text-align: center;\">Why Choose Us as Your Ceramic Jigger Machine Supplier<\/h2>\n<hr \/>\n<p style=\"text-align: center;\">Yutai as a ceramic machine manufacturer, maintains strict quality standards and excellent service. Revolutionize your manufacturing processes with cutting-edge automation technology that streamlines forming and enhances efficiency.<\/p>\n"}},"_links":{"self":[{"href":"https:\/\/yutaimachinery.com\/es\/wp-json\/wp\/v2\/product\/3907","targetHints":{"allow":["GET"]}}],"collection":[{"href":"https:\/\/yutaimachinery.com\/es\/wp-json\/wp\/v2\/product"}],"about":[{"href":"https:\/\/yutaimachinery.com\/es\/wp-json\/wp\/v2\/types\/product"}],"version-history":[{"count":0,"href":"https:\/\/yutaimachinery.com\/es\/wp-json\/wp\/v2\/product\/3907\/revisions"}],"wp:featuredmedia":[{"embeddable":true,"href":"https:\/\/yutaimachinery.com\/es\/wp-json\/wp\/v2\/media\/3914"}],"wp:attachment":[{"href":"https:\/\/yutaimachinery.com\/es\/wp-json\/wp\/v2\/media?parent=3907"}],"wp:term":[{"taxonomy":"product_brand","embeddable":true,"href":"https:\/\/yutaimachinery.com\/es\/wp-json\/wp\/v2\/product_brand?post=3907"},{"taxonomy":"product_cat","embeddable":true,"href":"https:\/\/yutaimachinery.com\/es\/wp-json\/wp\/v2\/product_cat?post=3907"},{"taxonomy":"product_tag","embeddable":true,"href":"https:\/\/yutaimachinery.com\/es\/wp-json\/wp\/v2\/product_tag?post=3907"}],"curies":[{"name":"wp","href":"https:\/\/api.w.org\/{rel}","templated":true}]}}