{"id":3898,"date":"2024-04-24T15:03:32","date_gmt":"2024-04-24T07:03:32","guid":{"rendered":"https:\/\/yutaimachinery.com\/?post_type=product&#038;p=3898"},"modified":"2024-04-24T16:04:32","modified_gmt":"2024-04-24T08:04:32","slug":"barril-de-burbujeo-al-vacio","status":"publish","type":"product","link":"https:\/\/yutaimachinery.com\/es\/product\/vacuum-de-bubbling-barrel\/","title":{"rendered":"Barril de eliminaci\u00f3n de burbujas por vac\u00edo 1-5T de alta eficiencia"},"content":{"rendered":"<div class=\"wp-block-columns is-layout-flex wp-container-core-columns-is-layout-9d6595d7 wp-block-columns-is-layout-flex\">\n<div class=\"wp-block-column is-layout-flow wp-block-column-is-layout-flow\">\n<h2 class=\"wp-block-heading\"><strong>barriles de desburbado al vac\u00edo:<\/strong><\/h2>\n\n\n\n<p>Nuestro barril de vac\u00edo de burbujeo simple est\u00e1 dise\u00f1ado para crear lechada con una excelente fluidez y sin burbujas, ideal para el moldeo por deslizamiento. Equipado con una gran capacidad de aspiraci\u00f3n, produce productos con un m\u00ednimo de agujeros y una densidad \u00f3ptima. Totalmente fabricada en acero inoxidable para una mayor durabilidad, est\u00e1 disponible en varios tama\u00f1os: 1T, 2T, 3T, 4T y 5T. Personalizable para satisfacer requisitos espec\u00edficos, adaptamos la m\u00e1quina a la perfecci\u00f3n a sus necesidades de producci\u00f3n.<\/p>\n<\/div>\n\n\n\n<div class=\"wp-block-column is-layout-flow wp-block-column-is-layout-flow\"><div class=\"wp-block-image\">\n<figure class=\"aligncenter size-full is-resized\"><img fetchpriority=\"high\" decoding=\"async\" width=\"3024\" height=\"3024\" src=\"https:\/\/yutaimachinery.com\/wp-content\/uploads\/2024\/04\/Vacuum-de-bubbling-barrels.webp\" alt=\"Barriles de desburbado al vac\u00edo\" class=\"wp-image-3903\" style=\"width:361px;height:auto\" title=\"\" srcset=\"https:\/\/yutaimachinery.com\/wp-content\/uploads\/2024\/04\/Vacuum-de-bubbling-barrels.webp 3024w, https:\/\/yutaimachinery.com\/wp-content\/uploads\/2024\/04\/Vacuum-de-bubbling-barrels-300x300.webp 300w, https:\/\/yutaimachinery.com\/wp-content\/uploads\/2024\/04\/Vacuum-de-bubbling-barrels-150x150.webp 150w, https:\/\/yutaimachinery.com\/wp-content\/uploads\/2024\/04\/Vacuum-de-bubbling-barrels-768x768.webp 768w, https:\/\/yutaimachinery.com\/wp-content\/uploads\/2024\/04\/Vacuum-de-bubbling-barrels-285x285.webp 285w, https:\/\/yutaimachinery.com\/wp-content\/uploads\/2024\/04\/Vacuum-de-bubbling-barrels-1600x1600.webp 1600w, https:\/\/yutaimachinery.com\/wp-content\/uploads\/2024\/04\/Vacuum-de-bubbling-barrels-270x270.webp 270w, https:\/\/yutaimachinery.com\/wp-content\/uploads\/2024\/04\/Vacuum-de-bubbling-barrels-540x540.webp 540w, https:\/\/yutaimachinery.com\/wp-content\/uploads\/2024\/04\/Vacuum-de-bubbling-barrels-660x660.webp 660w\" sizes=\"(max-width: 3024px) 100vw, 3024px\" \/><\/figure>\n<\/div><\/div>\n<\/div>","protected":false},"excerpt":{"rendered":"<p>Nuestros barriles de desburbado al vac\u00edo garantizan una excelente fluidez y un m\u00ednimo de burbujas para el colado en barbotina. Disponibles en tama\u00f1os 1T-5T, personalizables y fabricados en acero inoxidable.<\/p>\n<h2>Soluci\u00f3n integral para el desburbado al vac\u00edo de barricas:<\/h2>\n<ol>\n<li>\n<p>Precio de f\u00e1brica: Como fabricante de maquinaria de cer\u00e1mica, ofrecemos m\u00e1quinas de corte de arcilla rentables, bienvenido a contactarnos para obtener el precio de f\u00e1brica.<\/p>\n<\/li>\n<li>\n<p>Asistencia t\u00e9cnica: Proporcionar orientaci\u00f3n t\u00e9cnica profesional e instalaci\u00f3n mec\u00e1nica, con gu\u00edas de v\u00eddeo para garantizar un uso r\u00e1pido del producto.<\/p>\n<\/li>\n<li>\n<p>Piezas de recambio: Suministro de una gama de piezas de repuesto originales.<\/p>\n<\/li>\n<li>\n<p>Asistencia posventa: 24 horas de ayuda en l\u00ednea para asegurarse de que est\u00e1 satisfecho con los barriles de desburbado al vac\u00edo y que se utiliza sin problemas en su l\u00ednea de producci\u00f3n.<\/p>\n<\/li>\n<\/ol>","protected":false},"featured_media":3899,"template":"","meta":{"_acf_changed":false},"product_brand":[],"product_cat":[55],"product_tag":[],"class_list":{"0":"post-3898","1":"product","2":"type-product","3":"status-publish","4":"has-post-thumbnail","6":"product_cat-ceramic-forming-machine","8":"first","9":"instock","10":"shipping-taxable","11":"product-type-simple"},"acf":{"customization_content":"<h2><\/h2>\r\n<div><\/div>","customization_content_source":{"label":"Customization Content","type":"wysiwyg","formatted_value":"<h2><\/h2>\n<div><\/div>\n"},"why_choose_us_content":"<h2 style=\"text-align: center;\">Why Choose Us as Your Vacuum De-Bubbling Barrel Supplier<\/h2>\r\n\r\n<hr \/>\r\n<p style=\"text-align: center;\">Yutai as a ceramic machine manufacturer, maintains strict quality standards and excellent service. Revolutionize your manufacturing processes with cutting-edge automation technology that streamlines forming and enhances efficiency.<\/p>","why_choose_us_content_source":{"label":"Why Choose Us Content","type":"wysiwyg","formatted_value":"<h2 style=\"text-align: center;\">Why Choose Us as Your Vacuum De-Bubbling Barrel Supplier<\/h2>\n<hr \/>\n<p style=\"text-align: center;\">Yutai as a ceramic machine manufacturer, maintains strict quality standards and excellent service. Revolutionize your manufacturing processes with cutting-edge automation technology that streamlines forming and enhances efficiency.<\/p>\n"}},"_links":{"self":[{"href":"https:\/\/yutaimachinery.com\/es\/wp-json\/wp\/v2\/product\/3898","targetHints":{"allow":["GET"]}}],"collection":[{"href":"https:\/\/yutaimachinery.com\/es\/wp-json\/wp\/v2\/product"}],"about":[{"href":"https:\/\/yutaimachinery.com\/es\/wp-json\/wp\/v2\/types\/product"}],"version-history":[{"count":0,"href":"https:\/\/yutaimachinery.com\/es\/wp-json\/wp\/v2\/product\/3898\/revisions"}],"wp:featuredmedia":[{"embeddable":true,"href":"https:\/\/yutaimachinery.com\/es\/wp-json\/wp\/v2\/media\/3899"}],"wp:attachment":[{"href":"https:\/\/yutaimachinery.com\/es\/wp-json\/wp\/v2\/media?parent=3898"}],"wp:term":[{"taxonomy":"product_brand","embeddable":true,"href":"https:\/\/yutaimachinery.com\/es\/wp-json\/wp\/v2\/product_brand?post=3898"},{"taxonomy":"product_cat","embeddable":true,"href":"https:\/\/yutaimachinery.com\/es\/wp-json\/wp\/v2\/product_cat?post=3898"},{"taxonomy":"product_tag","embeddable":true,"href":"https:\/\/yutaimachinery.com\/es\/wp-json\/wp\/v2\/product_tag?post=3898"}],"curies":[{"name":"wp","href":"https:\/\/api.w.org\/{rel}","templated":true}]}}