{"id":3866,"date":"2024-04-17T14:43:37","date_gmt":"2024-04-17T06:43:37","guid":{"rendered":"https:\/\/yutaimachinery.com\/?post_type=product&#038;p=3866"},"modified":"2024-06-24T21:18:08","modified_gmt":"2024-06-24T13:18:08","slug":"clay-cutting-machine","status":"publish","type":"product","link":"https:\/\/yutaimachinery.com\/es\/product\/clay-cutting-machine\/","title":{"rendered":"M\u00e1quina cortadora autom\u00e1tica de arcilla para molino Pug"},"content":{"rendered":"<h2 class=\"wp-block-heading\"><strong>M\u00e1quina cortadora de arcilla Par\u00e1metros:<\/strong><\/h2>\n\n\n\n<figure class=\"wp-block-table\"><table><tbody><tr><td>Modelo<\/td><td>M\u00e1x. Di\u00e1metro de la arcilla (cm)<\/td><td>Dimensiones (lxwxh)<\/td><td>Peso (kg)<\/td><\/tr><tr><td>250<\/td><td>25 cm<\/td><td>190x70x140cm(h)<\/td><td>300<\/td><\/tr><tr><td>350<\/td><td>35 cm<\/td><td>190x80x145cm(h)<\/td><td>400<\/td><\/tr><tr><td>500<\/td><td>50 cm<\/td><td>190x100x150cm(h)<\/td><td>500<\/td><\/tr><\/tbody><\/table><\/figure>\n\n\n\n<p><\/p>","protected":false},"excerpt":{"rendered":"<p>La m\u00e1quina cortadora de arcilla autom\u00e1tica al por mayor de Yutai Factory, que puede combinarse con un molino de bolas, es una eficaz l\u00ednea de producci\u00f3n de barro cer\u00e1mico. La m\u00e1quina de corte de arcilla establece la longitud de la arcilla de acuerdo con la necesidad, y la m\u00e1quina corta autom\u00e1ticamente para garantizar la eficiencia.<\/p>\n<h2>Soluci\u00f3n integral para el corte de arcilla <strong>m\u00e1quina<\/strong>:<\/h2>\n<ol>\n<li>\n<p>Precio de f\u00e1brica: Somos un fabricante de maquinaria de cer\u00e1mica, proporcionando m\u00e1quinas de fabricaci\u00f3n de arcilla cer\u00e1mica rentables, bienvenido a contactarnos para obtener el precio de f\u00e1brica.<\/p>\n<\/li>\n<li>\n<p>Asistencia t\u00e9cnica: Proporcionar orientaci\u00f3n t\u00e9cnica profesional e instalaci\u00f3n mec\u00e1nica, con gu\u00edas de v\u00eddeo para garantizar un uso r\u00e1pido del producto.<\/p>\n<\/li>\n<li>\n<p>Piezas de recambio: Suministro de una gama de piezas de repuesto originales.<\/p>\n<\/li>\n<li>\n<p>Asistencia posventa: 24 horas de ayuda en l\u00ednea para asegurarse de que est\u00e1 satisfecho con el molino de arcilla pug y que se utiliza sin problemas en su l\u00ednea de producci\u00f3n.<\/p>\n<\/li>\n<\/ol>","protected":false},"featured_media":3869,"template":"","meta":{"_acf_changed":false},"product_brand":[],"product_cat":[54],"product_tag":[],"class_list":{"0":"post-3866","1":"product","2":"type-product","3":"status-publish","4":"has-post-thumbnail","6":"product_cat-clay-making-machine","8":"first","9":"instock","10":"shipping-taxable","11":"product-type-simple"},"acf":{"customization_content":"<h2><\/h2>\r\n<div><\/div>","customization_content_source":{"label":"Customization Content","type":"wysiwyg","formatted_value":"<h2><\/h2>\n<div><\/div>\n"},"why_choose_us_content":"<h2 style=\"text-align: center;\">Why Choose Us as Your Clay Cutting Machine\u00a0Supplier<\/h2>\r\n\r\n<hr \/>\r\n<p style=\"text-align: center;\">Yutai as a ceramic tableware manufacturer, maintains strict quality standards and excellent service. Revolutionize your manufacturing processes with cutting-edge automation technology that streamlines forming and enhances efficiency.<\/p>","why_choose_us_content_source":{"label":"Why Choose Us Content","type":"wysiwyg","formatted_value":"<h2 style=\"text-align: center;\">Why Choose Us as Your Clay Cutting Machine\u00a0Supplier<\/h2>\n<hr \/>\n<p style=\"text-align: center;\">Yutai as a ceramic tableware manufacturer, maintains strict quality standards and excellent service. Revolutionize your manufacturing processes with cutting-edge automation technology that streamlines forming and enhances efficiency.<\/p>\n"}},"_links":{"self":[{"href":"https:\/\/yutaimachinery.com\/es\/wp-json\/wp\/v2\/product\/3866","targetHints":{"allow":["GET"]}}],"collection":[{"href":"https:\/\/yutaimachinery.com\/es\/wp-json\/wp\/v2\/product"}],"about":[{"href":"https:\/\/yutaimachinery.com\/es\/wp-json\/wp\/v2\/types\/product"}],"version-history":[{"count":0,"href":"https:\/\/yutaimachinery.com\/es\/wp-json\/wp\/v2\/product\/3866\/revisions"}],"wp:featuredmedia":[{"embeddable":true,"href":"https:\/\/yutaimachinery.com\/es\/wp-json\/wp\/v2\/media\/3869"}],"wp:attachment":[{"href":"https:\/\/yutaimachinery.com\/es\/wp-json\/wp\/v2\/media?parent=3866"}],"wp:term":[{"taxonomy":"product_brand","embeddable":true,"href":"https:\/\/yutaimachinery.com\/es\/wp-json\/wp\/v2\/product_brand?post=3866"},{"taxonomy":"product_cat","embeddable":true,"href":"https:\/\/yutaimachinery.com\/es\/wp-json\/wp\/v2\/product_cat?post=3866"},{"taxonomy":"product_tag","embeddable":true,"href":"https:\/\/yutaimachinery.com\/es\/wp-json\/wp\/v2\/product_tag?post=3866"}],"curies":[{"name":"wp","href":"https:\/\/api.w.org\/{rel}","templated":true}]}}