{"id":3848,"date":"2024-04-17T11:18:12","date_gmt":"2024-04-17T03:18:12","guid":{"rendered":"https:\/\/yutaimachinery.com\/?post_type=product&#038;p=3848"},"modified":"2024-04-17T11:53:58","modified_gmt":"2024-04-17T03:53:58","slug":"molino-de-arcilla","status":"publish","type":"product","link":"https:\/\/yutaimachinery.com\/es\/product\/clay-pug-mill\/","title":{"rendered":"Mezclador de cer\u00e1mica al vac\u00edo con molino de tres ejes"},"content":{"rendered":"<div class=\"wp-block-columns is-layout-flex wp-container-core-columns-is-layout-9d6595d7 wp-block-columns-is-layout-flex\">\n<div class=\"wp-block-column is-layout-flow wp-block-column-is-layout-flow\"><div class=\"wp-block-image\">\n<figure class=\"aligncenter size-full is-resized\"><img fetchpriority=\"high\" decoding=\"async\" width=\"3024\" height=\"3024\" src=\"https:\/\/yutaimachinery.com\/wp-content\/uploads\/2024\/04\/clay-pug-mill4.webp\" alt=\"molino de arcilla\" class=\"wp-image-3855\" style=\"width:314px;height:auto\" title=\"\" srcset=\"https:\/\/yutaimachinery.com\/wp-content\/uploads\/2024\/04\/clay-pug-mill4.webp 3024w, https:\/\/yutaimachinery.com\/wp-content\/uploads\/2024\/04\/clay-pug-mill4-300x300.webp 300w, https:\/\/yutaimachinery.com\/wp-content\/uploads\/2024\/04\/clay-pug-mill4-150x150.webp 150w, https:\/\/yutaimachinery.com\/wp-content\/uploads\/2024\/04\/clay-pug-mill4-768x768.webp 768w, https:\/\/yutaimachinery.com\/wp-content\/uploads\/2024\/04\/clay-pug-mill4-285x285.webp 285w, https:\/\/yutaimachinery.com\/wp-content\/uploads\/2024\/04\/clay-pug-mill4-1600x1600.webp 1600w, https:\/\/yutaimachinery.com\/wp-content\/uploads\/2024\/04\/clay-pug-mill4-270x270.webp 270w, https:\/\/yutaimachinery.com\/wp-content\/uploads\/2024\/04\/clay-pug-mill4-540x540.webp 540w, https:\/\/yutaimachinery.com\/wp-content\/uploads\/2024\/04\/clay-pug-mill4-660x660.webp 660w\" sizes=\"(max-width: 3024px) 100vw, 3024px\" \/><\/figure>\n<\/div><\/div>\n\n\n\n<div class=\"wp-block-column is-layout-flow wp-block-column-is-layout-flow\">\n<h2 class=\"wp-block-heading\"><strong>Molino Pug de arcilla <strong>Caracter\u00edsticas<\/strong>:<\/strong><\/h2>\n\n\n\n<p>Somos fabricantes de maquinaria cer\u00e1mica y ofrecemos una amplia gama de molinos de bolas. Este molino de arcilla utiliza tecnolog\u00eda de mezclado de tres ejes y est\u00e1 equipado con una c\u00e1mara de desgasificaci\u00f3n al vac\u00edo. Puede ser utilizado para refinar barro con contenido de humedad de 18-24%, de modo que la densidad de la tela se incrementa y la plasticidad se mejora.<\/p>\n<\/div>\n<\/div>\n\n\n\n<h2 class=\"wp-block-heading\"><strong>Par\u00e1metros del molino de arcilla Pug:<\/strong><\/h2>\n\n\n\n<figure class=\"wp-block-table\"><table><tbody><tr><td>Modelo<\/td><td>Tama\u00f1o m\u00e1ximo de salida (cm)<\/td><td>Capacidad<\/td><td>Potencia (kw)<\/td><td>Dimensiones)<\/td><td>Peso (kg)<\/td><\/tr><tr><td>150<\/td><td>15 cm<\/td><td>1-2t\/h<\/td><td>7,5 kW<\/td><td>280x80x80cm(h)<\/td><td>2500<\/td><\/tr><tr><td>180<\/td><td>18 cm<\/td><td>2-2,5t\/h<\/td><td>11kw<\/td><td>342x90x80cm(h)<\/td><td>3000<\/td><\/tr><tr><td>200<\/td><td>20 cm<\/td><td>3. 5-5t\/h<\/td><td>22kw<\/td><td>506x100x95cm(h)<\/td><td>3500<\/td><\/tr><tr><td>230<\/td><td>23 cm<\/td><td>6-8t\/h<\/td><td>30kw<\/td><td>570x145x110cm(h)<\/td><td>4000<\/td><\/tr><\/tbody><\/table><\/figure>","protected":false},"excerpt":{"rendered":"<p>venta al por mayor una variedad de arcilla pug molino de China F\u00e1brica de Maquinaria Cer\u00e1mica, equipado con tres ejes de mezcla y la tecnolog\u00eda de vac\u00edo, para garantizar la alta calidad de procesamiento de arcilla. Ofrecemos precio de f\u00e1brica y soporte t\u00e9cnico para cada cliente.<\/p>\n<h2>Soluci\u00f3n integral para molinos de arcilla<strong>\u00a0m\u00e1quina<\/strong>:<\/h2>\n<ol>\n<li>\n<p>Precio de f\u00e1brica: Somos fabricantes de maquinaria de cer\u00e1mica, proporcionando arcilla cer\u00e1mica rentable que hace la m\u00e1quina, recepci\u00f3n para entrarnos en contacto con para conseguir precio de f\u00e1brica.<\/p>\n<\/li>\n<li>\n<p>Asistencia t\u00e9cnica: Proporcionar orientaci\u00f3n y asistencia t\u00e9cnica profesional, con gu\u00edas en v\u00eddeo para garantizar un uso r\u00e1pido del producto.<\/p>\n<\/li>\n<li>\n<p>Piezas de recambio: Suministro de una gama de piezas de repuesto originales.<\/p>\n<\/li>\n<li>\n<p>Asistencia posventa: 24 horas de ayuda en l\u00ednea para asegurarse de que est\u00e1 satisfecho con el molino de arcilla pug y que se utiliza sin problemas en su l\u00ednea de producci\u00f3n.<\/p>\n<\/li>\n<\/ol>","protected":false},"featured_media":3857,"template":"","meta":{"_acf_changed":false},"product_brand":[],"product_cat":[54],"product_tag":[81],"class_list":{"0":"post-3848","1":"product","2":"type-product","3":"status-publish","4":"has-post-thumbnail","6":"product_cat-clay-making-machine","7":"product_tag-pug-mill","9":"first","10":"instock","11":"shipping-taxable","12":"product-type-simple"},"acf":{"customization_content":"<h2><\/h2>\r\n<div><\/div>","customization_content_source":{"label":"Customization Content","type":"wysiwyg","formatted_value":"<h2><\/h2>\n<div><\/div>\n"},"why_choose_us_content":"<h2 style=\"text-align: center;\">Why Choose Us as Your <strong>Clay Pug Mill<\/strong>\u00a0Supplier<\/h2>\r\n\r\n<hr \/>\r\n<p style=\"text-align: center;\">Yutai as a ceramic tableware manufacturer, maintains strict quality standards and excellent service. Revolutionize your manufacturing processes with cutting-edge automation technology that streamlines forming and enhances efficiency.<\/p>","why_choose_us_content_source":{"label":"Why Choose Us Content","type":"wysiwyg","formatted_value":"<h2 style=\"text-align: center;\">Why Choose Us as Your <strong>Clay Pug Mill<\/strong>\u00a0Supplier<\/h2>\n<hr \/>\n<p style=\"text-align: center;\">Yutai as a ceramic tableware manufacturer, maintains strict quality standards and excellent service. Revolutionize your manufacturing processes with cutting-edge automation technology that streamlines forming and enhances efficiency.<\/p>\n"}},"_links":{"self":[{"href":"https:\/\/yutaimachinery.com\/es\/wp-json\/wp\/v2\/product\/3848","targetHints":{"allow":["GET"]}}],"collection":[{"href":"https:\/\/yutaimachinery.com\/es\/wp-json\/wp\/v2\/product"}],"about":[{"href":"https:\/\/yutaimachinery.com\/es\/wp-json\/wp\/v2\/types\/product"}],"version-history":[{"count":0,"href":"https:\/\/yutaimachinery.com\/es\/wp-json\/wp\/v2\/product\/3848\/revisions"}],"wp:featuredmedia":[{"embeddable":true,"href":"https:\/\/yutaimachinery.com\/es\/wp-json\/wp\/v2\/media\/3857"}],"wp:attachment":[{"href":"https:\/\/yutaimachinery.com\/es\/wp-json\/wp\/v2\/media?parent=3848"}],"wp:term":[{"taxonomy":"product_brand","embeddable":true,"href":"https:\/\/yutaimachinery.com\/es\/wp-json\/wp\/v2\/product_brand?post=3848"},{"taxonomy":"product_cat","embeddable":true,"href":"https:\/\/yutaimachinery.com\/es\/wp-json\/wp\/v2\/product_cat?post=3848"},{"taxonomy":"product_tag","embeddable":true,"href":"https:\/\/yutaimachinery.com\/es\/wp-json\/wp\/v2\/product_tag?post=3848"}],"curies":[{"name":"wp","href":"https:\/\/api.w.org\/{rel}","templated":true}]}}