{"id":3847,"date":"2024-04-17T11:08:48","date_gmt":"2024-04-17T03:08:48","guid":{"rendered":"https:\/\/yutaimachinery.com\/?post_type=product&#038;p=3847"},"modified":"2024-04-17T14:43:23","modified_gmt":"2024-04-17T06:43:23","slug":"molino-de-bolas","status":"publish","type":"product","link":"https:\/\/yutaimachinery.com\/es\/product\/pug-mill\/","title":{"rendered":"Molino de bolas de vac\u00edo de gran tama\u00f1o para la industria de la arcilla"},"content":{"rendered":"<div class=\"wp-block-columns is-layout-flex wp-container-core-columns-is-layout-9d6595d7 wp-block-columns-is-layout-flex\">\n<div class=\"wp-block-column is-layout-flow wp-block-column-is-layout-flow\">\n<figure class=\"wp-block-embed is-type-video is-provider-youtube wp-block-embed-youtube wp-embed-aspect-16-9 wp-has-aspect-ratio\"><div class=\"wp-block-embed__wrapper\">\n<iframe title=\"alfarer\u00eda de arcilla pug mill 2\" width=\"940\" height=\"529\" src=\"https:\/\/www.youtube.com\/embed\/emffTJAsQJk?feature=oembed\" frameborder=\"0\" allow=\"accelerometer; autoplay; clipboard-write; encrypted-media; gyroscope; picture-in-picture; web-share\" referrerpolicy=\"strict-origin-when-cross-origin\" allowfullscreen><\/iframe>\n<\/div><\/figure>\n<\/div>\n\n\n\n<div class=\"wp-block-column is-layout-flow wp-block-column-is-layout-flow\">\n<h2 class=\"wp-block-heading\"><strong>Molino Pug <strong>Caracter\u00edsticas<\/strong>:<\/strong><\/h2>\n\n\n\n<p>Molino de pug de vac\u00edo se utiliza para el tratamiento al vac\u00edo de productos cer\u00e1micos, que puede ser utilizado para practicar el material de barro de 18-24%, cuando el barro se agita en el barro en la c\u00e1mara de vac\u00edo, y llevar a cabo la desgasificaci\u00f3n al vac\u00edo para descargar el aire contenido en el material de barro. Despu\u00e9s de que el material es tratado al vac\u00edo, la plasticidad se mejora y tiene una gran densidad, por lo que el producto quemado tiene peque\u00f1a deformaci\u00f3n, alta resistencia y buena calidad.<\/p>\n<\/div>\n<\/div>\n\n\n\n<h2 class=\"wp-block-heading\"><strong>Par\u00e1metros del molino Pug:<\/strong><\/h2>\n\n\n\n<figure class=\"wp-block-table\"><table><tbody><tr><td>Modelo<\/td><td>Tama\u00f1o m\u00e1ximo de salida (cm)<\/td><td>Capacidad<\/td><td>Potencia (kw)<\/td><td>Dimensiones (lxwxh)<\/td><td>Peso (kg)<\/td><\/tr><tr><td>220<\/td><td>22 cm<\/td><td>2-2,5t\/h<\/td><td>15kw<\/td><td>270x80x140cm(h)<\/td><td>2100<\/td><\/tr><tr><td>250<\/td><td>25 cm<\/td><td>2-5t\/h<\/td><td>22kw<\/td><td>358x86x123cm(h)<\/td><td>2550<\/td><\/tr><tr><td>350<\/td><td>35 cm<\/td><td>4,5-6,5t\/h<\/td><td>37kw<\/td><td>400x190x150cm(h)<\/td><td>6150<\/td><\/tr><\/tbody><\/table><\/figure>","protected":false},"excerpt":{"rendered":"<p>Personalizado gran pug molino con mezcla de m\u00faltiples espiral y c\u00e1mara de vac\u00edo, de alta eficiencia y f\u00e1cil operaci\u00f3n, conveniente para la producci\u00f3n de la industria cer\u00e1mica.Yutai f\u00e1brica de la m\u00e1quina proporcionar la costumbre y la soluci\u00f3n de precio m\u00e1s barato para usted, welcom para obtener una cotizaci\u00f3n gratis.<\/p>\n<h2>Soluci\u00f3n \u00fanica para p<strong>molino ug<\/strong>:<\/h2>\n<ol>\n<li>\n<p>Soluci\u00f3n personalizada: el molino pug mill puede personalizarse seg\u00fan las necesidades del cliente<\/p>\n<\/li>\n<li>\n<p>Asistencia t\u00e9cnica: Proporcionar orientaci\u00f3n t\u00e9cnica profesional e instalaci\u00f3n mec\u00e1nica.<\/p>\n<\/li>\n<li>\n<p>Piezas de recambio: Suministro de una gama de piezas de repuesto originales.<\/p>\n<\/li>\n<li>\n<p>Asistencia posventa 24 horas de ayuda en l\u00ednea para garantizar que est\u00e1 satisfecho con el molino de p\u00faas y que se utiliza sin problemas en su l\u00ednea de producci\u00f3n.<\/p>\n<\/li>\n<\/ol>","protected":false},"featured_media":3863,"template":"","meta":{"_acf_changed":false},"product_brand":[],"product_cat":[54],"product_tag":[81],"class_list":{"0":"post-3847","1":"product","2":"type-product","3":"status-publish","4":"has-post-thumbnail","6":"product_cat-clay-making-machine","7":"product_tag-pug-mill","9":"first","10":"instock","11":"shipping-taxable","12":"product-type-simple"},"acf":{"customization_content":"<h2><\/h2>\r\n<div><\/div>","customization_content_source":{"label":"Customization Content","type":"wysiwyg","formatted_value":"<h2><\/h2>\n<div><\/div>\n"},"why_choose_us_content":"<h2 style=\"text-align: center;\">Why Choose Us as Your <strong>Pug Mill<\/strong>\u00a0Supplier<\/h2>\r\n\r\n<hr \/>\r\n<p style=\"text-align: center;\">Yutai as a ceramic tableware manufacturer, maintains strict quality standards and excellent service. Revolutionize your manufacturing processes with cutting-edge automation technology that streamlines forming and enhances efficiency.<\/p>","why_choose_us_content_source":{"label":"Why Choose Us Content","type":"wysiwyg","formatted_value":"<h2 style=\"text-align: center;\">Why Choose Us as Your <strong>Pug Mill<\/strong>\u00a0Supplier<\/h2>\n<hr \/>\n<p style=\"text-align: center;\">Yutai as a ceramic tableware manufacturer, maintains strict quality standards and excellent service. Revolutionize your manufacturing processes with cutting-edge automation technology that streamlines forming and enhances efficiency.<\/p>\n"}},"_links":{"self":[{"href":"https:\/\/yutaimachinery.com\/es\/wp-json\/wp\/v2\/product\/3847","targetHints":{"allow":["GET"]}}],"collection":[{"href":"https:\/\/yutaimachinery.com\/es\/wp-json\/wp\/v2\/product"}],"about":[{"href":"https:\/\/yutaimachinery.com\/es\/wp-json\/wp\/v2\/types\/product"}],"version-history":[{"count":0,"href":"https:\/\/yutaimachinery.com\/es\/wp-json\/wp\/v2\/product\/3847\/revisions"}],"wp:featuredmedia":[{"embeddable":true,"href":"https:\/\/yutaimachinery.com\/es\/wp-json\/wp\/v2\/media\/3863"}],"wp:attachment":[{"href":"https:\/\/yutaimachinery.com\/es\/wp-json\/wp\/v2\/media?parent=3847"}],"wp:term":[{"taxonomy":"product_brand","embeddable":true,"href":"https:\/\/yutaimachinery.com\/es\/wp-json\/wp\/v2\/product_brand?post=3847"},{"taxonomy":"product_cat","embeddable":true,"href":"https:\/\/yutaimachinery.com\/es\/wp-json\/wp\/v2\/product_cat?post=3847"},{"taxonomy":"product_tag","embeddable":true,"href":"https:\/\/yutaimachinery.com\/es\/wp-json\/wp\/v2\/product_tag?post=3847"}],"curies":[{"name":"wp","href":"https:\/\/api.w.org\/{rel}","templated":true}]}}