{"id":3821,"date":"2024-04-16T14:58:36","date_gmt":"2024-04-16T06:58:36","guid":{"rendered":"https:\/\/yutaimachinery.com\/?post_type=product&#038;p=3821"},"modified":"2024-04-17T11:08:18","modified_gmt":"2024-04-17T03:08:18","slug":"maquina-pug-mill-2","status":"publish","type":"product","link":"https:\/\/yutaimachinery.com\/es\/product\/pug-mill-machine\/","title":{"rendered":"Peque\u00f1o molino de vac\u00edo de la arcilla de cer\u00e1mica De aireaci\u00f3n"},"content":{"rendered":"<div class=\"wp-block-columns is-layout-flex wp-container-core-columns-is-layout-9d6595d7 wp-block-columns-is-layout-flex\">\n<div class=\"wp-block-column is-layout-flow wp-block-column-is-layout-flow\">\n<figure class=\"wp-block-embed is-type-video is-provider-youtube wp-block-embed-youtube wp-embed-aspect-16-9 wp-has-aspect-ratio\"><div class=\"wp-block-embed__wrapper\">\n<iframe title=\"Mini molino de bolas para la fabricaci\u00f3n de cer\u00e1mica DIY\" width=\"940\" height=\"529\" src=\"https:\/\/www.youtube.com\/embed\/rRq5qhKmk4s?feature=oembed\" frameborder=\"0\" allow=\"accelerometer; autoplay; clipboard-write; encrypted-media; gyroscope; picture-in-picture; web-share\" referrerpolicy=\"strict-origin-when-cross-origin\" allowfullscreen><\/iframe>\n<\/div><\/figure>\n<\/div>\n\n\n\n<div class=\"wp-block-column is-layout-flow wp-block-column-is-layout-flow\">\n<h2 class=\"wp-block-heading\"><strong>M\u00e1quina Pug Mill <strong>Caracter\u00edsticas<\/strong>:<\/strong><\/h2>\n\n\n\n<p>El peque\u00f1o molino triturador de vac\u00edo se utiliza para la preparaci\u00f3n de arcilla cer\u00e1mica. Emplea un mezclado de doble espiral y un desaireado al vac\u00edo para eliminar el aire atrapado en el interior de la arcilla. Gracias a su estructura compacta y f\u00e1cil movilidad, se suele utilizar en laboratorios, centros educativos, proyectos de bricolaje y peque\u00f1os talleres de cer\u00e1mica.<\/p>\n<\/div>\n<\/div>\n\n\n\n<h2 class=\"wp-block-heading\"><strong>Par\u00e1metros de la m\u00e1quina Pug Mill:<\/strong><\/h2>\n\n\n\n<figure class=\"wp-block-table\"><table><tbody><tr><td>Modelo<\/td><td>Tama\u00f1o m\u00e1ximo de salida (cm)<\/td><td>Capacidad<\/td><td>Potencia (kw)<\/td><td>Dimensiones (lxwxh)<\/td><td>Peso (kg)<\/td><\/tr><tr><td>90<\/td><td>7<\/td><td>200-400 kg\/h<\/td><td>1,5-2,2 kW<\/td><td>1260x400x800cm(h)<\/td><td>140<\/td><\/tr><\/tbody><\/table><\/figure>","protected":false},"excerpt":{"rendered":"<p>Venta al por mayor precio de f\u00e1brica mini pug molino de la m\u00e1quina para la arcilla de cer\u00e1mica. Utiliza tecnolog\u00eda de vac\u00edo, la plasticidad de la arcilla procesada es fuerte, conveniente para el hogar DIY o taller de cer\u00e1mica.<\/p>\n<h2>Soluci\u00f3n \u00fanica para p<strong>molino ug<\/strong>:<\/h2>\n<ol>\n<li>\n<p>Precio de f\u00e1brica: Somos fabricantes de maquinaria de cer\u00e1mica, proporcionando arcilla cer\u00e1mica rentable que hace la m\u00e1quina, recepci\u00f3n para entrarnos en contacto con para conseguir precio de f\u00e1brica.<\/p>\n<\/li>\n<li>\n<p>Asistencia t\u00e9cnica: Proporcionar orientaci\u00f3n y asistencia t\u00e9cnica profesional, con gu\u00edas en v\u00eddeo para garantizar un uso r\u00e1pido del producto.<\/p>\n<\/li>\n<li>\n<p>Piezas de recambio: Suministro de una gama de piezas de repuesto originales.<\/p>\n<\/li>\n<li>\n<p>Asistencia posventa: 24 horas de ayuda en l\u00ednea para asegurarse de que est\u00e1 satisfecho con la m\u00e1quina pug mill y que se utiliza sin problemas en su l\u00ednea de producci\u00f3n.<\/p>\n<\/li>\n<\/ol>","protected":false},"featured_media":3841,"template":"","meta":{"_acf_changed":false},"product_brand":[],"product_cat":[54],"product_tag":[81],"class_list":{"0":"post-3821","1":"product","2":"type-product","3":"status-publish","4":"has-post-thumbnail","6":"product_cat-clay-making-machine","7":"product_tag-pug-mill","9":"first","10":"instock","11":"shipping-taxable","12":"product-type-simple"},"acf":{"customization_content":"<h2><\/h2>\r\n<div><\/div>","customization_content_source":{"label":"Customization Content","type":"wysiwyg","formatted_value":"<h2><\/h2>\n<div><\/div>\n"},"why_choose_us_content":"<h2 style=\"text-align: center;\">Why Choose Us as Your <strong>Pug Mill Machine<\/strong> Supplier<\/h2>\r\n\r\n<hr \/>\r\n<p style=\"text-align: center;\">Yutai as a ceramic tableware manufacturer, maintains strict quality standards and excellent service. Revolutionize your manufacturing processes with cutting-edge automation technology that streamlines forming and enhances efficiency.<\/p>","why_choose_us_content_source":{"label":"Why Choose Us Content","type":"wysiwyg","formatted_value":"<h2 style=\"text-align: center;\">Why Choose Us as Your <strong>Pug Mill Machine<\/strong> Supplier<\/h2>\n<hr \/>\n<p style=\"text-align: center;\">Yutai as a ceramic tableware manufacturer, maintains strict quality standards and excellent service. Revolutionize your manufacturing processes with cutting-edge automation technology that streamlines forming and enhances efficiency.<\/p>\n"}},"_links":{"self":[{"href":"https:\/\/yutaimachinery.com\/es\/wp-json\/wp\/v2\/product\/3821","targetHints":{"allow":["GET"]}}],"collection":[{"href":"https:\/\/yutaimachinery.com\/es\/wp-json\/wp\/v2\/product"}],"about":[{"href":"https:\/\/yutaimachinery.com\/es\/wp-json\/wp\/v2\/types\/product"}],"version-history":[{"count":0,"href":"https:\/\/yutaimachinery.com\/es\/wp-json\/wp\/v2\/product\/3821\/revisions"}],"wp:featuredmedia":[{"embeddable":true,"href":"https:\/\/yutaimachinery.com\/es\/wp-json\/wp\/v2\/media\/3841"}],"wp:attachment":[{"href":"https:\/\/yutaimachinery.com\/es\/wp-json\/wp\/v2\/media?parent=3821"}],"wp:term":[{"taxonomy":"product_brand","embeddable":true,"href":"https:\/\/yutaimachinery.com\/es\/wp-json\/wp\/v2\/product_brand?post=3821"},{"taxonomy":"product_cat","embeddable":true,"href":"https:\/\/yutaimachinery.com\/es\/wp-json\/wp\/v2\/product_cat?post=3821"},{"taxonomy":"product_tag","embeddable":true,"href":"https:\/\/yutaimachinery.com\/es\/wp-json\/wp\/v2\/product_tag?post=3821"}],"curies":[{"name":"wp","href":"https:\/\/api.w.org\/{rel}","templated":true}]}}