{"id":3820,"date":"2024-04-16T14:47:13","date_gmt":"2024-04-16T06:47:13","guid":{"rendered":"https:\/\/yutaimachinery.com\/?post_type=product&#038;p=3820"},"modified":"2024-04-16T16:28:56","modified_gmt":"2024-04-16T08:28:56","slug":"bomba-de-piston","status":"publish","type":"product","link":"https:\/\/yutaimachinery.com\/es\/product\/piston-pump\/","title":{"rendered":"Bomba hidr\u00e1ulica de pist\u00f3n de alta presi\u00f3n de doble pist\u00f3n para trasvase de arcilla"},"content":{"rendered":"<div class=\"wp-block-columns is-layout-flex wp-container-core-columns-is-layout-9d6595d7 wp-block-columns-is-layout-flex\">\n<div class=\"wp-block-column is-layout-flow wp-block-column-is-layout-flow\" style=\"flex-basis:45%\">\n<figure class=\"wp-block-image size-full is-resized\"><img fetchpriority=\"high\" decoding=\"async\" width=\"1080\" height=\"1080\" src=\"https:\/\/yutaimachinery.com\/wp-content\/uploads\/2024\/04\/piston-pump2.jpeg\" alt=\"bomba de pist\u00f3n\" class=\"wp-image-3824\" style=\"width:374px;height:auto\" title=\"\" srcset=\"https:\/\/yutaimachinery.com\/wp-content\/uploads\/2024\/04\/piston-pump2.jpeg 1080w, https:\/\/yutaimachinery.com\/wp-content\/uploads\/2024\/04\/piston-pump2-300x300.jpeg 300w, https:\/\/yutaimachinery.com\/wp-content\/uploads\/2024\/04\/piston-pump2-150x150.jpeg 150w, https:\/\/yutaimachinery.com\/wp-content\/uploads\/2024\/04\/piston-pump2-768x768.jpeg 768w, https:\/\/yutaimachinery.com\/wp-content\/uploads\/2024\/04\/piston-pump2-285x285.jpeg 285w, https:\/\/yutaimachinery.com\/wp-content\/uploads\/2024\/04\/piston-pump2-270x270.jpeg 270w, https:\/\/yutaimachinery.com\/wp-content\/uploads\/2024\/04\/piston-pump2-540x540.jpeg 540w, https:\/\/yutaimachinery.com\/wp-content\/uploads\/2024\/04\/piston-pump2-660x660.jpeg 660w\" sizes=\"(max-width: 1080px) 100vw, 1080px\" \/><\/figure>\n<\/div>\n\n\n\n<div class=\"wp-block-column is-layout-flow wp-block-column-is-layout-flow\">\n<h2 class=\"wp-block-heading\"><strong>Bomba de pist\u00f3n <strong>Caracter\u00edsticas<\/strong><\/strong>:<\/h2>\n\n\n\n<p>La bomba de pist\u00f3n se utiliza principalmente para el transporte del yeso arcilloso al filtro prensa. El contenido de agua es bajo y uniforme. La bomba es de accionamiento hidr\u00e1ulico, estable y fiable para operar, con poco ruido, alta presi\u00f3n y peque\u00f1a fluctuaci\u00f3n de la presi\u00f3n del lodo.<\/p>\n\n\n\n<h2 class=\"wp-block-heading\"><strong><strong>Par\u00e1metros de la bomba de pist\u00f3n<\/strong>:<\/strong><\/h2>\n\n\n\n<figure class=\"wp-block-table\"><table><tbody><tr><td>Modelo<\/td><td>140<\/td><td>200<\/td><\/tr><tr><td>Mpa m\u00e1x.<\/td><td>2,5mpa<\/td><td>2,5mpa<\/td><\/tr><tr><td>Di\u00e1metro del pist\u00f3n<\/td><td>140 mm<\/td><td>180 mm<\/td><\/tr><tr><td>Potencia (kw)<\/td><td>11kw\/380v<\/td><td>18,5 kW\/380 V<\/td><\/tr><tr><td>Dimensiones (lxwxh)<\/td><td>195x115x180cm(h)<\/td><td>170x120x190cm(h)<\/td><\/tr><tr><td>Peso (kg)<\/td><td>1300<\/td><td>1500<\/td><\/tr><\/tbody><\/table><\/figure>\n<\/div>\n<\/div>","protected":false},"excerpt":{"rendered":"<p>Mayorista Bomba de pist\u00f3n de accionamiento hidr\u00e1ulico, transporta el yeso arcilloso al filtro prensa con estabilidad, garantizando un bajo contenido de agua y un funcionamiento fiable.<\/p>\n<h2>Soluci\u00f3n integral para bombas de pist\u00f3n:<\/h2>\n<ol>\n<li>\n<p>Soluci\u00f3n de disposici\u00f3n de la f\u00e1brica: De acuerdo con el espacio de la f\u00e1brica y el plan de producci\u00f3n, proporcionamos sugerencias profesionales de disposici\u00f3n de maquinaria cer\u00e1mica.<\/p>\n<\/li>\n<li>\n<p>Asistencia t\u00e9cnica: Proporcionar orientaci\u00f3n y asistencia t\u00e9cnica profesional, con gu\u00edas en v\u00eddeo para garantizar un uso r\u00e1pido del producto.<\/p>\n<\/li>\n<li>\n<p>Piezas de recambio: Suministro de una gama de piezas de repuesto originales.<\/p>\n<\/li>\n<li>\n<p>Asistencia posventa: Ayuda en l\u00ednea las 24 horas para garantizar que est\u00e9 satisfecho con la bomba de pist\u00f3n y que se utilice sin problemas en su l\u00ednea de producci\u00f3n.<\/p>\n<\/li>\n<\/ol>","protected":false},"featured_media":3822,"template":"","meta":{"_acf_changed":false},"product_brand":[],"product_cat":[54],"product_tag":[],"class_list":{"0":"post-3820","1":"product","2":"type-product","3":"status-publish","4":"has-post-thumbnail","6":"product_cat-clay-making-machine","8":"first","9":"instock","10":"shipping-taxable","11":"product-type-simple"},"acf":{"customization_content":"<h2><\/h2>\r\n<div><\/div>","customization_content_source":{"label":"Customization Content","type":"wysiwyg","formatted_value":"<h2><\/h2>\n<div><\/div>\n"},"why_choose_us_content":"<h2 style=\"text-align: center;\">Why Choose Us as Your Piston Pump Supplier<\/h2>\r\n\r\n<hr \/>\r\n<p style=\"text-align: center;\">Yutai as a ceramic tableware manufacturer, maintains strict quality standards and excellent service. Revolutionize your manufacturing processes with cutting-edge automation technology that streamlines forming and enhances efficiency.<\/p>","why_choose_us_content_source":{"label":"Why Choose Us Content","type":"wysiwyg","formatted_value":"<h2 style=\"text-align: center;\">Why Choose Us as Your Piston Pump Supplier<\/h2>\n<hr \/>\n<p style=\"text-align: center;\">Yutai as a ceramic tableware manufacturer, maintains strict quality standards and excellent service. Revolutionize your manufacturing processes with cutting-edge automation technology that streamlines forming and enhances efficiency.<\/p>\n"}},"_links":{"self":[{"href":"https:\/\/yutaimachinery.com\/es\/wp-json\/wp\/v2\/product\/3820","targetHints":{"allow":["GET"]}}],"collection":[{"href":"https:\/\/yutaimachinery.com\/es\/wp-json\/wp\/v2\/product"}],"about":[{"href":"https:\/\/yutaimachinery.com\/es\/wp-json\/wp\/v2\/types\/product"}],"version-history":[{"count":0,"href":"https:\/\/yutaimachinery.com\/es\/wp-json\/wp\/v2\/product\/3820\/revisions"}],"wp:featuredmedia":[{"embeddable":true,"href":"https:\/\/yutaimachinery.com\/es\/wp-json\/wp\/v2\/media\/3822"}],"wp:attachment":[{"href":"https:\/\/yutaimachinery.com\/es\/wp-json\/wp\/v2\/media?parent=3820"}],"wp:term":[{"taxonomy":"product_brand","embeddable":true,"href":"https:\/\/yutaimachinery.com\/es\/wp-json\/wp\/v2\/product_brand?post=3820"},{"taxonomy":"product_cat","embeddable":true,"href":"https:\/\/yutaimachinery.com\/es\/wp-json\/wp\/v2\/product_cat?post=3820"},{"taxonomy":"product_tag","embeddable":true,"href":"https:\/\/yutaimachinery.com\/es\/wp-json\/wp\/v2\/product_tag?post=3820"}],"curies":[{"name":"wp","href":"https:\/\/api.w.org\/{rel}","templated":true}]}}