{"id":3791,"date":"2024-04-16T11:00:59","date_gmt":"2024-04-16T03:00:59","guid":{"rendered":"https:\/\/yutaimachinery.com\/?post_type=product&#038;p=3791"},"modified":"2024-04-16T11:56:42","modified_gmt":"2024-04-16T03:56:42","slug":"maquina-para-eliminar-el-hierro","status":"publish","type":"product","link":"https:\/\/yutaimachinery.com\/es\/product\/iron-removal-machine\/","title":{"rendered":"Precio de f\u00e1brica m\u00e1quina de eliminaci\u00f3n de hierro mojado el\u00e9ctrico magn\u00e9tico"},"content":{"rendered":"<h2 class=\"wp-block-heading\"><strong>Par\u00e1metros de la m\u00e1quina de eliminaci\u00f3n de hierro:<\/strong><\/h2>\n\n\n\n<figure class=\"wp-block-table\"><table><tbody><tr><td>Modelo<\/td><td>Densidad de flujo<\/td><td>Capacidad<\/td><td>Peso (kg)<\/td><\/tr><tr><td>173<\/td><td>2.5t<\/td><td>3-7t\/h<\/td><td>450<\/td><\/tr><tr><td>160<\/td><td>2.5t<\/td><td>2-4t\/h<\/td><td>400<\/td><\/tr><tr><td>100<\/td><td>2.5t<\/td><td>1-2t\/h<\/td><td>350<\/td><\/tr><\/tbody><\/table><\/figure>\n\n\n\n<div class=\"wp-block-columns is-layout-flex wp-container-core-columns-is-layout-9d6595d7 wp-block-columns-is-layout-flex\">\n<div class=\"wp-block-column is-layout-flow wp-block-column-is-layout-flow\">\n<figure class=\"wp-block-image size-full\"><img fetchpriority=\"high\" decoding=\"async\" width=\"1080\" height=\"1080\" src=\"https:\/\/yutaimachinery.com\/wp-content\/uploads\/2024\/04\/iron-removal-machine.webp\" alt=\"m\u00e1quina para eliminar el hierro\" class=\"wp-image-3792\" title=\"\" srcset=\"https:\/\/yutaimachinery.com\/wp-content\/uploads\/2024\/04\/iron-removal-machine.webp 1080w, https:\/\/yutaimachinery.com\/wp-content\/uploads\/2024\/04\/iron-removal-machine-300x300.webp 300w, https:\/\/yutaimachinery.com\/wp-content\/uploads\/2024\/04\/iron-removal-machine-150x150.webp 150w, https:\/\/yutaimachinery.com\/wp-content\/uploads\/2024\/04\/iron-removal-machine-768x768.webp 768w, https:\/\/yutaimachinery.com\/wp-content\/uploads\/2024\/04\/iron-removal-machine-285x285.webp 285w, https:\/\/yutaimachinery.com\/wp-content\/uploads\/2024\/04\/iron-removal-machine-270x270.webp 270w, https:\/\/yutaimachinery.com\/wp-content\/uploads\/2024\/04\/iron-removal-machine-540x540.webp 540w, https:\/\/yutaimachinery.com\/wp-content\/uploads\/2024\/04\/iron-removal-machine-660x660.webp 660w\" sizes=\"(max-width: 1080px) 100vw, 1080px\" \/><\/figure>\n<\/div>\n\n\n\n<div class=\"wp-block-column is-layout-flow wp-block-column-is-layout-flow\">\n<figure class=\"wp-block-image size-full\"><img decoding=\"async\" width=\"1080\" height=\"1080\" src=\"https:\/\/yutaimachinery.com\/wp-content\/uploads\/2024\/04\/iron-removal-machine3.webp\" alt=\"m\u00e1quina para eliminar el hierro\" class=\"wp-image-3794\" title=\"\" srcset=\"https:\/\/yutaimachinery.com\/wp-content\/uploads\/2024\/04\/iron-removal-machine3.webp 1080w, https:\/\/yutaimachinery.com\/wp-content\/uploads\/2024\/04\/iron-removal-machine3-300x300.webp 300w, https:\/\/yutaimachinery.com\/wp-content\/uploads\/2024\/04\/iron-removal-machine3-150x150.webp 150w, https:\/\/yutaimachinery.com\/wp-content\/uploads\/2024\/04\/iron-removal-machine3-768x768.webp 768w, https:\/\/yutaimachinery.com\/wp-content\/uploads\/2024\/04\/iron-removal-machine3-285x285.webp 285w, https:\/\/yutaimachinery.com\/wp-content\/uploads\/2024\/04\/iron-removal-machine3-270x270.webp 270w, https:\/\/yutaimachinery.com\/wp-content\/uploads\/2024\/04\/iron-removal-machine3-540x540.webp 540w, https:\/\/yutaimachinery.com\/wp-content\/uploads\/2024\/04\/iron-removal-machine3-660x660.webp 660w\" sizes=\"(max-width: 1080px) 100vw, 1080px\" \/><\/figure>\n<\/div>\n<\/div>","protected":false},"excerpt":{"rendered":"<p>Venta directa de f\u00e1brica, distribuci\u00f3n mundial. La m\u00e1quina de eliminaci\u00f3n de hierro magn\u00e9tica el\u00e9ctrica h\u00fameda elimina el hierro de las materias primas en la industria cer\u00e1mica, especialmente para la producci\u00f3n de lotes peque\u00f1os o el uso en laboratorio. F\u00e1cil de limpiar y de manejar.<\/p>\n<h2>Soluci\u00f3n integral para la m\u00e1quina de eliminaci\u00f3n de hierro:<\/h2>\n<ol>\n<li>\n<p>Soluci\u00f3n de disposici\u00f3n de la f\u00e1brica: De acuerdo con el espacio de la f\u00e1brica y el plan de producci\u00f3n, proporcionamos sugerencias profesionales de disposici\u00f3n de maquinaria cer\u00e1mica.<\/p>\n<\/li>\n<li>\n<p>Asistencia t\u00e9cnica: Proporcionar orientaci\u00f3n y asistencia t\u00e9cnica profesional, con gu\u00edas en v\u00eddeo para garantizar un uso r\u00e1pido del producto.<\/p>\n<\/li>\n<li>\n<p>Piezas de recambio: Suministro de una gama de piezas de repuesto originales.<\/p>\n<\/li>\n<li>\n<p>Asistencia posventa: Ayuda en l\u00ednea las 24 horas para garantizar que est\u00e9 satisfecho con la m\u00e1quina de eliminaci\u00f3n de hierro y que se utilice sin problemas en su l\u00ednea de producci\u00f3n.<\/p>\n<\/li>\n<\/ol>","protected":false},"featured_media":3792,"template":"","meta":{"_acf_changed":false},"product_brand":[],"product_cat":[54],"product_tag":[],"class_list":{"0":"post-3791","1":"product","2":"type-product","3":"status-publish","4":"has-post-thumbnail","6":"product_cat-clay-making-machine","8":"first","9":"instock","10":"shipping-taxable","11":"product-type-simple"},"acf":{"customization_content":"<h2><\/h2>\r\n<div><\/div>","customization_content_source":{"label":"Customization Content","type":"wysiwyg","formatted_value":"<h2><\/h2>\n<div><\/div>\n"},"why_choose_us_content":"<h2 style=\"text-align: center;\">Why Choose Us as Your Iron Removal Machine Supplier<\/h2>\r\n\r\n<hr \/>\r\n<p style=\"text-align: center;\">Yutai as a ceramic tableware manufacturer, maintains strict quality standards and excellent service. Revolutionize your manufacturing processes with cutting-edge automation technology that streamlines forming and enhances efficiency.<\/p>","why_choose_us_content_source":{"label":"Why Choose Us Content","type":"wysiwyg","formatted_value":"<h2 style=\"text-align: center;\">Why Choose Us as Your Iron Removal Machine Supplier<\/h2>\n<hr \/>\n<p style=\"text-align: center;\">Yutai as a ceramic tableware manufacturer, maintains strict quality standards and excellent service. Revolutionize your manufacturing processes with cutting-edge automation technology that streamlines forming and enhances efficiency.<\/p>\n"}},"_links":{"self":[{"href":"https:\/\/yutaimachinery.com\/es\/wp-json\/wp\/v2\/product\/3791","targetHints":{"allow":["GET"]}}],"collection":[{"href":"https:\/\/yutaimachinery.com\/es\/wp-json\/wp\/v2\/product"}],"about":[{"href":"https:\/\/yutaimachinery.com\/es\/wp-json\/wp\/v2\/types\/product"}],"version-history":[{"count":0,"href":"https:\/\/yutaimachinery.com\/es\/wp-json\/wp\/v2\/product\/3791\/revisions"}],"wp:featuredmedia":[{"embeddable":true,"href":"https:\/\/yutaimachinery.com\/es\/wp-json\/wp\/v2\/media\/3792"}],"wp:attachment":[{"href":"https:\/\/yutaimachinery.com\/es\/wp-json\/wp\/v2\/media?parent=3791"}],"wp:term":[{"taxonomy":"product_brand","embeddable":true,"href":"https:\/\/yutaimachinery.com\/es\/wp-json\/wp\/v2\/product_brand?post=3791"},{"taxonomy":"product_cat","embeddable":true,"href":"https:\/\/yutaimachinery.com\/es\/wp-json\/wp\/v2\/product_cat?post=3791"},{"taxonomy":"product_tag","embeddable":true,"href":"https:\/\/yutaimachinery.com\/es\/wp-json\/wp\/v2\/product_tag?post=3791"}],"curies":[{"name":"wp","href":"https:\/\/api.w.org\/{rel}","templated":true}]}}