{"id":3782,"date":"2024-04-14T23:41:49","date_gmt":"2024-04-14T15:41:49","guid":{"rendered":"https:\/\/yutaimachinery.com\/?post_type=product&#038;p=3782"},"modified":"2024-04-15T00:08:20","modified_gmt":"2024-04-14T16:08:20","slug":"pequeno-horno-de-ceramica","status":"publish","type":"product","link":"https:\/\/yutaimachinery.com\/es\/product\/small-ceramic-kiln\/","title":{"rendered":"Horno de cer\u00e1mica peque\u00f1o a medida para la fabricaci\u00f3n de tazas de cer\u00e1mica"},"content":{"rendered":"<div class=\"wp-block-columns is-layout-flex wp-container-core-columns-is-layout-9d6595d7 wp-block-columns-is-layout-flex\">\n<div class=\"wp-block-column is-layout-flow wp-block-column-is-layout-flow\">\n<figure class=\"wp-block-image size-full\"><img fetchpriority=\"high\" decoding=\"async\" width=\"3024\" height=\"3024\" src=\"https:\/\/yutaimachinery.com\/wp-content\/uploads\/2024\/04\/small-ceramic-kiln5.webp\" alt=\"peque\u00f1o horno de cer\u00e1mica\" class=\"wp-image-3784\" title=\"\" srcset=\"https:\/\/yutaimachinery.com\/wp-content\/uploads\/2024\/04\/small-ceramic-kiln5.webp 3024w, https:\/\/yutaimachinery.com\/wp-content\/uploads\/2024\/04\/small-ceramic-kiln5-300x300.webp 300w, https:\/\/yutaimachinery.com\/wp-content\/uploads\/2024\/04\/small-ceramic-kiln5-150x150.webp 150w, https:\/\/yutaimachinery.com\/wp-content\/uploads\/2024\/04\/small-ceramic-kiln5-768x768.webp 768w, https:\/\/yutaimachinery.com\/wp-content\/uploads\/2024\/04\/small-ceramic-kiln5-285x285.webp 285w, https:\/\/yutaimachinery.com\/wp-content\/uploads\/2024\/04\/small-ceramic-kiln5-1600x1600.webp 1600w, https:\/\/yutaimachinery.com\/wp-content\/uploads\/2024\/04\/small-ceramic-kiln5-270x270.webp 270w, https:\/\/yutaimachinery.com\/wp-content\/uploads\/2024\/04\/small-ceramic-kiln5-540x540.webp 540w, https:\/\/yutaimachinery.com\/wp-content\/uploads\/2024\/04\/small-ceramic-kiln5-660x660.webp 660w\" sizes=\"(max-width: 3024px) 100vw, 3024px\" \/><\/figure>\n<\/div>\n\n\n\n<div class=\"wp-block-column is-layout-flow wp-block-column-is-layout-flow\">\n<h2 class=\"wp-block-heading\"><strong>Caracter\u00edsticas de <\/strong>Horno de cer\u00e1mica peque\u00f1o<\/h2>\n\n\n\n<p>La ventaja de nuestros hornos de cer\u00e1mica peque\u00f1os es su dise\u00f1o compacto y sus especificaciones personalizables, que los hacen adecuados para la producci\u00f3n a peque\u00f1a escala y el uso en estudios. Con un control preciso de la temperatura y puertas del horno cerradas autom\u00e1ticamente, es f\u00e1cil de manejar y fiable y duradero. Adem\u00e1s, se adquiere directamente de f\u00e1brica para garantizar la calidad y precios asequibles.<\/p>\n<\/div>\n<\/div>\n\n\n\n<div class=\"wp-block-columns is-layout-flex wp-container-core-columns-is-layout-9d6595d7 wp-block-columns-is-layout-flex\">\n<div class=\"wp-block-column is-layout-flow wp-block-column-is-layout-flow\">\n<figure class=\"wp-block-image size-full\"><img decoding=\"async\" width=\"474\" height=\"474\" src=\"https:\/\/yutaimachinery.com\/wp-content\/uploads\/2024\/04\/small-ceramic-kiln6.webp\" alt=\"peque\u00f1o horno de cer\u00e1mica\" class=\"wp-image-3783\" title=\"\" srcset=\"https:\/\/yutaimachinery.com\/wp-content\/uploads\/2024\/04\/small-ceramic-kiln6.webp 474w, https:\/\/yutaimachinery.com\/wp-content\/uploads\/2024\/04\/small-ceramic-kiln6-300x300.webp 300w, https:\/\/yutaimachinery.com\/wp-content\/uploads\/2024\/04\/small-ceramic-kiln6-150x150.webp 150w, https:\/\/yutaimachinery.com\/wp-content\/uploads\/2024\/04\/small-ceramic-kiln6-285x285.webp 285w, https:\/\/yutaimachinery.com\/wp-content\/uploads\/2024\/04\/small-ceramic-kiln6-270x270.webp 270w\" sizes=\"(max-width: 474px) 100vw, 474px\" \/><\/figure>\n<\/div>\n\n\n\n<div class=\"wp-block-column is-layout-flow wp-block-column-is-layout-flow\">\n<figure class=\"wp-block-image size-full\"><img decoding=\"async\" width=\"800\" height=\"800\" src=\"https:\/\/yutaimachinery.com\/wp-content\/uploads\/2024\/04\/small-ceramic-kiln.webp\" alt=\"peque\u00f1o horno de cer\u00e1mica\" class=\"wp-image-3788\" title=\"\" srcset=\"https:\/\/yutaimachinery.com\/wp-content\/uploads\/2024\/04\/small-ceramic-kiln.webp 800w, https:\/\/yutaimachinery.com\/wp-content\/uploads\/2024\/04\/small-ceramic-kiln-300x300.webp 300w, https:\/\/yutaimachinery.com\/wp-content\/uploads\/2024\/04\/small-ceramic-kiln-150x150.webp 150w, https:\/\/yutaimachinery.com\/wp-content\/uploads\/2024\/04\/small-ceramic-kiln-768x768.webp 768w, https:\/\/yutaimachinery.com\/wp-content\/uploads\/2024\/04\/small-ceramic-kiln-285x285.webp 285w, https:\/\/yutaimachinery.com\/wp-content\/uploads\/2024\/04\/small-ceramic-kiln-270x270.webp 270w, https:\/\/yutaimachinery.com\/wp-content\/uploads\/2024\/04\/small-ceramic-kiln-540x540.webp 540w, https:\/\/yutaimachinery.com\/wp-content\/uploads\/2024\/04\/small-ceramic-kiln-660x660.webp 660w\" sizes=\"(max-width: 800px) 100vw, 800px\" \/><\/figure>\n<\/div>\n<\/div>","protected":false},"excerpt":{"rendered":"<p>Venta directa de f\u00e1brica, el peque\u00f1o horno de cer\u00e1mica se puede personalizar seg\u00fan las especificaciones, adecuado para tazas de cer\u00e1mica de cocci\u00f3n vegetariana. La calidad y la asequibilidad est\u00e1n garantizados.<\/p>\n<h2>Soluci\u00f3n integral para peque\u00f1os hornos de cer\u00e1mica:<\/h2>\n<ol>\n<li>\n<p>Soluci\u00f3n de disposici\u00f3n de la f\u00e1brica: De acuerdo con el espacio de la f\u00e1brica y el plan de producci\u00f3n, proporcionamos sugerencias profesionales de disposici\u00f3n de maquinaria cer\u00e1mica.<\/p>\n<\/li>\n<li>\n<p>Asistencia t\u00e9cnica: Proporcionar orientaci\u00f3n y asistencia t\u00e9cnica profesional, con gu\u00edas en v\u00eddeo para garantizar un uso r\u00e1pido del producto.<\/p>\n<\/li>\n<li>\n<p>Piezas de recambio: Suministro de una gama de piezas de repuesto originales.<\/p>\n<\/li>\n<li>\n<p>Asistencia posventa: 24 horas de ayuda en l\u00ednea para asegurarse de que est\u00e1 satisfecho con el peque\u00f1o horno de cer\u00e1mica y que se utiliza sin problemas en su l\u00ednea de producci\u00f3n.<\/p>\n<\/li>\n<\/ol>","protected":false},"featured_media":3787,"template":"","meta":{"_acf_changed":false},"product_brand":[],"product_cat":[58],"product_tag":[80],"class_list":{"0":"post-3782","1":"product","2":"type-product","3":"status-publish","4":"has-post-thumbnail","6":"product_cat-ceramic-kiln","7":"product_tag-small-ceramic-kiln","9":"first","10":"instock","11":"shipping-taxable","12":"product-type-simple"},"acf":{"customization_content":"<h2><\/h2>\r\n<div><\/div>","customization_content_source":{"label":"Customization Content","type":"wysiwyg","formatted_value":"<h2><\/h2>\n<div><\/div>\n"},"why_choose_us_content":"<h2 style=\"text-align: center;\">Why Choose Us as Your Ceramic Kiln\u00a0Supplier<\/h2>\r\n\r\n<hr \/>\r\n<p style=\"text-align: center;\">Yutai as a ceramic tableware manufacturer, maintains strict quality standards and excellent service. Revolutionize your manufacturing processes with cutting-edge automation technology that streamlines forming and enhances efficiency.<\/p>","why_choose_us_content_source":{"label":"Why Choose Us Content","type":"wysiwyg","formatted_value":"<h2 style=\"text-align: center;\">Why Choose Us as Your Ceramic Kiln\u00a0Supplier<\/h2>\n<hr \/>\n<p style=\"text-align: center;\">Yutai as a ceramic tableware manufacturer, maintains strict quality standards and excellent service. Revolutionize your manufacturing processes with cutting-edge automation technology that streamlines forming and enhances efficiency.<\/p>\n"}},"_links":{"self":[{"href":"https:\/\/yutaimachinery.com\/es\/wp-json\/wp\/v2\/product\/3782","targetHints":{"allow":["GET"]}}],"collection":[{"href":"https:\/\/yutaimachinery.com\/es\/wp-json\/wp\/v2\/product"}],"about":[{"href":"https:\/\/yutaimachinery.com\/es\/wp-json\/wp\/v2\/types\/product"}],"version-history":[{"count":0,"href":"https:\/\/yutaimachinery.com\/es\/wp-json\/wp\/v2\/product\/3782\/revisions"}],"wp:featuredmedia":[{"embeddable":true,"href":"https:\/\/yutaimachinery.com\/es\/wp-json\/wp\/v2\/media\/3787"}],"wp:attachment":[{"href":"https:\/\/yutaimachinery.com\/es\/wp-json\/wp\/v2\/media?parent=3782"}],"wp:term":[{"taxonomy":"product_brand","embeddable":true,"href":"https:\/\/yutaimachinery.com\/es\/wp-json\/wp\/v2\/product_brand?post=3782"},{"taxonomy":"product_cat","embeddable":true,"href":"https:\/\/yutaimachinery.com\/es\/wp-json\/wp\/v2\/product_cat?post=3782"},{"taxonomy":"product_tag","embeddable":true,"href":"https:\/\/yutaimachinery.com\/es\/wp-json\/wp\/v2\/product_tag?post=3782"}],"curies":[{"name":"wp","href":"https:\/\/api.w.org\/{rel}","templated":true}]}}