{"id":3771,"date":"2024-04-14T23:09:27","date_gmt":"2024-04-14T15:09:27","guid":{"rendered":"https:\/\/yutaimachinery.com\/?post_type=product&#038;p=3771"},"modified":"2024-04-14T23:41:34","modified_gmt":"2024-04-14T15:41:34","slug":"horno-de-lanzadera","status":"publish","type":"product","link":"https:\/\/yutaimachinery.com\/es\/product\/shuttle-kiln\/","title":{"rendered":"Horno lanzadera de alta temperatura Fabricaci\u00f3n autom\u00e1tica de cer\u00e1mica cocida al fuego\u00a0"},"content":{"rendered":"<div class=\"wp-block-columns is-layout-flex wp-container-core-columns-is-layout-9d6595d7 wp-block-columns-is-layout-flex\">\n<div class=\"wp-block-column is-layout-flow wp-block-column-is-layout-flow\">\n<figure class=\"wp-block-embed is-type-video is-provider-youtube wp-block-embed-youtube wp-embed-aspect-16-9 wp-has-aspect-ratio\"><div class=\"wp-block-embed__wrapper\">\n<iframe title=\"porcelana horno de lanzadera,ceramica,gres horno de fuego\" width=\"940\" height=\"529\" src=\"https:\/\/www.youtube.com\/embed\/f8JweaXRuTM?feature=oembed\" frameborder=\"0\" allow=\"accelerometer; autoplay; clipboard-write; encrypted-media; gyroscope; picture-in-picture; web-share\" referrerpolicy=\"strict-origin-when-cross-origin\" allowfullscreen><\/iframe>\n<\/div><\/figure>\n<\/div>\n\n\n\n<div class=\"wp-block-column is-layout-flow wp-block-column-is-layout-flow\">\n<h2 class=\"wp-block-heading\"><strong>Caracter\u00edsticas de Shuttle Kil<\/strong>n<\/h2>\n\n\n\n<ul class=\"wp-block-list\">\n<li>Aplicaciones vers\u00e1tiles: Adecuado para la cocci\u00f3n de bizcocho y la cocci\u00f3n de glaseado de diversos productos cer\u00e1micos como porcelana, gres y loza.<\/li>\n\n\n\n<li>Control preciso de la temperatura: El horno cuenta con control autom\u00e1tico por microordenador PID, lo que garantiza un control preciso y constante de la temperatura durante todo el proceso de cocci\u00f3n.<\/li>\n\n\n\n<li>Funcionamiento eficaz: El horno de lanzadera est\u00e1 dise\u00f1ado para un funcionamiento eficiente, permitiendo ciclos r\u00e1pidos de calentamiento y enfriamiento para optimizar la eficiencia de la producci\u00f3n.<\/li>\n<\/ul>\n<\/div>\n<\/div>\n\n\n\n<div class=\"wp-block-columns is-layout-flex wp-container-core-columns-is-layout-9d6595d7 wp-block-columns-is-layout-flex\">\n<div class=\"wp-block-column is-layout-flow wp-block-column-is-layout-flow\">\n<figure class=\"wp-block-image size-full\"><img fetchpriority=\"high\" decoding=\"async\" width=\"1080\" height=\"1080\" src=\"https:\/\/yutaimachinery.com\/wp-content\/uploads\/2024\/04\/Shuttle-Kiln2.webp\" alt=\"Horno lanzadera\" class=\"wp-image-3778\" title=\"\" srcset=\"https:\/\/yutaimachinery.com\/wp-content\/uploads\/2024\/04\/Shuttle-Kiln2.webp 1080w, https:\/\/yutaimachinery.com\/wp-content\/uploads\/2024\/04\/Shuttle-Kiln2-300x300.webp 300w, https:\/\/yutaimachinery.com\/wp-content\/uploads\/2024\/04\/Shuttle-Kiln2-150x150.webp 150w, https:\/\/yutaimachinery.com\/wp-content\/uploads\/2024\/04\/Shuttle-Kiln2-768x768.webp 768w, https:\/\/yutaimachinery.com\/wp-content\/uploads\/2024\/04\/Shuttle-Kiln2-285x285.webp 285w, https:\/\/yutaimachinery.com\/wp-content\/uploads\/2024\/04\/Shuttle-Kiln2-270x270.webp 270w, https:\/\/yutaimachinery.com\/wp-content\/uploads\/2024\/04\/Shuttle-Kiln2-540x540.webp 540w, https:\/\/yutaimachinery.com\/wp-content\/uploads\/2024\/04\/Shuttle-Kiln2-660x660.webp 660w\" sizes=\"(max-width: 1080px) 100vw, 1080px\" \/><\/figure>\n<\/div>\n\n\n\n<div class=\"wp-block-column is-layout-flow wp-block-column-is-layout-flow\">\n<figure class=\"wp-block-image size-full\"><img decoding=\"async\" width=\"1276\" height=\"1276\" src=\"https:\/\/yutaimachinery.com\/wp-content\/uploads\/2024\/04\/Shuttle-Kiln3.webp\" alt=\"Horno lanzadera\" class=\"wp-image-3774\" title=\"\" srcset=\"https:\/\/yutaimachinery.com\/wp-content\/uploads\/2024\/04\/Shuttle-Kiln3.webp 1276w, https:\/\/yutaimachinery.com\/wp-content\/uploads\/2024\/04\/Shuttle-Kiln3-300x300.webp 300w, https:\/\/yutaimachinery.com\/wp-content\/uploads\/2024\/04\/Shuttle-Kiln3-150x150.webp 150w, https:\/\/yutaimachinery.com\/wp-content\/uploads\/2024\/04\/Shuttle-Kiln3-768x768.webp 768w, https:\/\/yutaimachinery.com\/wp-content\/uploads\/2024\/04\/Shuttle-Kiln3-285x285.webp 285w, https:\/\/yutaimachinery.com\/wp-content\/uploads\/2024\/04\/Shuttle-Kiln3-270x270.webp 270w, https:\/\/yutaimachinery.com\/wp-content\/uploads\/2024\/04\/Shuttle-Kiln3-540x540.webp 540w, https:\/\/yutaimachinery.com\/wp-content\/uploads\/2024\/04\/Shuttle-Kiln3-660x660.webp 660w\" sizes=\"(max-width: 1276px) 100vw, 1276px\" \/><\/figure>\n<\/div>\n<\/div>","protected":false},"excerpt":{"rendered":"<p>Hecho a medida para la personalizaci\u00f3n en f\u00e1brica, el horno de lanzadera es adecuado para el procesamiento de cer\u00e1mica, porcelana y gres. Buena resistencia al calor y control preciso de la temperatura para mejorar la productividad.<\/p>\n<h2>Soluci\u00f3n integral para el horno de lanzadera:<\/h2>\n<ol>\n<li>\n<p>Dise\u00f1o de la disposici\u00f3n: De acuerdo con el espacio de la f\u00e1brica y el plan de producci\u00f3n, proporcionamos un dise\u00f1o profesional de la disposici\u00f3n de la maquinaria cer\u00e1mica.<\/p>\n<\/li>\n<li>\n<p>Asistencia a la instalaci\u00f3n: Proporcionar instalaci\u00f3n y configuraci\u00f3n in situ para la instalaci\u00f3n del horno de lanzadera para garantizar su funcionamiento normal.<\/p>\n<\/li>\n<li>\n<p>Piezas de recambio: Suministro de una gama de piezas de repuesto originales.<\/p>\n<\/li>\n<li>\n<p>Asistencia posventa: Ayuda en l\u00ednea las 24 horas del d\u00eda para garantizar que est\u00e9 satisfecho con el horno de lanzadera y que se utilice sin problemas en su l\u00ednea de producci\u00f3n.<\/p>\n<\/li>\n<li>\u00a0<\/li>\n<\/ol>","protected":false},"featured_media":3775,"template":"","meta":{"_acf_changed":false},"product_brand":[],"product_cat":[58],"product_tag":[79],"class_list":{"0":"post-3771","1":"product","2":"type-product","3":"status-publish","4":"has-post-thumbnail","6":"product_cat-ceramic-kiln","7":"product_tag-shuttle-kiln","9":"first","10":"instock","11":"shipping-taxable","12":"product-type-simple"},"acf":{"customization_content":"<h2><\/h2>\r\n<div><\/div>","customization_content_source":{"label":"Customization Content","type":"wysiwyg","formatted_value":"<h2><\/h2>\n<div><\/div>\n"},"why_choose_us_content":"<h2 style=\"text-align: center;\">Why Choose Us as Your <strong>Shuttle Kil<\/strong>n Supplier<\/h2>\r\n\r\n<hr \/>\r\n<p style=\"text-align: center;\">Yutai as a ceramic tableware manufacturer, maintains strict quality standards and excellent service. Revolutionize your manufacturing processes with cutting-edge automation technology that streamlines forming and enhances efficiency.<\/p>","why_choose_us_content_source":{"label":"Why Choose Us Content","type":"wysiwyg","formatted_value":"<h2 style=\"text-align: center;\">Why Choose Us as Your <strong>Shuttle Kil<\/strong>n Supplier<\/h2>\n<hr \/>\n<p style=\"text-align: center;\">Yutai as a ceramic tableware manufacturer, maintains strict quality standards and excellent service. Revolutionize your manufacturing processes with cutting-edge automation technology that streamlines forming and enhances efficiency.<\/p>\n"}},"_links":{"self":[{"href":"https:\/\/yutaimachinery.com\/es\/wp-json\/wp\/v2\/product\/3771","targetHints":{"allow":["GET"]}}],"collection":[{"href":"https:\/\/yutaimachinery.com\/es\/wp-json\/wp\/v2\/product"}],"about":[{"href":"https:\/\/yutaimachinery.com\/es\/wp-json\/wp\/v2\/types\/product"}],"version-history":[{"count":0,"href":"https:\/\/yutaimachinery.com\/es\/wp-json\/wp\/v2\/product\/3771\/revisions"}],"wp:featuredmedia":[{"embeddable":true,"href":"https:\/\/yutaimachinery.com\/es\/wp-json\/wp\/v2\/media\/3775"}],"wp:attachment":[{"href":"https:\/\/yutaimachinery.com\/es\/wp-json\/wp\/v2\/media?parent=3771"}],"wp:term":[{"taxonomy":"product_brand","embeddable":true,"href":"https:\/\/yutaimachinery.com\/es\/wp-json\/wp\/v2\/product_brand?post=3771"},{"taxonomy":"product_cat","embeddable":true,"href":"https:\/\/yutaimachinery.com\/es\/wp-json\/wp\/v2\/product_cat?post=3771"},{"taxonomy":"product_tag","embeddable":true,"href":"https:\/\/yutaimachinery.com\/es\/wp-json\/wp\/v2\/product_tag?post=3771"}],"curies":[{"name":"wp","href":"https:\/\/api.w.org\/{rel}","templated":true}]}}