{"id":3751,"date":"2024-04-14T14:30:48","date_gmt":"2024-04-14T06:30:48","guid":{"rendered":"https:\/\/yutaimachinery.com\/?post_type=product&#038;p=3751"},"modified":"2024-04-14T23:03:30","modified_gmt":"2024-04-14T15:03:30","slug":"maquina-de-inmersion-en-glaseado-2","status":"publish","type":"product","link":"https:\/\/yutaimachinery.com\/es\/product\/glaze-dipping-machine\/","title":{"rendered":"M\u00e1quina autom\u00e1tica de inmersi\u00f3n en esmalte para esmaltado de cer\u00e1mica personalizada"},"content":{"rendered":"<div class=\"wp-block-columns is-layout-flex wp-container-core-columns-is-layout-9d6595d7 wp-block-columns-is-layout-flex\">\n<div class=\"wp-block-column is-layout-flow wp-block-column-is-layout-flow\">\n<figure class=\"wp-block-embed is-type-video is-provider-youtube wp-block-embed-youtube wp-embed-aspect-16-9 wp-has-aspect-ratio\"><div class=\"wp-block-embed__wrapper\">\n<iframe title=\"vajilla platos tazones tazas esmalte m\u00e1quina de inmersi\u00f3n\" width=\"940\" height=\"529\" src=\"https:\/\/www.youtube.com\/embed\/dnT3FUYngeE?feature=oembed\" frameborder=\"0\" allow=\"accelerometer; autoplay; clipboard-write; encrypted-media; gyroscope; picture-in-picture; web-share\" referrerpolicy=\"strict-origin-when-cross-origin\" allowfullscreen><\/iframe>\n<\/div><\/figure>\n<\/div>\n\n\n\n<div class=\"wp-block-column is-layout-flow wp-block-column-is-layout-flow\">\n<h2 class=\"wp-block-heading\"><strong>Caracter\u00edsticas de la m\u00e1quina de glaseado por inmersi\u00f3n<\/strong><\/h2>\n\n\n\n<p>Esta m\u00e1quina de inmersi\u00f3n en glaseado utiliza la succi\u00f3n por vac\u00edo para sujetar firmemente los productos, sumergi\u00e9ndolos en la soluci\u00f3n de glaseado para una cobertura completa tanto por dentro como por fuera. Personalizable en t\u00e9rminos de estaciones de trabajo y compatible con varios tama\u00f1os de producto, adaptada para satisfacer sus requisitos espec\u00edficos. Mejore su producci\u00f3n de cer\u00e1mica con nuestra m\u00e1quina de inmersi\u00f3n en glaseado: la soluci\u00f3n perfecta para el glaseado autom\u00e1tico de cuencos, tazas, platos, ollas y grandes recipientes.<\/p>\n<\/div>\n<\/div>\n\n\n\n<div class=\"wp-block-columns is-layout-flex wp-container-core-columns-is-layout-9d6595d7 wp-block-columns-is-layout-flex\">\n<div class=\"wp-block-column is-layout-flow wp-block-column-is-layout-flow\">\n<h2 class=\"wp-block-heading\">Par\u00e1metros de la m\u00e1quina de glaseado por inmersi\u00f3n:<\/h2>\n\n\n\n<figure class=\"wp-block-table\"><table><tbody><tr><td>Modelo<\/td><td>Tama\u00f1o m\u00e1ximo de formaci\u00f3n (cm)<\/td><td>Capacidad<\/td><td>Potencia (kw)<\/td><td>Dimensiones (lxwxh)<\/td><td>Peso (kg)<\/td><\/tr><tr><td>2head ltank 4staion<\/td><td>10\u2033<\/td><td>480 veces\/h<\/td><td>4kw\/380v<\/td><td>2\u00d71,2\u00d71,85(h)m<\/td><td>500<\/td><\/tr><tr><td>2cabezal 2tanque 4estai\u00f3n<\/td><td>18\u2033<\/td><td>480 veces\/h<\/td><td>6kw\/380y<\/td><td>2,9\u00d71,6\u00d72,2(h)m<\/td><td>800<\/td><\/tr><\/tbody><\/table><\/figure>\n<\/div>\n<\/div>","protected":false},"excerpt":{"rendered":"<p>Esta m\u00e1quina es para esmaltar platos y platillos de cer\u00e1mica porcelana. F\u00e1cil operaci\u00f3n. Podemos hacer la m\u00e1quina de acuerdo a sus peticiones.<\/p>\n<h2>Soluci\u00f3n integral para la m\u00e1quina de inmersi\u00f3n en glaseado:<\/h2>\n<ol>\n<li>Instalaci\u00f3n y asistencia t\u00e9cnica: Nuestro equipo instalar\u00e1 y configurar\u00e1 la m\u00e1quina de esmaltado para su planta. Y proporcionar\u00e1 la orientaci\u00f3n t\u00e9cnica pertinente.<\/li>\n<li>Personalizaci\u00f3n: Ofrecemos opciones de personalizaci\u00f3n para adaptar la m\u00e1quina seg\u00fan sus requisitos de producci\u00f3n espec\u00edficos.<\/li>\n<li>Suministro de piezas de repuesto: Suministramos piezas de repuesto de alta calidad para garantizar el funcionamiento continuo de los equipos.<\/li>\n<\/ol>","protected":false},"featured_media":3756,"template":"","meta":{"_acf_changed":false},"product_brand":[],"product_cat":[57],"product_tag":[78],"class_list":{"0":"post-3751","1":"product","2":"type-product","3":"status-publish","4":"has-post-thumbnail","6":"product_cat-ceramic-glazing-machine","7":"product_tag-glaze-dipping-machine","9":"first","10":"instock","11":"shipping-taxable","12":"product-type-simple"},"acf":{"customization_content":"<h2><\/h2>\r\n<div><\/div>","customization_content_source":{"label":"Customization Content","type":"wysiwyg","formatted_value":"<h2><\/h2>\n<div><\/div>\n"},"why_choose_us_content":"<h2 style=\"text-align: center;\">Why Choose Us as Your Glaze Dipping Machine Supplier<\/h2>\r\n\r\n<hr \/>\r\n<p style=\"text-align: center;\">Yutai as a ceramic tableware manufacturer, maintains strict quality standards and excellent service. Revolutionize your manufacturing processes with cutting-edge automation technology that streamlines forming and enhances efficiency.<\/p>","why_choose_us_content_source":{"label":"Why Choose Us Content","type":"wysiwyg","formatted_value":"<h2 style=\"text-align: center;\">Why Choose Us as Your Glaze Dipping Machine Supplier<\/h2>\n<hr \/>\n<p style=\"text-align: center;\">Yutai as a ceramic tableware manufacturer, maintains strict quality standards and excellent service. Revolutionize your manufacturing processes with cutting-edge automation technology that streamlines forming and enhances efficiency.<\/p>\n"}},"_links":{"self":[{"href":"https:\/\/yutaimachinery.com\/es\/wp-json\/wp\/v2\/product\/3751","targetHints":{"allow":["GET"]}}],"collection":[{"href":"https:\/\/yutaimachinery.com\/es\/wp-json\/wp\/v2\/product"}],"about":[{"href":"https:\/\/yutaimachinery.com\/es\/wp-json\/wp\/v2\/types\/product"}],"version-history":[{"count":0,"href":"https:\/\/yutaimachinery.com\/es\/wp-json\/wp\/v2\/product\/3751\/revisions"}],"wp:featuredmedia":[{"embeddable":true,"href":"https:\/\/yutaimachinery.com\/es\/wp-json\/wp\/v2\/media\/3756"}],"wp:attachment":[{"href":"https:\/\/yutaimachinery.com\/es\/wp-json\/wp\/v2\/media?parent=3751"}],"wp:term":[{"taxonomy":"product_brand","embeddable":true,"href":"https:\/\/yutaimachinery.com\/es\/wp-json\/wp\/v2\/product_brand?post=3751"},{"taxonomy":"product_cat","embeddable":true,"href":"https:\/\/yutaimachinery.com\/es\/wp-json\/wp\/v2\/product_cat?post=3751"},{"taxonomy":"product_tag","embeddable":true,"href":"https:\/\/yutaimachinery.com\/es\/wp-json\/wp\/v2\/product_tag?post=3751"}],"curies":[{"name":"wp","href":"https:\/\/api.w.org\/{rel}","templated":true}]}}