{"id":3736,"date":"2024-04-14T10:38:13","date_gmt":"2024-04-14T02:38:13","guid":{"rendered":"https:\/\/yutaimachinery.com\/?post_type=product&#038;p=3736"},"modified":"2025-12-14T14:31:10","modified_gmt":"2025-12-14T06:31:10","slug":"jigger-machine-ceramica-2","status":"publish","type":"product","link":"https:\/\/yutaimachinery.com\/es\/product\/jigger-machine-ceramic\/","title":{"rendered":"M\u00e1quina cer\u00e1mica para medir, laminado semiautom\u00e1tico para la producci\u00f3n de tazas, platos, cuencos y ollas."},"content":{"rendered":"<h2 class=\"wp-block-heading\">Par\u00e1metros de la m\u00e1quina de moldeado cer\u00e1mico<\/h2>\n\n\n\n<figure class=\"wp-block-table\"><table class=\"has-fixed-layout\"><tbody><tr><td><strong>Modelo<\/strong><\/td><td><strong>Tama\u00f1o del soporte del molde<\/strong><\/td><td><strong>Tama\u00f1o m\u00e1ximo de conformado<\/strong><\/td><td><strong>Capacidad<\/strong><\/td><td><strong>Potencia (kw)<\/strong><\/td><td><strong>Dimensiones (xwxh)<\/strong><\/td><td><strong>Peso(KGs)<\/strong><\/td><\/tr><tr><td>S<\/td><td>300 mm<\/td><td>\u22648\u2033 H\u226417cm<\/td><td>360PCS\/H<\/td><td>2,2 kW<\/td><td>150x80x150(h)<\/td><td>400<\/td><\/tr><tr><td>M<\/td><td>393 mm<\/td><td>\u226412\u2033 H\u226422cm<\/td><td>300PCS\/H<\/td><td>3kw<\/td><td>155x87x155(h)<\/td><td>500<\/td><\/tr><tr><td>L<\/td><td>445 mm<\/td><td>\u226413\u2033 H\u226417cm<\/td><td>240PCS\/H<\/td><td>5kw<\/td><td>160x95x160(h)<\/td><td>800<\/td><\/tr><tr><td>XL<\/td><td>485 mm<\/td><td>\u226416\u2033 H\u226417cm<\/td><td>180PCS\/H<\/td><td>5,5 kW<\/td><td>165x100x165(h)<\/td><td>1000<\/td><\/tr><\/tbody><\/table><\/figure>\n\n\n\n<div class=\"wp-block-columns is-layout-flex wp-container-core-columns-is-layout-9d6595d7 wp-block-columns-is-layout-flex\">\n<div class=\"wp-block-column is-layout-flow wp-block-column-is-layout-flow\">\n<figure class=\"wp-block-embed is-type-video is-provider-youtube wp-block-embed-youtube wp-embed-aspect-4-3 wp-has-aspect-ratio\"><div class=\"wp-block-embed__wrapper\">\n<iframe title=\"caladora\" width=\"940\" height=\"705\" src=\"https:\/\/www.youtube.com\/embed\/bsFBigVrgwI?feature=oembed\" frameborder=\"0\" allow=\"accelerometer; autoplay; clipboard-write; encrypted-media; gyroscope; picture-in-picture; web-share\" referrerpolicy=\"strict-origin-when-cross-origin\" allowfullscreen><\/iframe>\n<\/div><\/figure>\n<\/div>\n\n\n\n<div class=\"wp-block-column is-layout-flow wp-block-column-is-layout-flow\">\n<h2 class=\"wp-block-heading\">Caracter\u00edsticas de la m\u00e1quina cer\u00e1mica Jigger<\/h2>\n\n\n\n<p><strong>Funcionamiento semiautom\u00e1tico:<\/strong> La alimentaci\u00f3n manual combinada con el conformado autom\u00e1tico garantiza un conformado preciso a la vez que se mantienen bajos los costes.<\/p>\n\n\n\n<p><strong>Econ\u00f3mico y pr\u00e1ctico: <\/strong>Ideal para f\u00e1bricas de cer\u00e1mica peque\u00f1as y medianas, ya que proporciona un rendimiento estable con una inversi\u00f3n m\u00ednima.<\/p>\n\n\n\n<p><strong>Amplia gama de productos: <\/strong>Adecuado para diversos productos de vajilla y cuberter\u00eda de cer\u00e1mica, incluyendo tazas, platos, cuencos, ollas y jarras.<\/p>\n\n\n\n<p><strong>Calidad constante: <\/strong>Garantiza superficies lisas, espesor uniforme y dimensiones precisas.<\/p>\n\n\n\n<p><strong>F\u00e1cil de manejar:<\/strong> La configuraci\u00f3n sencilla y el funcionamiento intuitivo reducen la curva de aprendizaje para los operadores.<\/p>\n\n\n\n<p><strong>Duradero y fiable: <\/strong>Fabricado con materiales de alta calidad para un funcionamiento duradero y bajos requisitos de mantenimiento. Funcionamiento semiautom\u00e1tico.<\/p>\n<\/div>\n<\/div>","protected":false},"excerpt":{"rendered":"<p>La m\u00e1quina moldeadora de cer\u00e1mica es una m\u00e1quina de moldeo semiautom\u00e1tica dise\u00f1ada para la producci\u00f3n eficiente de tazas, platos, cuencos, jarras y ollas de cer\u00e1mica. La m\u00e1quina cuenta con alimentaci\u00f3n manual de arcilla y moldeo autom\u00e1tico, lo que la convierte en una soluci\u00f3n rentable y pr\u00e1ctica para la fabricaci\u00f3n de cer\u00e1mica a peque\u00f1a y mediana escala. \u00a1Solicite un presupuesto ahora!<\/p>\n<h2>Soluci\u00f3n integral para la m\u00e1quina de moldeado cer\u00e1mico:<\/h2>\n<ol>\n<li><strong>Gu\u00eda de configuraci\u00f3n e instalaci\u00f3n de la m\u00e1quina:<\/strong> Asistencia in situ o remota para garantizar un montaje y una alineaci\u00f3n correctos, as\u00ed como un funcionamiento seguro.<\/li>\n<li><strong>Formaci\u00f3n de operadores:<\/strong> Formaci\u00f3n pr\u00e1ctica sobre alimentaci\u00f3n manual, funcionamiento de la m\u00e1quina, ajustes de conformado y mantenimiento b\u00e1sico.<\/li>\n<li><strong>Gu\u00eda del proceso:<\/strong> Asesoramiento sobre la fabricaci\u00f3n de diferentes productos cer\u00e1micos, como tazas, platos, cuencos, jarras y art\u00edculos decorativos, para garantizar una calidad constante.<\/li>\n<li><strong>Soporte t\u00e9cnico para mantenimiento y resoluci\u00f3n de problemas:<\/strong> Asistencia t\u00e9cnica de respuesta r\u00e1pida para minimizar el tiempo de inactividad y garantizar una producci\u00f3n fluida.<\/li>\n<li><strong>Consulta sobre personalizaci\u00f3n:<\/strong> Orientaci\u00f3n sobre la adaptaci\u00f3n de moldes, ajustes de m\u00e1quinas o modificaciones menores para adaptarse a sus tipos de productos y tama\u00f1os de lotes espec\u00edficos.<\/li>\n<li><strong>Suministro de repuestos:<\/strong> Disponibilidad fiable de repuestos de alta calidad para un funcionamiento a largo plazo.<\/li>\n<li><strong>Optimizaci\u00f3n de la eficiencia de la producci\u00f3n:<\/strong> Consejos y soluciones para mejorar la velocidad de conformado, reducir defectos y mantener un espesor y un acabado superficial uniformes.<\/li>\n<\/ol>","protected":false},"featured_media":3745,"template":"","meta":{"_acf_changed":false},"product_brand":[],"product_cat":[55],"product_tag":[77],"class_list":{"0":"post-3736","1":"product","2":"type-product","3":"status-publish","4":"has-post-thumbnail","6":"product_cat-ceramic-forming-machine","7":"product_tag-jigger-machine","9":"first","10":"instock","11":"shipping-taxable","12":"product-type-simple"},"acf":{"customization_content":"<h2><\/h2>\r\n<div><\/div>","customization_content_source":{"label":"Customization Content","type":"wysiwyg","formatted_value":"<h2><\/h2>\n<div><\/div>\n"},"why_choose_us_content":"<h2 style=\"text-align: center;\">Why Choose Us as Your Jigger Machine Ceramic Supplier<\/h2>\r\n\r\n<hr \/>\r\n<p style=\"text-align: center;\">Yutai as a ceramic tableware manufacturer, maintains strict quality standards and excellent service. Revolutionize your manufacturing processes with cutting-edge automation technology that streamlines forming and enhances efficiency.<\/p>","why_choose_us_content_source":{"label":"Why Choose Us Content","type":"wysiwyg","formatted_value":"<h2 style=\"text-align: center;\">Why Choose Us as Your Jigger Machine Ceramic Supplier<\/h2>\n<hr \/>\n<p style=\"text-align: center;\">Yutai as a ceramic tableware manufacturer, maintains strict quality standards and excellent service. Revolutionize your manufacturing processes with cutting-edge automation technology that streamlines forming and enhances efficiency.<\/p>\n"}},"_links":{"self":[{"href":"https:\/\/yutaimachinery.com\/es\/wp-json\/wp\/v2\/product\/3736","targetHints":{"allow":["GET"]}}],"collection":[{"href":"https:\/\/yutaimachinery.com\/es\/wp-json\/wp\/v2\/product"}],"about":[{"href":"https:\/\/yutaimachinery.com\/es\/wp-json\/wp\/v2\/types\/product"}],"version-history":[{"count":0,"href":"https:\/\/yutaimachinery.com\/es\/wp-json\/wp\/v2\/product\/3736\/revisions"}],"wp:featuredmedia":[{"embeddable":true,"href":"https:\/\/yutaimachinery.com\/es\/wp-json\/wp\/v2\/media\/3745"}],"wp:attachment":[{"href":"https:\/\/yutaimachinery.com\/es\/wp-json\/wp\/v2\/media?parent=3736"}],"wp:term":[{"taxonomy":"product_brand","embeddable":true,"href":"https:\/\/yutaimachinery.com\/es\/wp-json\/wp\/v2\/product_brand?post=3736"},{"taxonomy":"product_cat","embeddable":true,"href":"https:\/\/yutaimachinery.com\/es\/wp-json\/wp\/v2\/product_cat?post=3736"},{"taxonomy":"product_tag","embeddable":true,"href":"https:\/\/yutaimachinery.com\/es\/wp-json\/wp\/v2\/product_tag?post=3736"}],"curies":[{"name":"wp","href":"https:\/\/api.w.org\/{rel}","templated":true}]}}