{"id":3722,"date":"2024-04-13T19:14:22","date_gmt":"2024-04-13T11:14:22","guid":{"rendered":"https:\/\/yutaimachinery.com\/?post_type=product&#038;p=3722"},"modified":"2025-10-22T16:07:32","modified_gmt":"2025-10-22T08:07:32","slug":"maquina-de-esmaltado","status":"publish","type":"product","link":"https:\/\/yutaimachinery.com\/es\/product\/glazing-machine\/","title":{"rendered":"M\u00e1quina autom\u00e1tica de esmaltado de cer\u00e1mica de 12 estaciones para la inmersi\u00f3n de esmalte de platos cuencos"},"content":{"rendered":"<div class=\"wp-block-columns is-layout-flex wp-container-core-columns-is-layout-9d6595d7 wp-block-columns-is-layout-flex\">\n<div class=\"wp-block-column is-layout-flow wp-block-column-is-layout-flow\">\n<figure class=\"wp-block-embed is-type-video is-provider-youtube wp-block-embed-youtube wp-embed-aspect-16-9 wp-has-aspect-ratio\"><div class=\"wp-block-embed__wrapper\">\n<iframe title=\"cer\u00e1mica\/porcelana tazas tazones platillos esmalte m\u00e1quina de inmersi\u00f3n\" width=\"940\" height=\"529\" src=\"https:\/\/www.youtube.com\/embed\/2WBb_F7nhmk?feature=oembed\" frameborder=\"0\" allow=\"accelerometer; autoplay; clipboard-write; encrypted-media; gyroscope; picture-in-picture; web-share\" referrerpolicy=\"strict-origin-when-cross-origin\" allowfullscreen><\/iframe>\n<\/div><\/figure>\n<\/div>\n\n\n\n<div class=\"wp-block-column is-layout-flow wp-block-column-is-layout-flow\">\n<h2 class=\"wp-block-heading\">Par\u00e1metros de la acristaladora autom\u00e1tica<\/h2>\n\n\n\n<figure class=\"wp-block-table\"><table><tbody><tr><td><strong>Modelo<\/strong><\/td><td>150<\/td><\/tr><tr><td><strong>Tama\u00f1o m\u00e1ximo de conformado<\/strong><\/td><td>6\u2033 y tazas<\/td><\/tr><tr><td><strong>Capacidad<\/strong><\/td><td>36 piezas\/m<\/td><\/tr><tr><td><strong>Potencia (kw)<\/strong><\/td><td>2kw\/380v<\/td><\/tr><tr><td><strong>Dimensiones (lxwxh)<\/strong><\/td><td>2\u00d74,2\u00d71,4m(h)<\/td><\/tr><tr><td><strong>Peso (kg)<\/strong><\/td><td>400<\/td><\/tr><tr><td><strong>Estaci\u00f3n de trabajo<\/strong><\/td><td>12<\/td><\/tr><\/tbody><\/table><\/figure>\n\n\n\n<h2 class=\"wp-block-heading\"><strong>M\u00e1quina autom\u00e1tica de esmaltado de cer\u00e1mica<\/strong> <strong>Caracter\u00edsticas<\/strong><\/h2>\n\n\n\n<p>La m\u00e1quina de esmaltado puede rotar y sumergir autom\u00e1ticamente los productos cer\u00e1micos, recubriendo uniformemente todo el producto por dentro y por fuera, adecuado para peque\u00f1os cuencos, tazas y platos peque\u00f1os. La producci\u00f3n eficiente tambi\u00e9n puede reducir el consumo de energ\u00eda.<\/p>\n<\/div>\n<\/div>\n\n\n\n<div class=\"wp-block-columns is-layout-flex wp-container-core-columns-is-layout-9d6595d7 wp-block-columns-is-layout-flex\">\n<div class=\"wp-block-column is-layout-flow wp-block-column-is-layout-flow\">\n<figure class=\"wp-block-image size-full\"><img fetchpriority=\"high\" decoding=\"async\" width=\"640\" height=\"640\" src=\"https:\/\/yutaimachinery.com\/wp-content\/uploads\/2024\/04\/ceramic-glazing-machine-for-Ceramic-Plates-Bowls-Glaze-Dipping-5.webp\" alt=\"m\u00e1quina de esmaltado de cer\u00e1mica para platos de cer\u00e1mica cuencos esmalte de inmersi\u00f3n\" class=\"wp-image-5969\" title=\"\" srcset=\"https:\/\/yutaimachinery.com\/wp-content\/uploads\/2024\/04\/ceramic-glazing-machine-for-Ceramic-Plates-Bowls-Glaze-Dipping-5.webp 640w, https:\/\/yutaimachinery.com\/wp-content\/uploads\/2024\/04\/ceramic-glazing-machine-for-Ceramic-Plates-Bowls-Glaze-Dipping-5-300x300.webp 300w, https:\/\/yutaimachinery.com\/wp-content\/uploads\/2024\/04\/ceramic-glazing-machine-for-Ceramic-Plates-Bowls-Glaze-Dipping-5-150x150.webp 150w, https:\/\/yutaimachinery.com\/wp-content\/uploads\/2024\/04\/ceramic-glazing-machine-for-Ceramic-Plates-Bowls-Glaze-Dipping-5-12x12.webp 12w, https:\/\/yutaimachinery.com\/wp-content\/uploads\/2024\/04\/ceramic-glazing-machine-for-Ceramic-Plates-Bowls-Glaze-Dipping-5-285x285.webp 285w, https:\/\/yutaimachinery.com\/wp-content\/uploads\/2024\/04\/ceramic-glazing-machine-for-Ceramic-Plates-Bowls-Glaze-Dipping-5-270x270.webp 270w, https:\/\/yutaimachinery.com\/wp-content\/uploads\/2024\/04\/ceramic-glazing-machine-for-Ceramic-Plates-Bowls-Glaze-Dipping-5-540x540.webp 540w\" sizes=\"(max-width: 640px) 100vw, 640px\" \/><\/figure>\n<\/div>\n\n\n\n<div class=\"wp-block-column is-layout-flow wp-block-column-is-layout-flow\">\n<figure class=\"wp-block-image size-full\"><img decoding=\"async\" width=\"640\" height=\"640\" src=\"https:\/\/yutaimachinery.com\/wp-content\/uploads\/2024\/04\/ceramic-glazing-machine-for-Ceramic-Plates-Bowls-Glaze-Dipping-4.webp\" alt=\"m\u00e1quina de esmaltado de cer\u00e1mica para platos de cer\u00e1mica cuencos esmalte de inmersi\u00f3n\" class=\"wp-image-5968\" title=\"\" srcset=\"https:\/\/yutaimachinery.com\/wp-content\/uploads\/2024\/04\/ceramic-glazing-machine-for-Ceramic-Plates-Bowls-Glaze-Dipping-4.webp 640w, https:\/\/yutaimachinery.com\/wp-content\/uploads\/2024\/04\/ceramic-glazing-machine-for-Ceramic-Plates-Bowls-Glaze-Dipping-4-300x300.webp 300w, https:\/\/yutaimachinery.com\/wp-content\/uploads\/2024\/04\/ceramic-glazing-machine-for-Ceramic-Plates-Bowls-Glaze-Dipping-4-150x150.webp 150w, https:\/\/yutaimachinery.com\/wp-content\/uploads\/2024\/04\/ceramic-glazing-machine-for-Ceramic-Plates-Bowls-Glaze-Dipping-4-12x12.webp 12w, https:\/\/yutaimachinery.com\/wp-content\/uploads\/2024\/04\/ceramic-glazing-machine-for-Ceramic-Plates-Bowls-Glaze-Dipping-4-285x285.webp 285w, https:\/\/yutaimachinery.com\/wp-content\/uploads\/2024\/04\/ceramic-glazing-machine-for-Ceramic-Plates-Bowls-Glaze-Dipping-4-270x270.webp 270w, https:\/\/yutaimachinery.com\/wp-content\/uploads\/2024\/04\/ceramic-glazing-machine-for-Ceramic-Plates-Bowls-Glaze-Dipping-4-540x540.webp 540w\" sizes=\"(max-width: 640px) 100vw, 640px\" \/><\/figure>\n<\/div>\n<\/div>\n\n\n\n<div class=\"wp-block-columns is-layout-flex wp-container-core-columns-is-layout-9d6595d7 wp-block-columns-is-layout-flex\">\n<div class=\"wp-block-column is-layout-flow wp-block-column-is-layout-flow\">\n<figure class=\"wp-block-image size-full\"><img decoding=\"async\" width=\"640\" height=\"640\" src=\"https:\/\/yutaimachinery.com\/wp-content\/uploads\/2024\/04\/ceramic-glazing-machine-for-Ceramic-Plates-Bowls-Glaze-Dipping-2.webp\" alt=\"m\u00e1quina de esmaltado de cer\u00e1mica para platos de cer\u00e1mica cuencos esmalte de inmersi\u00f3n\" class=\"wp-image-5966\" title=\"\" srcset=\"https:\/\/yutaimachinery.com\/wp-content\/uploads\/2024\/04\/ceramic-glazing-machine-for-Ceramic-Plates-Bowls-Glaze-Dipping-2.webp 640w, https:\/\/yutaimachinery.com\/wp-content\/uploads\/2024\/04\/ceramic-glazing-machine-for-Ceramic-Plates-Bowls-Glaze-Dipping-2-300x300.webp 300w, https:\/\/yutaimachinery.com\/wp-content\/uploads\/2024\/04\/ceramic-glazing-machine-for-Ceramic-Plates-Bowls-Glaze-Dipping-2-150x150.webp 150w, https:\/\/yutaimachinery.com\/wp-content\/uploads\/2024\/04\/ceramic-glazing-machine-for-Ceramic-Plates-Bowls-Glaze-Dipping-2-12x12.webp 12w, https:\/\/yutaimachinery.com\/wp-content\/uploads\/2024\/04\/ceramic-glazing-machine-for-Ceramic-Plates-Bowls-Glaze-Dipping-2-285x285.webp 285w, https:\/\/yutaimachinery.com\/wp-content\/uploads\/2024\/04\/ceramic-glazing-machine-for-Ceramic-Plates-Bowls-Glaze-Dipping-2-270x270.webp 270w, https:\/\/yutaimachinery.com\/wp-content\/uploads\/2024\/04\/ceramic-glazing-machine-for-Ceramic-Plates-Bowls-Glaze-Dipping-2-540x540.webp 540w\" sizes=\"(max-width: 640px) 100vw, 640px\" \/><\/figure>\n<\/div>\n\n\n\n<div class=\"wp-block-column is-layout-flow wp-block-column-is-layout-flow\">\n<figure class=\"wp-block-image size-full\"><img loading=\"lazy\" decoding=\"async\" width=\"640\" height=\"640\" src=\"https:\/\/yutaimachinery.com\/wp-content\/uploads\/2024\/04\/ceramic-glazing-machine-for-Ceramic-Plates-Bowls-Glaze-Dipping-1.webp\" alt=\"m\u00e1quina de esmaltado de cer\u00e1mica para platos de cer\u00e1mica cuencos esmalte de inmersi\u00f3n\" class=\"wp-image-5965\" title=\"\" srcset=\"https:\/\/yutaimachinery.com\/wp-content\/uploads\/2024\/04\/ceramic-glazing-machine-for-Ceramic-Plates-Bowls-Glaze-Dipping-1.webp 640w, https:\/\/yutaimachinery.com\/wp-content\/uploads\/2024\/04\/ceramic-glazing-machine-for-Ceramic-Plates-Bowls-Glaze-Dipping-1-300x300.webp 300w, https:\/\/yutaimachinery.com\/wp-content\/uploads\/2024\/04\/ceramic-glazing-machine-for-Ceramic-Plates-Bowls-Glaze-Dipping-1-150x150.webp 150w, https:\/\/yutaimachinery.com\/wp-content\/uploads\/2024\/04\/ceramic-glazing-machine-for-Ceramic-Plates-Bowls-Glaze-Dipping-1-12x12.webp 12w, https:\/\/yutaimachinery.com\/wp-content\/uploads\/2024\/04\/ceramic-glazing-machine-for-Ceramic-Plates-Bowls-Glaze-Dipping-1-285x285.webp 285w, https:\/\/yutaimachinery.com\/wp-content\/uploads\/2024\/04\/ceramic-glazing-machine-for-Ceramic-Plates-Bowls-Glaze-Dipping-1-270x270.webp 270w, https:\/\/yutaimachinery.com\/wp-content\/uploads\/2024\/04\/ceramic-glazing-machine-for-Ceramic-Plates-Bowls-Glaze-Dipping-1-540x540.webp 540w\" sizes=\"(max-width: 640px) 100vw, 640px\" \/><\/figure>\n<\/div>\n<\/div>","protected":false},"excerpt":{"rendered":"<p>Precio de f\u00e1brica m\u00e1quina de esmaltado autom\u00e1tico para peque\u00f1os cuencos, tazas, platos peque\u00f1os todo el producto dentro y fuera de esmaltado. Operaci\u00f3n simple, ahorrando costes laborales.<\/p>\n<h2>Soluci\u00f3n integral para acristaladoras autom\u00e1ticas:<\/h2>\n<ol>\n<li>\n<p>Asistencia para la instalaci\u00f3n: Puedo ofrecer orientaci\u00f3n y ayuda para instalar el filtro magn\u00e9tico, asegur\u00e1ndome de que se configura correctamente y funciona de forma \u00f3ptima.<\/p>\n<\/li>\n<li>Piezas de repuesto: Ofrezco una gama de piezas de repuesto para el filtro magn\u00e9tico, garantizando sustituciones r\u00e1pidas y sencillas siempre que sea necesario para minimizar el tiempo de inactividad.<\/li>\n<li>Asistencia posventa: Me comprometo a proporcionar apoyo y asistencia continuos para garantizar su satisfacci\u00f3n con el filtro magn\u00e9tico y su uso sin problemas en su l\u00ednea de producci\u00f3n.<\/li>\n<\/ol>","protected":false},"featured_media":3724,"template":"","meta":{"_acf_changed":false},"product_brand":[],"product_cat":[57],"product_tag":[],"class_list":{"0":"post-3722","1":"product","2":"type-product","3":"status-publish","4":"has-post-thumbnail","6":"product_cat-ceramic-glazing-machine","8":"first","9":"instock","10":"shipping-taxable","11":"product-type-simple"},"acf":{"customization_content":"<h2><\/h2>\r\n<div><\/div>","customization_content_source":{"label":"Customization Content","type":"wysiwyg","formatted_value":"<h2><\/h2>\n<div><\/div>\n"},"why_choose_us_content":"<h2 style=\"text-align: center;\">Why Choose Us as Your Automatic Glazing Machine Supplier<\/h2>\r\n\r\n<hr \/>\r\n<p style=\"text-align: center;\">Yutai as a ceramic tableware manufacturer, maintains strict quality standards and excellent service. Revolutionize your manufacturing processes with cutting-edge automation technology that streamlines forming and enhances efficiency.<\/p>","why_choose_us_content_source":{"label":"Why Choose Us Content","type":"wysiwyg","formatted_value":"<h2 style=\"text-align: center;\">Why Choose Us as Your Automatic Glazing Machine Supplier<\/h2>\n<hr \/>\n<p style=\"text-align: center;\">Yutai as a ceramic tableware manufacturer, maintains strict quality standards and excellent service. Revolutionize your manufacturing processes with cutting-edge automation technology that streamlines forming and enhances efficiency.<\/p>\n"}},"_links":{"self":[{"href":"https:\/\/yutaimachinery.com\/es\/wp-json\/wp\/v2\/product\/3722","targetHints":{"allow":["GET"]}}],"collection":[{"href":"https:\/\/yutaimachinery.com\/es\/wp-json\/wp\/v2\/product"}],"about":[{"href":"https:\/\/yutaimachinery.com\/es\/wp-json\/wp\/v2\/types\/product"}],"version-history":[{"count":0,"href":"https:\/\/yutaimachinery.com\/es\/wp-json\/wp\/v2\/product\/3722\/revisions"}],"wp:featuredmedia":[{"embeddable":true,"href":"https:\/\/yutaimachinery.com\/es\/wp-json\/wp\/v2\/media\/3724"}],"wp:attachment":[{"href":"https:\/\/yutaimachinery.com\/es\/wp-json\/wp\/v2\/media?parent=3722"}],"wp:term":[{"taxonomy":"product_brand","embeddable":true,"href":"https:\/\/yutaimachinery.com\/es\/wp-json\/wp\/v2\/product_brand?post=3722"},{"taxonomy":"product_cat","embeddable":true,"href":"https:\/\/yutaimachinery.com\/es\/wp-json\/wp\/v2\/product_cat?post=3722"},{"taxonomy":"product_tag","embeddable":true,"href":"https:\/\/yutaimachinery.com\/es\/wp-json\/wp\/v2\/product_tag?post=3722"}],"curies":[{"name":"wp","href":"https:\/\/api.w.org\/{rel}","templated":true}]}}