{"id":3708,"date":"2024-04-13T18:18:39","date_gmt":"2024-04-13T10:18:39","guid":{"rendered":"https:\/\/yutaimachinery.com\/?post_type=product&#038;p=3708"},"modified":"2025-12-14T14:52:44","modified_gmt":"2025-12-14T06:52:44","slug":"jigger-de-ceramica","status":"publish","type":"product","link":"https:\/\/yutaimachinery.com\/es\/product\/ceramic-jigger-machine\/","title":{"rendered":"L\u00ednea de formaci\u00f3n de la m\u00e1quina de jigger de cer\u00e1mica autom\u00e1tica de alta eficiencia"},"content":{"rendered":"<div class=\"wp-block-columns is-layout-flex wp-container-core-columns-is-layout-9d6595d7 wp-block-columns-is-layout-flex\">\n<div class=\"wp-block-column is-layout-flow wp-block-column-is-layout-flow\">\n<figure class=\"wp-block-embed is-type-video is-provider-youtube wp-block-embed-youtube wp-embed-aspect-16-9 wp-has-aspect-ratio\"><div class=\"wp-block-embed__wrapper\">\n<iframe title=\"l\u00ednea de producci\u00f3n autom\u00e1tica de jiggering\" width=\"940\" height=\"529\" src=\"https:\/\/www.youtube.com\/embed\/ipxOHWeIOcY?feature=oembed\" frameborder=\"0\" allow=\"accelerometer; autoplay; clipboard-write; encrypted-media; gyroscope; picture-in-picture; web-share\" referrerpolicy=\"strict-origin-when-cross-origin\" allowfullscreen><\/iframe>\n<\/div><\/figure>\n<\/div>\n\n\n\n<div class=\"wp-block-column is-layout-flow wp-block-column-is-layout-flow\">\n<h2 class=\"wp-block-heading\"><strong>Caracter\u00edsticas de la Ceramic Jigger Machin<\/strong><\/h2>\n\n\n\n<p>La m\u00e1quina de moldeado de cer\u00e1mica es adecuada para producir tazas, platos y fuentes de cer\u00e1mica, realizando un moldeado automatizado y mejorando la eficiencia de la producci\u00f3n. El preciso programa de control de la m\u00e1quina es f\u00e1cil de manejar y garantiza un moldeado uniforme y consistente de los productos cer\u00e1micos, minimizando las variaciones de tama\u00f1o y forma.<\/p>\n<\/div>\n<\/div>\n\n\n\n<div class=\"wp-block-columns is-layout-flex wp-container-core-columns-is-layout-9d6595d7 wp-block-columns-is-layout-flex\">\n<div class=\"wp-block-column is-layout-flow wp-block-column-is-layout-flow\">\n<figure class=\"wp-block-image size-full\"><img fetchpriority=\"high\" decoding=\"async\" width=\"3024\" height=\"3024\" src=\"https:\/\/yutaimachinery.com\/wp-content\/uploads\/2024\/04\/ceramic-jigger-machine7.webp\" alt=\"jigger de cer\u00e1mica\" class=\"wp-image-3709\" title=\"\" srcset=\"https:\/\/yutaimachinery.com\/wp-content\/uploads\/2024\/04\/ceramic-jigger-machine7.webp 3024w, https:\/\/yutaimachinery.com\/wp-content\/uploads\/2024\/04\/ceramic-jigger-machine7-300x300.webp 300w, https:\/\/yutaimachinery.com\/wp-content\/uploads\/2024\/04\/ceramic-jigger-machine7-150x150.webp 150w, https:\/\/yutaimachinery.com\/wp-content\/uploads\/2024\/04\/ceramic-jigger-machine7-768x768.webp 768w, https:\/\/yutaimachinery.com\/wp-content\/uploads\/2024\/04\/ceramic-jigger-machine7-285x285.webp 285w, https:\/\/yutaimachinery.com\/wp-content\/uploads\/2024\/04\/ceramic-jigger-machine7-1600x1600.webp 1600w, https:\/\/yutaimachinery.com\/wp-content\/uploads\/2024\/04\/ceramic-jigger-machine7-270x270.webp 270w, https:\/\/yutaimachinery.com\/wp-content\/uploads\/2024\/04\/ceramic-jigger-machine7-540x540.webp 540w, https:\/\/yutaimachinery.com\/wp-content\/uploads\/2024\/04\/ceramic-jigger-machine7-660x660.webp 660w\" sizes=\"(max-width: 3024px) 100vw, 3024px\" \/><\/figure>\n<\/div>\n\n\n\n<div class=\"wp-block-column is-layout-flow wp-block-column-is-layout-flow\">\n<figure class=\"wp-block-image size-full\"><img decoding=\"async\" width=\"846\" height=\"846\" src=\"https:\/\/yutaimachinery.com\/wp-content\/uploads\/2024\/04\/ceramic-jigge3r-machine.webp\" alt=\"jigger de cer\u00e1mica\" class=\"wp-image-3711\" title=\"\" srcset=\"https:\/\/yutaimachinery.com\/wp-content\/uploads\/2024\/04\/ceramic-jigge3r-machine.webp 846w, https:\/\/yutaimachinery.com\/wp-content\/uploads\/2024\/04\/ceramic-jigge3r-machine-300x300.webp 300w, https:\/\/yutaimachinery.com\/wp-content\/uploads\/2024\/04\/ceramic-jigge3r-machine-150x150.webp 150w, https:\/\/yutaimachinery.com\/wp-content\/uploads\/2024\/04\/ceramic-jigge3r-machine-768x768.webp 768w, https:\/\/yutaimachinery.com\/wp-content\/uploads\/2024\/04\/ceramic-jigge3r-machine-285x285.webp 285w, https:\/\/yutaimachinery.com\/wp-content\/uploads\/2024\/04\/ceramic-jigge3r-machine-270x270.webp 270w, https:\/\/yutaimachinery.com\/wp-content\/uploads\/2024\/04\/ceramic-jigge3r-machine-540x540.webp 540w, https:\/\/yutaimachinery.com\/wp-content\/uploads\/2024\/04\/ceramic-jigge3r-machine-660x660.webp 660w\" sizes=\"(max-width: 846px) 100vw, 846px\" \/><\/figure>\n<\/div>\n\n\n\n<div class=\"wp-block-column is-layout-flow wp-block-column-is-layout-flow\">\n<figure class=\"wp-block-image size-full\"><img decoding=\"async\" width=\"3024\" height=\"3024\" src=\"https:\/\/yutaimachinery.com\/wp-content\/uploads\/2024\/04\/ceramic-jigger-machine4.webp\" alt=\"\" class=\"wp-image-3715\" title=\"\" srcset=\"https:\/\/yutaimachinery.com\/wp-content\/uploads\/2024\/04\/ceramic-jigger-machine4.webp 3024w, https:\/\/yutaimachinery.com\/wp-content\/uploads\/2024\/04\/ceramic-jigger-machine4-300x300.webp 300w, https:\/\/yutaimachinery.com\/wp-content\/uploads\/2024\/04\/ceramic-jigger-machine4-150x150.webp 150w, https:\/\/yutaimachinery.com\/wp-content\/uploads\/2024\/04\/ceramic-jigger-machine4-768x768.webp 768w, https:\/\/yutaimachinery.com\/wp-content\/uploads\/2024\/04\/ceramic-jigger-machine4-285x285.webp 285w, https:\/\/yutaimachinery.com\/wp-content\/uploads\/2024\/04\/ceramic-jigger-machine4-1600x1600.webp 1600w, https:\/\/yutaimachinery.com\/wp-content\/uploads\/2024\/04\/ceramic-jigger-machine4-270x270.webp 270w, https:\/\/yutaimachinery.com\/wp-content\/uploads\/2024\/04\/ceramic-jigger-machine4-540x540.webp 540w, https:\/\/yutaimachinery.com\/wp-content\/uploads\/2024\/04\/ceramic-jigger-machine4-660x660.webp 660w\" sizes=\"(max-width: 3024px) 100vw, 3024px\" \/><\/figure>\n<\/div>\n<\/div>","protected":false},"excerpt":{"rendered":"<p>Como fabricante de maquinaria de cer\u00e1mica, Yutai ofrece una gama completa de maquinaria de vajilla de cer\u00e1mica, incluyendo m\u00e1quinas autom\u00e1ticas de vajilla de cer\u00e1mica, adecuadas para la fabricaci\u00f3n de platos de cer\u00e1mica, platos, y la formaci\u00f3n de cer\u00e1mica totalmente autom\u00e1tica.<\/p>\n<h2>Soluci\u00f3n \u00fanica para la m\u00e1quina de jigger de cer\u00e1mica:<\/h2>\n<ol>\n<li>\n<p>Dise\u00f1o de la disposici\u00f3n: De acuerdo con el espacio de la f\u00e1brica y el plan de producci\u00f3n, proporcionamos un dise\u00f1o profesional de la disposici\u00f3n de la maquinaria cer\u00e1mica.<\/p>\n<\/li>\n<li>\n<p>Asistencia para la instalaci\u00f3n: Proporcionar instalaci\u00f3n y configuraci\u00f3n in situ para la instalaci\u00f3n de la m\u00e1quina de jigger de cer\u00e1mica para garantizar su funcionamiento normal.<\/p>\n<\/li>\n<li>\n<p>Piezas de recambio: Suministro de una gama de piezas de repuesto originales.<\/p>\n<\/li>\n<li>\n<p>Asistencia postventa: 24 horas de ayuda en l\u00ednea para asegurarse de que est\u00e1 satisfecho con la plantilla de cer\u00e1mica y que se utiliza sin problemas en su l\u00ednea de producci\u00f3n.<\/p>\n<\/li>\n<\/ol>","protected":false},"featured_media":3709,"template":"","meta":{"_acf_changed":false},"product_brand":[],"product_cat":[55],"product_tag":[77],"class_list":{"0":"post-3708","1":"product","2":"type-product","3":"status-publish","4":"has-post-thumbnail","6":"product_cat-ceramic-forming-machine","7":"product_tag-jigger-machine","9":"first","10":"instock","11":"shipping-taxable","12":"product-type-simple"},"acf":{"customization_content":"<h2><\/h2>\r\n<div><\/div>","customization_content_source":{"label":"Customization Content","type":"wysiwyg","formatted_value":"<h2><\/h2>\n<div><\/div>\n"},"why_choose_us_content":"<h2 style=\"text-align: center;\">Why Choose Us as Your Ceramic Jigger Machine\u00a0Supplier<\/h2>\r\n\r\n<hr \/>\r\n<p style=\"text-align: center;\">Yutai as a ceramic tableware manufacturer, maintains strict quality standards and excellent service. Revolutionize your manufacturing processes with cutting-edge automation technology that streamlines forming and enhances efficiency.<\/p>","why_choose_us_content_source":{"label":"Why Choose Us Content","type":"wysiwyg","formatted_value":"<h2 style=\"text-align: center;\">Why Choose Us as Your Ceramic Jigger Machine\u00a0Supplier<\/h2>\n<hr \/>\n<p style=\"text-align: center;\">Yutai as a ceramic tableware manufacturer, maintains strict quality standards and excellent service. Revolutionize your manufacturing processes with cutting-edge automation technology that streamlines forming and enhances efficiency.<\/p>\n"}},"_links":{"self":[{"href":"https:\/\/yutaimachinery.com\/es\/wp-json\/wp\/v2\/product\/3708","targetHints":{"allow":["GET"]}}],"collection":[{"href":"https:\/\/yutaimachinery.com\/es\/wp-json\/wp\/v2\/product"}],"about":[{"href":"https:\/\/yutaimachinery.com\/es\/wp-json\/wp\/v2\/types\/product"}],"version-history":[{"count":0,"href":"https:\/\/yutaimachinery.com\/es\/wp-json\/wp\/v2\/product\/3708\/revisions"}],"wp:featuredmedia":[{"embeddable":true,"href":"https:\/\/yutaimachinery.com\/es\/wp-json\/wp\/v2\/media\/3709"}],"wp:attachment":[{"href":"https:\/\/yutaimachinery.com\/es\/wp-json\/wp\/v2\/media?parent=3708"}],"wp:term":[{"taxonomy":"product_brand","embeddable":true,"href":"https:\/\/yutaimachinery.com\/es\/wp-json\/wp\/v2\/product_brand?post=3708"},{"taxonomy":"product_cat","embeddable":true,"href":"https:\/\/yutaimachinery.com\/es\/wp-json\/wp\/v2\/product_cat?post=3708"},{"taxonomy":"product_tag","embeddable":true,"href":"https:\/\/yutaimachinery.com\/es\/wp-json\/wp\/v2\/product_tag?post=3708"}],"curies":[{"name":"wp","href":"https:\/\/api.w.org\/{rel}","templated":true}]}}