{"id":3694,"date":"2024-04-13T00:33:53","date_gmt":"2024-04-12T16:33:53","guid":{"rendered":"https:\/\/yutaimachinery.com\/?post_type=product&#038;p=3694"},"modified":"2024-04-14T14:30:42","modified_gmt":"2024-04-14T06:30:42","slug":"filtro-magnetico-2","status":"publish","type":"product","link":"https:\/\/yutaimachinery.com\/es\/product\/magnetic-filter\/","title":{"rendered":"Filtro magn\u00e9tico electromagn\u00e9tico h\u00famedo autom\u00e1tico para eliminar el hierro de la cer\u00e1mica"},"content":{"rendered":"<div class=\"wp-block-columns is-layout-flex wp-container-core-columns-is-layout-9d6595d7 wp-block-columns-is-layout-flex\">\n<div class=\"wp-block-column is-layout-flow wp-block-column-is-layout-flow\">\n<figure class=\"wp-block-image size-full is-resized\"><img decoding=\"async\" width=\"190\" height=\"190\" src=\"https:\/\/yutaimachinery.com\/wp-content\/uploads\/2024\/04\/Automatic-Magnetic-Filter.webp\" alt=\"\" class=\"wp-image-3695\" style=\"width:387px;height:auto\" title=\"\" srcset=\"https:\/\/yutaimachinery.com\/wp-content\/uploads\/2024\/04\/Automatic-Magnetic-Filter.webp 190w, https:\/\/yutaimachinery.com\/wp-content\/uploads\/2024\/04\/Automatic-Magnetic-Filter-150x150.webp 150w\" sizes=\"(max-width: 190px) 100vw, 190px\" \/><\/figure>\n<\/div>\n\n\n\n<div class=\"wp-block-column is-layout-flow wp-block-column-is-layout-flow\">\n<h2 class=\"wp-block-heading\"><strong>Caracter\u00edsticas del filtro magn\u00e9tico<\/strong><\/h2>\n\n\n\n<p>El filtro magn\u00e9tico electromagn\u00e9tico h\u00famedo autom\u00e1tico es un nuevo tipo de equipo autom\u00e1tico de eliminaci\u00f3n de hierro, adecuado para minerales no met\u00e1licos: feldespato, cuarzo, mica, caol\u00edn y otros minerales para eliminar las impurezas de hierro para mejorar la calidad, ampliamente utilizado en cer\u00e1mica, qu\u00edmica, miner\u00eda y otras industrias. Programa de control de precisi\u00f3n totalmente autom\u00e1tico, proceso avanzado de refrigeraci\u00f3n por aceite y proceso de manipulaci\u00f3n de bobinas. F\u00e1cil de limpiar y mantener con una sola llave, excelente rendimiento y alta intensidad de campo magn\u00e9tico.<\/p>\n<\/div>\n<\/div>\n\n\n\n<h2 class=\"wp-block-heading\"><strong>Par\u00e1metros del filtro magn\u00e9tico<\/strong><\/h2>\n\n\n\n<figure class=\"wp-block-table\"><table><tbody><tr><td>Modelo<\/td><td>Di\u00e1metro de la cavidad magn\u00e9tica<\/td><td>Corriente de trabajo<\/td><td>Densidad de flujo<\/td><td>Capacidad<\/td><td>Peso (kg)<\/td><\/tr><tr><td>250<\/td><td>250 mm<\/td><td>30A<\/td><td>3T<\/td><td>7-15t\/h<\/td><td>1800<\/td><\/tr><tr><td>350<\/td><td>350 mm<\/td><td>60A<\/td><td>3T<\/td><td>18-30 t\/h<\/td><td>2500<\/td><\/tr><tr><td>500<\/td><td>500 mm<\/td><td>80A<\/td><td>3T<\/td><td>25-60t\/h<\/td><td>3500<\/td><\/tr><tr><td>700<\/td><td>700 mm<\/td><td>90A<\/td><td>3T<\/td><td>60-100t\/h<\/td><td>8000<\/td><\/tr><tr><td>1000<\/td><td>1000 mm<\/td><td>180A<\/td><td>3T<\/td><td>70-150t\/h<\/td><td>14000<\/td><\/tr><\/tbody><\/table><\/figure>","protected":false},"excerpt":{"rendered":"<p>Yutai Factory Direct proporciona soporte t\u00e9cnico. El nuevo filtro magn\u00e9tico electromagn\u00e9tico h\u00famedo autom\u00e1tico tiene un proceso avanzado de enfriamiento de aceite, bajo consumo de energ\u00eda y un efecto obvio de eliminaci\u00f3n de hierro.<\/p>\n<h2>Soluci\u00f3n integral para filtro magn\u00e9tico:<\/h2>\n<ol>\n<li>\n<p>Asistencia para la instalaci\u00f3n: Proporcionar orientaci\u00f3n y apoyo para la instalaci\u00f3n de filtros magn\u00e9ticos con el fin de garantizar que se configuran correctamente y realizan funciones \u00f3ptimas.<\/p>\n<\/li>\n<li>\n<p>Piezas de repuesto: Hay disponible una gama de piezas de repuesto originales para garantizar una sustituci\u00f3n r\u00e1pida y sencilla cuando sea necesario para minimizar el tiempo de inactividad.<\/p>\n<\/li>\n<li>\n<p>Soporte postventa: Soporte continuo y ayuda para que el filtro magn\u00e9tico se utilice sin problemas en la l\u00ednea de producci\u00f3n.<\/p>\n<\/li>\n<\/ol>","protected":false},"featured_media":3695,"template":"","meta":{"_acf_changed":false},"product_brand":[],"product_cat":[54],"product_tag":[],"class_list":{"0":"post-3694","1":"product","2":"type-product","3":"status-publish","4":"has-post-thumbnail","6":"product_cat-clay-making-machine","8":"first","9":"instock","10":"shipping-taxable","11":"product-type-simple"},"acf":{"customization_content":"<h2><\/h2>\r\n<div><\/div>","customization_content_source":{"label":"Customization Content","type":"wysiwyg","formatted_value":"<h2><\/h2>\n<div><\/div>\n"},"why_choose_us_content":"<h2 style=\"text-align: center;\">Why Choose Us as Your <strong>Magnetic Filter<\/strong> Supplier<\/h2>\r\n\r\n<hr \/>\r\n<p style=\"text-align: center;\">Yutai as a ceramic tableware manufacturer, maintains strict quality standards and excellent service. Revolutionize your manufacturing processes with cutting-edge automation technology that streamlines forming and enhances efficiency.<\/p>","why_choose_us_content_source":{"label":"Why Choose Us Content","type":"wysiwyg","formatted_value":"<h2 style=\"text-align: center;\">Why Choose Us as Your <strong>Magnetic Filter<\/strong> Supplier<\/h2>\n<hr \/>\n<p style=\"text-align: center;\">Yutai as a ceramic tableware manufacturer, maintains strict quality standards and excellent service. Revolutionize your manufacturing processes with cutting-edge automation technology that streamlines forming and enhances efficiency.<\/p>\n"}},"_links":{"self":[{"href":"https:\/\/yutaimachinery.com\/es\/wp-json\/wp\/v2\/product\/3694","targetHints":{"allow":["GET"]}}],"collection":[{"href":"https:\/\/yutaimachinery.com\/es\/wp-json\/wp\/v2\/product"}],"about":[{"href":"https:\/\/yutaimachinery.com\/es\/wp-json\/wp\/v2\/types\/product"}],"version-history":[{"count":0,"href":"https:\/\/yutaimachinery.com\/es\/wp-json\/wp\/v2\/product\/3694\/revisions"}],"wp:featuredmedia":[{"embeddable":true,"href":"https:\/\/yutaimachinery.com\/es\/wp-json\/wp\/v2\/media\/3695"}],"wp:attachment":[{"href":"https:\/\/yutaimachinery.com\/es\/wp-json\/wp\/v2\/media?parent=3694"}],"wp:term":[{"taxonomy":"product_brand","embeddable":true,"href":"https:\/\/yutaimachinery.com\/es\/wp-json\/wp\/v2\/product_brand?post=3694"},{"taxonomy":"product_cat","embeddable":true,"href":"https:\/\/yutaimachinery.com\/es\/wp-json\/wp\/v2\/product_cat?post=3694"},{"taxonomy":"product_tag","embeddable":true,"href":"https:\/\/yutaimachinery.com\/es\/wp-json\/wp\/v2\/product_tag?post=3694"}],"curies":[{"name":"wp","href":"https:\/\/api.w.org\/{rel}","templated":true}]}}