{"id":3689,"date":"2024-04-12T23:02:57","date_gmt":"2024-04-12T15:02:57","guid":{"rendered":"https:\/\/yutaimachinery.com\/?post_type=product&#038;p=3689"},"modified":"2024-04-13T00:31:47","modified_gmt":"2024-04-12T16:31:47","slug":"filtro-magnetico","status":"publish","type":"product","link":"https:\/\/yutaimachinery.com\/es\/product\/filter-magnet\/","title":{"rendered":"Mayorista Im\u00e1n Filtro para Arcilla Eliminaci\u00f3n de Hierro"},"content":{"rendered":"<div class=\"wp-block-columns is-layout-flex wp-container-core-columns-is-layout-9d6595d7 wp-block-columns-is-layout-flex\">\n<div class=\"wp-block-column is-layout-flow wp-block-column-is-layout-flow\">\n<figure class=\"wp-block-image size-full\"><img fetchpriority=\"high\" decoding=\"async\" width=\"1014\" height=\"1014\" src=\"https:\/\/yutaimachinery.com\/wp-content\/uploads\/2024\/04\/Filter-Magnet.jpg\" alt=\"Filtro magn\u00e9tico\" class=\"wp-image-3691\" title=\"\" srcset=\"https:\/\/yutaimachinery.com\/wp-content\/uploads\/2024\/04\/Filter-Magnet.jpg 1014w, https:\/\/yutaimachinery.com\/wp-content\/uploads\/2024\/04\/Filter-Magnet-300x300.jpg 300w, https:\/\/yutaimachinery.com\/wp-content\/uploads\/2024\/04\/Filter-Magnet-150x150.jpg 150w, https:\/\/yutaimachinery.com\/wp-content\/uploads\/2024\/04\/Filter-Magnet-768x768.jpg 768w, https:\/\/yutaimachinery.com\/wp-content\/uploads\/2024\/04\/Filter-Magnet-285x285.jpg 285w, https:\/\/yutaimachinery.com\/wp-content\/uploads\/2024\/04\/Filter-Magnet-270x270.jpg 270w, https:\/\/yutaimachinery.com\/wp-content\/uploads\/2024\/04\/Filter-Magnet-540x540.jpg 540w, https:\/\/yutaimachinery.com\/wp-content\/uploads\/2024\/04\/Filter-Magnet-660x660.jpg 660w\" sizes=\"(max-width: 1014px) 100vw, 1014px\" \/><\/figure>\n<\/div>\n\n\n\n<div class=\"wp-block-column is-layout-flow wp-block-column-is-layout-flow\">\n<h2 class=\"wp-block-heading\"><strong>Par\u00e1metros del filtro magn\u00e9tico<\/strong><\/h2>\n\n\n\n<figure class=\"wp-block-table\"><table><tbody><tr><td>Modelo<\/td><td>Di\u00e1metro del tubo<\/td><\/tr><tr><td>90<\/td><td>9 cm<\/td><\/tr><tr><td>110<\/td><td>11 cm<\/td><\/tr><\/tbody><\/table><\/figure>\n\n\n\n<h2 class=\"wp-block-heading\"><strong>Caracter\u00edsticas del filtro magn\u00e9tico<\/strong><\/h2>\n\n\n\n<p>El filtro magn\u00e9tico es un dispositivo especial de filtraci\u00f3n que utiliza materiales magn\u00e9ticos para adsorber las impurezas de hierro de los l\u00edquidos, filtrando as\u00ed los lodos. Cuenta con una gran capacidad de adsorci\u00f3n, alta precisi\u00f3n de filtraci\u00f3n y bajo consumo de energ\u00eda.<\/p>\n<\/div>\n<\/div>","protected":false},"excerpt":{"rendered":"<p>Filtro Im\u00e1n simple de alta eficiencia de eliminaci\u00f3n de hierro, f\u00e1cil limpieza y mantenimiento diario, duradero y resistente al desgaste. Se puede conectar arbitrariamente a la tuber\u00eda de lodo para desempe\u00f1ar el papel de la eliminaci\u00f3n de hierro.las deficiencias del removedor de hierro electromagn\u00e9tico se excluyen (consumo de energ\u00eda, fugas, f\u00e1cil de quemar, etc.).\u00a0<\/p>\n<h2>Soluci\u00f3n integral para filtros magn\u00e9ticos :<\/h2>\n<ol>\n<li>\n<p>Asistencia t\u00e9cnica: Nuestro equipo ofrece servicios profesionales de instalaci\u00f3n para garantizar que los imanes de filtro est\u00e9n perfectamente conectados a su l\u00ednea de producci\u00f3n.<\/p>\n<\/li>\n<li>\n<p>Piezas de repuesto: Ofrecemos una gama completa de piezas de repuesto y componentes de alta calidad para filtros magn\u00e9ticos, lo que garantiza una sustituci\u00f3n r\u00e1pida y sencilla cuando sea necesario, minimizando el tiempo de inactividad.<\/p>\n<\/li>\n<\/ol>","protected":false},"featured_media":3691,"template":"","meta":{"_acf_changed":false},"product_brand":[],"product_cat":[54],"product_tag":[75],"class_list":{"0":"post-3689","1":"product","2":"type-product","3":"status-publish","4":"has-post-thumbnail","6":"product_cat-clay-making-machine","7":"product_tag-filter-magnet","9":"first","10":"instock","11":"shipping-taxable","12":"product-type-simple"},"acf":{"customization_content":"<h2><\/h2>\r\n<div><\/div>","customization_content_source":{"label":"Customization Content","type":"wysiwyg","formatted_value":"<h2><\/h2>\n<div><\/div>\n"},"why_choose_us_content":"<h2 style=\"text-align: center;\">Why Choose Us as Your Filter Magnet\u00a0Supplier<\/h2>\r\n\r\n<hr \/>\r\n<p style=\"text-align: center;\">Yutai as a ceramic tableware manufacturer, maintains strict quality standards and excellent service. Revolutionize your manufacturing processes with cutting-edge automation technology that streamlines forming and enhances efficiency.<\/p>","why_choose_us_content_source":{"label":"Why Choose Us Content","type":"wysiwyg","formatted_value":"<h2 style=\"text-align: center;\">Why Choose Us as Your Filter Magnet\u00a0Supplier<\/h2>\n<hr \/>\n<p style=\"text-align: center;\">Yutai as a ceramic tableware manufacturer, maintains strict quality standards and excellent service. Revolutionize your manufacturing processes with cutting-edge automation technology that streamlines forming and enhances efficiency.<\/p>\n"}},"_links":{"self":[{"href":"https:\/\/yutaimachinery.com\/es\/wp-json\/wp\/v2\/product\/3689","targetHints":{"allow":["GET"]}}],"collection":[{"href":"https:\/\/yutaimachinery.com\/es\/wp-json\/wp\/v2\/product"}],"about":[{"href":"https:\/\/yutaimachinery.com\/es\/wp-json\/wp\/v2\/types\/product"}],"version-history":[{"count":0,"href":"https:\/\/yutaimachinery.com\/es\/wp-json\/wp\/v2\/product\/3689\/revisions"}],"wp:featuredmedia":[{"embeddable":true,"href":"https:\/\/yutaimachinery.com\/es\/wp-json\/wp\/v2\/media\/3691"}],"wp:attachment":[{"href":"https:\/\/yutaimachinery.com\/es\/wp-json\/wp\/v2\/media?parent=3689"}],"wp:term":[{"taxonomy":"product_brand","embeddable":true,"href":"https:\/\/yutaimachinery.com\/es\/wp-json\/wp\/v2\/product_brand?post=3689"},{"taxonomy":"product_cat","embeddable":true,"href":"https:\/\/yutaimachinery.com\/es\/wp-json\/wp\/v2\/product_cat?post=3689"},{"taxonomy":"product_tag","embeddable":true,"href":"https:\/\/yutaimachinery.com\/es\/wp-json\/wp\/v2\/product_tag?post=3689"}],"curies":[{"name":"wp","href":"https:\/\/api.w.org\/{rel}","templated":true}]}}