{"id":3678,"date":"2024-04-11T20:06:36","date_gmt":"2024-04-11T12:06:36","guid":{"rendered":"https:\/\/yutaimachinery.com\/?post_type=product&#038;p=3678"},"modified":"2024-04-12T23:17:47","modified_gmt":"2024-04-12T15:17:47","slug":"tamiz-vibratorio-2","status":"publish","type":"product","link":"https:\/\/yutaimachinery.com\/es\/product\/vibrating-sieve\/","title":{"rendered":"Tamiz vibratorio de acero inoxidable personalizado 80cm 100cm"},"content":{"rendered":"<div class=\"wp-block-columns is-layout-flex wp-container-core-columns-is-layout-9d6595d7 wp-block-columns-is-layout-flex\">\n<div class=\"wp-block-column is-layout-flow wp-block-column-is-layout-flow\">\n<figure class=\"wp-block-image size-full\"><img fetchpriority=\"high\" decoding=\"async\" width=\"600\" height=\"600\" src=\"https:\/\/yutaimachinery.com\/wp-content\/uploads\/2024\/04\/Vibrating-Sieve.webp\" alt=\"Tamiz vibratorio\" class=\"wp-image-3681\" title=\"\" srcset=\"https:\/\/yutaimachinery.com\/wp-content\/uploads\/2024\/04\/Vibrating-Sieve.webp 600w, https:\/\/yutaimachinery.com\/wp-content\/uploads\/2024\/04\/Vibrating-Sieve-300x300.webp 300w, https:\/\/yutaimachinery.com\/wp-content\/uploads\/2024\/04\/Vibrating-Sieve-150x150.webp 150w, https:\/\/yutaimachinery.com\/wp-content\/uploads\/2024\/04\/Vibrating-Sieve-285x285.webp 285w, https:\/\/yutaimachinery.com\/wp-content\/uploads\/2024\/04\/Vibrating-Sieve-270x270.webp 270w, https:\/\/yutaimachinery.com\/wp-content\/uploads\/2024\/04\/Vibrating-Sieve-540x540.webp 540w\" sizes=\"(max-width: 600px) 100vw, 600px\" \/><\/figure>\n<\/div>\n\n\n\n<div class=\"wp-block-column is-layout-flow wp-block-column-is-layout-flow\">\n<h2 class=\"wp-block-heading\"><strong>Caracter\u00edsticas del tamiz vibratorio<\/strong><\/h2>\n\n\n\n<p>Construcci\u00f3n de acero inoxidable: La pantalla cuenta con un robusto marco de acero inoxidable que garantiza su durabilidad y es adecuado para una variedad de aplicaciones industriales.<\/p>\n\n\n\n<p>Gran di\u00e1metro del agujero del tamiz: El di\u00e1metro del orificio del tamiz es de 80 ~ 100 cm, y la superficie del orificio del tamiz es grande, lo que puede lograr un cribado de gran capacidad y una separaci\u00f3n eficiente de las part\u00edculas.<\/p>\n\n\n\n<p>Tama\u00f1o de malla personalizable: La criba puede acomodar una amplia gama de tama\u00f1os de malla, personalizando el tama\u00f1o de malla a tama\u00f1os de part\u00edculas espec\u00edficos. Puede cribar part\u00edculas tan finas como 7 micras.<\/p>\n\n\n\n<p>Eficaz: Equipado con un potente motor de vibraci\u00f3n, las part\u00edculas cribadas son eficientes y uniformes, mejorando la productividad de las operaciones de manipulaci\u00f3n de materiales.<\/p>\n<\/div>\n<\/div>\n\n\n\n<div class=\"wp-block-columns is-layout-flex wp-container-core-columns-is-layout-9d6595d7 wp-block-columns-is-layout-flex\">\n<div class=\"wp-block-column is-layout-flow wp-block-column-is-layout-flow\"><div class=\"wp-block-image\">\n<figure class=\"aligncenter size-full is-resized\"><img decoding=\"async\" width=\"600\" height=\"600\" src=\"https:\/\/yutaimachinery.com\/wp-content\/uploads\/2024\/04\/Vibrating-Sieve5.webp\" alt=\"Tamiz vibratorio\" class=\"wp-image-3686\" style=\"width:404px;height:auto\" title=\"\" srcset=\"https:\/\/yutaimachinery.com\/wp-content\/uploads\/2024\/04\/Vibrating-Sieve5.webp 600w, https:\/\/yutaimachinery.com\/wp-content\/uploads\/2024\/04\/Vibrating-Sieve5-300x300.webp 300w, https:\/\/yutaimachinery.com\/wp-content\/uploads\/2024\/04\/Vibrating-Sieve5-150x150.webp 150w, https:\/\/yutaimachinery.com\/wp-content\/uploads\/2024\/04\/Vibrating-Sieve5-285x285.webp 285w, https:\/\/yutaimachinery.com\/wp-content\/uploads\/2024\/04\/Vibrating-Sieve5-270x270.webp 270w, https:\/\/yutaimachinery.com\/wp-content\/uploads\/2024\/04\/Vibrating-Sieve5-540x540.webp 540w\" sizes=\"(max-width: 600px) 100vw, 600px\" \/><\/figure>\n<\/div><\/div>\n\n\n\n<div class=\"wp-block-column is-layout-flow wp-block-column-is-layout-flow\">\n<h2 class=\"wp-block-heading\"><strong>Par\u00e1metros del tamiz vibratorio<\/strong><\/h2>\n\n\n\n<figure class=\"wp-block-table\"><table><tbody><tr><td>Modelo<\/td><td colspan=\"3\">80<\/td><td colspan=\"3\">100<\/td><\/tr><tr><td>Di\u00e1metro de la malla (cm)<\/td><td colspan=\"3\">80 cm<\/td><td colspan=\"3\">100 cm<\/td><\/tr><tr><td>Potencia (kw)<\/td><td colspan=\"3\">1,5 KW<\/td><td colspan=\"3\">2,2 kW<\/td><\/tr><tr><td>Capacidad<\/td><td colspan=\"3\">8t\/h<\/td><td colspan=\"3\">12t\/h<\/td><\/tr><\/tbody><\/table><\/figure>\n<\/div>\n<\/div>","protected":false},"excerpt":{"rendered":"<p>El tamiz vibratorio de acero inoxidable se utiliza para tamizar las materias primas de las industrias cer\u00e1micas. El dispositivo de tensi\u00f3n de acero inoxidable es adecuado, tiene poco ruido y gran capacidad. El tama\u00f1o de la malla se puede personalizar.<\/p>\n<h2>Soluci\u00f3n integral para tamiz vibratorio :<\/h2>\n<ol>\n<li>Instalaci\u00f3n y configuraci\u00f3n: Nuestro equipo proporciona servicios profesionales de instalaci\u00f3n y configuraci\u00f3n, garantizando que la tamizadora vibratoria est\u00e9 correctamente instalada y configurada para un rendimiento \u00f3ptimo.<\/li>\n<li>Piezas de repuesto: Proporcionamos una gama completa de piezas de repuesto y componentes de alta calidad para el tamiz vibratorio, garantizando una sustituci\u00f3n r\u00e1pida y sencilla siempre que sea necesario para minimizar el tiempo de inactividad.<\/li>\n<li>Personalizaci\u00f3n: Ofrecemos servicios de personalizaci\u00f3n para adaptar el tamiz vibratorio a los requisitos espec\u00edficos del cliente, incluidos tama\u00f1os personalizados, opciones de malla y caracter\u00edsticas adicionales.<\/li>\n<\/ol>","protected":false},"featured_media":3681,"template":"","meta":{"_acf_changed":false},"product_brand":[],"product_cat":[54],"product_tag":[74],"class_list":{"0":"post-3678","1":"product","2":"type-product","3":"status-publish","4":"has-post-thumbnail","6":"product_cat-clay-making-machine","7":"product_tag-vibrating-sieve","9":"first","10":"instock","11":"shipping-taxable","12":"product-type-simple"},"acf":{"customization_content":"<h2><\/h2>\r\n<div><\/div>","customization_content_source":{"label":"Customization Content","type":"wysiwyg","formatted_value":"<h2><\/h2>\n<div><\/div>\n"},"why_choose_us_content":"<h2 style=\"text-align: center;\">Why Choose Us as Your <strong>Vibrating Sieve<\/strong> Supplier<\/h2>\r\n\r\n<hr \/>\r\n<p style=\"text-align: center;\">Yutai as a ceramic tableware manufacturer, maintains strict quality standards and excellent service. Revolutionize your manufacturing processes with cutting-edge automation technology that streamlines forming and enhances efficiency.<\/p>","why_choose_us_content_source":{"label":"Why Choose Us Content","type":"wysiwyg","formatted_value":"<h2 style=\"text-align: center;\">Why Choose Us as Your <strong>Vibrating Sieve<\/strong> Supplier<\/h2>\n<hr \/>\n<p style=\"text-align: center;\">Yutai as a ceramic tableware manufacturer, maintains strict quality standards and excellent service. Revolutionize your manufacturing processes with cutting-edge automation technology that streamlines forming and enhances efficiency.<\/p>\n"}},"_links":{"self":[{"href":"https:\/\/yutaimachinery.com\/es\/wp-json\/wp\/v2\/product\/3678","targetHints":{"allow":["GET"]}}],"collection":[{"href":"https:\/\/yutaimachinery.com\/es\/wp-json\/wp\/v2\/product"}],"about":[{"href":"https:\/\/yutaimachinery.com\/es\/wp-json\/wp\/v2\/types\/product"}],"version-history":[{"count":0,"href":"https:\/\/yutaimachinery.com\/es\/wp-json\/wp\/v2\/product\/3678\/revisions"}],"wp:featuredmedia":[{"embeddable":true,"href":"https:\/\/yutaimachinery.com\/es\/wp-json\/wp\/v2\/media\/3681"}],"wp:attachment":[{"href":"https:\/\/yutaimachinery.com\/es\/wp-json\/wp\/v2\/media?parent=3678"}],"wp:term":[{"taxonomy":"product_brand","embeddable":true,"href":"https:\/\/yutaimachinery.com\/es\/wp-json\/wp\/v2\/product_brand?post=3678"},{"taxonomy":"product_cat","embeddable":true,"href":"https:\/\/yutaimachinery.com\/es\/wp-json\/wp\/v2\/product_cat?post=3678"},{"taxonomy":"product_tag","embeddable":true,"href":"https:\/\/yutaimachinery.com\/es\/wp-json\/wp\/v2\/product_tag?post=3678"}],"curies":[{"name":"wp","href":"https:\/\/api.w.org\/{rel}","templated":true}]}}